{"id":5085,"date":"2021-11-30T13:05:18","date_gmt":"2021-11-30T12:05:18","guid":{"rendered":"https:\/\/www.chasseurducentrevaldeloire.fr\/fdc28\/?page_id=5085"},"modified":"2023-04-18T08:32:33","modified_gmt":"2023-04-18T06:32:33","slug":"formation-decennale-securite","status":"publish","type":"page","link":"https:\/\/www.save.chasseurducentrevaldeloire.fr\/fdc28\/formation-decennale-securite\/","title":{"rendered":"Formation d\u00e9cennale s\u00e9curit\u00e9"},"content":{"rendered":"<p>Le nombre d\u2019accidents de chasse en France a diminu\u00e9 de 41 % depuis 20 ans. Cependant, un seul accident est encore de trop et la s\u00e9curit\u00e9 doit \u00eatre le souci constant de chacun.<\/p>\n<p>&nbsp;<\/p>\n<p>A ce titre, la loi du 24 juillet 2019 sur la r\u00e9forme de la chasse est venu compl\u00e9ter<br \/>\nl\u2019article L. 424-15 du Code de l\u2019environnement en mentionnant au titre des r\u00e8gles de s\u00e9curit\u00e9, l\u2019obligation de la mise en place pour les chasseurs, d\u2019une remise \u00e0 niveau d\u00e9cennale obligatoire portant sur les r\u00e8gles \u00e9l\u00e9mentaires de s\u00e9curit\u00e9 selon un programme d\u00e9fini par la F\u00e9d\u00e9ration Nationale des chasseurs.<\/p>\n<p>&nbsp;<\/p>\n<p>Cette formation, identique partout en France, n\u2019est pas un examen. Elle consiste en un rappel des gestes de s\u00e9curit\u00e9 \u00e9l\u00e9mentaires, en et hors action de chasse, des situations d\u2019accidents, des comportements \u00e0 adopter lorsque l\u2019on rencontre un autre usager de la nature, de l\u2019adaptation de l\u2019arme au gibier chass\u00e9, etc.<\/p>\n<p>Les chasseurs ont 10 ans pour passer cette formation. Si \u00e0 l\u2019issue de cette p\u00e9riode d\u00e9cennale, les chasseurs n\u2019ont pas particip\u00e9 \u00e0 cette formation, la validation de leur permis ne sera plus possible.<\/p>\n<p>&nbsp;<\/p>\n<p>Deux possibilit\u00e9s sont propos\u00e9es pour participer \u00e0 cette formation, soit via un site internet d\u00e9di\u00e9, soit en r\u00e9union sur une dur\u00e9e de 3h30 \u00e0 Chenonville.<\/p>\n<p>&nbsp;<\/p>\n<p>Une fois votre formation effectu\u00e9e, <strong>vous pourrez t\u00e9l\u00e9charger sur votre espace adh\u00e9rent chasseur votre attestation de participation.<\/strong> De plus, la date de cette formation sera indiqu\u00e9e sur votre validation du permis de chasser.<\/p>\n<p>&nbsp;<\/p>\n<p>&nbsp;<\/p>\n<p>Pour celles et ceux qui souhaitent s\u2019inscrire veuillez trouver ci-dessous \u00a0 les liens :<\/p>\n<p>&nbsp;<\/p>\n<ul>\n<li><strong>En pr\u00e9sentiel \u00e0 Chenonville<\/strong><\/li>\n<\/ul>\n<p>&#8211; s\u2019inscrire sur votre espace chasseur :\u00a0<a href=\"https:\/\/fdc28-2.retriever-ea.fr\/html\/Connexion.aspx\" target=\"_blank\" rel=\"noopener\"><strong><span style=\"color: #70b400\">Espace Adh\u00e9rents (retriever-ea.fr)<\/span><\/strong><\/a> (rubrique formations, cliquer sur s\u2019inscrire en face de la date choisie)<\/p>\n<p><strong><em>\u00a0<\/em><\/strong><\/p>\n<ul>\n<li><strong>Par internet<\/strong><\/li>\n<\/ul>\n<p>&#8211; s\u2019inscrire sur votre espace chasseur :\u00a0<a href=\"https:\/\/fdc28-2.retriever-ea.fr\/html\/Connexion.aspx\" target=\"_blank\" rel=\"noopener\"><strong><span style=\"color: #70b400\">Espace Adh\u00e9rents (retriever-ea.fr)<\/span><\/strong><\/a><\/p>\n<p>voici le tutoriel vous expliquant la d\u00e9marche \u2013\u00a0<span style=\"color: #70b400\"><a style=\"color: #70b400\" href=\"https:\/\/www.chasseurducentrevaldeloire.fr\/fdc28\/wp-content\/uploads\/sites\/6\/2022\/05\/mode-operatoire-Decennale-Distanciel.pdf\" target=\"_blank\" rel=\"noopener\"><strong><em>mode op\u00e9ratoire D\u00e9cennale Distanciel<\/em><\/strong><\/a><\/span><\/p>\n<p>&nbsp;<\/p>\n<p>&nbsp;<\/p>\n<p>&nbsp;<\/p>\n","protected":false},"excerpt":{"rendered":"<p>Le nombre d\u2019accidents de chasse en France a diminu\u00e9 de 41 % depuis 20 ans. Cependant, un seul accident est encore de trop et la s\u00e9curit\u00e9 doit \u00eatre le souci constant de chacun. &nbsp; A ce titre, la loi du 24 juillet 2019 sur la&#8230;<\/p>\n","protected":false},"author":6,"featured_media":0,"parent":0,"menu_order":0,"comment_status":"closed","ping_status":"closed","template":"","meta":{"_acf_changed":false,"inline_featured_image":false,"_exactmetrics_skip_tracking":false,"_exactmetrics_sitenote_active":false,"_exactmetrics_sitenote_note":"","_exactmetrics_sitenote_category":0,"footnotes":""},"class_list":["post-5085","page","type-page","status-publish","hentry"],"acf":[],"publishpress_future_action":{"enabled":false,"date":"2026-04-18 12:23:27","action":"change-status","newStatus":"draft","terms":[],"taxonomy":"","extraData":[]},"publishpress_future_workflow_manual_trigger":{"enabledWorkflows":[]},"_links":{"self":[{"href":"https:\/\/www.save.chasseurducentrevaldeloire.fr\/fdc28\/wp-json\/wp\/v2\/pages\/5085","targetHints":{"allow":["GET"]}}],"collection":[{"href":"https:\/\/www.save.chasseurducentrevaldeloire.fr\/fdc28\/wp-json\/wp\/v2\/pages"}],"about":[{"href":"https:\/\/www.save.chasseurducentrevaldeloire.fr\/fdc28\/wp-json\/wp\/v2\/types\/page"}],"author":[{"embeddable":true,"href":"https:\/\/www.save.chasseurducentrevaldeloire.fr\/fdc28\/wp-json\/wp\/v2\/users\/6"}],"replies":[{"embeddable":true,"href":"https:\/\/www.save.chasseurducentrevaldeloire.fr\/fdc28\/wp-json\/wp\/v2\/comments?post=5085"}],"version-history":[{"count":7,"href":"https:\/\/www.save.chasseurducentrevaldeloire.fr\/fdc28\/wp-json\/wp\/v2\/pages\/5085\/revisions"}],"predecessor-version":[{"id":5626,"href":"https:\/\/www.save.chasseurducentrevaldeloire.fr\/fdc28\/wp-json\/wp\/v2\/pages\/5085\/revisions\/5626"}],"wp:attachment":[{"href":"https:\/\/www.save.chasseurducentrevaldeloire.fr\/fdc28\/wp-json\/wp\/v2\/media?parent=5085"}],"curies":[{"name":"wp","href":"https:\/\/api.w.org\/{rel}","templated":true}]}}