{"id":4132,"date":"2019-02-01T11:45:06","date_gmt":"2019-02-01T10:45:06","guid":{"rendered":"https:\/\/www.chasseurducentrevaldeloire.fr\/fdc28\/?page_id=4132"},"modified":"2024-06-07T12:46:37","modified_gmt":"2024-06-07T10:46:37","slug":"formation-au-tir-dete-du-renard","status":"publish","type":"page","link":"https:\/\/www.save.chasseurducentrevaldeloire.fr\/fdc28\/formation-au-tir-dete-du-renard\/","title":{"rendered":"Formation au tir d&rsquo;\u00e9t\u00e9 du renard"},"content":{"rendered":"<p>[vc_row][vc_column][vc_column_text]<img loading=\"lazy\" decoding=\"async\" class=\"alignnone size-full wp-image-3416\" src=\"https:\/\/www.chasseurducentrevaldeloire.fr\/fdc28\/wp-content\/uploads\/sites\/6\/2018\/05\/agenda.jpg\" alt=\"\" width=\"57\" height=\"66\" \/> <strong><u>Prochaine formation <\/u> : <\/strong>vendredi 21 juin 2024 de 19h00 \u00e0 21h00<\/p>\n<p>&nbsp;<\/p>\n<p><strong>Co\u00fbt\u00a0<\/strong>: 5\u20ac<\/p>\n<p><strong>\u00a0<\/strong><\/p>\n<p><strong><u>Lieu <\/u><\/strong>: F\u00e9d\u00e9ration des Chasseurs<\/p>\n<p>12 rue du Ch\u00e2teau &#8211; Chenonville &#8211; 28360 LA BOURDINIERE SAINT LOUP<\/p>\n<p>&nbsp;<\/p>\n<p><strong><u>Public<\/u> :<\/strong> Tout chasseur d\u00e9sirant pratiquer une chasse leur permettant d\u2019assurer la r\u00e9gulation des renards sur leurs territoires de chasse.<strong><br \/>\n<\/strong><\/p>\n<p>&nbsp;<\/p>\n<p><strong><u>Nombre de places :<\/u> <\/strong>30 places maximum<strong><br \/>\n<\/strong><\/p>\n<p>&nbsp;<\/p>\n<p><strong><u>Formalit\u00e9s d\u2019inscriptions et co\u00fbt<\/u><\/strong><strong> :\u00a0 <\/strong><\/p>\n<p>&nbsp;<\/p>\n<p><a href=\"https:\/\/fdc28-2.retriever-ea.fr\/html\/\" target=\"_blank\" rel=\"noopener noreferrer\"><img loading=\"lazy\" decoding=\"async\" class=\"alignnone wp-image-3413 size-full\" src=\"https:\/\/www.chasseurducentrevaldeloire.fr\/fdc28\/wp-content\/uploads\/sites\/6\/2018\/05\/inscription.jpg\" alt=\"\" width=\"136\" height=\"65\" \/><\/a><\/p>\n<p>&nbsp;<\/p>\n<p><strong><u><img loading=\"lazy\" decoding=\"async\" class=\"alignnone size-full wp-image-4141\" src=\"https:\/\/www.chasseurducentrevaldeloire.fr\/fdc28\/wp-content\/uploads\/sites\/6\/2019\/02\/programme.jpg\" alt=\"\" width=\"178\" height=\"156\" \/>PROGRAMME <\/u><\/strong><strong>:<\/strong><\/p>\n<p><strong>\u00a0<\/strong><\/p>\n<p>1\/ Pr\u00e9sentation des aspects r\u00e9glementaires<\/p>\n<p>2\/ Rappel sur la biologie du renard<\/p>\n<p>3\/ Pr\u00e9sentation du mat\u00e9riel et de l\u2019\u00e9quipement<\/p>\n<p>4\/ Pr\u00e9sentation des techniques et m\u00e9thodes de chasse<\/p>\n<p>5\/ Rappel sur les r\u00e8gles de s\u00e9curit\u00e9<\/p>\n<p>&nbsp;<\/p>\n<p><strong><u><img loading=\"lazy\" decoding=\"async\" class=\"alignnone size-full wp-image-4140\" src=\"https:\/\/www.chasseurducentrevaldeloire.fr\/fdc28\/wp-content\/uploads\/sites\/6\/2019\/02\/logform.jpg\" alt=\"\" width=\"57\" height=\"75\" \/>A l\u2019issue de la formation<\/u><\/strong>\u00a0:<\/p>\n<p>Un support papier vous sera remis \u00e0 la fin de la formation, ainsi qu\u2019une attestation de formation<\/p>\n<p>&nbsp;<\/p>\n<p>&nbsp;<\/p>\n<p><strong><em><u><img loading=\"lazy\" decoding=\"async\" class=\"alignnone size-full wp-image-4139\" src=\"https:\/\/www.chasseurducentrevaldeloire.fr\/fdc28\/wp-content\/uploads\/sites\/6\/2019\/02\/intervenant.jpg\" alt=\"\" width=\"84\" height=\"119\" \/>Intervenants :<\/u><\/em><\/strong><\/p>\n<p>&nbsp;<\/p>\n<p>Eric MANGIN : Formation et Technicien de la FDC 28<\/p>\n<p>&nbsp;<\/p>\n<p>&nbsp;<\/p>\n<p>&nbsp;<\/p>\n<p><strong><em><u><img loading=\"lazy\" decoding=\"async\" class=\"alignnone size-full wp-image-4138\" src=\"https:\/\/www.chasseurducentrevaldeloire.fr\/fdc28\/wp-content\/uploads\/sites\/6\/2019\/02\/mail.jpg\" alt=\"\" width=\"84\" height=\"79\" \/>Contact pour pr\u00e9inscription<\/u><\/em><\/strong>\u00a0:<\/p>\n<p>&nbsp;<\/p>\n<p><strong>Eric MANGIN \u00a0\u00a0\u00a0\u00a0\u00a0\u00a0\u00a0\u00a0\u00a0\u00a0\u00a0\u00a0\u00a0\u00a0\u00a0\u00a0\u00a0\u00a0\u00a0 T\u00e9l\u00a0: 06.60.37.46.81 \u00a0\u00a0\u00a0\u00a0\u00a0 <\/strong><span style=\"color: #70b400\"><a style=\"color: #70b400\" href=\"mailto:eric.mangin@fdc28.fr\"><strong>eric.mangin@fdc28.fr<\/strong><\/a><\/span><\/p>\n<p><strong>secr\u00e9tariat FDC \u00a0\u00a0\u00a0\u00a0\u00a0\u00a0\u00a0\u00a0\u00a0\u00a0\u00a0\u00a0\u00a0\u00a0 T\u00e9l : 02 37 24 04 80\u00a0\u00a0\u00a0\u00a0\u00a0\u00a0\u00a0 <\/strong><span style=\"color: #70b400\"><a style=\"color: #70b400\" href=\"mailto:armelle.paris@fdc28.fr\"><strong>armelle.paris@fdc28.fr<\/strong><\/a><\/span>[\/vc_column_text][\/vc_column][\/vc_row]<\/p>\n","protected":false},"excerpt":{"rendered":"<p>[vc_row][vc_column][vc_column_text] Prochaine formation : vendredi 21 juin 2024 de 19h00 \u00e0 21h00 &nbsp; Co\u00fbt\u00a0: 5\u20ac \u00a0 Lieu : F\u00e9d\u00e9ration des Chasseurs 12 rue du Ch\u00e2teau &#8211; Chenonville &#8211; 28360 LA BOURDINIERE SAINT LOUP &nbsp; Public : Tout chasseur d\u00e9sirant pratiquer une chasse leur permettant d\u2019assurer&#8230;<\/p>\n","protected":false},"author":6,"featured_media":0,"parent":0,"menu_order":0,"comment_status":"closed","ping_status":"closed","template":"","meta":{"_acf_changed":false,"inline_featured_image":false,"_exactmetrics_skip_tracking":false,"_exactmetrics_sitenote_active":false,"_exactmetrics_sitenote_note":"","_exactmetrics_sitenote_category":0,"footnotes":""},"class_list":["post-4132","page","type-page","status-publish","hentry"],"acf":[],"publishpress_future_action":{"enabled":false,"date":"2026-04-18 12:27:33","action":"change-status","newStatus":"draft","terms":[],"taxonomy":"","extraData":[]},"publishpress_future_workflow_manual_trigger":{"enabledWorkflows":[]},"_links":{"self":[{"href":"https:\/\/www.save.chasseurducentrevaldeloire.fr\/fdc28\/wp-json\/wp\/v2\/pages\/4132","targetHints":{"allow":["GET"]}}],"collection":[{"href":"https:\/\/www.save.chasseurducentrevaldeloire.fr\/fdc28\/wp-json\/wp\/v2\/pages"}],"about":[{"href":"https:\/\/www.save.chasseurducentrevaldeloire.fr\/fdc28\/wp-json\/wp\/v2\/types\/page"}],"author":[{"embeddable":true,"href":"https:\/\/www.save.chasseurducentrevaldeloire.fr\/fdc28\/wp-json\/wp\/v2\/users\/6"}],"replies":[{"embeddable":true,"href":"https:\/\/www.save.chasseurducentrevaldeloire.fr\/fdc28\/wp-json\/wp\/v2\/comments?post=4132"}],"version-history":[{"count":9,"href":"https:\/\/www.save.chasseurducentrevaldeloire.fr\/fdc28\/wp-json\/wp\/v2\/pages\/4132\/revisions"}],"predecessor-version":[{"id":5978,"href":"https:\/\/www.save.chasseurducentrevaldeloire.fr\/fdc28\/wp-json\/wp\/v2\/pages\/4132\/revisions\/5978"}],"wp:attachment":[{"href":"https:\/\/www.save.chasseurducentrevaldeloire.fr\/fdc28\/wp-json\/wp\/v2\/media?parent=4132"}],"curies":[{"name":"wp","href":"https:\/\/api.w.org\/{rel}","templated":true}]}}