{"id":4130,"date":"2019-02-01T11:44:22","date_gmt":"2019-02-01T10:44:22","guid":{"rendered":"https:\/\/www.chasseurducentrevaldeloire.fr\/fdc28\/?page_id=4130"},"modified":"2023-02-10T08:28:02","modified_gmt":"2023-02-10T07:28:02","slug":"formation-au-tir-des-corvides","status":"publish","type":"page","link":"https:\/\/www.save.chasseurducentrevaldeloire.fr\/fdc28\/formation-au-tir-des-corvides\/","title":{"rendered":"Formation au tir des corvid\u00e9s"},"content":{"rendered":"<p>[vc_row][vc_column width=\u00a0\u00bb2\/3&Prime;][vc_column_text]<img loading=\"lazy\" decoding=\"async\" class=\"alignnone size-full wp-image-3416\" src=\"https:\/\/www.chasseurducentrevaldeloire.fr\/fdc28\/wp-content\/uploads\/sites\/6\/2018\/05\/agenda.jpg\" alt=\"\" width=\"57\" height=\"66\" \/> Prochaine formation <em><strong>\u00e0 d\u00e9finir<\/strong><\/em><\/p>\n<p>Sous r\u00e9serve de nouvelles contraintes li\u00e9es \u00e0 la Covid qui pourraient \u00eatre impos\u00e9es<\/p>\n<p>&nbsp;<\/p>\n<p>&nbsp;<\/p>\n<p><a href=\"https:\/\/docs.google.com\/forms\/d\/e\/1FAIpQLSeaXCh1lIluXFyU3lnZL2Ifr_lq8-zeEgR4Of20rEeB4-S7ow\/viewform?c=0&amp;w=1\" target=\"_blank\" rel=\"noopener noreferrer\"><img loading=\"lazy\" decoding=\"async\" class=\"alignnone wp-image-3413 size-full\" src=\"https:\/\/www.chasseurducentrevaldeloire.fr\/fdc28\/wp-content\/uploads\/sites\/6\/2018\/05\/inscription.jpg\" alt=\"\" width=\"136\" height=\"65\" \/><\/a><\/p>\n<p>&nbsp;<\/p>\n<p>En renvoyant ce formulaire par courrier <a href=\"http:\/\/www.chasseurducentrevaldeloire.fr\/fdc28\/wp-content\/uploads\/sites\/6\/2018\/05\/FormationCorvide.pdf\" target=\"_blank\" rel=\"noopener noreferrer\"><em><span style=\"color: #70b400\"><strong>T\u00e9l\u00e9charger le formulaire d\u2019inscription<\/strong><\/span><\/em><\/a><\/p>\n<p>&nbsp;<\/p>\n<p>Cette formation\/information comporte\u00a0:<\/p>\n<ul>\n<li>Un volet consacr\u00e9 au pourquoi de cette formation<\/li>\n<li>Un volet consacr\u00e9 aux donn\u00e9es pr\u00e9l\u00e8vements du d\u00e9partement<\/li>\n<li>Un volet consacr\u00e9 \u00e0 la biologie et crit\u00e8res d\u2019identification des 2 esp\u00e8ces<\/li>\n<li>Un volet consacr\u00e9 aux dispositions r\u00e9glementaires<\/li>\n<li>Un dernier volet consacr\u00e9 aux techniques de chasse et au mat\u00e9riel utilis\u00e9<\/li>\n<\/ul>\n<p>&nbsp;<\/p>\n<p>Pour rappel\u00a0: tout ce qui va \u00eatre pr\u00e9sent\u00e9 existe depuis bien longtemps, cette formation a pour but de cr\u00e9er une dynamique et voir des vocations, et pourquoi pas mobiliser les jeunes chasseurs[\/vc_column_text][\/vc_column][vc_column width=\u00a0\u00bb1\/3&Prime;][vc_single_image image=\u00a0\u00bb4255&Prime;][\/vc_column][\/vc_row]<\/p>\n","protected":false},"excerpt":{"rendered":"<p>[vc_row][vc_column width=\u00a0\u00bb2\/3&Prime;][vc_column_text] Prochaine formation \u00e0 d\u00e9finir Sous r\u00e9serve de nouvelles contraintes li\u00e9es \u00e0 la Covid qui pourraient \u00eatre impos\u00e9es &nbsp; &nbsp; &nbsp; En renvoyant ce formulaire par courrier T\u00e9l\u00e9charger le formulaire d\u2019inscription &nbsp; Cette formation\/information comporte\u00a0: Un volet consacr\u00e9 au pourquoi de cette formation Un&#8230;<\/p>\n","protected":false},"author":6,"featured_media":0,"parent":0,"menu_order":0,"comment_status":"closed","ping_status":"closed","template":"","meta":{"_acf_changed":false,"inline_featured_image":false,"_exactmetrics_skip_tracking":false,"_exactmetrics_sitenote_active":false,"_exactmetrics_sitenote_note":"","_exactmetrics_sitenote_category":0,"footnotes":""},"class_list":["post-4130","page","type-page","status-publish","hentry"],"acf":[],"publishpress_future_action":{"enabled":false,"date":"2026-04-18 13:01:28","action":"change-status","newStatus":"draft","terms":[],"taxonomy":"","extraData":[]},"publishpress_future_workflow_manual_trigger":{"enabledWorkflows":[]},"_links":{"self":[{"href":"https:\/\/www.save.chasseurducentrevaldeloire.fr\/fdc28\/wp-json\/wp\/v2\/pages\/4130","targetHints":{"allow":["GET"]}}],"collection":[{"href":"https:\/\/www.save.chasseurducentrevaldeloire.fr\/fdc28\/wp-json\/wp\/v2\/pages"}],"about":[{"href":"https:\/\/www.save.chasseurducentrevaldeloire.fr\/fdc28\/wp-json\/wp\/v2\/types\/page"}],"author":[{"embeddable":true,"href":"https:\/\/www.save.chasseurducentrevaldeloire.fr\/fdc28\/wp-json\/wp\/v2\/users\/6"}],"replies":[{"embeddable":true,"href":"https:\/\/www.save.chasseurducentrevaldeloire.fr\/fdc28\/wp-json\/wp\/v2\/comments?post=4130"}],"version-history":[{"count":7,"href":"https:\/\/www.save.chasseurducentrevaldeloire.fr\/fdc28\/wp-json\/wp\/v2\/pages\/4130\/revisions"}],"predecessor-version":[{"id":5568,"href":"https:\/\/www.save.chasseurducentrevaldeloire.fr\/fdc28\/wp-json\/wp\/v2\/pages\/4130\/revisions\/5568"}],"wp:attachment":[{"href":"https:\/\/www.save.chasseurducentrevaldeloire.fr\/fdc28\/wp-json\/wp\/v2\/media?parent=4130"}],"curies":[{"name":"wp","href":"https:\/\/api.w.org\/{rel}","templated":true}]}}