{"id":3759,"date":"2018-09-14T11:09:07","date_gmt":"2018-09-14T09:09:07","guid":{"rendered":"http:\/\/www.chasseurducentrevaldeloire.fr\/fdc28\/?page_id=3759"},"modified":"2018-10-10T11:25:01","modified_gmt":"2018-10-10T09:25:01","slug":"domaine-de-chenonville","status":"publish","type":"page","link":"https:\/\/www.save.chasseurducentrevaldeloire.fr\/fdc28\/domaine-de-chenonville\/","title":{"rendered":"Domaine de Chenonville"},"content":{"rendered":"<p>[vc_row][vc_column][vc_single_image image=\u00a0\u00bb3813&Prime; img_size=\u00a0\u00bbfull\u00a0\u00bb alignment=\u00a0\u00bbcenter\u00a0\u00bb][vc_empty_space][vc_column_text]<\/p>\n<div class=\"itemFullText\">\n<p>Le domaine de Chenonville, situ\u00e9 sur la commune de la Bourdini\u00e8re-Saint-Loup s\u2019\u00e9tend sur 17 hectares dont 13 hectares de bois.<\/p>\n<p>&nbsp;<\/p>\n<p>D\u00e9di\u00e9 \u00e0 la chasse et \u00e0 la faune sauvage, le domaine de Chenonville accueille le si\u00e8ge social de la F\u00e9d\u00e9ration des chasseurs d\u2019Eure-et-Loir ainsi qu\u2019une salle de r\u00e9union d\u00e9di\u00e9e aux formations des chasseurs et \u00e0 l\u2019accueil du grand public.<\/p>\n<p>&nbsp;<\/p>\n<p><a name=\"_GoBack\"><\/a>La salle de r\u00e9union est \u00e9galement mise \u00e0 la disposition des associations cyn\u00e9g\u00e9tiques pour leurs assembl\u00e9es g\u00e9n\u00e9rales, leurs r\u00e9unions ou autres manifestations.<\/p>\n<p>&nbsp;<\/p>\n<p>Le parc du domaine est agr\u00e9ment\u00e9 d\u2019un parcours p\u00e9dagogique qui permet de sillonner les quatre milieux naturels du d\u00e9partement (la plaine, la for\u00eat, le bocage et les milieux humides) \u00e0 la d\u00e9couverte de la faune sauvage.<\/p>\n<p>&nbsp;<\/p>\n<p>Des panneaux informatifs pr\u00e9sentent la biologie des esp\u00e8ces, des bornes sonores permettent de se familiariser avec les chants et les cris de la faune sauvage.<\/p>\n<p>&nbsp;<\/p>\n<p>Des ateliers de d\u00e9couverte et des bornes r\u00e9cr\u00e9atives compl\u00e8tent ce parcours de sensibilisation \u00e0 la richesse faunistique de l\u2019Eure-et-Loir.<\/p>\n<p>&nbsp;<\/p>\n<p>La f\u00e9d\u00e9ration des chasseurs propose aux \u00e9coles une visite comment\u00e9e et guid\u00e9e de ce parcours p\u00e9dagogique.<\/p>\n<p>&nbsp;<\/p>\n<p>Tous les deux ans (ann\u00e9e impaire) le domaine de Chenonville accueille la f\u00eate de la chasse et de la nature organis\u00e9e par la F\u00e9d\u00e9ration des chasseurs.<\/p>\n<\/div>\n<p>[\/vc_column_text][\/vc_column][\/vc_row][vc_row][\/vc_row][vc_row][vc_column][vc_empty_space][vc_single_image image=\u00a0\u00bb3815&Prime; img_size=\u00a0\u00bbfull\u00a0\u00bb alignment=\u00a0\u00bbcenter\u00a0\u00bb][vc_empty_space][vc_empty_space][\/vc_column][\/vc_row][vc_row][vc_column width=\u00a0\u00bb1\/3&Prime;][\/vc_column][vc_column width=\u00a0\u00bb1\/3&Prime;][\/vc_column][\/vc_row]<\/p>\n","protected":false},"excerpt":{"rendered":"<p>[vc_row][vc_column][vc_single_image image=\u00a0\u00bb3813&Prime; img_size=\u00a0\u00bbfull\u00a0\u00bb alignment=\u00a0\u00bbcenter\u00a0\u00bb][vc_empty_space][vc_column_text] Le domaine de Chenonville, situ\u00e9 sur la commune de la Bourdini\u00e8re-Saint-Loup s\u2019\u00e9tend sur 17 hectares dont 13 hectares de bois. &nbsp; D\u00e9di\u00e9 \u00e0 la chasse et \u00e0 la faune sauvage, le domaine de Chenonville accueille le si\u00e8ge social de la F\u00e9d\u00e9ration&#8230;<\/p>\n","protected":false},"author":6,"featured_media":0,"parent":0,"menu_order":0,"comment_status":"closed","ping_status":"closed","template":"","meta":{"_acf_changed":false,"inline_featured_image":false,"_exactmetrics_skip_tracking":false,"_exactmetrics_sitenote_active":false,"_exactmetrics_sitenote_note":"","_exactmetrics_sitenote_category":0,"footnotes":""},"class_list":["post-3759","page","type-page","status-publish","hentry"],"acf":[],"publishpress_future_action":{"enabled":false,"date":"2026-04-15 03:10:02","action":"change-status","newStatus":"draft","terms":[],"taxonomy":"","extraData":[]},"publishpress_future_workflow_manual_trigger":{"enabledWorkflows":[]},"_links":{"self":[{"href":"https:\/\/www.save.chasseurducentrevaldeloire.fr\/fdc28\/wp-json\/wp\/v2\/pages\/3759","targetHints":{"allow":["GET"]}}],"collection":[{"href":"https:\/\/www.save.chasseurducentrevaldeloire.fr\/fdc28\/wp-json\/wp\/v2\/pages"}],"about":[{"href":"https:\/\/www.save.chasseurducentrevaldeloire.fr\/fdc28\/wp-json\/wp\/v2\/types\/page"}],"author":[{"embeddable":true,"href":"https:\/\/www.save.chasseurducentrevaldeloire.fr\/fdc28\/wp-json\/wp\/v2\/users\/6"}],"replies":[{"embeddable":true,"href":"https:\/\/www.save.chasseurducentrevaldeloire.fr\/fdc28\/wp-json\/wp\/v2\/comments?post=3759"}],"version-history":[{"count":7,"href":"https:\/\/www.save.chasseurducentrevaldeloire.fr\/fdc28\/wp-json\/wp\/v2\/pages\/3759\/revisions"}],"predecessor-version":[{"id":3921,"href":"https:\/\/www.save.chasseurducentrevaldeloire.fr\/fdc28\/wp-json\/wp\/v2\/pages\/3759\/revisions\/3921"}],"wp:attachment":[{"href":"https:\/\/www.save.chasseurducentrevaldeloire.fr\/fdc28\/wp-json\/wp\/v2\/media?parent=3759"}],"curies":[{"name":"wp","href":"https:\/\/api.w.org\/{rel}","templated":true}]}}