{"id":3701,"date":"2018-07-09T15:56:54","date_gmt":"2018-07-09T13:56:54","guid":{"rendered":"http:\/\/www.chasseurducentrevaldeloire.fr\/fdc28\/?page_id=3701"},"modified":"2025-05-26T16:48:09","modified_gmt":"2025-05-26T14:48:09","slug":"permis-de-chasser","status":"publish","type":"page","link":"https:\/\/www.save.chasseurducentrevaldeloire.fr\/fdc28\/permis-de-chasser\/","title":{"rendered":"Permis de chasser"},"content":{"rendered":"<p>[vc_row][vc_column][vc_column_text]<\/p>\n<h1 style=\"text-align: center\"><span style=\"color: #70b400\"><a style=\"color: #70b400\" href=\"https:\/\/validationpermischasser.chasseurdefrance.com\/?federation=FDC_28\" target=\"_blank\" rel=\"noopener\"><strong>VALIDER EN LIGNE<\/strong><\/a><\/span><\/h1>\n<p>[\/vc_column_text][vc_empty_space][vc_text_separator title=\u00a0\u00bbValider son permis\u00a0\u00bb color=\u00a0\u00bbcustom\u00a0\u00bb accent_color=\u00a0\u00bb#70b400&Prime;]<div class=\"qodef-accordion-holder clearfix qodef-toggle qodef-boxed \">\n\t<h4 class=\"clearfix qodef-title-holder\" >\n\t<span class=\"qodef-accordion-mark qodef-left-mark\">\n\t\t<span class=\"qodef-accordion-mark-icon\">\n\t\t\t<span class=\"icon_plus\"><\/span>\n\t\t\t<span class=\"icon_minus-06\"><\/span>\n\t\t<\/span>\n\t<\/span>\n\t<span class=\"qodef-tab-title\">\n\t\t<span class=\"qodef-tab-title-inner\">\n\t\t\tValidation 2025-2026\t\t<\/span>\n\t<\/span>\n<\/h4>\n<div class=\"qodef-accordion-content\">\n\t<div class=\"qodef-accordion-content-inner\">\n\t\t[vc_empty_space][vc_column_text]<span style=\"color: #70b400\"><a style=\"color: #70b400\" href=\"https:\/\/validationpermischasser.chasseurdefrance.com\/?federation=FDC_28\" target=\"_blank\" rel=\"noopener\"><strong>VALIDER EN LIGNE<\/strong><\/a><\/span><br \/>\n<img loading=\"lazy\" decoding=\"async\" class=\"size-medium wp-image-3460 alignright\" src=\"http:\/\/www.chasseurducentrevaldeloire.fr\/fdc28\/wp-content\/uploads\/sites\/6\/2018\/05\/permis_chasse-1-205x300.jpg\" alt=\"\" width=\"205\" height=\"300\" srcset=\"https:\/\/www.save.chasseurducentrevaldeloire.fr\/fdc28\/wp-content\/uploads\/sites\/6\/2018\/05\/permis_chasse-1-205x300.jpg 205w, https:\/\/www.save.chasseurducentrevaldeloire.fr\/fdc28\/wp-content\/uploads\/sites\/6\/2018\/05\/permis_chasse-1.jpg 504w\" sizes=\"auto, (max-width: 205px) 100vw, 205px\" \/><\/p>\n<p>&nbsp;<\/p>\n<p>&nbsp;<\/p>\n<p>Vous trouverez au recto votre demande de validation de permis de chasser pour 2025-2026.<br \/>\nVous recevrez peut \u00eatre le m\u00eame type de document venant d\u2019autres f\u00e9d\u00e9rations, c\u2019est \u00e0 vous de choisir la F\u00e9d\u00e9ration avec laquelle vous voulez valider le permis 2023-2024.<\/p>\n<p>&nbsp;<\/p>\n<p>&nbsp;<\/p>\n<p><strong>Comment remplir votre demande de validation du permis de chasser ?<\/strong><\/p>\n<p>&nbsp;<\/p>\n<p><strong>ETAPE 1<\/strong> : V\u00e9rifier les informations contenues dans le cadre A \u2013 B \u2013 C<\/p>\n<p>En cas de modifications remplir le cadre E<\/p>\n<p>Pour les Mineurs ou majeur sous tutelle, merci de compl\u00e9ter et signer obligatoirement l\u2019autorisation parentale (cadre D)<\/p>\n<p>&nbsp;<\/p>\n<p><strong>ETAPE 2<\/strong> : Indiquer si vous souhaitez recevoir un carnet de pr\u00e9l\u00e8vement B\u00e9casse, dater et signer obligatoirement le cadre F<\/p>\n<p><strong>\u00a0<\/strong><\/p>\n<p><strong>ETAPE 3<\/strong> : Choix du type de validation -cadre G- cocher le(s) choix souhait\u00e9(s) et calculer le prix \u00e0 r\u00e9gler<\/p>\n<p>&nbsp;<\/p>\n<p><strong>ETAPE 4<\/strong> : R\u00e9diger votre ch\u00e8que (ou mandat cash) \u00e0 l\u2019ordre de \u00ab R\u00e9gie Chasse 28 \u00bb.<\/p>\n<p>&nbsp;<\/p>\n<p><strong>ETAPE 5<\/strong> : Envoyer \u00e0 l\u2019aide de l\u2019enveloppe T jointe (ne pas affranchir !) votre demande de validation et votre ch\u00e8que<br \/>\n(ou mandat cash) attention : n\u2019exp\u00e9dier ni permis ni attestation d\u2019assurance<\/p>\n<p>Le titre annuel de validation vous sera adress\u00e9 dans les meilleurs d\u00e9lais.<br \/>\nTout dossier incomplet ou non sign\u00e9 ne pourra \u00eatre trait\u00e9 et vous sera renvoy\u00e9.<\/p>\n<p>&nbsp;<\/p>\n<p><u>Conseils utiles<\/u><\/p>\n<ul>\n<li>Pour \u00e9viter tout retard ou tout engorgement dans le traitement des dossiers \u00e0 l\u2019approche de l\u2019ouverture, nous vous conseillons vivement d\u2019effectuer cette d\u00e9marche d\u00e8s r\u00e9ception du dossier.<\/li>\n<li>Ne vous d\u00e9placez pas au si\u00e8ge de la F\u00e9d\u00e9ration : aucune validation n\u2019y sera d\u00e9livr\u00e9e !!!<\/li>\n<li>Au-del\u00e0 du 20 septembre la f\u00e9d\u00e9ration ne garantira pas l\u2019acheminement du titre annuel de validation pour la date de l\u2019ouverture.<\/li>\n<\/ul>\n<p>Pour tout renseignement : un seul num\u00e9ro : 02.37.24.04.00.<\/p>\n<p>&nbsp;<\/p>\n<p>(#) PERIODE DE VALIDITE : 1er JUILLET AU 30 JUIN DE L\u2019ANNEE SUIVANTE<br \/>\n*La part de l\u2019Etat n\u2019est redevable qu\u2019une seule fois par an ; donc en cas de seconde validation en cours d\u2019ann\u00e9e (quelque soit le type de validation) elle ne sera pas \u00e0 repayer<br \/>\n*Les frais de dossier sont redevables 1 fois par an ; donc en cas de seconde validation en cours d\u2019ann\u00e9e (quelque soit le type de validation) ils ne seront pas \u00e0 repayer<br \/>\n(1) l\u2019abonnement revue fdc 28 pour 1 an<br \/>\nLe permis temporaire 9 jours cons\u00e9cutifs n\u2019est pas renouvelable.<br \/>\nLe permis temporaire 3 jours cons\u00e9cutifs est renouvelable 2 fois.[\/vc_column_text][vc_empty_space]\t<\/div>\n<\/div>\n<h4 class=\"clearfix qodef-title-holder\" >\n\t<span class=\"qodef-accordion-mark qodef-left-mark\">\n\t\t<span class=\"qodef-accordion-mark-icon\">\n\t\t\t<span class=\"icon_plus\"><\/span>\n\t\t\t<span class=\"icon_minus-06\"><\/span>\n\t\t<\/span>\n\t<\/span>\n\t<span class=\"qodef-tab-title\">\n\t\t<span class=\"qodef-tab-title-inner\">\n\t\t\tTarifs\t\t<\/span>\n\t<\/span>\n<\/h4>\n<div class=\"qodef-accordion-content\">\n\t<div class=\"qodef-accordion-content-inner\">\n\t\t[vc_column_text]<strong>TARIFS DE LA VALIDATION DU PERMIS DE CHASSER SAISON 2025-2026<\/strong><\/p>\n<table>\n<thead>\n<tr>\n<td>Type de permis<\/td>\n<td>Montant permis<\/td>\n<td>Abonnement Revue<\/td>\n<td>Montant \u00e0 r\u00e9gler avec abonnement sans assurance*<\/td>\n<\/tr>\n<\/thead>\n<tbody>\n<tr>\n<td>Validation annuelle d\u00e9partementale Eure et Loir toutes esp\u00e8ces<\/td>\n<td>149,95 \u20ac<\/td>\n<td>6,00 \u20ac<\/td>\n<td>\u00a0155,95 \u20ac<\/td>\n<\/tr>\n<tr>\n<td>Validation annuelle Nationale toutes esp\u00e8ces<\/td>\n<td>\u00a0225,80 \u20ac<\/td>\n<td>6,00 \u20ac<\/td>\n<td>\u00a0231,80 \u20ac<\/td>\n<\/tr>\n<\/tbody>\n<\/table>\n<p>&nbsp;<\/p>\n<p><strong>*Ajouter 22 \u20ac pour l\u2019assurance chasse<\/strong><\/p>\n<p><strong>\u00a0<\/strong>[\/vc_column_text][vc_empty_space]\t<\/div>\n<\/div>\n<h4 class=\"clearfix qodef-title-holder\" >\n\t<span class=\"qodef-accordion-mark qodef-left-mark\">\n\t\t<span class=\"qodef-accordion-mark-icon\">\n\t\t\t<span class=\"icon_plus\"><\/span>\n\t\t\t<span class=\"icon_minus-06\"><\/span>\n\t\t<\/span>\n\t<\/span>\n\t<span class=\"qodef-tab-title\">\n\t\t<span class=\"qodef-tab-title-inner\">\n\t\t\tBons de commande\t\t<\/span>\n\t<\/span>\n<\/h4>\n<div class=\"qodef-accordion-content\">\n\t<div class=\"qodef-accordion-content-inner\">\n\t\t[vc_column_text]<strong>Vous pouvez directement valider votre permis en ligne par <\/strong><span style=\"color: #70b400\"><a style=\"color: #70b400\" href=\"https:\/\/validationpermischasser.chasseurdefrance.com\/?federation=FDC_28\" target=\"_blank\" rel=\"noopener noreferrer\"><strong>INTERNET<\/strong><\/a><\/span><\/p>\n<p>&nbsp;<\/p>\n<p><strong>T\u00e9l\u00e9charger le <\/strong><a href=\"https:\/\/www.chasseurducentrevaldeloire.fr\/fdc28\/wp-content\/uploads\/sites\/6\/2025\/05\/BCGU2025-2026-vierge.pdf\" target=\"_blank\" rel=\"noopener\"><strong><span style=\"color: #70b400\">Bon de commande<\/span><\/strong><\/a><strong>, la <span style=\"color: #70b400\"><a style=\"color: #70b400\" href=\"https:\/\/www.chasseurducentrevaldeloire.fr\/fdc28\/wp-content\/uploads\/sites\/6\/2025\/05\/note-dinformation-25-26.pdf\" target=\"_blank\" rel=\"noopener\">note d&rsquo;info<\/a><\/span> et la <\/strong><a href=\"https:\/\/www.chasseurducentrevaldeloire.fr\/fdc28\/wp-content\/uploads\/sites\/6\/2025\/05\/TERRASSUR-25-26-NOTICE.pdf\" target=\"_blank\" rel=\"noopener\"><strong><span style=\"color: #70b400\">notice Assur<\/span><\/strong><strong><span style=\"color: #70b400\">a<\/span><\/strong><strong><span style=\"color: #70b400\">nce<\/span><\/strong><\/a><\/p>\n<p>T\u00e9l\u00e9charger le <a href=\"https:\/\/www.calameo.com\/read\/00448070183799b17115b\" target=\"_blank\" rel=\"noopener\"><strong><span style=\"color: #70b400\">livret d&rsquo;ouverture 2025-2026<\/span><\/strong><\/a>[\/vc_column_text][vc_empty_space]\t<\/div>\n<\/div>\n<\/div>[\/vc_column][\/vc_row][vc_row][vc_column][vc_empty_space][vc_text_separator title=\u00a0\u00bbD\u00e9marche pour un duplicata\u00a0\u00bb color=\u00a0\u00bbcustom\u00a0\u00bb accent_color=\u00a0\u00bb#70b400&Prime;][vc_empty_space][vc_column_text]<u>Permis de chasser perdu, vol\u00e9\u00a0ou ab\u00eem\u00e9 : comment demander un duplicata\u00a0?<\/u><\/p>\n<p>&nbsp;<\/p>\n<p>La demande de duplicata d&rsquo;un permis de chasser est \u00e0 demander \u00e0 <strong>l&rsquo;OFB (Office fran\u00e7ais de la biodiversit\u00e9).<\/strong><\/p>\n<p>&nbsp;<\/p>\n<p><strong>La d\u00e9marche est \u00e0 effectuer dans un 1<sup>er<\/sup> temps en ligne<\/strong>, voici le lien\u00a0pr\u00e9vu \u00e0 cet effet : <a href=\"https:\/\/permischasser.ofb.fr\/\" target=\"_blank\" rel=\"noopener\"><span style=\"color: #70b400\"><strong>OFB &#8211; Permis de chasser<\/strong><\/span><\/a><\/p>\n<p>&nbsp;<\/p>\n<p>Vous devrez imprimer le Cerfa de demande de duplicata pr\u00e9 rempli , le signer et y joindre toutes les pi\u00e8ces demand\u00e9es.<\/p>\n<p>&nbsp;<\/p>\n<p>Le dossier complet est \u00e0 renvoyer directement \u00e0 l\u2019OFB (adresse indiqu\u00e9e sur le formulaire)<\/p>\n<p>&nbsp;<\/p>\n<p>Attention, en cas de permis de chasser d\u00e9livr\u00e9 par une pr\u00e9fecture ou une sous-pr\u00e9fecture avant le 1<sup>er<\/sup>\u00a0septembre 2009, vous devez joindre \u00e0 la demande une attestation de d\u00e9livrance initiale.<\/p>\n<p>&nbsp;<\/p>\n<p>Une attestation provisoire vous sera envoy\u00e9 par courrier en retour afin de vous permettre de chasser, puis vous recevrez quelques semaines apr\u00e8s le permis permanent.<\/p>\n<p>&nbsp;<\/p>\n<p>Pensez \u00e0 contacter la F\u00e9d\u00e9ration afin de mettre \u00e0 jour vos r\u00e9f\u00e9rences de permis de chasser.<\/p>\n<p>&nbsp;<\/p>\n<p>En cas de besoin n\u2019h\u00e9sitez pas \u00e0 contacter\u00a0l\u2019OFB au:<\/p>\n<p>09.70.80.83.24 \u2013 <strong><span style=\"color: #70b400\"><a style=\"color: #70b400\" href=\"mailto:permis.chasser@ofb.gouv.fr\">permis.chasser@ofb.gouv.fr<\/a><\/span><\/strong>[\/vc_column_text][vc_empty_space][\/vc_column][\/vc_row][vc_row][\/vc_row]<\/p>\n","protected":false},"excerpt":{"rendered":"<p>[vc_row][vc_column][vc_column_text] VALIDER EN LIGNE [\/vc_column_text][vc_empty_space][vc_text_separator title=\u00a0\u00bbValider son permis\u00a0\u00bb color=\u00a0\u00bbcustom\u00a0\u00bb accent_color=\u00a0\u00bb#70b400&Prime;][\/vc_column][\/vc_row][vc_row][vc_column][vc_empty_space][vc_text_separator title=\u00a0\u00bbD\u00e9marche pour un duplicata\u00a0\u00bb color=\u00a0\u00bbcustom\u00a0\u00bb accent_color=\u00a0\u00bb#70b400&Prime;][vc_empty_space][vc_column_text]Permis de chasser perdu, vol\u00e9\u00a0ou ab\u00eem\u00e9 : comment demander un duplicata\u00a0? &nbsp; La demande de duplicata d&rsquo;un permis de chasser est \u00e0 demander \u00e0 l&rsquo;OFB (Office fran\u00e7ais de la biodiversit\u00e9)&#8230;.<\/p>\n","protected":false},"author":6,"featured_media":0,"parent":0,"menu_order":0,"comment_status":"closed","ping_status":"closed","template":"","meta":{"_acf_changed":false,"inline_featured_image":false,"_exactmetrics_skip_tracking":false,"_exactmetrics_sitenote_active":false,"_exactmetrics_sitenote_note":"","_exactmetrics_sitenote_category":0,"footnotes":""},"class_list":["post-3701","page","type-page","status-publish","hentry"],"acf":[],"publishpress_future_action":{"enabled":false,"date":"2026-04-28 12:45:35","action":"change-status","newStatus":"draft","terms":[],"taxonomy":"","extraData":[]},"publishpress_future_workflow_manual_trigger":{"enabledWorkflows":[]},"_links":{"self":[{"href":"https:\/\/www.save.chasseurducentrevaldeloire.fr\/fdc28\/wp-json\/wp\/v2\/pages\/3701","targetHints":{"allow":["GET"]}}],"collection":[{"href":"https:\/\/www.save.chasseurducentrevaldeloire.fr\/fdc28\/wp-json\/wp\/v2\/pages"}],"about":[{"href":"https:\/\/www.save.chasseurducentrevaldeloire.fr\/fdc28\/wp-json\/wp\/v2\/types\/page"}],"author":[{"embeddable":true,"href":"https:\/\/www.save.chasseurducentrevaldeloire.fr\/fdc28\/wp-json\/wp\/v2\/users\/6"}],"replies":[{"embeddable":true,"href":"https:\/\/www.save.chasseurducentrevaldeloire.fr\/fdc28\/wp-json\/wp\/v2\/comments?post=3701"}],"version-history":[{"count":92,"href":"https:\/\/www.save.chasseurducentrevaldeloire.fr\/fdc28\/wp-json\/wp\/v2\/pages\/3701\/revisions"}],"predecessor-version":[{"id":6408,"href":"https:\/\/www.save.chasseurducentrevaldeloire.fr\/fdc28\/wp-json\/wp\/v2\/pages\/3701\/revisions\/6408"}],"wp:attachment":[{"href":"https:\/\/www.save.chasseurducentrevaldeloire.fr\/fdc28\/wp-json\/wp\/v2\/media?parent=3701"}],"curies":[{"name":"wp","href":"https:\/\/api.w.org\/{rel}","templated":true}]}}