{"id":3694,"date":"2018-06-22T10:12:44","date_gmt":"2018-06-22T08:12:44","guid":{"rendered":"http:\/\/www.chasseurducentrevaldeloire.fr\/fdc28\/?page_id=3694"},"modified":"2025-09-01T16:47:52","modified_gmt":"2025-09-01T14:47:52","slug":"especes-predatrices-et-depredatrices","status":"publish","type":"page","link":"https:\/\/www.save.chasseurducentrevaldeloire.fr\/fdc28\/especes-predatrices-et-depredatrices\/","title":{"rendered":"Esp\u00e8ces pr\u00e9datrices et d\u00e9pr\u00e9datrices"},"content":{"rendered":"<p>[vc_row][vc_column][vc_single_image image=\u00a0\u00bb3929&Prime; img_size=\u00a0\u00bbmedium\u00a0\u00bb alignment=\u00a0\u00bbcenter\u00a0\u00bb][vc_empty_space][vc_column_text]La r\u00e9glementation distingue trois cat\u00e9gories d\u2019esp\u00e8ces susceptibles d\u2019occasionner des d\u00e9g\u00e2ts. C\u2019est le ministre de l\u2019\u00c9cologie, ou le Pr\u00e9fet selon la cat\u00e9gorie\u00a0 d\u2019esp\u00e8ces, qui inscrit les esp\u00e8ces d\u2019animaux sur chacune de ces trois listes au regard de l\u2019un au moins des int\u00e9r\u00eats prot\u00e9g\u00e9s suivants :<br \/>\n\u2022 dans l\u2019int\u00e9r\u00eat de la sant\u00e9 et de la s\u00e9curit\u00e9 publique ;<br \/>\n\u2022 pour assurer la protection de la flore et de la faune ;<br \/>\n\u2022 pour pr\u00e9venir des dommages importants aux activit\u00e9s agricoles, foresti\u00e8res et aquacoles ;<br \/>\n\u2022 pour pr\u00e9venir les dommages importants \u00e0 d\u2019autres formes de propri\u00e9t\u00e9, sauf pour les esp\u00e8ces d\u2019oiseaux.<\/p>\n<p>&nbsp;<\/p>\n<p><img loading=\"lazy\" decoding=\"async\" class=\"size-medium wp-image-3890 alignleft\" src=\"http:\/\/www.chasseurducentrevaldeloire.fr\/fdc28\/wp-content\/uploads\/sites\/6\/2018\/09\/Renard-300x234.jpg\" alt=\"\" width=\"300\" height=\"234\" srcset=\"https:\/\/www.save.chasseurducentrevaldeloire.fr\/fdc28\/wp-content\/uploads\/sites\/6\/2018\/09\/Renard-300x234.jpg 300w, https:\/\/www.save.chasseurducentrevaldeloire.fr\/fdc28\/wp-content\/uploads\/sites\/6\/2018\/09\/Renard.jpg 500w\" sizes=\"auto, (max-width: 300px) 100vw, 300px\" \/>Le 1er groupe (<strong><a href=\"http:\/\/www.chasseurducentrevaldeloire.fr\/fdc28\/wp-content\/uploads\/sites\/6\/2018\/06\/ArreteNuisibleG1Modalite.pdf\" target=\"_blank\" rel=\"noopener noreferrer\"><span style=\"color: #70b400\">arr\u00eat\u00e9 minist\u00e9riel annuel<\/span><\/a><\/strong>\u00a0 + <strong><a href=\"http:\/\/www.chasseurducentrevaldeloire.fr\/fdc28\/wp-content\/uploads\/sites\/6\/2018\/09\/ArreteNuisibleG1Disposition.pdf\" target=\"_blank\" rel=\"noopener noreferrer\"><span style=\"color: #70b400\">dispositions<\/span><\/a><\/strong>)\u00a0 se compose de six esp\u00e8ces envahissantes sur l\u2019ensemble du territoire m\u00e9tropolitain, par arr\u00eat\u00e9 minist\u00e9riel annuel. Il s\u2019agit du chien viverrin, du\u00a0 raton laveur, du vison d\u2019Am\u00e9rique, du ragondin, du rat musqu\u00e9 et de la\u00a0 bernache du Canada.<\/p>\n<p>&nbsp;<\/p>\n<p>Le 2\u00e8me groupe (<strong><a href=\"https:\/\/www.chasseurducentrevaldeloire.fr\/fdc28\/wp-content\/uploads\/sites\/6\/2023\/08\/Arrete-ESOD_3-AOUT-2023.pdf\" target=\"_blank\" rel=\"noopener noreferrer\"><span style=\"color: #70b400\">arr\u00eat\u00e9 minist\u00e9riel triennal<\/span><\/a><\/strong>) se compose de dix esp\u00e8ces susceptibles d\u2019\u00eatre class\u00e9es nuisibles par arr\u00eat\u00e9 minist\u00e9riel triennal \u00e9tablissant\u00a0 pour chaque d\u00e9partement la liste des esp\u00e8ces susceptibles d\u2019occasionner des d\u00e9g\u00e2ts dans celui-ci, sur proposition du pr\u00e9fet et apr\u00e8s avis de la formation sp\u00e9cialis\u00e9e d\u00e9partementale. Les esp\u00e8ces concern\u00e9es sont la belette, la fouine, la martre, le\u00a0 putois, le renard, le corbeau freux, la corneille noire, la pie bavarde, le geai des ch\u00eanes et l\u2019\u00e9tourneau sansonnet. En Eure-et-Loir ont \u00e9t\u00e9 class\u00e9s nuisibles la\u00a0 fouine, le renard, la corneille noire,\u00a0 la pie bavarde et le corbeau freux.<\/p>\n<p>&nbsp;<\/p>\n<p>Le 3\u00e8me groupe (<a href=\"https:\/\/www.chasseurducentrevaldeloire.fr\/fdc28\/wp-content\/uploads\/sites\/6\/2025\/06\/2025_mai_arrete_ESOD_3eme_groupe.pdf\" target=\"_blank\" rel=\"noopener\"><span style=\"color: #70b400\"><strong>arr\u00eat\u00e9 pr\u00e9fectoral annuel<\/strong><\/span><\/a>) se compose de trois esp\u00e8ces susceptibles d\u2019occasionner des d\u00e9g\u00e2ts par arr\u00eat\u00e9 pr\u00e9fectoral annuel : le lapin de\u00a0 garenne, le pigeon ramier et le sanglier. Le pr\u00e9l\u00e8vement par la chasse des esp\u00e8ces susceptibles d\u2019occasionner des d\u00e9g\u00e2ts dans le d\u00e9partement est en progression sur les 3 derni\u00e8res ann\u00e9es. Toutes ces esp\u00e8ces sont pr\u00e9sentes sur l\u2019ensemble des communes du d\u00e9partement d\u2019Eure-et-Loir.[\/vc_column_text][vc_empty_space][\/vc_column][\/vc_row][vc_row][vc_column][vc_empty_space][vc_column_text]Le ragondin et le rat musqu\u00e9 peuvent, toute l\u2019ann\u00e9e, \u00eatre :<\/p>\n<p>\u2013 pi\u00e9g\u00e9s en tout lieu ;<\/p>\n<p>\u2013 d\u00e9truits \u00e0 tir ;<\/p>\n<p>\u2013 d\u00e9terr\u00e9s, avec ou sans chien ;[\/vc_column_text][vc_empty_space][vc_column_text]La <strong>fouine<\/strong>, peut-\u00eatre pi\u00e9g\u00e9e toute l\u2019ann\u00e9e, uniquement \u00e0 moins de 250 m\u00e8tres d\u2019un b\u00e2timent ou d\u2019un \u00e9levage particulier ou professionnel ou sur des terrains consacr\u00e9s \u00e0 l&rsquo;\u00e9levage avicole. Elle peut \u00eatre \u00e9galement pi\u00e9g\u00e9e sur les territoires o\u00f9, en application du sch\u00e9ma d\u00e9partemental de gestion cyn\u00e9g\u00e9tique, des actions visant \u00e0 la conservation et \u00e0 la restauration des populations de faune sauvage et n\u00e9cessitant la r\u00e9gulation des pr\u00e9dateurs sont mises en \u0153uvre.<\/p>\n<p>&nbsp;<\/p>\n<p>Elle peut \u00eatre d\u00e9truite \u00e0 tir sur autorisation individuelle d\u00e9livr\u00e9e par le pr\u00e9fet entre la date de cl\u00f4ture g\u00e9n\u00e9rale et le 31 mars au plus tard.[\/vc_column_text][vc_empty_space][vc_column_text]Le <strong>renard<\/strong> peut toute l\u2019ann\u00e9e, \u00eatre :<\/p>\n<p>\u2212 pi\u00e9g\u00e9 en tout lieu,<\/p>\n<p>\u2212 enfum\u00e9 \u00e0 l\u2019aide de produits non toxiques,<\/p>\n<p>\u2212 d\u00e9terr\u00e9 avec ou sans chien.<\/p>\n<p>Il peut \u00eatre d\u00e9truit \u00e0 tir sur autorisation individuelle d\u00e9livr\u00e9e par le pr\u00e9fet entre la date de cl\u00f4ture g\u00e9n\u00e9rale et le 31 mars au plus tard et au-del\u00e0 du 31 mars sur des terrains consacr\u00e9s \u00e0 l&rsquo;\u00e9levage avicole.[\/vc_column_text][vc_empty_space][vc_column_text]<span style=\"font-family: Calibri Light, serif\"><span style=\"font-size: medium\"><b><img loading=\"lazy\" decoding=\"async\" class=\"size-medium wp-image-4174 alignright\" src=\"https:\/\/www.chasseurducentrevaldeloire.fr\/fdc28\/wp-content\/uploads\/sites\/6\/2019\/03\/corneille-300x200.jpg\" alt=\"\" width=\"300\" height=\"200\" srcset=\"https:\/\/www.save.chasseurducentrevaldeloire.fr\/fdc28\/wp-content\/uploads\/sites\/6\/2019\/03\/corneille-300x200.jpg 300w, https:\/\/www.save.chasseurducentrevaldeloire.fr\/fdc28\/wp-content\/uploads\/sites\/6\/2019\/03\/corneille.jpg 500w\" sizes=\"auto, (max-width: 300px) 100vw, 300px\" \/><\/b><\/span><\/span>Le <strong>corbeau freux<\/strong> et la <strong>corneille noire<\/strong> peuvent \u00eatre d\u00e9truits \u00e0 tir entre la date de cl\u00f4ture g\u00e9n\u00e9rale de la chasse et le 31 mars au plus tard. La p\u00e9riode de destruction \u00e0 tir peut \u00eatre prolong\u00e9e jusqu&rsquo;au 10 juin lorsque l\u2019un au moins des int\u00e9r\u00eats mentionn\u00e9s dans l\u2019arr\u00eat\u00e9 est menac\u00e9 et jusqu&rsquo;au 31 juillet pour pr\u00e9venir des dommages importants aux activit\u00e9s agricoles, sur autorisation individuelle d\u00e9livr\u00e9e par le pr\u00e9fet et d\u00e8s lors qu\u2019il n\u2019existe aucune autre solution satisfaisante.<\/p>\n<p>La destruction \u00e0 tir du corbeau freux peut \u00e9galement s\u2019effectuer dans l\u2019enceinte de la corbeauti\u00e8re.<\/p>\n<p>Le tir s\u2019effectue \u00e0 poste fixe mat\u00e9rialis\u00e9 de main d\u2019homme en dehors de la corbeauti\u00e8re.<\/p>\n<p>Le tir dans les nids est interdit.<\/p>\n<p>Ils peuvent \u00e9galement \u00eatre pi\u00e9g\u00e9s toute l\u2019ann\u00e9e et en tout lieu. Dans les cages \u00e0 corvid\u00e9s, l&rsquo;utilisation d&rsquo;app\u00e2ts carn\u00e9s est interdite. Toutefois des produits carn\u00e9s sont autoris\u00e9s, en quantit\u00e9 mesur\u00e9e, uniquement pour la nourriture des appelants.<\/p>\n<p>&nbsp;<\/p>\n<p>L\u2019utilisation d\u2019appelants vivants, de formes ou d\u2019appeaux est autoris\u00e9e[\/vc_column_text][vc_empty_space][vc_column_text]La <strong>pie bavarde (Pica)<\/strong> peut \u00eatre d\u00e9truite \u00e0 tir sur autorisation individuelle d\u00e9livr\u00e9e par le pr\u00e9fet entre la date de cl\u00f4ture g\u00e9n\u00e9rale de la chasse et le 31 mars au plus tard. La p\u00e9riode de destruction \u00e0 tir peut \u00eatre prolong\u00e9e jusqu&rsquo;au 10 juin lorsque l&rsquo;un au moins des int\u00e9r\u00eats mentionn\u00e9s \u00e0 l&rsquo;<a href=\"https:\/\/www.legifrance.gouv.fr\/affichCodeArticle.do?cidTexte=LEGITEXT000006074220&amp;idArticle=LEGIARTI000006838272&amp;dateTexte=&amp;categorieLien=cid\" target=\"_blank\" rel=\"noopener noreferrer\"><span style=\"color: #70b400\"><strong>article R. 427-6 du code de l&rsquo;environnement<\/strong><\/span><\/a>\u00a0est menac\u00e9 entre le 31 mars et le 10 juin et jusqu&rsquo;au 31 juillet pour pr\u00e9venir des dommages importants aux activit\u00e9s agricoles, sur autorisation individuelle d\u00e9livr\u00e9e par le pr\u00e9fet et d\u00e8s lors qu&rsquo;il n&rsquo;existe aucune autre solution satisfaisante.<\/p>\n<p>Sans pr\u00e9judice des dispositions pr\u00e9vues par l&rsquo;<a href=\"https:\/\/www.legifrance.gouv.fr\/affichCodeArticle.do?cidTexte=LEGITEXT000006074220&amp;idArticle=LEGIARTI000006838029&amp;dateTexte=&amp;categorieLien=cid\" target=\"_blank\" rel=\"noopener noreferrer\"><span style=\"color: #70b400\"><strong>article R. 422-79 du code de l&rsquo;environnement<\/strong><\/span><\/a>, cette autorisation individuelle peut \u00eatre d\u00e9livr\u00e9e \u00e0 une personne morale d\u00e9l\u00e9gataire du droit de destruction en application de l&rsquo;article R. 427-8 de ce m\u00eame code.<br \/>\nLe tir s&rsquo;effectue \u00e0 poste fixe mat\u00e9rialis\u00e9 de main d&rsquo;homme, sans \u00eatre accompagn\u00e9 de chien, dans les cultures mara\u00eech\u00e8res, les vergers, les enclos de pr\u00e9-l\u00e2cher de petit gibier chassable et sur les territoires des unit\u00e9s de gestion cyn\u00e9g\u00e9tiques d\u00e9sign\u00e9s dans le sch\u00e9ma d\u00e9partemental de gestion cyn\u00e9g\u00e9tique o\u00f9 sont conduites des actions visant \u00e0 la conservation et \u00e0 la restauration des populations de petit gibier chassable qui font l&rsquo;objet de pr\u00e9dations par les pies bavardes n\u00e9cessitant leur r\u00e9gulation. Le tir dans les nids est interdit.<\/p>\n<p>La pie bavarde peut \u00e9galement \u00eatre pi\u00e9g\u00e9e toute l&rsquo;ann\u00e9e dans les zones d\u00e9finies \u00e0 l&rsquo;alin\u00e9a pr\u00e9c\u00e9dent ;[\/vc_column_text][vc_empty_space][vc_column_text]Le <strong>sanglier <\/strong>peut \u00eatre d\u00e9truit \u00e0 tir, sans formalit\u00e9s, entre le 1er et le 31 mars uniquement sur les parcelles agricoles. Pour tout pr\u00e9l\u00e8vement effectu\u00e9 au cours de cette p\u00e9riode l\u2019envoi, dans les 72h suivant le tir, d\u2019une carte de pr\u00e9l\u00e8vement est obligatoire.<\/p>\n<p>Le pi\u00e9geage du sanglier est interdit.[\/vc_column_text][vc_empty_space][vc_column_text]<strong>Le lapin de garenne<\/strong> est class\u00e9 esp\u00e8ce susceptible d\u2019occasionner des d\u00e9g\u00e2ts uniquement dans les 200 m des voies ferroviaires en activit\u00e9 et dans les cimeti\u00e8res.<\/p>\n<p>Il peut donc, UNIQUEMENT dans cette zone, \u00eatre d\u00e9truit \u00e0 tir du 15 ao\u00fbt jusqu\u2019\u00e0 l\u2019ouverture g\u00e9n\u00e9rale de la chasse et du 1er au 31 mars.<\/p>\n<p>\u00c0 l\u2019int\u00e9rieur de la zone pr\u00e9c\u00e9demment d\u00e9finie, il peut \u00eatre pi\u00e9g\u00e9 toute l\u2019ann\u00e9e et sa capture \u00e0 l\u2019aide de bourses et de furets est \u00e9galement autoris\u00e9e toute l\u2019ann\u00e9e.[\/vc_column_text][vc_empty_space][vc_column_text]<b>Le pigeon ramier<\/b>\u00a0peut \u00eatre d\u00e9truit \u00e0 tir sur l\u2019ensemble du d\u00e9partement\u00a0:<\/p>\n<p>&nbsp;<\/p>\n<p><b>\u2013 du 21 f\u00e9vrier au 31 mars<\/b>, sans formalit\u00e9s, \u00e0 poste fixe mat\u00e9rialis\u00e9 de la main de l\u2019homme. Appeaux, appelants interdits.<\/p>\n<p><b>\u2013 du 1er avril au 30 juin<\/b>\u00a0sur autorisation individuelle d\u00e9livr\u00e9e par le Pr\u00e9fet Uniquement \u00e0 poste fixe mat\u00e9rialis\u00e9 de main d\u2019homme sur cultures agricoles du semis \u00e0 la r\u00e9colte et sur les cribs \u00e0 ma\u00efs. Appeaux et appelants interdits.<\/p>\n<p>&nbsp;<\/p>\n<p><b>\u2013 du 1er au 31 juillet<\/b>\u00a0avec autorisation individuelle d\u00e9livr\u00e9e par le Pr\u00e9fet uniquement \u00e0 poste fixe mat\u00e9rialis\u00e9 de main d\u2019homme uniquement sur cultures agricoles du semis \u00e0 la r\u00e9colte et sur les cribs \u00e0 ma\u00efs.<\/p>\n<p>Appeaux et appelants interdits.<\/p>\n<p>Le tir dans les nids est interdit.<\/p>\n<p>Le pi\u00e9geage du pigeon ramier est interdit.[\/vc_column_text][vc_empty_space][vc_column_text css=\u00a0\u00bb.vc_custom_1748331068920{border-radius: 2px !important;}\u00a0\u00bb]<strong>Qu&rsquo;est-ce qu&rsquo;un poste fixe mat\u00e9rialis\u00e9 de la main de l&rsquo;homme ?<\/strong><\/p>\n<p>Un poste fixe est un poste mat\u00e9rialis\u00e9, construit de la main de l\u2019homme, m\u00eame sommairement, qui permet de fixer le chasseur \u00e0 un point donn\u00e9 pendant l\u2019action de chasse. Sont des postes fixes : les huttes, tonnes ou gabions, les palombi\u00e8res, les pyl\u00f4nes, les miradors de chasse. etc. Ne sont pas des postes fixes : les jet\u00e9es des ports, l\u2019arbre au milieu de la plaine, le poteau t\u00e9l\u00e9phonique \u00e0 la crois\u00e9e de deux chemins, etc.[\/vc_column_text][vc_empty_space][vc_column_text]T\u00e9l\u00e9chargez le formulaire de d\u00e9claration<\/p>\n<ul>\n<li>attestation d\u00e9g\u00e2ts : <span style=\"color: #70b400\"><strong><a style=\"color: #70b400\" href=\"http:\/\/www.chasseurducentrevaldeloire.fr\/fdc28\/wp-content\/uploads\/sites\/6\/dlm_uploads\/2018\/03\/Attestationdegatsparticulierprofessionel.pdf\" target=\"_blank\" rel=\"noopener noreferrer\">Particulier\/Professionnel<\/a><\/strong> <\/span>\u2013 <span style=\"color: #70b400\"><strong><a style=\"color: #70b400\" href=\"http:\/\/www.chasseurducentrevaldeloire.fr\/fdc28\/wp-content\/uploads\/sites\/6\/dlm_uploads\/2018\/03\/Attestationdegatsmaire.pdf\" target=\"_blank\" rel=\"noopener noreferrer\">Mairie<\/a><\/strong><\/span><\/li>\n<\/ul>\n<p>[\/vc_column_text][\/vc_column][\/vc_row]<\/p>\n","protected":false},"excerpt":{"rendered":"<p>[vc_row][vc_column][vc_single_image image=\u00a0\u00bb3929&Prime; img_size=\u00a0\u00bbmedium\u00a0\u00bb alignment=\u00a0\u00bbcenter\u00a0\u00bb][vc_empty_space][vc_column_text]La r\u00e9glementation distingue trois cat\u00e9gories d\u2019esp\u00e8ces susceptibles d\u2019occasionner des d\u00e9g\u00e2ts. C\u2019est le ministre de l\u2019\u00c9cologie, ou le Pr\u00e9fet selon la cat\u00e9gorie\u00a0 d\u2019esp\u00e8ces, qui inscrit les esp\u00e8ces d\u2019animaux sur chacune de ces trois listes au regard de l\u2019un au moins des int\u00e9r\u00eats prot\u00e9g\u00e9s&#8230;<\/p>\n","protected":false},"author":6,"featured_media":0,"parent":0,"menu_order":0,"comment_status":"closed","ping_status":"closed","template":"","meta":{"_acf_changed":false,"inline_featured_image":false,"_exactmetrics_skip_tracking":false,"_exactmetrics_sitenote_active":false,"_exactmetrics_sitenote_note":"","_exactmetrics_sitenote_category":0,"footnotes":""},"class_list":["post-3694","page","type-page","status-publish","hentry"],"acf":[],"publishpress_future_action":{"enabled":false,"date":"2026-04-18 12:16:36","action":"change-status","newStatus":"draft","terms":[],"taxonomy":"","extraData":[]},"publishpress_future_workflow_manual_trigger":{"enabledWorkflows":[]},"_links":{"self":[{"href":"https:\/\/www.save.chasseurducentrevaldeloire.fr\/fdc28\/wp-json\/wp\/v2\/pages\/3694","targetHints":{"allow":["GET"]}}],"collection":[{"href":"https:\/\/www.save.chasseurducentrevaldeloire.fr\/fdc28\/wp-json\/wp\/v2\/pages"}],"about":[{"href":"https:\/\/www.save.chasseurducentrevaldeloire.fr\/fdc28\/wp-json\/wp\/v2\/types\/page"}],"author":[{"embeddable":true,"href":"https:\/\/www.save.chasseurducentrevaldeloire.fr\/fdc28\/wp-json\/wp\/v2\/users\/6"}],"replies":[{"embeddable":true,"href":"https:\/\/www.save.chasseurducentrevaldeloire.fr\/fdc28\/wp-json\/wp\/v2\/comments?post=3694"}],"version-history":[{"count":43,"href":"https:\/\/www.save.chasseurducentrevaldeloire.fr\/fdc28\/wp-json\/wp\/v2\/pages\/3694\/revisions"}],"predecessor-version":[{"id":6471,"href":"https:\/\/www.save.chasseurducentrevaldeloire.fr\/fdc28\/wp-json\/wp\/v2\/pages\/3694\/revisions\/6471"}],"wp:attachment":[{"href":"https:\/\/www.save.chasseurducentrevaldeloire.fr\/fdc28\/wp-json\/wp\/v2\/media?parent=3694"}],"curies":[{"name":"wp","href":"https:\/\/api.w.org\/{rel}","templated":true}]}}