{"id":3686,"date":"2018-06-21T16:56:27","date_gmt":"2018-06-21T14:56:27","guid":{"rendered":"http:\/\/www.chasseurducentrevaldeloire.fr\/fdc28\/?page_id=3686"},"modified":"2025-08-22T09:01:22","modified_gmt":"2025-08-22T07:01:22","slug":"degats-de-gibier","status":"publish","type":"page","link":"https:\/\/www.save.chasseurducentrevaldeloire.fr\/fdc28\/degats-de-gibier\/","title":{"rendered":"D\u00e9g\u00e2ts de gibier"},"content":{"rendered":"<p>[vc_row][vc_column][vc_column_text]La f\u00e9d\u00e9ration des chasseurs d\u2019Eure-et-Loir rend possible la t\u00e9l\u00e9d\u00e9claration des d\u00e9g\u00e2ts de grand gibier.<\/p>\n<p>&nbsp;<\/p>\n<p>Plus rapide et sans frais postaux,\u00a0<strong>la t\u00e9l\u00e9d\u00e9claration des d\u00e9g\u00e2ts est disponible<\/strong>\u00a0sur le site<span style=\"color: #70b400\">\u00a0<\/span><a href=\"https:\/\/teledeclaration.chasseurdefrance.com\/\"><strong><span style=\"color: #70b400\">https:\/\/teledeclaration.chasseurdefrance.com\/<\/span><\/strong><\/a><\/p>\n<p>&nbsp;<\/p>\n<p>Vous avez d\u00e9sormais\u00a0<u>2 solutions pour d\u00e9clarer vos d\u00e9g\u00e2ts<\/u>\u00a0:<\/p>\n<p>&nbsp;<\/p>\n<ul>\n<li>Soit en t\u00e9l\u00e9d\u00e9claration (les d\u00e9clarations par mail ne sont plus accept\u00e9s)\u00a0<a href=\"https:\/\/teledeclaration.chasseurdefrance.com\/\"><strong><span style=\"color: #70b400\">https:\/\/teledeclaration.chasseurdefrance.com\/<\/span><\/strong><\/a><\/li>\n<li>Soit par courrier avec les imprim\u00e9s autocopiants (que vous aurez demand\u00e9s au pr\u00e9alable).<\/li>\n<\/ul>\n<p>&nbsp;<\/p>\n<p>Lors de la premi\u00e8re connexion, vous devrez cr\u00e9er votre compte, qui sera enregistr\u00e9 et conserv\u00e9 pour vos prochaines d\u00e9clarations.<\/p>\n<p>&nbsp;<\/p>\n<p>La d\u00e9claration des d\u00e9g\u00e2ts se fait de la m\u00eame mani\u00e8re que sur les formulaires papier et vous devrez joindre \u00e0 votre d\u00e9claration les documents n\u00e9cessaires \u00e0 l\u2019expertise de vos parcelles (registre parcellaire graphique, contrat de production etc\u2026).<\/p>\n<p>&nbsp;<\/p>\n<p>La f\u00e9d\u00e9ration demeure \u00e0 votre \u00e9coute pour tout renseignement concernant la t\u00e9l\u00e9d\u00e9claration des d\u00e9g\u00e2ts.<\/p>\n<p>&nbsp;<\/p>\n<p>[\/vc_column_text][\/vc_column][\/vc_row][vc_row][vc_column]<div class=\"qodef-accordion-holder clearfix qodef-toggle qodef-boxed \">\n\t<h4 class=\"clearfix qodef-title-holder\" style=\"background-color:#70b400;border-color:#70b400\">\n\t<span class=\"qodef-accordion-mark qodef-left-mark\">\n\t\t<span class=\"qodef-accordion-mark-icon\">\n\t\t\t<span class=\"icon_plus\"><\/span>\n\t\t\t<span class=\"icon_minus-06\"><\/span>\n\t\t<\/span>\n\t<\/span>\n\t<span class=\"qodef-tab-title\">\n\t\t<span class=\"qodef-tab-title-inner\">\n\t\t\tRPG Registre Parcellaire Graphique PAC de l\u2019ann\u00e9e, comment l\u2019obtenir\t\t<\/span>\n\t<\/span>\n<\/h4>\n<div class=\"qodef-accordion-content\">\n\t<div class=\"qodef-accordion-content-inner\">\n\t\t[vc_column_text]<\/p>\n<p>&nbsp;<\/p>\n<p style=\"font-weight: 400\"><strong><u>RPG\u00a0Registre Parcellaire Graphique PAC de l\u2019ann\u00e9e, comment l\u2019obtenir :<\/u><\/strong><\/p>\n<p style=\"font-weight: 400\">S&rsquo;identifier sur t\u00e9l\u00e9pac =&gt; Dans T\u00e9l\u00e9proc\u00e9dure (menu \u00e0 gauche)<\/p>\n<ul>\n<li style=\"list-style-type: none\">\n<ul>\n<li>Cliquer sur \u00ab\u00a0dossier PAC 2025\u00a0\u00bb<\/li>\n<\/ul>\n<\/li>\n<\/ul>\n<p><a href=\"https:\/\/www.chasseurducentrevaldeloire.fr\/fdc28\/wp-content\/uploads\/sites\/6\/2024\/04\/telepac1.png\"><img loading=\"lazy\" decoding=\"async\" class=\"aligncenter size-full wp-image-5915\" src=\"https:\/\/www.chasseurducentrevaldeloire.fr\/fdc28\/wp-content\/uploads\/sites\/6\/2024\/04\/telepac1.png\" alt=\"\" width=\"616\" height=\"488\" srcset=\"https:\/\/www.save.chasseurducentrevaldeloire.fr\/fdc28\/wp-content\/uploads\/sites\/6\/2024\/04\/telepac1.png 616w, https:\/\/www.save.chasseurducentrevaldeloire.fr\/fdc28\/wp-content\/uploads\/sites\/6\/2024\/04\/telepac1-300x238.png 300w\" sizes=\"auto, (max-width: 616px) 100vw, 616px\" \/><\/a><\/p>\n<ul>\n<li style=\"list-style-type: none\">\n<ul>\n<li>Onglet \u00ab\u00a0impression\u00a0\u00bb (onglet rose)<\/li>\n<\/ul>\n<\/li>\n<\/ul>\n<p><a href=\"https:\/\/www.chasseurducentrevaldeloire.fr\/fdc28\/wp-content\/uploads\/sites\/6\/2024\/04\/telepac2.png\"><img loading=\"lazy\" decoding=\"async\" class=\"aligncenter size-full wp-image-5914\" src=\"https:\/\/www.chasseurducentrevaldeloire.fr\/fdc28\/wp-content\/uploads\/sites\/6\/2024\/04\/telepac2.png\" alt=\"\" width=\"1256\" height=\"132\" srcset=\"https:\/\/www.save.chasseurducentrevaldeloire.fr\/fdc28\/wp-content\/uploads\/sites\/6\/2024\/04\/telepac2.png 1256w, https:\/\/www.save.chasseurducentrevaldeloire.fr\/fdc28\/wp-content\/uploads\/sites\/6\/2024\/04\/telepac2-300x32.png 300w, https:\/\/www.save.chasseurducentrevaldeloire.fr\/fdc28\/wp-content\/uploads\/sites\/6\/2024\/04\/telepac2-1024x108.png 1024w, https:\/\/www.save.chasseurducentrevaldeloire.fr\/fdc28\/wp-content\/uploads\/sites\/6\/2024\/04\/telepac2-768x81.png 768w\" sizes=\"auto, (max-width: 1256px) 100vw, 1256px\" \/><\/a><\/p>\n<ul>\n<li style=\"list-style-type: none\">\n<ul>\n<li>Vous pouvez :\n<ul>\n<li>Soit imprimer en faisant une s\u00e9lection d\u2019ilot =&gt; \u00ab T\u00e9l\u00e9charger ou imprimer votre registre parcellaire graphique \u00bb (il faudra s\u00e9lectionner le ou les ilots, puis cliquer sur \u00ab continuer \u00bb en bas de la page)<\/li>\n<\/ul>\n<\/li>\n<\/ul>\n<\/li>\n<\/ul>\n<p><a href=\"https:\/\/www.chasseurducentrevaldeloire.fr\/fdc28\/wp-content\/uploads\/sites\/6\/2024\/04\/Telepac3.jpg\"><img loading=\"lazy\" decoding=\"async\" class=\"aligncenter size-full wp-image-5921\" src=\"https:\/\/www.chasseurducentrevaldeloire.fr\/fdc28\/wp-content\/uploads\/sites\/6\/2024\/04\/Telepac3.jpg\" alt=\"\" width=\"1049\" height=\"577\" srcset=\"https:\/\/www.save.chasseurducentrevaldeloire.fr\/fdc28\/wp-content\/uploads\/sites\/6\/2024\/04\/Telepac3.jpg 1049w, https:\/\/www.save.chasseurducentrevaldeloire.fr\/fdc28\/wp-content\/uploads\/sites\/6\/2024\/04\/Telepac3-300x165.jpg 300w, https:\/\/www.save.chasseurducentrevaldeloire.fr\/fdc28\/wp-content\/uploads\/sites\/6\/2024\/04\/Telepac3-1024x563.jpg 1024w, https:\/\/www.save.chasseurducentrevaldeloire.fr\/fdc28\/wp-content\/uploads\/sites\/6\/2024\/04\/Telepac3-768x422.jpg 768w\" sizes=\"auto, (max-width: 1049px) 100vw, 1049px\" \/><\/a><\/p>\n<ul>\n<li>Ou t\u00e9l\u00e9charger l\u2019ensemble des ilots, en cliquant sur \u00ab T\u00e9l\u00e9charger \u00bb, tout en bas \u00e0 droite<\/li>\n<\/ul>\n<p style=\"font-weight: 400\"><strong><a href=\"https:\/\/www.chasseurducentrevaldeloire.fr\/fdc28\/wp-content\/uploads\/sites\/6\/2024\/04\/telepac4.png\"><img loading=\"lazy\" decoding=\"async\" class=\"aligncenter size-full wp-image-5913\" src=\"https:\/\/www.chasseurducentrevaldeloire.fr\/fdc28\/wp-content\/uploads\/sites\/6\/2024\/04\/telepac4.png\" alt=\"\" width=\"1144\" height=\"590\" srcset=\"https:\/\/www.save.chasseurducentrevaldeloire.fr\/fdc28\/wp-content\/uploads\/sites\/6\/2024\/04\/telepac4.png 1144w, https:\/\/www.save.chasseurducentrevaldeloire.fr\/fdc28\/wp-content\/uploads\/sites\/6\/2024\/04\/telepac4-300x155.png 300w, https:\/\/www.save.chasseurducentrevaldeloire.fr\/fdc28\/wp-content\/uploads\/sites\/6\/2024\/04\/telepac4-1024x528.png 1024w, https:\/\/www.save.chasseurducentrevaldeloire.fr\/fdc28\/wp-content\/uploads\/sites\/6\/2024\/04\/telepac4-768x396.png 768w\" sizes=\"auto, (max-width: 1144px) 100vw, 1144px\" \/><\/a><\/strong><\/p>\n<p style=\"font-weight: 400\"><strong><a href=\"https:\/\/www.chasseurducentrevaldeloire.fr\/fdc28\/wp-content\/uploads\/sites\/6\/2024\/04\/Telepac5.jpg\"><img loading=\"lazy\" decoding=\"async\" class=\"aligncenter size-full wp-image-5922\" src=\"https:\/\/www.chasseurducentrevaldeloire.fr\/fdc28\/wp-content\/uploads\/sites\/6\/2024\/04\/Telepac5.jpg\" alt=\"\" width=\"1046\" height=\"754\" srcset=\"https:\/\/www.save.chasseurducentrevaldeloire.fr\/fdc28\/wp-content\/uploads\/sites\/6\/2024\/04\/Telepac5.jpg 1046w, https:\/\/www.save.chasseurducentrevaldeloire.fr\/fdc28\/wp-content\/uploads\/sites\/6\/2024\/04\/Telepac5-300x216.jpg 300w, https:\/\/www.save.chasseurducentrevaldeloire.fr\/fdc28\/wp-content\/uploads\/sites\/6\/2024\/04\/Telepac5-1024x738.jpg 1024w, https:\/\/www.save.chasseurducentrevaldeloire.fr\/fdc28\/wp-content\/uploads\/sites\/6\/2024\/04\/Telepac5-768x554.jpg 768w\" sizes=\"auto, (max-width: 1046px) 100vw, 1046px\" \/><\/a>ATTENTION !\u00a0<\/strong><strong>v\u00e9rifiez bien que votre dossier est complet et que les documents transmis soient de bonne qualit\u00e9 et lisible (sous peine de rejet)<\/strong>.<\/p>\n<p style=\"font-weight: 400\">Le d\u00e9lai de 8 jours ouvr\u00e9s est valable \u00e0 partir de la date d r\u00e9ception du dossier complet.<\/p>\n<p>[\/vc_column_text][vc_column_text][\/vc_column_text][vc_column_text][\/vc_column_text]\t<\/div>\n<\/div>\n<h4 class=\"clearfix qodef-title-holder\" style=\"background-color:#70b400;border-color:#70b400\">\n\t<span class=\"qodef-accordion-mark qodef-left-mark\">\n\t\t<span class=\"qodef-accordion-mark-icon\">\n\t\t\t<span class=\"icon_plus\"><\/span>\n\t\t\t<span class=\"icon_minus-06\"><\/span>\n\t\t<\/span>\n\t<\/span>\n\t<span class=\"qodef-tab-title\">\n\t\t<span class=\"qodef-tab-title-inner\">\n\t\t\tPortail de t\u00e9l\u00e9d\u00e9claration\t\t<\/span>\n\t<\/span>\n<\/h4>\n<div class=\"qodef-accordion-content\">\n\t<div class=\"qodef-accordion-content-inner\">\n\t\t[vc_column_text]<a href=\"https:\/\/teledeclaration.chasseurdefrance.com\/\"><img loading=\"lazy\" decoding=\"async\" class=\"aligncenter size-full wp-image-5909\" src=\"https:\/\/www.chasseurducentrevaldeloire.fr\/fdc28\/wp-content\/uploads\/sites\/6\/2024\/04\/BoutonTeledeclarationDegats-1.jpg\" alt=\"\" width=\"585\" height=\"255\" srcset=\"https:\/\/www.save.chasseurducentrevaldeloire.fr\/fdc28\/wp-content\/uploads\/sites\/6\/2024\/04\/BoutonTeledeclarationDegats-1.jpg 585w, https:\/\/www.save.chasseurducentrevaldeloire.fr\/fdc28\/wp-content\/uploads\/sites\/6\/2024\/04\/BoutonTeledeclarationDegats-1-300x131.jpg 300w\" sizes=\"auto, (max-width: 585px) 100vw, 585px\" \/><\/a>[\/vc_column_text][vc_column_text][\/vc_column_text]\t<\/div>\n<\/div>\n<h4 class=\"clearfix qodef-title-holder\" style=\"background-color:#70b400;border-color:#70b400\">\n\t<span class=\"qodef-accordion-mark qodef-left-mark\">\n\t\t<span class=\"qodef-accordion-mark-icon\">\n\t\t\t<span class=\"icon_plus\"><\/span>\n\t\t\t<span class=\"icon_minus-06\"><\/span>\n\t\t<\/span>\n\t<\/span>\n\t<span class=\"qodef-tab-title\">\n\t\t<span class=\"qodef-tab-title-inner\">\n\t\t\tCr\u00e9ation d\u2019une t\u00e9l\u00e9d\u00e9claration initiale\t\t<\/span>\n\t<\/span>\n<\/h4>\n<div class=\"qodef-accordion-content\">\n\t<div class=\"qodef-accordion-content-inner\">\n\t\t[vc_column_text]Une fois votre compte cr\u00e9\u00e9, vous acc\u00e9dez \u00e0 votre espace d\u00e9di\u00e9 (image ci-dessous).<\/p>\n<p>&nbsp;<\/p>\n<h3><\/h3>\n<h3 style=\"text-align: center\"><span style=\"color: #70b400\"><a style=\"color: #70b400\" title=\"teledeclaration.chasseurdefrance.com\" href=\"https:\/\/teledeclaration.chasseurdefrance.com\/\" target=\"_blank\" rel=\"noopener\">Portail de t\u00e9l\u00e9d\u00e9claration des d\u00e9g\u00e2ts de grand<\/a><a style=\"color: #70b400\" title=\"teledeclaration.chasseurdefrance.com\" href=\"https:\/\/teledeclaration.chasseurdefrance.com\/\" target=\"_blank\" rel=\"noopener\"> gibier<\/a><\/span><\/h3>\n<p>&nbsp;<\/p>\n<p>&nbsp;<\/p>\n<h3><img loading=\"lazy\" decoding=\"async\" class=\"size-medium wp-image-6345 aligncenter\" src=\"https:\/\/www.chasseurducentrevaldeloire.fr\/fdc28\/wp-content\/uploads\/sites\/6\/2025\/06\/mceclip0_2024-12-18_15-45-20_898-300x184.png\" alt=\"\" width=\"300\" height=\"184\" srcset=\"https:\/\/www.save.chasseurducentrevaldeloire.fr\/fdc28\/wp-content\/uploads\/sites\/6\/2025\/06\/mceclip0_2024-12-18_15-45-20_898-300x184.png 300w, https:\/\/www.save.chasseurducentrevaldeloire.fr\/fdc28\/wp-content\/uploads\/sites\/6\/2025\/06\/mceclip0_2024-12-18_15-45-20_898-1024x627.png 1024w, https:\/\/www.save.chasseurducentrevaldeloire.fr\/fdc28\/wp-content\/uploads\/sites\/6\/2025\/06\/mceclip0_2024-12-18_15-45-20_898-768x470.png 768w, https:\/\/www.save.chasseurducentrevaldeloire.fr\/fdc28\/wp-content\/uploads\/sites\/6\/2025\/06\/mceclip0_2024-12-18_15-45-20_898.png 1403w\" sizes=\"auto, (max-width: 300px) 100vw, 300px\" \/><\/h3>\n<p>&nbsp;<\/p>\n<ul>\n<li>\n<h3>Cr\u00e9ation d&rsquo;une t\u00e9l\u00e9d\u00e9claration initiale<\/h3>\n<\/li>\n<\/ul>\n<p>Cette vid\u00e9o explique comment faire votre premi\u00e8re d\u00e9claration des dommages pour une ou plusieurs parcelles.<\/p>\n<p>&nbsp;<\/p>\n<p><iframe loading=\"lazy\" title=\"T\u00e9l\u00e9d\u00e9claration, cr\u00e9ation d&#039;une demande initiale\" width=\"1100\" height=\"619\" src=\"https:\/\/www.youtube.com\/embed\/D20l16PeVMM?feature=oembed\" frameborder=\"0\" allow=\"accelerometer; autoplay; clipboard-write; encrypted-media; gyroscope; picture-in-picture; web-share\" referrerpolicy=\"strict-origin-when-cross-origin\" allowfullscreen><\/iframe><\/p>\n<p>[\/vc_column_text][vc_column_text][\/vc_column_text][vc_column_text]<\/p>\n<p><iframe loading=\"lazy\" title=\"Comment cr\u00e9er votre compte t\u00e9l\u00e9d\u00e9clarant pour d\u00e9clarer vos d\u00e9g\u00e2ts de gibier ?\" width=\"1100\" height=\"825\" src=\"https:\/\/www.youtube.com\/embed\/mm7o4snQVTU?feature=oembed\" frameborder=\"0\" allow=\"accelerometer; autoplay; clipboard-write; encrypted-media; gyroscope; picture-in-picture; web-share\" referrerpolicy=\"strict-origin-when-cross-origin\" allowfullscreen><\/iframe><\/p>\n<p>[\/vc_column_text][vc_column_text][\/vc_column_text]\t<\/div>\n<\/div>\n<h4 class=\"clearfix qodef-title-holder\" style=\"background-color:#70b400;border-color:#70b400\">\n\t<span class=\"qodef-accordion-mark qodef-left-mark\">\n\t\t<span class=\"qodef-accordion-mark-icon\">\n\t\t\t<span class=\"icon_plus\"><\/span>\n\t\t\t<span class=\"icon_minus-06\"><\/span>\n\t\t<\/span>\n\t<\/span>\n\t<span class=\"qodef-tab-title\">\n\t\t<span class=\"qodef-tab-title-inner\">\n\t\t\tSuite d&#039;un dossier d\u00e9clar\u00e9\t\t<\/span>\n\t<\/span>\n<\/h4>\n<div class=\"qodef-accordion-content\">\n\t<div class=\"qodef-accordion-content-inner\">\n\t\t[vc_column_text][\/vc_column_text][vc_column_text]<\/p>\n<h3><\/h3>\n<p>Cette vid\u00e9o pr\u00e9sente l&rsquo;ajout d&rsquo;une d\u00e9claration de d\u00e9g\u00e2ts \u00e0 un dossier existant<\/p>\n<p>&nbsp;<\/p>\n<p><iframe loading=\"lazy\" title=\"T\u00e9l\u00e9d\u00e9claration, suite d&#039;un dossier\" width=\"1100\" height=\"619\" src=\"https:\/\/www.youtube.com\/embed\/bNOt9lW5u88?feature=oembed\" frameborder=\"0\" allow=\"accelerometer; autoplay; clipboard-write; encrypted-media; gyroscope; picture-in-picture; web-share\" referrerpolicy=\"strict-origin-when-cross-origin\" allowfullscreen><\/iframe><\/p>\n<p>[\/vc_column_text][vc_column_text][\/vc_column_text][vc_column_text]Cette vid\u00e9o concerne l&rsquo;ajout d&rsquo;une d\u00e9claration de travaux \u00e0 un dossier existant.<\/p>\n<p>&nbsp;<\/p>\n<p><iframe loading=\"lazy\" title=\"T\u00e9l\u00e9d\u00e9claration, ajouter une d\u00e9claration de travaux\" width=\"1100\" height=\"619\" src=\"https:\/\/www.youtube.com\/embed\/tXQh9eDskRU?feature=oembed\" frameborder=\"0\" allow=\"accelerometer; autoplay; clipboard-write; encrypted-media; gyroscope; picture-in-picture; web-share\" referrerpolicy=\"strict-origin-when-cross-origin\" allowfullscreen><\/iframe><\/p>\n<p>[\/vc_column_text]\t<\/div>\n<\/div>\n<h4 class=\"clearfix qodef-title-holder\" style=\"background-color:#70b400;border-color:#70b400\">\n\t<span class=\"qodef-accordion-mark qodef-left-mark\">\n\t\t<span class=\"qodef-accordion-mark-icon\">\n\t\t\t<span class=\"icon_plus\"><\/span>\n\t\t\t<span class=\"icon_minus-06\"><\/span>\n\t\t<\/span>\n\t<\/span>\n\t<span class=\"qodef-tab-title\">\n\t\t<span class=\"qodef-tab-title-inner\">\n\t\t\tVos d\u00e9clarations en cours\t\t<\/span>\n\t<\/span>\n<\/h4>\n<div class=\"qodef-accordion-content\">\n\t<div class=\"qodef-accordion-content-inner\">\n\t\t[vc_column_text]<\/p>\n<h3><\/h3>\n<p>Cette vid\u00e9o cible l&rsquo;\u00e9tat d&rsquo;avancement d&rsquo;un dossier.<\/p>\n<p>&nbsp;<\/p>\n<p><iframe loading=\"lazy\" title=\"T\u00e9l\u00e9d\u00e9claration, visualiser le statut d&#039;un dossier\" width=\"1100\" height=\"619\" src=\"https:\/\/www.youtube.com\/embed\/d9i4shvuQW4?feature=oembed\" frameborder=\"0\" allow=\"accelerometer; autoplay; clipboard-write; encrypted-media; gyroscope; picture-in-picture; web-share\" referrerpolicy=\"strict-origin-when-cross-origin\" allowfullscreen><\/iframe><\/p>\n<p>[\/vc_column_text][vc_column_text][\/vc_column_text][vc_column_text]Comment compl\u00e9ter une d\u00e9claration au stade de brouillon ?<\/p>\n<p>&nbsp;<\/p>\n<p>https:\/\/www.youtube.com\/watch?v=EsCtalQK8Gg[\/vc_column_text]\t<\/div>\n<\/div>\n<h4 class=\"clearfix qodef-title-holder\" style=\"background-color:#70b400;border-color:#70b400\">\n\t<span class=\"qodef-accordion-mark qodef-left-mark\">\n\t\t<span class=\"qodef-accordion-mark-icon\">\n\t\t\t<span class=\"icon_plus\"><\/span>\n\t\t\t<span class=\"icon_minus-06\"><\/span>\n\t\t<\/span>\n\t<\/span>\n\t<span class=\"qodef-tab-title\">\n\t\t<span class=\"qodef-tab-title-inner\">\n\t\t\tTransmission d&#039;un document\t\t<\/span>\n\t<\/span>\n<\/h4>\n<div class=\"qodef-accordion-content\">\n\t<div class=\"qodef-accordion-content-inner\">\n\t\t[vc_column_text]<\/p>\n<p>Comment transmettre un document \u00e0 votre f\u00e9d\u00e9ration ?<\/p>\n<p>&nbsp;<\/p>\n<p><iframe loading=\"lazy\" title=\"T\u00e9l\u00e9d\u00e9claration,  transmission d&#039;un document\" width=\"1100\" height=\"619\" src=\"https:\/\/www.youtube.com\/embed\/MVKp42KucAM?feature=oembed\" frameborder=\"0\" allow=\"accelerometer; autoplay; clipboard-write; encrypted-media; gyroscope; picture-in-picture; web-share\" referrerpolicy=\"strict-origin-when-cross-origin\" allowfullscreen><\/iframe><\/p>\n<p>&nbsp;<\/p>\n<h3 style=\"text-align: center\">T\u00e9l\u00e9charger le guide d&rsquo;utilisation :<span style=\"color: #70b400\"><a style=\"color: #70b400\" href=\"https:\/\/www.chasseurducentrevaldeloire.fr\/fdc28\/wp-content\/uploads\/sites\/6\/2025\/06\/guide_teledeclaration_des_degats_de_grands_gibiers_v2.pdf\" target=\"_blank\" rel=\"noopener\"> ici\u00a0<\/a><\/span><\/h3>\n<p>[\/vc_column_text][vc_column_text][\/vc_column_text]\t<\/div>\n<\/div>\n<h4 class=\"clearfix qodef-title-holder\" style=\"background-color:#70b400;border-color:#70b400\">\n\t<span class=\"qodef-accordion-mark qodef-left-mark\">\n\t\t<span class=\"qodef-accordion-mark-icon\">\n\t\t\t<span class=\"icon_plus\"><\/span>\n\t\t\t<span class=\"icon_minus-06\"><\/span>\n\t\t<\/span>\n\t<\/span>\n\t<span class=\"qodef-tab-title\">\n\t\t<span class=\"qodef-tab-title-inner\">\n\t\t\tDocuments utiles\t\t<\/span>\n\t<\/span>\n<\/h4>\n<div class=\"qodef-accordion-content\">\n\t<div class=\"qodef-accordion-content-inner\">\n\t\t[vc_column_text][\/vc_column_text][vc_column_text]<span style=\"color: #70b400\"><a style=\"color: #70b400\" href=\"https:\/\/www.chasseurducentrevaldeloire.fr\/fdc28\/wp-content\/uploads\/sites\/6\/2022\/06\/Communication_Decret-4-pages-compresse.pdf\" target=\"_blank\" rel=\"noopener\"><strong>Ce qui faut savoir sur les d\u00e9g\u00e2ts aux cultures<\/strong><\/a><\/span><\/p>\n<p>&nbsp;<\/p>\n<p>T\u00e9l\u00e9charger les notes d\u2019information r\u00e9clamant :<\/p>\n<ul>\n<li><strong><span style=\"color: #70b400\"><a style=\"color: #70b400\" href=\"https:\/\/www.chasseurducentrevaldeloire.fr\/fdc28\/wp-content\/uploads\/sites\/6\/2024\/04\/Note-info-reclamant-declaration-travaux.pdf\" target=\"_blank\" rel=\"noopener\">D\u00e9claration travaux<\/a><\/span><\/strong><\/li>\n<li><a href=\"https:\/\/www.chasseurducentrevaldeloire.fr\/fdc28\/wp-content\/uploads\/sites\/6\/2024\/04\/Note-info-reclamant-2024.pdf\"><span style=\"color: #70b400\"><b>D\u00e9claration d\u00e9g\u00e2ts<\/b><\/span><\/a><\/li>\n<\/ul>\n<p>[\/vc_column_text][vc_column_text][\/vc_column_text]\t<\/div>\n<\/div>\n<h4 class=\"clearfix qodef-title-holder\" style=\"background-color:#70b400;border-color:#70b400\">\n\t<span class=\"qodef-accordion-mark qodef-left-mark\">\n\t\t<span class=\"qodef-accordion-mark-icon\">\n\t\t\t<span class=\"icon_plus\"><\/span>\n\t\t\t<span class=\"icon_minus-06\"><\/span>\n\t\t<\/span>\n\t<\/span>\n\t<span class=\"qodef-tab-title\">\n\t\t<span class=\"qodef-tab-title-inner\">\n\t\t\tFaire une demande de report d\u2019expertise\t\t<\/span>\n\t<\/span>\n<\/h4>\n<div class=\"qodef-accordion-content\">\n\t<div class=\"qodef-accordion-content-inner\">\n\t\t[vc_column_text][\/vc_column_text][vc_column_text]<\/p>\n<ul>\n<li>T\u00e9l\u00e9charger et remplir la <a href=\"https:\/\/www.chasseurducentrevaldeloire.fr\/fdc28\/wp-content\/uploads\/sites\/6\/2025\/08\/demande-de-report-expertise_modele_lettre.pdf\" target=\"_blank\" rel=\"noopener\"><span style=\"color: #70b400\"><strong>demande de report d\u2019expertise<\/strong><\/span><\/a><\/li>\n<li>Connectez \u00e0 votre espace t\u00e9l\u00e9d\u00e9clarant pour transmettre la demande<\/li>\n<li>Transmission d\u2019un document<\/li>\n<\/ul>\n<p><iframe loading=\"lazy\" title=\"T\u00e9l\u00e9d\u00e9claration,  transmission d&#039;un document\" width=\"1100\" height=\"619\" src=\"https:\/\/www.youtube.com\/embed\/MVKp42KucAM?feature=oembed\" frameborder=\"0\" allow=\"accelerometer; autoplay; clipboard-write; encrypted-media; gyroscope; picture-in-picture; web-share\" referrerpolicy=\"strict-origin-when-cross-origin\" allowfullscreen><\/iframe><\/p>\n<p>[\/vc_column_text][vc_column_text][\/vc_column_text]\t<\/div>\n<\/div>\n<\/div>[\/vc_column][\/vc_row][vc_row][vc_column][\/vc_column][\/vc_row][vc_row][vc_column][\/vc_column][\/vc_row]<\/p>\n","protected":false},"excerpt":{"rendered":"<p>[vc_row][vc_column][vc_column_text]La f\u00e9d\u00e9ration des chasseurs d\u2019Eure-et-Loir rend possible la t\u00e9l\u00e9d\u00e9claration des d\u00e9g\u00e2ts de grand gibier. &nbsp; Plus rapide et sans frais postaux,\u00a0la t\u00e9l\u00e9d\u00e9claration des d\u00e9g\u00e2ts est disponible\u00a0sur le site\u00a0https:\/\/teledeclaration.chasseurdefrance.com\/ &nbsp; Vous avez d\u00e9sormais\u00a02 solutions pour d\u00e9clarer vos d\u00e9g\u00e2ts\u00a0: &nbsp; Soit en t\u00e9l\u00e9d\u00e9claration (les d\u00e9clarations par mail&#8230;<\/p>\n","protected":false},"author":6,"featured_media":0,"parent":0,"menu_order":0,"comment_status":"closed","ping_status":"closed","template":"","meta":{"_acf_changed":false,"inline_featured_image":false,"_exactmetrics_skip_tracking":false,"_exactmetrics_sitenote_active":false,"_exactmetrics_sitenote_note":"","_exactmetrics_sitenote_category":0,"footnotes":""},"class_list":["post-3686","page","type-page","status-publish","hentry"],"acf":[],"publishpress_future_action":{"enabled":false,"date":"2026-04-18 12:16:41","action":"change-status","newStatus":"draft","terms":[],"taxonomy":"","extraData":[]},"publishpress_future_workflow_manual_trigger":{"enabledWorkflows":[]},"_links":{"self":[{"href":"https:\/\/www.save.chasseurducentrevaldeloire.fr\/fdc28\/wp-json\/wp\/v2\/pages\/3686","targetHints":{"allow":["GET"]}}],"collection":[{"href":"https:\/\/www.save.chasseurducentrevaldeloire.fr\/fdc28\/wp-json\/wp\/v2\/pages"}],"about":[{"href":"https:\/\/www.save.chasseurducentrevaldeloire.fr\/fdc28\/wp-json\/wp\/v2\/types\/page"}],"author":[{"embeddable":true,"href":"https:\/\/www.save.chasseurducentrevaldeloire.fr\/fdc28\/wp-json\/wp\/v2\/users\/6"}],"replies":[{"embeddable":true,"href":"https:\/\/www.save.chasseurducentrevaldeloire.fr\/fdc28\/wp-json\/wp\/v2\/comments?post=3686"}],"version-history":[{"count":43,"href":"https:\/\/www.save.chasseurducentrevaldeloire.fr\/fdc28\/wp-json\/wp\/v2\/pages\/3686\/revisions"}],"predecessor-version":[{"id":6455,"href":"https:\/\/www.save.chasseurducentrevaldeloire.fr\/fdc28\/wp-json\/wp\/v2\/pages\/3686\/revisions\/6455"}],"wp:attachment":[{"href":"https:\/\/www.save.chasseurducentrevaldeloire.fr\/fdc28\/wp-json\/wp\/v2\/media?parent=3686"}],"curies":[{"name":"wp","href":"https:\/\/api.w.org\/{rel}","templated":true}]}}