{"id":3673,"date":"2018-06-21T16:43:19","date_gmt":"2018-06-21T14:43:19","guid":{"rendered":"http:\/\/www.chasseurducentrevaldeloire.fr\/fdc28\/?page_id=3673"},"modified":"2025-04-11T16:18:49","modified_gmt":"2025-04-11T14:18:49","slug":"amenagements-des-milieux","status":"publish","type":"page","link":"https:\/\/www.save.chasseurducentrevaldeloire.fr\/fdc28\/amenagements-des-milieux\/","title":{"rendered":"Am\u00e9nagements des milieux"},"content":{"rendered":"<p>[vc_row][\/vc_row][vc_row][vc_column][vc_single_image image=\u00a0\u00bb3674&Prime; img_size=\u00a0\u00bbmedium\u00a0\u00bb alignment=\u00a0\u00bbcenter\u00a0\u00bb][vc_empty_space][vc_column_text]Le programme DYN\u2019AGROBIO,<\/p>\n<p><strong><em>qu\u2019est-ce que c\u2019est ?<\/em><\/strong><\/p>\n<p>&nbsp;<\/p>\n<p>Dans le contexte de simplification des espaces agricoles, le projet r\u00e9gional Dyn\u2019Agrobio permet de renforcer, multiplier et d\u00e9ployer les actions engag\u00e9es par les F\u00e9d\u00e9rations des chasseurs en faveur de la restauration et de la pr\u00e9servation d\u2019habitats favorables \u00e0 la biodiversit\u00e9 dans les espaces ruraux de la r\u00e9gion Centre-Val de Loire.<\/p>\n<p>Le double objectif de ce projet tend \u00e0 entretenir et reconstituer des habitats pour la faune sauvage et cr\u00e9er des refuges pour la biodiversit\u00e9, en optimisant la localisation de ces am\u00e9nagements pour am\u00e9liorer la fonctionnalit\u00e9 \u00e9cologique de ces milieux (corridors, zones d\u2019abris, d\u2019alimentation, de reproduction pour la biodiversit\u00e9).<\/p>\n<p>Deux actions principales pour y parvenir :<\/p>\n<ul>\n<li>la sensibilisation des acteurs du monde rural (agriculteurs, propri\u00e9taires, gestionnaires, \u00e9lus locaux des collectivit\u00e9s jusqu\u2019aux citoyens) avec une diffusion la plus large et efficiente possible des bonnes pratiques et des possibilit\u00e9s d\u2019am\u00e9nagements favorables \u00e0 la biodiversit\u00e9.<\/li>\n<li>La mise en place d\u2019am\u00e9nagements favorables \u00e0 la biodiversit\u00e9, \u00e0 la qualit\u00e9 de l\u2019eau et des sols, l\u2019implantation de nouveaux couverts environnementaux type Pollifauniflor capables de r\u00e9pondre aux exigences biologiques et \u00e9cologiques d\u2019une multitude d\u2019insectes pollinisateurs.<\/li>\n<\/ul>\n<p>&nbsp;<\/p>\n<p>Ce projet r\u00e9gional repr\u00e9sente un montant global sur 3 ans de 1 730 000 \u20ac ; il est soutenu financi\u00e8rement par la F\u00e9d\u00e9ration Nationale des Chasseurs et l\u2019Office<\/p>\n<p>Fran\u00e7ais de la Biodiversit\u00e9 \u00e0 hauteur de 1 171 000 \u20ac (fonds \u00ab biodiversit\u00e9 \u00bb)<\/p>\n<p>&nbsp;<\/p>\n<p>T\u00e9l\u00e9charger les <a href=\"https:\/\/www.chasseurducentrevaldeloire.fr\/fdc28\/wp-content\/uploads\/sites\/6\/2022\/06\/PACbiodiv-FDC28-BD_01conditions.pdf\" target=\"_blank\" rel=\"noopener\"><span style=\"color: #70b400\"><strong>conditions d\u2019\u00e9ligibilit\u00e9<\/strong> <\/span><\/a><\/p>\n<p>T\u00e9l\u00e9charger :<\/p>\n<p>&nbsp;<\/p>\n<ul>\n<li><span style=\"color: #70b400\"><strong><a style=\"color: #70b400\" href=\"https:\/\/www.chasseurducentrevaldeloire.fr\/fdc28\/wp-content\/uploads\/sites\/6\/2025\/04\/2025-CFS-Culture-pour-la-Faune-Sauvage-contrat-vierge.pdf\" target=\"_blank\" rel=\"noopener\">Contrat Culture pour la Faune Sauvage<\/a> <\/strong><\/span><\/li>\n<li><span style=\"color: #70b400\"><a style=\"color: #70b400\" href=\"https:\/\/www.chasseurducentrevaldeloire.fr\/fdc28\/wp-content\/uploads\/sites\/6\/2025\/04\/2025-CIPAN-contrat-vierge.pdf\" target=\"_blank\" rel=\"noopener\"><strong>Contrat Culture Faune Sauvage CIPAN<\/strong><\/a><\/span><\/li>\n<li><strong><span style=\"color: #70b400\"><a href=\"https:\/\/www.chasseurducentrevaldeloire.fr\/fdc28\/wp-content\/uploads\/sites\/6\/2025\/04\/2025-IE-classique-implantation-et-entretien-contrat-vierge.pdf\" target=\"_blank\" rel=\"noopener\"><span style=\"color: #70b400\">Contrat Jach\u00e8re classique implantation et entretien<\/span><\/a> <\/span><\/strong><\/li>\n<li><strong><span style=\"color: #70b400\"><a href=\"https:\/\/www.chasseurducentrevaldeloire.fr\/fdc28\/wp-content\/uploads\/sites\/6\/2025\/04\/2025-JFSA-adaptee-contrat-vierge.pdf\" target=\"_blank\" rel=\"noopener\"><span style=\"color: #70b400\">Contrat JEFS adapt\u00e9e<\/span><\/a> <\/span><\/strong><\/li>\n<li><a href=\"https:\/\/www.chasseurducentrevaldeloire.fr\/fdc28\/wp-content\/uploads\/sites\/6\/2025\/04\/2025-MEL-Mellifere-contrat-vierge.pdf\" target=\"_blank\" rel=\"noopener\"><strong><span style=\"color: #70b400\">Contrat JEFS mellif\u00e8re<\/span><\/strong><\/a><\/li>\n<li><a href=\"https:\/\/www.chasseurducentrevaldeloire.fr\/fdc28\/wp-content\/uploads\/sites\/6\/2025\/04\/2025-ZONES-SURVIE-contrat-vierge.pdf\" target=\"_blank\" rel=\"noopener\"><span style=\"color: #70b400\"><strong>Contrat Zone de survie<\/strong><\/span><\/a><\/li>\n<\/ul>\n<p>&nbsp;<\/p>\n<p>T\u00e9l\u00e9charger la plaquette :<\/p>\n<ul>\n<li><a href=\"https:\/\/www.chasseurducentrevaldeloire.fr\/fdc28\/wp-content\/uploads\/sites\/6\/2022\/06\/PACbiodiv-FDC28-BD_01annexe1.pdf\" target=\"_blank\" rel=\"noopener\"><strong><span style=\"color: #70b400\">Annexe<\/span><\/strong><\/a><\/li>\n<li><a href=\"https:\/\/www.chasseurducentrevaldeloire.fr\/fdc28\/wp-content\/uploads\/sites\/6\/2022\/06\/PACbiodiv-FDC28-BD_02jachereMELL.pdf\" target=\"_blank\" rel=\"noopener\"><strong><span style=\"color: #70b400\">Jach\u00e8re mellif\u00e8re<\/span><\/strong><\/a><\/li>\n<li><a href=\"https:\/\/www.chasseurducentrevaldeloire.fr\/fdc28\/wp-content\/uploads\/sites\/6\/2022\/06\/PACbiodiv-FDC28-BD_03jachereMELL-BdC.pdf\" target=\"_blank\" rel=\"noopener\"><span style=\"color: #70b400\"><strong>Jach\u00e8re mellif\u00e8re en bords de chemin et\/ou en rupture d\u2019assolement<\/strong><\/span><\/a><\/li>\n<li><a href=\"https:\/\/www.chasseurducentrevaldeloire.fr\/fdc28\/wp-content\/uploads\/sites\/6\/2022\/06\/PACbiodiv-FDC28-BD_04JFS.pdf\" target=\"_blank\" rel=\"noopener\"><strong><span style=\"color: #70b400\">Jach\u00e8re faune sauvage classique<\/span><\/strong><\/a><\/li>\n<li><a href=\"https:\/\/www.chasseurducentrevaldeloire.fr\/fdc28\/wp-content\/uploads\/sites\/6\/2022\/06\/PACbiodiv-FDC28-BD_05JEFSA.pdf\" target=\"_blank\" rel=\"noopener\"><span style=\"color: #70b400\"><strong>Jach\u00e8re faune sauvage adapt\u00e9e<\/strong><\/span><\/a><\/li>\n<li><a href=\"https:\/\/www.chasseurducentrevaldeloire.fr\/fdc28\/wp-content\/uploads\/sites\/6\/2022\/06\/PACbiodiv-FDC28-BD_06cultureFS.pdf\" target=\"_blank\" rel=\"noopener\"><strong><span style=\"color: #70b400\">Cultures pour la faune sauvage<\/span><\/strong><\/a><\/li>\n<li><a href=\"https:\/\/www.chasseurducentrevaldeloire.fr\/fdc28\/wp-content\/uploads\/sites\/6\/2022\/06\/PACbiodiv-FDC28-BD_07HAIES.pdf\" target=\"_blank\" rel=\"noopener\"><strong><span style=\"color: #70b400\">Plantation de haies<\/span><\/strong><\/a><\/li>\n<li><a href=\"https:\/\/www.chasseurducentrevaldeloire.fr\/fdc28\/wp-content\/uploads\/sites\/6\/2022\/06\/PACbiodiv-FDC28-BD_08piegeNITRATE.pdf\" target=\"_blank\" rel=\"noopener\"><span style=\"color: #70b400\"><strong><span dir=\"ltr\" role=\"presentation\">Cultures interm\u00e9diaires <\/span><\/strong><\/span><\/a><span dir=\"ltr\" role=\"presentation\"><span style=\"color: #70b400\"><strong>pi\u00e8ge \u00e0 nitrate favorable \u00e0 la faune sauvage<\/strong><\/span><br \/>\n<\/span><\/li>\n<li><a href=\"https:\/\/www.chasseurducentrevaldeloire.fr\/fdc28\/wp-content\/uploads\/sites\/6\/2022\/06\/PACbiodiv-FDC28-BD_09bouchonCULTURE.pdf\" target=\"_blank\" rel=\"noopener\"><strong><span style=\"color: #70b400\">Bouchons de culture<\/span><\/strong><\/a><\/li>\n<\/ul>\n<p>[\/vc_column_text][vc_empty_space][\/vc_column][\/vc_row][vc_row][vc_column][\/vc_column][\/vc_row]<\/p>\n","protected":false},"excerpt":{"rendered":"<p>[vc_row][\/vc_row][vc_row][vc_column][vc_single_image image=\u00a0\u00bb3674&Prime; img_size=\u00a0\u00bbmedium\u00a0\u00bb alignment=\u00a0\u00bbcenter\u00a0\u00bb][vc_empty_space][vc_column_text]Le programme DYN\u2019AGROBIO, qu\u2019est-ce que c\u2019est ? &nbsp; Dans le contexte de simplification des espaces agricoles, le projet r\u00e9gional Dyn\u2019Agrobio permet de renforcer, multiplier et d\u00e9ployer les actions engag\u00e9es par les F\u00e9d\u00e9rations des chasseurs en faveur de la restauration et de la&#8230;<\/p>\n","protected":false},"author":6,"featured_media":0,"parent":0,"menu_order":0,"comment_status":"closed","ping_status":"closed","template":"","meta":{"_acf_changed":false,"inline_featured_image":false,"_exactmetrics_skip_tracking":false,"_exactmetrics_sitenote_active":false,"_exactmetrics_sitenote_note":"","_exactmetrics_sitenote_category":0,"footnotes":""},"class_list":["post-3673","page","type-page","status-publish","hentry"],"acf":[],"publishpress_future_action":{"enabled":false,"date":"2026-04-18 13:58:35","action":"change-status","newStatus":"draft","terms":[],"taxonomy":"","extraData":[]},"publishpress_future_workflow_manual_trigger":{"enabledWorkflows":[]},"_links":{"self":[{"href":"https:\/\/www.save.chasseurducentrevaldeloire.fr\/fdc28\/wp-json\/wp\/v2\/pages\/3673","targetHints":{"allow":["GET"]}}],"collection":[{"href":"https:\/\/www.save.chasseurducentrevaldeloire.fr\/fdc28\/wp-json\/wp\/v2\/pages"}],"about":[{"href":"https:\/\/www.save.chasseurducentrevaldeloire.fr\/fdc28\/wp-json\/wp\/v2\/types\/page"}],"author":[{"embeddable":true,"href":"https:\/\/www.save.chasseurducentrevaldeloire.fr\/fdc28\/wp-json\/wp\/v2\/users\/6"}],"replies":[{"embeddable":true,"href":"https:\/\/www.save.chasseurducentrevaldeloire.fr\/fdc28\/wp-json\/wp\/v2\/comments?post=3673"}],"version-history":[{"count":18,"href":"https:\/\/www.save.chasseurducentrevaldeloire.fr\/fdc28\/wp-json\/wp\/v2\/pages\/3673\/revisions"}],"predecessor-version":[{"id":6242,"href":"https:\/\/www.save.chasseurducentrevaldeloire.fr\/fdc28\/wp-json\/wp\/v2\/pages\/3673\/revisions\/6242"}],"wp:attachment":[{"href":"https:\/\/www.save.chasseurducentrevaldeloire.fr\/fdc28\/wp-json\/wp\/v2\/media?parent=3673"}],"curies":[{"name":"wp","href":"https:\/\/api.w.org\/{rel}","templated":true}]}}