{"id":3667,"date":"2018-06-21T15:53:46","date_gmt":"2018-06-21T13:53:46","guid":{"rendered":"http:\/\/www.chasseurducentrevaldeloire.fr\/fdc28\/?page_id=3667"},"modified":"2025-08-21T11:15:48","modified_gmt":"2025-08-21T09:15:48","slug":"migrateur","status":"publish","type":"page","link":"https:\/\/www.save.chasseurducentrevaldeloire.fr\/fdc28\/migrateur\/","title":{"rendered":"Oiseaux d\u2019eau, oiseaux de passage"},"content":{"rendered":"<p>[vc_row][\/vc_row][vc_row][vc_column][\/vc_column][\/vc_row][vc_row][vc_column]<div class=\"qodef-accordion-holder clearfix qodef-toggle qodef-boxed \">\n\t<h4 class=\"clearfix qodef-title-holder\" >\n\t<span class=\"qodef-accordion-mark qodef-left-mark\">\n\t\t<span class=\"qodef-accordion-mark-icon\">\n\t\t\t<span class=\"icon_plus\"><\/span>\n\t\t\t<span class=\"icon_minus-06\"><\/span>\n\t\t<\/span>\n\t<\/span>\n\t<span class=\"qodef-tab-title\">\n\t\t<span class=\"qodef-tab-title-inner\">\n\t\t\tB\u00e9casse des bois\t\t<\/span>\n\t<\/span>\n<\/h4>\n<div class=\"qodef-accordion-content\">\n\t<div class=\"qodef-accordion-content-inner\">\n\t\t[vc_single_image image=\u00a0\u00bb3886&Prime; img_size=\u00a0\u00bbmedium\u00a0\u00bb alignment=\u00a0\u00bbcenter\u00a0\u00bb][vc_empty_space][vc_column_text]<\/p>\n<div class=\"wpb_text_column wpb_content_element \">\n<div class=\"wpb_wrapper\">\n<p>En 2011 a \u00e9t\u00e9 instaur\u00e9 un Pr\u00e9l\u00e8vement Maximum Autoris\u00e9 (PMA)sur la B\u00e9casse des bois. Son objectif permettre de mesurer et ma\u00eetriser les pr\u00e9l\u00e8vements de b\u00e9casses des bois tout en am\u00e9liorant les connaissances sur l\u2019esp\u00e8ce.<\/p>\n<p>Ce PMA est fix\u00e9, en Eure-et-Loir \u00e0 deux oiseaux par jour de chasse et par chasseur et dans la limite de 3 oiseaux par semaine et 30 sur l\u2019ann\u00e9e cyn\u00e9g\u00e9tique et sur l\u2019ensemble du territoire m\u00e9tropolitain.<\/p>\n<p>Tout chasseur d\u00e9sireux de chasser la B\u00e9casse des bois doit d\u00e9tenir un carnet de pr\u00e9l\u00e8vement unique ou un compte Chassadapt (le chasseur doit choisir l\u2019un ou l\u2019autre des dispositifs).<\/p>\n<p>Le carnet de pr\u00e9l\u00e8vement doit \u00eatre retourn\u00e9, \u00e0 la f\u00e9d\u00e9ration, d\u00e8s la fin de la saison de chasse de la B\u00e9casse des bois (20 f\u00e9vrier) et avant le 30 juin de l\u2019ann\u00e9e m\u00eame si aucun pr\u00e9l\u00e8vement a \u00e9t\u00e9 r\u00e9alis\u00e9. Le retour du carnet \u00e0 la f\u00e9d\u00e9ration conditionne l\u2019octroi d\u2019un nouveau carnet pour la saison suivante.<\/p>\n<p>Le mod\u00e8le de carnet de pr\u00e9l\u00e8vement choisi par la f\u00e9d\u00e9ration des chasseurs d\u2019Eure-et-Loir permet de sp\u00e9cifier le num\u00e9ro du d\u00e9partement de pr\u00e9l\u00e8vement des b\u00e9casses. Cette option est importante pour une bonne connaissance des pr\u00e9l\u00e8vements par d\u00e9partement aussi la f\u00e9d\u00e9ration rappelle \u00e9galement l\u2019importance de renseigner ce num\u00e9ro m\u00eame si cette information est optionnelle.<\/p>\n<p>La p\u00e9rennit\u00e9 de la chasse \u00e0 la B\u00e9casse des bois d\u00e9pend de la capacit\u00e9 des chasseurs \u00e0 maintenir une gestion adaptative de l\u2019esp\u00e8ce. Le retour d\u2019informations sur les pr\u00e9l\u00e8vements est \u00e0 la base de cette gestion et n\u00e9cessite d\u2019\u00eatre rigoureux et irr\u00e9prochable.<\/p>\n<\/div>\n<\/div>\n<p>[\/vc_column_text]\t<\/div>\n<\/div>\n<h4 class=\"clearfix qodef-title-holder\" >\n\t<span class=\"qodef-accordion-mark qodef-left-mark\">\n\t\t<span class=\"qodef-accordion-mark-icon\">\n\t\t\t<span class=\"icon_plus\"><\/span>\n\t\t\t<span class=\"icon_minus-06\"><\/span>\n\t\t<\/span>\n\t<\/span>\n\t<span class=\"qodef-tab-title\">\n\t\t<span class=\"qodef-tab-title-inner\">\n\t\t\tPigeon ramier\t\t<\/span>\n\t<\/span>\n<\/h4>\n<div class=\"qodef-accordion-content\">\n\t<div class=\"qodef-accordion-content-inner\">\n\t\t[vc_single_image image=\u00a0\u00bb3938&Prime; img_size=\u00a0\u00bbmedium\u00a0\u00bb alignment=\u00a0\u00bbcenter\u00a0\u00bb][vc_empty_space][vc_column_text]<\/p>\n<p align=\"JUSTIFY\">Depuis 2008, les F\u00e9d\u00e9rations de Chasseurs de la r\u00e9gion Centre ont rejoint le r\u00e9seau d\u2019observateurs du GIFS France, pour \u00e9toffer les connaissances d\u2019occupation du territoire par le pigeon ramier, premi\u00e8re esp\u00e8ce chass\u00e9e de la r\u00e9gion. Le suivi mis en place est notamment destin\u00e9 \u00e0 mieux comprendre les mouvements li\u00e9s \u00e0 la disponibilit\u00e9 de la nourriture sur la zone d\u2019\u00e9tude. Des survols par avions des zones de concentration des oiseaux, sur des circuits pr\u00e9d\u00e9finis, sont ainsi organis\u00e9s dans les 6 d\u00e9partements de la r\u00e9gion en d\u00e9cembre et janvier afin de comptabiliser les oiseaux pr\u00e9sents et de cartographier leur r\u00e9partition sur la r\u00e9gion Centre \u00e0 l\u2019\u00e9chelle des cantons.<\/p>\n<p align=\"JUSTIFY\">Pour compl\u00e9ter les connaissances en termes d\u2019hivernage des pigeons ramier en France, un suivi par balises Argos a \u00e9t\u00e9 mis en \u0153uvre d\u00e8s 2001 par le GIFS France, sous l\u2019impulsion des FDC d\u2019Aquitaine, de Midi-Pyr\u00e9n\u00e9es et de la F\u00e9d\u00e9ration des Chasseurs d\u2019Euskadi afin de d\u00e9terminer les d\u00e9placements des oiseaux entre leurs lieux d\u2019hivernage et ceux de reproduction.<\/p>\n<p align=\"JUSTIFY\">Au vu des premiers r\u00e9sultats, les oiseaux initialement \u00e9quip\u00e9s de balises Argos dans le Sud Ouest de la France, en Espagne et au Portugal ne transitent pas par la r\u00e9gion Centre. C\u2019est pourquoi les FDC de la r\u00e9gion ont souhait\u00e9 conna\u00eetre l\u2019origine et les d\u00e9placements des palombes observ\u00e9es sur notre territoire en hiver. Il a donc \u00e9t\u00e9 d\u00e9cid\u00e9 d\u2019\u00e9quiper, d\u00e8s janvier 2014, 4 oiseaux avec des balises Argos de 12g \u00e0 \u00e9nergie solaire dont l\u2019esp\u00e9rance de vie est de plusieurs ann\u00e9es (environ 3 ans). Le choix de la zone de capture des oiseaux s\u2019est port\u00e9 sur la Sologne car elle repr\u00e9sente la plus importante zone d\u2019hivernage identifi\u00e9 gr\u00e2ce aux suivis par avion. D\u2019autres oiseaux devraient \u00eatre ensuite \u00e9quip\u00e9s dans les ann\u00e9es \u00e0 venir sur des territoires de la r\u00e9gion Centre.<\/p>\n<p>&nbsp;<\/p>\n<p><b>LANCEMENT DU NOUVEAU SITE INTERNET DU GIFS FRANCE<\/b><\/p>\n<p>&nbsp;<\/p>\n<p align=\"JUSTIFY\">Le GIFS France lance la nouvelle version de son site Internet \u00ab\u00a0gifs-france.com\u00a0\u00bb, portail d\u00e9di\u00e9 \u00e0 l\u2019actualit\u00e9 et aux connaissances sur le pigeon ramier (palombe), ainsi qu\u2019\u00e0 la diffusion des derni\u00e8res informations sur le suivi Argos des oiseaux \u00e9quip\u00e9s de balises.<\/p>\n<p align=\"JUSTIFY\">Cr\u00e9\u00e9 en 2004, ce portail a fait l\u2019objet d\u2019une refonte permettant d\u2019int\u00e9grer une plateforme interactive sur le suivi des oiseaux \u00e9quip\u00e9s de cette micro-technologie de pointe Argos. Il permet aujourd\u2019hui d\u2019offrir \u00e0 ses utilisateurs une information mieux structur\u00e9e, plus lisible et plus simple d\u2019acc\u00e8s. Son ergonomie a \u00e9t\u00e9 profond\u00e9ment repens\u00e9e pour donner libre cours \u00e0 une navigation plus intuitive propos\u00e9e par cat\u00e9gories, autour de l\u2019actualit\u00e9 des dossiers suivis, de r\u00e9f\u00e9rences bibliographiques et du partenariat d\u00e9velopp\u00e9.<\/p>\n<p align=\"JUSTIFY\">Le GIFS France a veill\u00e9 \u00e0 ce que le site propose les r\u00e9sultats des \u00e9tudes d\u00e9velopp\u00e9es et favorise ainsi le partage de l\u2019information.<\/p>\n<p align=\"JUSTIFY\">Le site donne notamment acc\u00e8s \u00e0\u00a0:<\/p>\n<ul>\n<li>\n<p align=\"JUSTIFY\">la pr\u00e9sentation du GIFS France\u00a0: les missions, les statuts, les f\u00e9d\u00e9rations adh\u00e9rentes, le personnel, \u2026<\/p>\n<\/li>\n<li>\n<p align=\"JUSTIFY\">les actualit\u00e9s, informations pratiques, contacts, \u2026<\/p>\n<\/li>\n<li>\n<p align=\"JUSTIFY\">la pr\u00e9sentation de l\u2019esp\u00e8ce \u00ab\u00a0Pigeon ramier\u00a0\u00bb\u00a0: description, biologie, habitat, \u00e9tat et tendances des populations,<\/p>\n<\/li>\n<li>\n<p align=\"JUSTIFY\">le programme d\u2019\u00e9tudes\u00a0: migration en plaine, migration aux cols, hivernage, baguage en hivernage, baguage au nid,\u2026<\/p>\n<\/li>\n<li>\n<p align=\"JUSTIFY\">le suivi Argos\u00a0: pr\u00e9sentation du suivi, liste par oiseau et carte interactive, lettre \u00ab\u00a0Info-Argos\u00a0\u00bb, \u2026<\/p>\n<\/li>\n<li>\n<p align=\"JUSTIFY\">la migration des Pyr\u00e9n\u00e9es\u00a0: suivi journalier du 15 octobre au 11 novembre par poste d\u2019observation,<\/p>\n<\/li>\n<li>\n<p align=\"JUSTIFY\">les publications scientifiques,<\/p>\n<\/li>\n<li>\n<p align=\"JUSTIFY\">la revue de presse,<\/p>\n<\/li>\n<li>\n<p align=\"JUSTIFY\">les contacts.<\/p>\n<\/li>\n<\/ul>\n<p align=\"JUSTIFY\"><u>Nous vous donnons rendez-vous prochainement sur notre site du GIFS France\u00a0: <\/u><\/p>\n<p align=\"JUSTIFY\"><span style=\"color: #70b400\"><strong><a style=\"color: #70b400\" href=\"http:\/\/www.gifs-france.com\/\" target=\"_blank\" rel=\"noopener\">http:\/\/www.gifs-france.com<\/a><\/strong><\/span><\/p>\n<p>[\/vc_column_text]\t<\/div>\n<\/div>\n<h4 class=\"clearfix qodef-title-holder\" >\n\t<span class=\"qodef-accordion-mark qodef-left-mark\">\n\t\t<span class=\"qodef-accordion-mark-icon\">\n\t\t\t<span class=\"icon_plus\"><\/span>\n\t\t\t<span class=\"icon_minus-06\"><\/span>\n\t\t<\/span>\n\t<\/span>\n\t<span class=\"qodef-tab-title\">\n\t\t<span class=\"qodef-tab-title-inner\">\n\t\t\tOiseaux d\u2019eau\t\t<\/span>\n\t<\/span>\n<\/h4>\n<div class=\"qodef-accordion-content\">\n\t<div class=\"qodef-accordion-content-inner\">\n\t\t[vc_empty_space][vc_column_text]<\/p>\n<p align=\"JUSTIFY\">T\u00e9l\u00e9charger la <a href=\"https:\/\/www.chasseurducentrevaldeloire.fr\/fdc28\/wp-content\/uploads\/sites\/6\/2025\/08\/C25-100-Circulaire-PMA-sauvagine_PJ-version-Imprimeur-A-cocher-HD-V4.pdf\" target=\"_blank\" rel=\"noopener\"><span style=\"color: #70b400\"><strong>circulaire PMA sauvagine<\/strong><\/span><\/a><\/p>\n<p>[\/vc_column_text]\t<\/div>\n<\/div>\n<h4 class=\"clearfix qodef-title-holder\" >\n\t<span class=\"qodef-accordion-mark qodef-left-mark\">\n\t\t<span class=\"qodef-accordion-mark-icon\">\n\t\t\t<span class=\"icon_plus\"><\/span>\n\t\t\t<span class=\"icon_minus-06\"><\/span>\n\t\t<\/span>\n\t<\/span>\n\t<span class=\"qodef-tab-title\">\n\t\t<span class=\"qodef-tab-title-inner\">\n\t\t\tCaille\t\t<\/span>\n\t<\/span>\n<\/h4>\n<div class=\"qodef-accordion-content\">\n\t<div class=\"qodef-accordion-content-inner\">\n\t\t[vc_empty_space][vc_column_text]<\/p>\n<p align=\"JUSTIFY\">T\u00e9l\u00e9charger la <a href=\"https:\/\/www.chasseurducentrevaldeloire.fr\/fdc28\/wp-content\/uploads\/sites\/6\/2025\/08\/C25-101_Circulaire-PMA-Caille_PJ-version-imprimeur-a-cocher-HD.pdf\" target=\"_blank\" rel=\"noopener\"><span style=\"color: #70b400\"><strong>circulaire PMA caille<\/strong><\/span><\/a><\/p>\n<p>[\/vc_column_text]\t<\/div>\n<\/div>\n<\/div>[\/vc_column][\/vc_row]<\/p>\n","protected":false},"excerpt":{"rendered":"<p>[vc_row][\/vc_row][vc_row][vc_column][\/vc_column][\/vc_row][vc_row][vc_column][\/vc_column][\/vc_row]<\/p>\n","protected":false},"author":6,"featured_media":0,"parent":0,"menu_order":0,"comment_status":"closed","ping_status":"closed","template":"","meta":{"_acf_changed":false,"inline_featured_image":false,"_exactmetrics_skip_tracking":false,"_exactmetrics_sitenote_active":false,"_exactmetrics_sitenote_note":"","_exactmetrics_sitenote_category":0,"footnotes":""},"class_list":["post-3667","page","type-page","status-publish","hentry"],"acf":[],"publishpress_future_action":{"enabled":false,"date":"2026-04-18 12:24:37","action":"change-status","newStatus":"draft","terms":[],"taxonomy":"","extraData":[]},"publishpress_future_workflow_manual_trigger":{"enabledWorkflows":[]},"_links":{"self":[{"href":"https:\/\/www.save.chasseurducentrevaldeloire.fr\/fdc28\/wp-json\/wp\/v2\/pages\/3667","targetHints":{"allow":["GET"]}}],"collection":[{"href":"https:\/\/www.save.chasseurducentrevaldeloire.fr\/fdc28\/wp-json\/wp\/v2\/pages"}],"about":[{"href":"https:\/\/www.save.chasseurducentrevaldeloire.fr\/fdc28\/wp-json\/wp\/v2\/types\/page"}],"author":[{"embeddable":true,"href":"https:\/\/www.save.chasseurducentrevaldeloire.fr\/fdc28\/wp-json\/wp\/v2\/users\/6"}],"replies":[{"embeddable":true,"href":"https:\/\/www.save.chasseurducentrevaldeloire.fr\/fdc28\/wp-json\/wp\/v2\/comments?post=3667"}],"version-history":[{"count":13,"href":"https:\/\/www.save.chasseurducentrevaldeloire.fr\/fdc28\/wp-json\/wp\/v2\/pages\/3667\/revisions"}],"predecessor-version":[{"id":6447,"href":"https:\/\/www.save.chasseurducentrevaldeloire.fr\/fdc28\/wp-json\/wp\/v2\/pages\/3667\/revisions\/6447"}],"wp:attachment":[{"href":"https:\/\/www.save.chasseurducentrevaldeloire.fr\/fdc28\/wp-json\/wp\/v2\/media?parent=3667"}],"curies":[{"name":"wp","href":"https:\/\/api.w.org\/{rel}","templated":true}]}}