{"id":3631,"date":"2018-06-21T15:47:48","date_gmt":"2018-06-21T13:47:48","guid":{"rendered":"http:\/\/www.chasseurducentrevaldeloire.fr\/fdc28\/?page_id=3631"},"modified":"2025-10-14T14:07:02","modified_gmt":"2025-10-14T12:07:02","slug":"grand-gibier-2","status":"publish","type":"page","link":"https:\/\/www.save.chasseurducentrevaldeloire.fr\/fdc28\/grand-gibier-2\/","title":{"rendered":"Grand gibier"},"content":{"rendered":"<p>[vc_row][vc_column][\/vc_column][\/vc_row][vc_row][vc_column]<div class=\"qodef-accordion-holder clearfix qodef-toggle qodef-boxed \">\n\t<h4 class=\"clearfix qodef-title-holder\" >\n\t<span class=\"qodef-accordion-mark qodef-left-mark\">\n\t\t<span class=\"qodef-accordion-mark-icon\">\n\t\t\t<span class=\"icon_plus\"><\/span>\n\t\t\t<span class=\"icon_minus-06\"><\/span>\n\t\t<\/span>\n\t<\/span>\n\t<span class=\"qodef-tab-title\">\n\t\t<span class=\"qodef-tab-title-inner\">\n\t\t\tPlan de chasse \u2013 gestion administrative\t\t<\/span>\n\t<\/span>\n<\/h4>\n<div class=\"qodef-accordion-content\">\n\t<div class=\"qodef-accordion-content-inner\">\n\t\t[vc_empty_space][vc_single_image image=\u00a0\u00bb3866&Prime; img_size=\u00a0\u00bbmedium\u00a0\u00bb alignment=\u00a0\u00bbcenter\u00a0\u00bb][vc_empty_space][vc_column_text]Le plan de chasse est pr\u00e9vu par les articles L425-6 \u00e0 L425-13 et R425-1-1 \u00e0 R425-13 du Code de l\u2019Environnement, par le d\u00e9cret de transfert des missions de gestion des plans de chasse du 23 d\u00e9cembre 2019 et par l\u2019a<strong>rr\u00eat\u00e9 du 11 f\u00e9vrier\u00a02020 relatif \u00e0 la mise en \u0153uvre du plan de chasse et au marquage du gibier<\/strong>.<\/p>\n<p>&nbsp;<\/p>\n<p>Le plan de chasse d\u00e9termine le nombre minimum et maximum d\u2019animaux \u00e0 pr\u00e9lever sur les territoires de chasse. En Eure-et-Loir, le plan de chasse est annuel.<\/p>\n<p>&nbsp;<\/p>\n<p>Tout formulaire de demande de plan de chasse grand gibier doit parvenir \u00e0 la F\u00e9d\u00e9ration des Chasseurs d\u2019Eure-et-Loir <strong><u>au plus tard le 3 mars<\/u><\/strong>\u00a0(par internet ou cachet de la poste faisant foi).<\/p>\n<p>Attention si vous effectuez <strong><u>une premi\u00e8re demande la date limite est fix\u00e9e au 15 f\u00e9vrier<\/u><\/strong>.<\/p>\n<p>&nbsp;<\/p>\n<p>T\u00e9l\u00e9charger la <span style=\"color: #70b400\"><strong><a style=\"color: #70b400\" href=\"https:\/\/www.chasseurducentrevaldeloire.fr\/fdc28\/wp-content\/uploads\/sites\/6\/2022\/06\/Demande_GU-Nouveau-territoire2020.pdf\" target=\"_blank\" rel=\"noopener\">demande unique de plan de chasse<\/a><\/strong><\/span><\/p>\n<p>T\u00e9l\u00e9charger la <a class=\"dl_link\" href=\"https:\/\/www.chasseurducentrevaldeloire.fr\/fdc28\/wp-content\/uploads\/sites\/6\/2025\/01\/Demande-Mutualisation-plan-de-chasse-Territoires-2024-2025.pdf\" target=\"_blank\" rel=\"nofollow noopener\"><span style=\"color: #70b400\"><strong>demande de mutualisation des territoires<\/strong><\/span><\/a>[\/vc_column_text]\t<\/div>\n<\/div>\n<\/div>[\/vc_column][\/vc_row][vc_row][vc_column][vc_empty_space]<div class=\"qodef-accordion-holder clearfix qodef-toggle qodef-boxed \">\n\t<h4 class=\"clearfix qodef-title-holder\" >\n\t<span class=\"qodef-accordion-mark qodef-left-mark\">\n\t\t<span class=\"qodef-accordion-mark-icon\">\n\t\t\t<span class=\"icon_plus\"><\/span>\n\t\t\t<span class=\"icon_minus-06\"><\/span>\n\t\t<\/span>\n\t<\/span>\n\t<span class=\"qodef-tab-title\">\n\t\t<span class=\"qodef-tab-title-inner\">\n\t\t\tConditions de chasse du grand gibier soumis \u00e0 plan de chasse (Cerf, Chevreuil, Daim)\t\t<\/span>\n\t<\/span>\n<\/h4>\n<div class=\"qodef-accordion-content\">\n\t<div class=\"qodef-accordion-content-inner\">\n\t\t[vc_empty_space][vc_single_image image=\u00a0\u00bb3862&Prime; img_size=\u00a0\u00bbmedium\u00a0\u00bb alignment=\u00a0\u00bbcenter\u00a0\u00bb][vc_empty_space][vc_column_text]<\/p>\n<ul>\n<li><strong><u>Chasse \u00e0 l\u2019approche\u00a0:<\/u><\/strong><\/li>\n<\/ul>\n<p>Avant la date d\u2019ouverture g\u00e9n\u00e9rale de la chasse, seuls les sp\u00e9cimens m\u00e2les des esp\u00e8ces cerf \u00e9laphe, chevreuil et daim peuvent \u00eatre chass\u00e9s, uniquement \u00e0 l\u2019approche ou \u00e0 l\u2019aff\u00fbt, par les d\u00e9tenteurs d\u2019une autorisation pr\u00e9fectorale.<\/p>\n<p><strong>\u00a0<\/strong><\/p>\n<ul>\n<li><strong><u>Disposition g\u00e9n\u00e9rales <\/u><\/strong><\/li>\n<\/ul>\n<p>Dans un d\u00e9lai de 72 heures suivant le pr\u00e9l\u00e8vement de tout cervid\u00e9s (cerf \u00e9laphe, chevreuil, daim) pr\u00e9lev\u00e9 doit faire l\u2019objet de l\u2019envoi d\u2019une carte de pr\u00e9l\u00e8vement \u00e0 la f\u00e9d\u00e9ration des chasseurs d\u2019Eure-et-Loir ou d\u2019une d\u00e9claration en ligne sur le site de cette derni\u00e8re (espace adh\u00e9rent des territoires). Cette carte de pr\u00e9l\u00e8vement est remise \u00e0 tout d\u00e9tenteur d\u2019un plan de chasse cervid\u00e9 par la f\u00e9d\u00e9ration des chasseurs d\u2019Eure-et-Loir.<\/p>\n<p>&nbsp;<\/p>\n<ul>\n<li><strong><u>Dispositifs de marquage<\/u><\/strong><\/li>\n<\/ul>\n<p>En application du plan de chasse au grand gibier, les dispositifs de marquage suivant sont mis en place en Eure-et-Loir\u00a0:<\/p>\n<p>&nbsp;<\/p>\n<table>\n<tbody>\n<tr>\n<td width=\"66\">C2<\/td>\n<td width=\"538\">Tous types de cerfs m\u00e2les de plus d\u2019un an, cerfs mulets et cerfs en refait ou repousse<\/td>\n<\/tr>\n<tr>\n<td width=\"66\">C1<\/td>\n<td width=\"538\">Cerfs m\u00e2les de plus d\u2019un an jusqu\u2019\u00e0 ceux portant 10 andouillers ou cors de 5 cm de longueur* minimum ou tout cerf portant plus de 10 andouillers ou cors de 5 cm de longueur minimum mais dont la longueur du bois mesur\u00e9e, la ligne droite, \u00e0 partir du sommet du cr\u00e2ne jusqu\u2019\u00e0 la pointe sommitale la plus \u00e9loign\u00e9e mesure moins de 60cm.<\/p>\n<p>Pour tout animal tu\u00e9 ne portant qu\u2019un seul bois, la r\u00e8gle de la sym\u00e9trie s\u2019applique.<\/p>\n<p>(* un andouiller est mesur\u00e9 en suivant la courbe inf\u00e9rieure, depuis la bissectrice partageant l\u2019angle form\u00e9 par l\u2019andouiller avec le merrain, jusqu\u2019\u00e0 la pointe de l\u2019andouiller)<\/td>\n<\/tr>\n<tr>\n<td width=\"66\">Biche<\/td>\n<td width=\"538\">Femelle de plus d\u2019un an<\/td>\n<\/tr>\n<tr>\n<td width=\"66\">Faon<\/td>\n<td width=\"538\">Cerf (m\u00e2le ou femelle) de moins d\u2019un an<\/td>\n<\/tr>\n<tr>\n<td width=\"66\">CHI<\/td>\n<td width=\"538\">Chevreuil indiff\u00e9renci\u00e9<\/td>\n<\/tr>\n<tr>\n<td width=\"66\">CHJ<\/td>\n<td width=\"538\">Chevreuil de moins de 1 an (chevrillard)<\/td>\n<\/tr>\n<\/tbody>\n<\/table>\n<p>&nbsp;<\/p>\n<p>Apr\u00e8s le 1<sup>er<\/sup> f\u00e9vrier, la f\u00e9d\u00e9ration des chasseurs d\u2019Eure-et-Loir pourra d\u00e9cider d\u2019autoriser l\u2019apposition du bracelet de faon sur biche et du bracelet biche sur un faon en fonction de l\u2019\u00e9tat d\u2019avancement des pr\u00e9l\u00e8vements r\u00e9alis\u00e9s.<\/p>\n<p>&nbsp;<\/p>\n<p><strong><u>Dispositif de marquage dit \u00ab\u00a0de secours\u00a0\u00bb<\/u><\/strong><\/p>\n<p>&nbsp;<\/p>\n<p>Un dispositif de marquage dit \u00ab de secours \u00bb est attribu\u00e9 \u00e0 tout demandeur de plan de chasse qui en fait la demande aupr\u00e8s de la F\u00e9d\u00e9ration des chasseurs d\u2019Eure-et-Loir lors de sa demande de plan de chasse. Ce dispositif ne peut \u00eatre utilis\u00e9 qu\u2019\u00e0 titre exceptionnel en cas d\u2019erreur de tir non intentionnelle ou de d\u00e9passement involontaire du plan de chasse.<\/p>\n<p>L\u2019utilisation de ce dispositif doit \u00eatre d\u00e9clar\u00e9e \u00e0 la F\u00e9d\u00e9ration des chasseurs d\u2019Eure-et-Loir dans les 72h00 suivant le pr\u00e9l\u00e8vement, cette d\u00e9claration doit \u00eatre accompagn\u00e9e d\u2019une photographie de l\u2019animal et du dispositif de marquage utilis\u00e9.<\/p>\n<p>Il ne peut \u00eatre d\u00e9livr\u00e9 et utilis\u00e9 qu\u2019un seul dispositif par esp\u00e8ce (chevreuil et cerf \u00e9laphe) et par territoire. Un attributaire poss\u00e9dant plusieurs territoires pourra demander un seul bracelet pour chaque esp\u00e8ce et l\u2019utiliser indiff\u00e9remment sur l\u2019un de ses territoires. Toutefois, il restera possible de prendre un bracelet de secours pour chaque territoire. Dans ce cas, le bracelet de secours ne pourra \u00eatre utilis\u00e9 que sur le territoire pour lequel il a \u00e9t\u00e9 demand\u00e9.<\/p>\n<p>L\u2019utilisation de ce dispositif de marquage entra\u00eene, pour l\u2019ann\u00e9e suivante, une r\u00e9duction de l\u2019attribution du plan de chasse de l\u2019esp\u00e8ce correspondant \u00e0 l\u2019animal pr\u00e9lev\u00e9 par erreur.<\/p>\n<p>Les conditions d\u2019utilisation du dispositif de marquage de secours sont les suivantes :<\/p>\n<ul>\n<li>Le dispositif de marquage de secours Chevreuil peut \u00eatre utilis\u00e9 sur un animal de l\u2019esp\u00e8ce chevreuil m\u00e2le ou femelle d\u2019\u00e2ge indiff\u00e9renci\u00e9,<\/li>\n<li>Le dispositif de marquage de secours Cerf peut \u00eatre utilis\u00e9 sur un animal de l\u2019esp\u00e8ce cerf quel que soit son sexe et son \u00e2ge, y compris les cerfs mulets ou en repousse. Toutefois, il ne pourra pas \u00eatre appos\u00e9 sur un cerf m\u00e2le cat\u00e9goris\u00e9 C2 portant plus de 12 cors.<\/li>\n<li>La non utilisation de ce dispositif de marquage entra\u00eene sa reconduction pour l\u2019ann\u00e9e suivante ou son remboursement selon les modalit\u00e9s fix\u00e9es par la F\u00e9d\u00e9ration des chasseurs d\u2019Eure-et-Loir.<\/li>\n<\/ul>\n<p>&nbsp;<\/p>\n<ul>\n<li><strong><u>Contr\u00f4le de la r\u00e9alisation du plan de chasse de l\u2019esp\u00e8ce cerf \u00e9laphe<\/u><\/strong><\/li>\n<\/ul>\n<p>Les m\u00e2choires inf\u00e9rieures des animaux pr\u00e9lev\u00e9s pendant l\u2019ann\u00e9e cyn\u00e9g\u00e9tique sur lesquels un bracelet \u00ab biche \u00bb a \u00e9t\u00e9 appos\u00e9 doivent \u00eatre remises aux agents de la F\u00e9d\u00e9ration des chasseurs d\u2019Eure-et-Loir, ou leurs repr\u00e9sentants, dans un d\u00e9lai de 30 jours apr\u00e8s le pr\u00e9l\u00e8vement du sp\u00e9cimen. Cette remise est r\u00e9alis\u00e9e au lieu de rendez-vous fix\u00e9 par la F\u00e9d\u00e9ration des chasseurs d\u2019Eure-et-Loir au sein des massifs cyn\u00e9g\u00e9tiques \u00ab cerf \u00bb entre le 1er octobre et le 10 mars, au plus tard. Les m\u00e2choires inf\u00e9rieures doivent \u00eatre compl\u00e8tes, sans peau et avec le talon du bracelet utilis\u00e9 fix\u00e9 \u00e0 la m\u00e2choire.<\/p>\n<p>Les troph\u00e9es des animaux tir\u00e9s, pour les m\u00e2les de l&rsquo;esp\u00e8ce cerf \u00e9laphe, doivent \u00eatre pr\u00e9sent\u00e9s \u00e0 la F\u00e9d\u00e9ration des chasseurs d\u2019Eure-et-Loir, dans les conditions qu&rsquo;elle fixera.<\/p>\n<p>&nbsp;<\/p>\n<h3 class=\"news-title\"><span style=\"color: #70b400\"><a style=\"color: #70b400\" href=\"https:\/\/www.chasseurducentrevaldeloire.fr\/fdc28\/wp-content\/uploads\/sites\/6\/2024\/09\/Calendrier-recup-machoires-biches-2024-2025.pdf\" target=\"_blank\" rel=\"bookmark noopener\">Calendrier de r\u00e9cup\u00e9ration des m\u00e2choires de biches, cerfs et faons<\/a><\/span><\/h3>\n<p>[\/vc_column_text]\t<\/div>\n<\/div>\n<\/div>[\/vc_column][\/vc_row][vc_row][vc_column][vc_empty_space]<div class=\"qodef-accordion-holder clearfix qodef-toggle qodef-boxed \">\n\t<h4 class=\"clearfix qodef-title-holder\" >\n\t<span class=\"qodef-accordion-mark qodef-left-mark\">\n\t\t<span class=\"qodef-accordion-mark-icon\">\n\t\t\t<span class=\"icon_plus\"><\/span>\n\t\t\t<span class=\"icon_minus-06\"><\/span>\n\t\t<\/span>\n\t<\/span>\n\t<span class=\"qodef-tab-title\">\n\t\t<span class=\"qodef-tab-title-inner\">\n\t\t\tPlan de gestion et conditions de chasse de l\u2019esp\u00e8ce sanglier\t\t<\/span>\n\t<\/span>\n<\/h4>\n<div class=\"qodef-accordion-content\">\n\t<div class=\"qodef-accordion-content-inner\">\n\t\t[vc_empty_space][vc_single_image image=\u00a0\u00bb3868&Prime; img_size=\u00a0\u00bbmedium\u00a0\u00bb alignment=\u00a0\u00bbcenter\u00a0\u00bb][vc_empty_space][vc_column_text]<span data-olk-copy-source=\"MessageBody\">Le sanglier est g\u00e9r\u00e9 par un plan de gestion en Eure-et-Loir.<\/span><\/p>\n<p>&nbsp;<\/p>\n<p>La chasse du sanglier est possible toute l\u2019ann\u00e9e sans autorisation pr\u00e9fectorale, dans les conditions suivantes :<\/p>\n<p>&nbsp;<\/p>\n<p>&#8211; du 1er juin au 31 mars \u00e0 l\u2019approche, \u00e0 l\u2019aff\u00fbt ou en battue sur tout le territoire du d\u00e9partement (plaine et bois) ;<\/p>\n<p>&#8211; du 1er avril au 31 mai:<\/p>\n<p style=\"padding-left: 40px\">&#8211; \u00e0 l\u2019approche, \u00e0 l\u2019aff\u00fbt sur tout le territoire du d\u00e9partement (plaine et bois) ;<\/p>\n<p style=\"padding-left: 40px\">&#8211; en battue uniquement dans les cultures de miscanthus ;<\/p>\n<p style=\"padding-left: 40px\">&#8211; en battue \u00e0 titre exceptionnel, en dehors des cultures de miscanthus, uniquement sur autorisation pr\u00e9fectorale pr\u00e9alablement d\u00e9livr\u00e9e au d\u00e9tenteur du droit de chasse.<\/p>\n<p>&nbsp;<\/p>\n<p>Tout sanglier pr\u00e9lev\u00e9, \u00e0 l\u2019exclusion de ceux pr\u00e9lev\u00e9s lors d\u2019une battue administrative au sanglier, et de ceux de moins de 15 kg pleins, doit \u00eatre muni d\u2019un dispositif de marquage avant tout d\u00e9placement.<\/p>\n<p>&nbsp;<\/p>\n<p>Les dispositifs de marquage sont fournis par la F\u00e9d\u00e9ration des chasseurs d\u2019Eure-et-Loir \u00e0 tout d\u00e9tenteur d\u2019un droit de chasse qui en fait la demande.<\/p>\n<p>&nbsp;<\/p>\n<p>Dans un d\u00e9lai de 72 heures suivant le pr\u00e9l\u00e8vement, tout sanglier pr\u00e9lev\u00e9 (m\u00eame s\u2019il fait moins de 15kg) doit faire l\u2019objet de l\u2019envoi d\u2019une carte de pr\u00e9l\u00e8vement \u00e0 la F\u00e9d\u00e9ration des chasseurs d\u2019Eure-et-Loir ou d\u2019une d\u00e9claration en ligne sur le site de cette derni\u00e8re.<\/p>\n<p>&nbsp;<\/p>\n<p>Cette carte de pr\u00e9l\u00e8vement est remise \u00e0 tout d\u00e9tenteur d\u2019un bracelet sanglier par la F\u00e9d\u00e9ration des chasseurs d\u2019Eure-et-Loir.<\/p>\n<p>&nbsp;<\/p>\n<p>Aucune consigne de tir relative \u00e0 une limitation de pr\u00e9l\u00e8vement relative au sexe, au poids ou au nombre n\u2019est autoris\u00e9e.<\/p>\n<p>&nbsp;<\/p>\n<p>Toute personne autoris\u00e9e pouvant chasser le sanglier avant l\u2019ouverture g\u00e9n\u00e9rale peut \u00e9galement chasser le renard \u00e0 compter du 1er juin, selon les modes de chasse autoris\u00e9s pour cette esp\u00e8ce.[\/vc_column_text]\t<\/div>\n<\/div>\n<\/div>[\/vc_column][\/vc_row][vc_row][vc_column][vc_empty_space]<div class=\"qodef-accordion-holder clearfix qodef-toggle qodef-boxed \">\n\t<h4 class=\"clearfix qodef-title-holder\" >\n\t<span class=\"qodef-accordion-mark qodef-left-mark\">\n\t\t<span class=\"qodef-accordion-mark-icon\">\n\t\t\t<span class=\"icon_plus\"><\/span>\n\t\t\t<span class=\"icon_minus-06\"><\/span>\n\t\t<\/span>\n\t<\/span>\n\t<span class=\"qodef-tab-title\">\n\t\t<span class=\"qodef-tab-title-inner\">\n\t\t\tRecherche des animaux bless\u00e9s\t\t<\/span>\n\t<\/span>\n<\/h4>\n<div class=\"qodef-accordion-content\">\n\t<div class=\"qodef-accordion-content-inner\">\n\t\t[vc_column_text][\/vc_column_text][vc_column_text]Afin d&rsquo;encourager la recherche des animaux bless\u00e9s dans le cadre du plan de gestion du sanglier et du plan de chasse au grand gibier pour l\u2019esp\u00e8ce chevreuil, un dispositif de marquage dit \u00ab de remplacement \u00bb pourra \u00eatre accord\u00e9, contre paiement du prix mat\u00e9riel, en cas de recherche effectu\u00e9e avec succ\u00e8s dans les conditions suivantes :<\/p>\n<ul>\n<li>recherche effectu\u00e9e dans les plus brefs d\u00e9lais (moins de 48h00),<\/li>\n<li>distance minimum de la piste de 400 m\u00e8tres,<\/li>\n<li>recherche effectu\u00e9e par un conducteur de chien de rouge agr\u00e9\u00e9, accompagn\u00e9 si possible par le titulaire du plan de chasse ou son repr\u00e9sentant,<\/li>\n<li>ne sont prises en compte que les recherches pr\u00e9sentant des difficult\u00e9s telles que l&rsquo;animal ne peut \u00eatre retrouv\u00e9 sans le concours d&rsquo;un chien de rouge agr\u00e9\u00e9.<\/li>\n<\/ul>\n<p>Toute demande de dispositif de marquage de remplacement est faite aupr\u00e8s de la F\u00e9d\u00e9ration des chasseurs d\u2019Eure-et-Loir accompagn\u00e9e de l&rsquo;attestation d\u00e9crivant l&rsquo;animal et les conditions de recherche, cosign\u00e9e par le conducteur agr\u00e9\u00e9, le responsable de l\u2019association d\u00e9partementale de recherche des animaux bless\u00e9s et le titulaire du droit de chasse.<\/p>\n<p>[\/vc_column_text]\t<\/div>\n<\/div>\n<\/div>[\/vc_column][\/vc_row]<\/p>\n","protected":false},"excerpt":{"rendered":"<p>[vc_row][vc_column][\/vc_column][\/vc_row][vc_row][vc_column][\/vc_column][\/vc_row][vc_row][vc_column][vc_empty_space][\/vc_column][\/vc_row][vc_row][vc_column][vc_empty_space][\/vc_column][\/vc_row][vc_row][vc_column][vc_empty_space][\/vc_column][\/vc_row]<\/p>\n","protected":false},"author":6,"featured_media":0,"parent":0,"menu_order":0,"comment_status":"closed","ping_status":"closed","template":"","meta":{"_acf_changed":false,"inline_featured_image":false,"_exactmetrics_skip_tracking":false,"_exactmetrics_sitenote_active":false,"_exactmetrics_sitenote_note":"","_exactmetrics_sitenote_category":0,"footnotes":""},"class_list":["post-3631","page","type-page","status-publish","hentry"],"acf":[],"publishpress_future_action":{"enabled":false,"date":"2026-04-28 13:50:19","action":"change-status","newStatus":"draft","terms":[],"taxonomy":"","extraData":[]},"publishpress_future_workflow_manual_trigger":{"enabledWorkflows":[]},"_links":{"self":[{"href":"https:\/\/www.save.chasseurducentrevaldeloire.fr\/fdc28\/wp-json\/wp\/v2\/pages\/3631","targetHints":{"allow":["GET"]}}],"collection":[{"href":"https:\/\/www.save.chasseurducentrevaldeloire.fr\/fdc28\/wp-json\/wp\/v2\/pages"}],"about":[{"href":"https:\/\/www.save.chasseurducentrevaldeloire.fr\/fdc28\/wp-json\/wp\/v2\/types\/page"}],"author":[{"embeddable":true,"href":"https:\/\/www.save.chasseurducentrevaldeloire.fr\/fdc28\/wp-json\/wp\/v2\/users\/6"}],"replies":[{"embeddable":true,"href":"https:\/\/www.save.chasseurducentrevaldeloire.fr\/fdc28\/wp-json\/wp\/v2\/comments?post=3631"}],"version-history":[{"count":80,"href":"https:\/\/www.save.chasseurducentrevaldeloire.fr\/fdc28\/wp-json\/wp\/v2\/pages\/3631\/revisions"}],"predecessor-version":[{"id":6527,"href":"https:\/\/www.save.chasseurducentrevaldeloire.fr\/fdc28\/wp-json\/wp\/v2\/pages\/3631\/revisions\/6527"}],"wp:attachment":[{"href":"https:\/\/www.save.chasseurducentrevaldeloire.fr\/fdc28\/wp-json\/wp\/v2\/media?parent=3631"}],"curies":[{"name":"wp","href":"https:\/\/api.w.org\/{rel}","templated":true}]}}