{"id":3612,"date":"2018-06-21T14:27:38","date_gmt":"2018-06-21T12:27:38","guid":{"rendered":"http:\/\/www.chasseurducentrevaldeloire.fr\/fdc28\/?page_id=3612"},"modified":"2025-01-17T15:17:22","modified_gmt":"2025-01-17T14:17:22","slug":"petit-gibier","status":"publish","type":"page","link":"https:\/\/www.save.chasseurducentrevaldeloire.fr\/fdc28\/petit-gibier\/","title":{"rendered":"Petit gibier"},"content":{"rendered":"<p>[vc_row][vc_column][vc_text_separator title=\u00a0\u00bbConservatoire de la Perdrix\u00a0\u00bb color=\u00a0\u00bbgreen\u00a0\u00bb][vc_empty_space][\/vc_column][\/vc_row][vc_row][vc_column width=\u00a0\u00bb1\/4&Prime;][vc_column_text][\/vc_column_text][vc_single_image image=\u00a0\u00bb3622&Prime; alignment=\u00a0\u00bbcenter\u00a0\u00bb][\/vc_column][vc_column width=\u00a0\u00bb3\/4&Prime;][vc_column_text]<strong><u>Cr\u00e9ation du conservatoire d\u00e9partemental de la perdrix grise<\/u><\/strong><\/p>\n<p>Nids sauv\u00e9s, perdrix pr\u00e9serv\u00e9es !<\/p>\n<p>Soucieuse du maintien de la perdrix grise dans le d\u00e9partement la f\u00e9d\u00e9ration des chasseurs d&rsquo;Eure-et-Loir se lance dans la cr\u00e9ation d&rsquo;un conservatoire de l&rsquo;esp\u00e8ce.<\/p>\n<p>Ce projet a pour ambition de permettre le repeuplement des territoires les plus d\u00e9munis avec des perdrix issues des souches naturelles d&rsquo;Eure-et-Loir.[\/vc_column_text][\/vc_column][\/vc_row][vc_row][vc_column][vc_column_text]Pour r\u00e9aliser ce projet la f\u00e9d\u00e9ration des chasseurs lance un appel aux agriculteurs et aux chasseurs afin qu&rsquo;ils se mobilisent pour la sauvegarde des nids d\u00e9couverts ou abandonn\u00e9s lors de travaux agricoles ou d&rsquo;entretien des territoires. Les \u009coeufs ainsi r\u00e9cup\u00e9r\u00e9s seront mis \u00e0 couver sous poules naines pour constituer le pool des oiseaux reproducteurs du conservatoire.<\/p>\n<p>Pour cela la f\u00e9d\u00e9ration des chasseurs a ouvert un num\u00e9ro de t\u00e9l\u00e9phone sp\u00e9cialement d\u00e9di\u00e9 et joignable 7 jours sur 7. Toute personne ayant d\u00e9couvert un nid d\u00e9truit peut ainsi appeler ce num\u00e9ro afin d&rsquo;\u00eatre mis en relation avec un responsable de la f\u00e9d\u00e9ration qui se chargera du transfert des oeufs vers un lien de couvaison et d&rsquo;\u00e9levage (4 sites sont pr\u00e9vus en Eure-et-Loir).<\/p>\n<p style=\"text-align: center\"><strong>Retenez et diffusez autour de vous ce num\u00e9ro :<\/strong><\/p>\n<p style=\"text-align: center\"><strong>07.77.81.68.11<\/strong><\/p>\n<p>[\/vc_column_text][vc_empty_space][\/vc_column][\/vc_row][vc_row][vc_column]<div class=\"qodef-accordion-holder clearfix qodef-toggle qodef-boxed \">\n\t<h4 class=\"clearfix qodef-title-holder\" >\n\t<span class=\"qodef-accordion-mark qodef-left-mark\">\n\t\t<span class=\"qodef-accordion-mark-icon\">\n\t\t\t<span class=\"icon_plus\"><\/span>\n\t\t\t<span class=\"icon_minus-06\"><\/span>\n\t\t<\/span>\n\t<\/span>\n\t<span class=\"qodef-tab-title\">\n\t\t<span class=\"qodef-tab-title-inner\">\n\t\t\tPerdrix grise\t\t<\/span>\n\t<\/span>\n<\/h4>\n<div class=\"qodef-accordion-content\">\n\t<div class=\"qodef-accordion-content-inner\">\n\t\t[vc_single_image image=\u00a0\u00bb3877&Prime; img_size=\u00a0\u00bbmedium\u00a0\u00bb alignment=\u00a0\u00bbcenter\u00a0\u00bb][vc_empty_space][vc_column_text]Les populations de Perdrix grise sont suivies annuellement par comptage des couples en fin d\u2019hiver et \u00e9chantillonnage des compagnies en fin d\u2019\u00e9t\u00e9 afin de quantifier la reproduction de l\u2019esp\u00e8ce.<\/p>\n<p>Ces donn\u00e9es recueillies permettent de g\u00e9rer la chasse de l\u2019esp\u00e8ce qui b\u00e9n\u00e9ficie d\u2019un plan de chasse d\u00e9partemental depuis 1988.<\/p>\n<p>Depuis 2010, l\u2019esp\u00e8ce n\u2019a pas \u00e9t\u00e9 chass\u00e9e sur le d\u00e9partement d\u2019Eure-et-Loir faute d\u2019effectifs suffisants garantissant une bonne conservation de l\u2019esp\u00e8ce.<\/p>\n<p>&nbsp;<\/p>\n<p><img loading=\"lazy\" decoding=\"async\" class=\" wp-image-5344 aligncenter\" src=\"https:\/\/www.chasseurducentrevaldeloire.fr\/fdc28\/wp-content\/uploads\/sites\/6\/2022\/06\/GraphPerdrix1-300x113.png\" alt=\"\" width=\"446\" height=\"168\" srcset=\"https:\/\/www.save.chasseurducentrevaldeloire.fr\/fdc28\/wp-content\/uploads\/sites\/6\/2022\/06\/GraphPerdrix1-300x113.png 300w, https:\/\/www.save.chasseurducentrevaldeloire.fr\/fdc28\/wp-content\/uploads\/sites\/6\/2022\/06\/GraphPerdrix1-1024x387.png 1024w, https:\/\/www.save.chasseurducentrevaldeloire.fr\/fdc28\/wp-content\/uploads\/sites\/6\/2022\/06\/GraphPerdrix1-768x290.png 768w, https:\/\/www.save.chasseurducentrevaldeloire.fr\/fdc28\/wp-content\/uploads\/sites\/6\/2022\/06\/GraphPerdrix1-1536x580.png 1536w, https:\/\/www.save.chasseurducentrevaldeloire.fr\/fdc28\/wp-content\/uploads\/sites\/6\/2022\/06\/GraphPerdrix1.png 1838w\" sizes=\"auto, (max-width: 446px) 100vw, 446px\" \/><\/p>\n<p>&nbsp;<\/p>\n<p>&nbsp;<\/p>\n<p><img loading=\"lazy\" decoding=\"async\" class=\"wp-image-5345 aligncenter\" src=\"https:\/\/www.chasseurducentrevaldeloire.fr\/fdc28\/wp-content\/uploads\/sites\/6\/2022\/06\/GraphPerdrix2-300x114.png\" alt=\"\" width=\"658\" height=\"250\" srcset=\"https:\/\/www.save.chasseurducentrevaldeloire.fr\/fdc28\/wp-content\/uploads\/sites\/6\/2022\/06\/GraphPerdrix2-300x114.png 300w, https:\/\/www.save.chasseurducentrevaldeloire.fr\/fdc28\/wp-content\/uploads\/sites\/6\/2022\/06\/GraphPerdrix2-1024x390.png 1024w, https:\/\/www.save.chasseurducentrevaldeloire.fr\/fdc28\/wp-content\/uploads\/sites\/6\/2022\/06\/GraphPerdrix2-768x292.png 768w, https:\/\/www.save.chasseurducentrevaldeloire.fr\/fdc28\/wp-content\/uploads\/sites\/6\/2022\/06\/GraphPerdrix2-1536x584.png 1536w, https:\/\/www.save.chasseurducentrevaldeloire.fr\/fdc28\/wp-content\/uploads\/sites\/6\/2022\/06\/GraphPerdrix2.png 1798w\" sizes=\"auto, (max-width: 658px) 100vw, 658px\" \/><\/p>\n<p>&nbsp;<\/p>\n<p>Dans un contexte de d\u00e9clin de l\u2019esp\u00e8ce, la f\u00e9d\u00e9ration a mis en place depuis 2013, un conservatoire des souches naturelles de perdrix grise.<\/p>\n<p>Ce conservatoire a la double ambition de permettre le sauvetage des nids d\u00e9truits au cours des travaux agricoles et de repeupler, avec les oiseaux issus de ces nids, les territoires les plus d\u00e9munis.<\/p>\n<p>&nbsp;<\/p>\n<p><img loading=\"lazy\" decoding=\"async\" class=\"size-full wp-image-5347 aligncenter\" src=\"https:\/\/www.chasseurducentrevaldeloire.fr\/fdc28\/wp-content\/uploads\/sites\/6\/2022\/06\/Perdrix3.png\" alt=\"\" width=\"586\" height=\"439\" srcset=\"https:\/\/www.save.chasseurducentrevaldeloire.fr\/fdc28\/wp-content\/uploads\/sites\/6\/2022\/06\/Perdrix3.png 586w, https:\/\/www.save.chasseurducentrevaldeloire.fr\/fdc28\/wp-content\/uploads\/sites\/6\/2022\/06\/Perdrix3-300x225.png 300w\" sizes=\"auto, (max-width: 586px) 100vw, 586px\" \/><\/p>\n<p>&nbsp;<\/p>\n<p>&nbsp;<\/p>\n<p><span style=\"color: #70b400\"><strong><a style=\"color: #70b400\" href=\"http:\/\/www.chasseurducentrevaldeloire.fr\/fdc28\/wp-content\/uploads\/sites\/6\/2018\/09\/TableauBordPetitGibier.pdf\" target=\"_blank\" rel=\"noopener noreferrer\">Pour en savoir plus &#8230;<\/a><\/strong><\/span><\/p>\n<p>T\u00e9l\u00e9charger le <a href=\"https:\/\/www.chasseurducentrevaldeloire.fr\/fdc28\/wp-content\/uploads\/sites\/6\/2025\/01\/protocole-repeuplement-perdrix-grise-et-rouge-2025.pdf\" target=\"_blank\" rel=\"noopener\"><span style=\"color: #70b400\"><strong>protocole de repeuplement perdrix grise<\/strong><\/span><\/a>[\/vc_column_text][vc_empty_space]\t<\/div>\n<\/div>\n<h4 class=\"clearfix qodef-title-holder\" >\n\t<span class=\"qodef-accordion-mark qodef-left-mark\">\n\t\t<span class=\"qodef-accordion-mark-icon\">\n\t\t\t<span class=\"icon_plus\"><\/span>\n\t\t\t<span class=\"icon_minus-06\"><\/span>\n\t\t<\/span>\n\t<\/span>\n\t<span class=\"qodef-tab-title\">\n\t\t<span class=\"qodef-tab-title-inner\">\n\t\t\tFaisan commun\t\t<\/span>\n\t<\/span>\n<\/h4>\n<div class=\"qodef-accordion-content\">\n\t<div class=\"qodef-accordion-content-inner\">\n\t\t[vc_single_image image=\u00a0\u00bb3880&Prime; img_size=\u00a0\u00bbmedium\u00a0\u00bb alignment=\u00a0\u00bbcenter\u00a0\u00bb][vc_empty_space][vc_column_text]Le Faisan commun est pr\u00e9sent \u00e0 l\u2019\u00e9tat naturel sur un tiers du d\u00e9partement (76\u00a0000 ha).<\/p>\n<p>L\u2019esp\u00e8ce est suivie chaque ann\u00e9e par comptages des effectifs reproducteurs (comptage au chant ou au percher) et par \u00e9chantillonnage des compagnies apr\u00e8s moisson.<\/p>\n<p>L\u2019esp\u00e8ce est g\u00e9r\u00e9e par un plan de gestion avec attributions et marquage. Les GIC peuvent se soustraire \u00e0 cette obligation apr\u00e8s avoir contractualiser, avec la f\u00e9d\u00e9ration, un plan\u00a0 local de gestion qui renforce les actions d\u2019am\u00e9nagement et de suivi de l\u2019esp\u00e8ce.<\/p>\n<p>&nbsp;<\/p>\n<p>L\u2019abondance du faisan commun reste directement li\u00e9e \u00e0 la capacit\u00e9 d\u2019accueil des territoires et notamment la pr\u00e9sence de jach\u00e8res faune sauvage.<\/p>\n<p>Seuls les territoires qui maintiennent un effort d\u2019am\u00e9nagement conservent des densit\u00e9s respectables.<\/p>\n<p>&nbsp;<\/p>\n<p>Evolution des populations d\u00e9partementales de Faisan Commun<\/p>\n<p>&nbsp;<\/p>\n<p><img loading=\"lazy\" decoding=\"async\" class=\"alignnone size-large wp-image-5349\" src=\"https:\/\/www.chasseurducentrevaldeloire.fr\/fdc28\/wp-content\/uploads\/sites\/6\/2022\/06\/GraphFaisan-1024x590.png\" alt=\"\" width=\"1024\" height=\"590\" srcset=\"https:\/\/www.save.chasseurducentrevaldeloire.fr\/fdc28\/wp-content\/uploads\/sites\/6\/2022\/06\/GraphFaisan-1024x590.png 1024w, https:\/\/www.save.chasseurducentrevaldeloire.fr\/fdc28\/wp-content\/uploads\/sites\/6\/2022\/06\/GraphFaisan-300x173.png 300w, https:\/\/www.save.chasseurducentrevaldeloire.fr\/fdc28\/wp-content\/uploads\/sites\/6\/2022\/06\/GraphFaisan-768x443.png 768w, https:\/\/www.save.chasseurducentrevaldeloire.fr\/fdc28\/wp-content\/uploads\/sites\/6\/2022\/06\/GraphFaisan-1536x885.png 1536w, https:\/\/www.save.chasseurducentrevaldeloire.fr\/fdc28\/wp-content\/uploads\/sites\/6\/2022\/06\/GraphFaisan-2048x1180.png 2048w\" sizes=\"auto, (max-width: 1024px) 100vw, 1024px\" \/><\/p>\n<p><span style=\"color: #70b400\"><strong><a style=\"color: #70b400\" href=\"http:\/\/www.chasseurducentrevaldeloire.fr\/fdc28\/wp-content\/uploads\/sites\/6\/2018\/09\/TableauBordPetitGibier.pdf\" target=\"_blank\" rel=\"noopener noreferrer\">Pour en savoir plus &#8230;<\/a><\/strong><\/span><\/p>\n<p>T\u00e9l\u00e9charger le <strong><span style=\"color: #70b400\"><a style=\"color: #70b400\" href=\"https:\/\/www.chasseurducentrevaldeloire.fr\/fdc28\/wp-content\/uploads\/sites\/6\/2025\/01\/formulaire-lacher-de-tir-FAI-25-26.pdf\" target=\"_blank\" rel=\"noopener\">Formulaire de l\u00e2cher de tir de FAISAN COMMUN<\/a> SAISON 2025-2026<\/span><\/strong>[\/vc_column_text]\t<\/div>\n<\/div>\n<h4 class=\"clearfix qodef-title-holder\" >\n\t<span class=\"qodef-accordion-mark qodef-left-mark\">\n\t\t<span class=\"qodef-accordion-mark-icon\">\n\t\t\t<span class=\"icon_plus\"><\/span>\n\t\t\t<span class=\"icon_minus-06\"><\/span>\n\t\t<\/span>\n\t<\/span>\n\t<span class=\"qodef-tab-title\">\n\t\t<span class=\"qodef-tab-title-inner\">\n\t\t\tLi\u00e8vre d&#039;Europe\t\t<\/span>\n\t<\/span>\n<\/h4>\n<div class=\"qodef-accordion-content\">\n\t<div class=\"qodef-accordion-content-inner\">\n\t\t[vc_single_image image=\u00a0\u00bb3883&Prime; img_size=\u00a0\u00bbmedium\u00a0\u00bb alignment=\u00a0\u00bbcenter\u00a0\u00bb][vc_empty_space][vc_column_text]Le li\u00e8vre d\u2019Europe<\/p>\n<p>&nbsp;<\/p>\n<p>Le li\u00e8vre d\u2019Europe est g\u00e9r\u00e9 par un plan de gestion \u00e0 deux niveaux.<\/p>\n<p>L\u2019objectif de ce plan de gestion est d\u2019optimiser la gestion des populations de li\u00e8vre au sein de diff\u00e9rentes unit\u00e9s de gestion.<\/p>\n<p>Deux niveaux de gestion sont instaur\u00e9s.<\/p>\n<p>Le premier niveau doit permettre de d\u00e9velopper les populations sur les unit\u00e9s de gestion o\u00f9 les densit\u00e9s sont faibles. <strong>Le principe de l\u2019attribution et du marquage est utilis\u00e9<\/strong> pour relancer la dynamique de ces populations. Il s\u2019applique \u00e0 l\u2019ensemble des territoires de l\u2019unit\u00e9 de gestion concern\u00e9e.<\/p>\n<p>&nbsp;<\/p>\n<p>Le deuxi\u00e8me niveau de gestion doit permettre de stabiliser ou de diminuer les populations de li\u00e8vres. La gestion des pr\u00e9l\u00e8vements est libre, aucun dispositif d\u2019attribution, ni de marquage n\u2019est impos\u00e9, seul un conseil de pr\u00e9l\u00e8vement est maintenu.<\/p>\n<p>Le suivi de l\u2019esp\u00e8ce est assur\u00e9 par la mise en place d\u2019indices kilom\u00e9triques d\u2019abondance sur l\u2019ensemble des communes du d\u00e9partement sur les mois de janvier et f\u00e9vrier.<\/p>\n<p>L\u2019\u00e9volution de cet indice d\u2019abondance permet aux comit\u00e9s locaux d\u2019\u00e9tablir les niveaux de pr\u00e9l\u00e8vement sur chaque unit\u00e9 de gestion.<\/p>\n<p>&nbsp;<\/p>\n<p><span style=\"color: #70b400\"><strong><a style=\"color: #70b400\" href=\"https:\/\/www.chasseurducentrevaldeloire.fr\/fdc28\/wp-content\/uploads\/sites\/6\/2023\/07\/Synthese-2022-compresse.pdf\" target=\"_blank\" rel=\"noopener\">Donn\u00e9es Li\u00e8vre 2022 \u00e0 t\u00e9l\u00e9charger<\/a><\/strong><\/span><\/p>\n<p>T\u00e9l\u00e9charger la <strong><a href=\"https:\/\/www.chasseurducentrevaldeloire.fr\/fdc28\/wp-content\/uploads\/sites\/6\/2022\/06\/Demande_GU-Nouveau-territoire2020.pdf\" target=\"_blank\" rel=\"noopener\"><span style=\"color: #70b400\">demande unique de plan de chasse<\/span><\/a><\/strong>[\/vc_column_text]\t<\/div>\n<\/div>\n<\/div>[vc_column_text][\/vc_column_text][vc_empty_space][\/vc_column][\/vc_row][vc_row][vc_column][\/vc_column][\/vc_row][vc_row][vc_column width=\u00a0\u00bb1\/2&Prime;][\/vc_column][vc_column width=\u00a0\u00bb1\/2&Prime;][\/vc_column][\/vc_row]<\/p>\n","protected":false},"excerpt":{"rendered":"<p>[vc_row][vc_column][vc_text_separator title=\u00a0\u00bbConservatoire de la Perdrix\u00a0\u00bb color=\u00a0\u00bbgreen\u00a0\u00bb][vc_empty_space][\/vc_column][\/vc_row][vc_row][vc_column width=\u00a0\u00bb1\/4&Prime;][vc_column_text][\/vc_column_text][vc_single_image image=\u00a0\u00bb3622&Prime; alignment=\u00a0\u00bbcenter\u00a0\u00bb][\/vc_column][vc_column width=\u00a0\u00bb3\/4&Prime;][vc_column_text]Cr\u00e9ation du conservatoire d\u00e9partemental de la perdrix grise Nids sauv\u00e9s, perdrix pr\u00e9serv\u00e9es ! Soucieuse du maintien de la perdrix grise dans le d\u00e9partement la f\u00e9d\u00e9ration des chasseurs d&rsquo;Eure-et-Loir se lance dans la cr\u00e9ation d&rsquo;un conservatoire de&#8230;<\/p>\n","protected":false},"author":6,"featured_media":0,"parent":0,"menu_order":0,"comment_status":"closed","ping_status":"closed","template":"","meta":{"_acf_changed":false,"inline_featured_image":false,"_exactmetrics_skip_tracking":false,"_exactmetrics_sitenote_active":false,"_exactmetrics_sitenote_note":"","_exactmetrics_sitenote_category":0,"footnotes":""},"class_list":["post-3612","page","type-page","status-publish","hentry"],"acf":[],"publishpress_future_action":{"enabled":false,"date":"2026-04-28 12:19:39","action":"change-status","newStatus":"draft","terms":[],"taxonomy":"","extraData":[]},"publishpress_future_workflow_manual_trigger":{"enabledWorkflows":[]},"_links":{"self":[{"href":"https:\/\/www.save.chasseurducentrevaldeloire.fr\/fdc28\/wp-json\/wp\/v2\/pages\/3612","targetHints":{"allow":["GET"]}}],"collection":[{"href":"https:\/\/www.save.chasseurducentrevaldeloire.fr\/fdc28\/wp-json\/wp\/v2\/pages"}],"about":[{"href":"https:\/\/www.save.chasseurducentrevaldeloire.fr\/fdc28\/wp-json\/wp\/v2\/types\/page"}],"author":[{"embeddable":true,"href":"https:\/\/www.save.chasseurducentrevaldeloire.fr\/fdc28\/wp-json\/wp\/v2\/users\/6"}],"replies":[{"embeddable":true,"href":"https:\/\/www.save.chasseurducentrevaldeloire.fr\/fdc28\/wp-json\/wp\/v2\/comments?post=3612"}],"version-history":[{"count":40,"href":"https:\/\/www.save.chasseurducentrevaldeloire.fr\/fdc28\/wp-json\/wp\/v2\/pages\/3612\/revisions"}],"predecessor-version":[{"id":6170,"href":"https:\/\/www.save.chasseurducentrevaldeloire.fr\/fdc28\/wp-json\/wp\/v2\/pages\/3612\/revisions\/6170"}],"wp:attachment":[{"href":"https:\/\/www.save.chasseurducentrevaldeloire.fr\/fdc28\/wp-json\/wp\/v2\/media?parent=3612"}],"curies":[{"name":"wp","href":"https:\/\/api.w.org\/{rel}","templated":true}]}}