{"id":3608,"date":"2018-06-21T13:57:12","date_gmt":"2018-06-21T11:57:12","guid":{"rendered":"http:\/\/www.chasseurducentrevaldeloire.fr\/fdc28\/?page_id=3608"},"modified":"2022-06-20T15:39:45","modified_gmt":"2022-06-20T13:39:45","slug":"chasse-par-temps-de-neige","status":"publish","type":"page","link":"https:\/\/www.save.chasseurducentrevaldeloire.fr\/fdc28\/chasse-par-temps-de-neige\/","title":{"rendered":"Chasse par temps de neige"},"content":{"rendered":"<p>[vc_row][vc_column][vc_column_text]<strong>D\u00e9finition du temps de neige<\/strong> :<\/p>\n<p>&nbsp;<\/p>\n<p>Selon la jurisprudence, nous pouvons retenir qu\u2019il y a temps de neige quand, dans le d\u00e9partement concern\u00e9, sur le territoire de chasse (p\u00e9rim\u00e8tre de chasse), les terres sont dans leur ensemble recouvertes de neige, c\u2019est \u00e0 dire, de mani\u00e8re continue, presque compl\u00e8tement, et pas seulement par endroits : de telle mani\u00e8re que, sur la neige, il soit possible de suivre un gibier \u00e0 la trace.<\/p>\n<p>&nbsp;<\/p>\n<p>Pour en savoir plus : <a href=\"http:\/\/www.oncfs.gouv.fr\/Fiches-juridiques-chasse-ru377\/La-chasse-en-temps-de-neige-ar1241\" target=\"_blank\" rel=\"noopener\"><span style=\"color: #70b400\"><strong>http:\/\/www.oncfs.gouv.fr\/Fiches-juridiques-chasse-ru377\/La-chasse-en-temps-de-neige-ar1241<\/strong><\/span><\/a>[\/vc_column_text][\/vc_column][\/vc_row]<\/p>\n","protected":false},"excerpt":{"rendered":"<p>[vc_row][vc_column][vc_column_text]D\u00e9finition du temps de neige : &nbsp; Selon la jurisprudence, nous pouvons retenir qu\u2019il y a temps de neige quand, dans le d\u00e9partement concern\u00e9, sur le territoire de chasse (p\u00e9rim\u00e8tre de chasse), les terres sont dans leur ensemble recouvertes de neige, c\u2019est \u00e0 dire, de&#8230;<\/p>\n","protected":false},"author":6,"featured_media":0,"parent":0,"menu_order":0,"comment_status":"closed","ping_status":"closed","template":"","meta":{"_acf_changed":false,"inline_featured_image":false,"_exactmetrics_skip_tracking":false,"_exactmetrics_sitenote_active":false,"_exactmetrics_sitenote_note":"","_exactmetrics_sitenote_category":0,"footnotes":""},"class_list":["post-3608","page","type-page","status-publish","hentry"],"acf":[],"publishpress_future_action":{"enabled":false,"date":"2026-04-18 12:24:42","action":"change-status","newStatus":"draft","terms":[],"taxonomy":"","extraData":[]},"publishpress_future_workflow_manual_trigger":{"enabledWorkflows":[]},"_links":{"self":[{"href":"https:\/\/www.save.chasseurducentrevaldeloire.fr\/fdc28\/wp-json\/wp\/v2\/pages\/3608","targetHints":{"allow":["GET"]}}],"collection":[{"href":"https:\/\/www.save.chasseurducentrevaldeloire.fr\/fdc28\/wp-json\/wp\/v2\/pages"}],"about":[{"href":"https:\/\/www.save.chasseurducentrevaldeloire.fr\/fdc28\/wp-json\/wp\/v2\/types\/page"}],"author":[{"embeddable":true,"href":"https:\/\/www.save.chasseurducentrevaldeloire.fr\/fdc28\/wp-json\/wp\/v2\/users\/6"}],"replies":[{"embeddable":true,"href":"https:\/\/www.save.chasseurducentrevaldeloire.fr\/fdc28\/wp-json\/wp\/v2\/comments?post=3608"}],"version-history":[{"count":5,"href":"https:\/\/www.save.chasseurducentrevaldeloire.fr\/fdc28\/wp-json\/wp\/v2\/pages\/3608\/revisions"}],"predecessor-version":[{"id":5309,"href":"https:\/\/www.save.chasseurducentrevaldeloire.fr\/fdc28\/wp-json\/wp\/v2\/pages\/3608\/revisions\/5309"}],"wp:attachment":[{"href":"https:\/\/www.save.chasseurducentrevaldeloire.fr\/fdc28\/wp-json\/wp\/v2\/media?parent=3608"}],"curies":[{"name":"wp","href":"https:\/\/api.w.org\/{rel}","templated":true}]}}