{"id":3544,"date":"2018-06-04T09:37:54","date_gmt":"2018-06-04T07:37:54","guid":{"rendered":"http:\/\/www.chasseurducentrevaldeloire.fr\/fdc28\/?page_id=3544"},"modified":"2025-05-27T09:24:36","modified_gmt":"2025-05-27T07:24:36","slug":"schema-departemental-de-gestion-cynegetique","status":"publish","type":"page","link":"https:\/\/www.save.chasseurducentrevaldeloire.fr\/fdc28\/schema-departemental-de-gestion-cynegetique\/","title":{"rendered":"Sch\u00e9ma D\u00e9partemental de Gestion Cyn\u00e9g\u00e9tique"},"content":{"rendered":"<p>[vc_row][vc_column][vc_column_text]<strong><img loading=\"lazy\" decoding=\"async\" class=\"alignright wp-image-3547 size-full\" src=\"http:\/\/www.chasseurducentrevaldeloire.fr\/fdc28\/wp-content\/uploads\/sites\/6\/2018\/06\/sdgc.jpg\" alt=\"\" width=\"544\" height=\"367\" srcset=\"https:\/\/www.save.chasseurducentrevaldeloire.fr\/fdc28\/wp-content\/uploads\/sites\/6\/2018\/06\/sdgc.jpg 544w, https:\/\/www.save.chasseurducentrevaldeloire.fr\/fdc28\/wp-content\/uploads\/sites\/6\/2018\/06\/sdgc-300x202.jpg 300w\" sizes=\"auto, (max-width: 544px) 100vw, 544px\" \/>Le Sch\u00e9ma D\u00e9partemental de Gestion Cyn\u00e9g\u00e9tique<\/strong>, \u00e9labor\u00e9 par la F\u00e9d\u00e9ration des Chasseurs d\u2019Eure-et-Loir dans le cadre d\u2019une large concertation, a \u00e9t\u00e9 valid\u00e9 par le Pr\u00e9fet d\u2019Eure-et-Loir par arr\u00eat\u00e9 en date du 23 juin 2023<\/p>\n<p>&nbsp;<\/p>\n<p>Ce document inscrit la chasse du d\u00e9partement dans une perspective de gestion durable des esp\u00e8ces et des espaces, et de s\u00e9curit\u00e9 des chasseurs et non chasseurs, fond\u00e9e sur les cinq grands enjeux suivants\u00a0:<\/p>\n<p>&nbsp;<\/p>\n<ol>\n<li>La pratique de la chasse et la s\u00e9curit\u00e9\u00a0;<\/li>\n<li>Le grand gibier et l\u2019\u00e9quilibre agro-sylvo-cyn\u00e9g\u00e9tique\u00a0;<\/li>\n<li>Le petit gibier et le d\u00e9veloppement des populations naturelles\u00a0;<\/li>\n<li>La lutte contre la pr\u00e9dation et la d\u00e9pr\u00e9dation\u00a0;<\/li>\n<li>La communication, l\u2019information et la formation des chasseurs et des non-chasseurs.<\/li>\n<\/ol>\n<p>&nbsp;<\/p>\n<p>&nbsp;<\/p>\n<p>Etabli pour six ans, ce sch\u00e9ma d\u00e9partemental de gestion cyn\u00e9g\u00e9tique est d\u00e9sormais opposable aux chasseurs, aux soci\u00e9t\u00e9s, aux groupements et aux associations de chasse d\u00e9tentrices de territoires sur le d\u00e9partement d\u2019Eure-et-Loir.<\/p>\n<p>&nbsp;<\/p>\n<p>Ce SDGC est \u00e9labor\u00e9 selon le plan suivant\u00a0:<\/p>\n<p>&nbsp;<\/p>\n<ul>\n<li>un \u00e9tat des lieux pr\u00e9sentant l\u2019organisation institutionnelle de la chasse dans le d\u00e9partement, les missions de la f\u00e9d\u00e9ration des chasseurs (formation et s\u00e9curit\u00e9), la r\u00e9glementation g\u00e9n\u00e9rale, les pratiques de la chasse dans le d\u00e9partement, la faune sauvage chassable, les habitats\u00a0;<\/li>\n<li>un projet cyn\u00e9g\u00e9tique comprenant les enjeux, les objectifs \u00e0 atteindre et les actions \u00e0 mener en faveur de la chasse et de la gestion de la faune sauvage et de ses habitats.<\/li>\n<\/ul>\n<p>&nbsp;<\/p>\n<p>&nbsp;<\/p>\n<p>Vous pouvez t\u00e9l\u00e9charger le SDGC soit dans sa globalit\u00e9, soit par partie\u00a0:<\/p>\n<p>&nbsp;<\/p>\n<ul>\n<li><a href=\"https:\/\/www.calameo.com\/read\/0044807010aa5d222e9f5\" target=\"_blank\" rel=\"noopener\"><u><span style=\"color: #70b400\"><strong>SDGC 2023-2029<\/strong><\/span><\/u><\/a><\/li>\n<li><a href=\"https:\/\/www.chasseurducentrevaldeloire.fr\/fdc28\/wp-content\/uploads\/sites\/6\/2023\/09\/Consignes-de-chasse-en-battue.pdf\" target=\"_blank\" rel=\"noopener\"><span style=\"color: #70b400\"><strong>Consignes de chasse en battue<\/strong><\/span><\/a><\/li>\n<\/ul>\n<p>[\/vc_column_text][\/vc_column][\/vc_row]<\/p>\n","protected":false},"excerpt":{"rendered":"<p>[vc_row][vc_column][vc_column_text]Le Sch\u00e9ma D\u00e9partemental de Gestion Cyn\u00e9g\u00e9tique, \u00e9labor\u00e9 par la F\u00e9d\u00e9ration des Chasseurs d\u2019Eure-et-Loir dans le cadre d\u2019une large concertation, a \u00e9t\u00e9 valid\u00e9 par le Pr\u00e9fet d\u2019Eure-et-Loir par arr\u00eat\u00e9 en date du 23 juin 2023 &nbsp; Ce document inscrit la chasse du d\u00e9partement dans une perspective&#8230;<\/p>\n","protected":false},"author":2,"featured_media":0,"parent":0,"menu_order":0,"comment_status":"closed","ping_status":"closed","template":"","meta":{"_acf_changed":false,"inline_featured_image":false,"_exactmetrics_skip_tracking":false,"_exactmetrics_sitenote_active":false,"_exactmetrics_sitenote_note":"","_exactmetrics_sitenote_category":0,"footnotes":""},"class_list":["post-3544","page","type-page","status-publish","hentry"],"acf":[],"publishpress_future_action":{"enabled":false,"date":"2026-04-15 04:50:37","action":"change-status","newStatus":"draft","terms":[],"taxonomy":"","extraData":[]},"publishpress_future_workflow_manual_trigger":{"enabledWorkflows":[]},"_links":{"self":[{"href":"https:\/\/www.save.chasseurducentrevaldeloire.fr\/fdc28\/wp-json\/wp\/v2\/pages\/3544","targetHints":{"allow":["GET"]}}],"collection":[{"href":"https:\/\/www.save.chasseurducentrevaldeloire.fr\/fdc28\/wp-json\/wp\/v2\/pages"}],"about":[{"href":"https:\/\/www.save.chasseurducentrevaldeloire.fr\/fdc28\/wp-json\/wp\/v2\/types\/page"}],"author":[{"embeddable":true,"href":"https:\/\/www.save.chasseurducentrevaldeloire.fr\/fdc28\/wp-json\/wp\/v2\/users\/2"}],"replies":[{"embeddable":true,"href":"https:\/\/www.save.chasseurducentrevaldeloire.fr\/fdc28\/wp-json\/wp\/v2\/comments?post=3544"}],"version-history":[{"count":16,"href":"https:\/\/www.save.chasseurducentrevaldeloire.fr\/fdc28\/wp-json\/wp\/v2\/pages\/3544\/revisions"}],"predecessor-version":[{"id":5788,"href":"https:\/\/www.save.chasseurducentrevaldeloire.fr\/fdc28\/wp-json\/wp\/v2\/pages\/3544\/revisions\/5788"}],"wp:attachment":[{"href":"https:\/\/www.save.chasseurducentrevaldeloire.fr\/fdc28\/wp-json\/wp\/v2\/media?parent=3544"}],"curies":[{"name":"wp","href":"https:\/\/api.w.org\/{rel}","templated":true}]}}