{"id":3539,"date":"2018-06-04T09:32:01","date_gmt":"2018-06-04T07:32:01","guid":{"rendered":"http:\/\/www.chasseurducentrevaldeloire.fr\/fdc28\/?page_id=3539"},"modified":"2025-01-29T10:04:58","modified_gmt":"2025-01-29T09:04:58","slug":"lieutenants-de-louveterie","status":"publish","type":"page","link":"https:\/\/www.save.chasseurducentrevaldeloire.fr\/fdc28\/lieutenants-de-louveterie\/","title":{"rendered":"Lieutenants de louveterie"},"content":{"rendered":"<p>[vc_row][vc_column][vc_empty_space][vc_column_text]<span style=\"color: #70b400\"><a style=\"color: #70b400\" href=\"https:\/\/www.chasseurducentrevaldeloire.fr\/fdc28\/wp-content\/uploads\/sites\/6\/2025\/01\/arrete-nomination-LL2025-1.pdf\" target=\"_blank\" rel=\"noopener noreferrer\"><strong><u>T\u00e9l\u00e9chargez l&rsquo;Arr\u00eat\u00e9 pr\u00e9fectoral nommant les lieutenants de louveterie (2025\/2029)<\/u><\/strong><\/a><\/span>[\/vc_column_text][vc_empty_space][vc_column_text]<\/p>\n<table>\n<tbody>\n<tr>\n<td><strong>\u00a0<\/strong><\/p>\n<p><strong>1\u00e8re circonscription :<br \/>\n<\/strong><\/td>\n<td><strong>CABART Thierry<br \/>\n<\/strong>2 rue Nouvelle Chatenay<br \/>\n28190 MITAINVILLIERS VERIGNY<br \/>\n<strong>T\u00e9l.\u00a0: 02 37 32 81 27 \/ 06 18 44 12 50<\/strong><\/td>\n<\/tr>\n<tr>\n<td><strong>2\u00e8me circonscription :<\/strong><\/td>\n<td><strong>DAMAS Patrice<\/strong><\/p>\n<p>14 rue de la Chapelle<\/p>\n<p>28630 SOURS<\/p>\n<p><strong>T\u00e9l. : 06.87.08.43.26<\/strong><\/td>\n<\/tr>\n<tr>\n<td><strong>3\u00e8me circonscription :<\/strong><\/td>\n<td><strong>DAMAS Didier<\/strong><\/p>\n<p>Le Moulin Galveau<br \/>\n<strong>28630 SOURS<\/strong><\/p>\n<p><strong>T\u00e9l. : 06.75.36.71.62<\/strong><\/td>\n<\/tr>\n<tr>\n<td><strong>4\u00e8me circonscription :<\/strong><strong><br \/>\n<\/strong><\/td>\n<td><strong>MEUNIER Philippe<\/strong><\/p>\n<p>9 rue du Puits \u00ab\u00a0Lolon\u00a0\u00bb<br \/>\n28800 SAINT MAUR SUR LE LOIR<\/p>\n<p><strong>T\u00e9l.\u00a0: 02 37 47 55 30 \/ 06 78 98 60 68<\/strong><\/td>\n<\/tr>\n<tr>\n<td><strong> 5\u00e8me circonscription :<br \/>\n<\/strong><\/td>\n<td><strong>BOHIN S\u00e9bastien<\/strong><\/p>\n<p>3 rue des Anciens Combattants d&rsquo;Afrique du Nord<\/p>\n<p>28120 MAGNY<\/p>\n<p><strong>T\u00e9l. : 06.26.14.15.84<\/strong><\/td>\n<\/tr>\n<tr>\n<td><strong> 6\u00e8me circonscription :<br \/>\n<\/strong><\/td>\n<td><strong>HERVOCHON Pascal<br \/>\n<\/strong>01 route de la grande voie<br \/>\nATTENCOURT<br \/>\n28190 BILLANCELLES<strong>T\u00e9l. : 06.09.80.53.85<\/strong><\/td>\n<\/tr>\n<\/tbody>\n<\/table>\n<p>[\/vc_column_text][\/vc_column][\/vc_row]<\/p>\n","protected":false},"excerpt":{"rendered":"<p>[vc_row][vc_column][vc_empty_space][vc_column_text]T\u00e9l\u00e9chargez l&rsquo;Arr\u00eat\u00e9 pr\u00e9fectoral nommant les lieutenants de louveterie (2025\/2029)[\/vc_column_text][vc_empty_space][vc_column_text] \u00a0 1\u00e8re circonscription : CABART Thierry 2 rue Nouvelle Chatenay 28190 MITAINVILLIERS VERIGNY T\u00e9l.\u00a0: 02 37 32 81 27 \/ 06 18 44 12 50 2\u00e8me circonscription : DAMAS Patrice 14 rue de la Chapelle 28630&#8230;<\/p>\n","protected":false},"author":2,"featured_media":0,"parent":0,"menu_order":0,"comment_status":"closed","ping_status":"closed","template":"","meta":{"_acf_changed":false,"inline_featured_image":false,"_exactmetrics_skip_tracking":false,"_exactmetrics_sitenote_active":false,"_exactmetrics_sitenote_note":"","_exactmetrics_sitenote_category":0,"footnotes":""},"class_list":["post-3539","page","type-page","status-publish","hentry"],"acf":[],"publishpress_future_action":{"enabled":false,"date":"2026-04-15 03:21:02","action":"change-status","newStatus":"draft","terms":[],"taxonomy":"","extraData":[]},"publishpress_future_workflow_manual_trigger":{"enabledWorkflows":[]},"_links":{"self":[{"href":"https:\/\/www.save.chasseurducentrevaldeloire.fr\/fdc28\/wp-json\/wp\/v2\/pages\/3539","targetHints":{"allow":["GET"]}}],"collection":[{"href":"https:\/\/www.save.chasseurducentrevaldeloire.fr\/fdc28\/wp-json\/wp\/v2\/pages"}],"about":[{"href":"https:\/\/www.save.chasseurducentrevaldeloire.fr\/fdc28\/wp-json\/wp\/v2\/types\/page"}],"author":[{"embeddable":true,"href":"https:\/\/www.save.chasseurducentrevaldeloire.fr\/fdc28\/wp-json\/wp\/v2\/users\/2"}],"replies":[{"embeddable":true,"href":"https:\/\/www.save.chasseurducentrevaldeloire.fr\/fdc28\/wp-json\/wp\/v2\/comments?post=3539"}],"version-history":[{"count":17,"href":"https:\/\/www.save.chasseurducentrevaldeloire.fr\/fdc28\/wp-json\/wp\/v2\/pages\/3539\/revisions"}],"predecessor-version":[{"id":6179,"href":"https:\/\/www.save.chasseurducentrevaldeloire.fr\/fdc28\/wp-json\/wp\/v2\/pages\/3539\/revisions\/6179"}],"wp:attachment":[{"href":"https:\/\/www.save.chasseurducentrevaldeloire.fr\/fdc28\/wp-json\/wp\/v2\/media?parent=3539"}],"curies":[{"name":"wp","href":"https:\/\/api.w.org\/{rel}","templated":true}]}}