{"id":3537,"date":"2018-06-04T09:26:02","date_gmt":"2018-06-04T07:26:02","guid":{"rendered":"http:\/\/www.chasseurducentrevaldeloire.fr\/fdc28\/?page_id=3537"},"modified":"2025-03-27T07:45:31","modified_gmt":"2025-03-27T06:45:31","slug":"conducteurs-de-chiens-de-rouge","status":"publish","type":"page","link":"https:\/\/www.save.chasseurducentrevaldeloire.fr\/fdc28\/conducteurs-de-chiens-de-rouge\/","title":{"rendered":"Conducteurs de chiens de sang"},"content":{"rendered":"<p>[vc_row][vc_column][vc_column_text]<\/p>\n<table width=\"297\">\n<tbody>\n<tr>\n<td width=\"80\"><strong>Association<\/strong><\/td>\n<td width=\"118\"><strong>NOM-Pr\u00e9nom<\/strong><\/td>\n<td width=\"100\"><strong>T\u00e9l\u00e9phone<\/strong><\/td>\n<\/tr>\n<tr>\n<td rowspan=\"7\" width=\"80\"><strong>UNUCR\u00a0\u00a0\u00a0\u00a0\u00a0<\/strong><\/td>\n<td width=\"118\">Pascal BARRE (d\u00e9l\u00e9gu\u00e9 28)<\/td>\n<td width=\"100\">06.15.88.22.02<\/td>\n<\/tr>\n<tr>\n<td width=\"118\">Vincent CHAUVEAU<\/td>\n<td width=\"100\">06.76.12.96.48<\/td>\n<\/tr>\n<tr>\n<td width=\"118\">Romain GOUSSU<\/td>\n<td width=\"100\">06.31.32.36.27<\/td>\n<\/tr>\n<tr>\n<td width=\"118\">Antonio RODRIGO<\/td>\n<td width=\"100\">06.22.19.71.97<\/td>\n<\/tr>\n<tr>\n<td width=\"118\">No\u00ebl VADE<\/td>\n<td width=\"100\">06.26.57.44.33<\/td>\n<\/tr>\n<tr>\n<td width=\"118\">Thierry DOUSSET<\/td>\n<td width=\"100\">06.81.60.64.34<\/td>\n<\/tr>\n<\/tbody>\n<\/table>\n<p>&nbsp;<\/p>\n<table width=\"297\">\n<tbody>\n<tr>\n<td width=\"80\"><strong>Association<\/strong><\/td>\n<td width=\"118\"><strong>NOM-Pr\u00e9nom<\/strong><\/td>\n<td width=\"100\"><strong>T\u00e9l\u00e9phone<\/strong><\/td>\n<\/tr>\n<tr>\n<td rowspan=\"3\" width=\"80\"><strong>ARGGB\u00a0\u00a0\u00a0\u00a0\u00a0<\/strong><\/td>\n<td width=\"118\">Elyane FORET<\/td>\n<td width=\"100\">06.81.10.23.08<\/td>\n<\/tr>\n<\/tbody>\n<\/table>\n<p>[\/vc_column_text][\/vc_column][\/vc_row]<\/p>\n","protected":false},"excerpt":{"rendered":"<p>[vc_row][vc_column][vc_column_text] Association NOM-Pr\u00e9nom T\u00e9l\u00e9phone UNUCR\u00a0\u00a0\u00a0\u00a0\u00a0 Pascal BARRE (d\u00e9l\u00e9gu\u00e9 28) 06.15.88.22.02 Vincent CHAUVEAU 06.76.12.96.48 Romain GOUSSU 06.31.32.36.27 Antonio RODRIGO 06.22.19.71.97 No\u00ebl VADE 06.26.57.44.33 Thierry DOUSSET 06.81.60.64.34 &nbsp; Association NOM-Pr\u00e9nom T\u00e9l\u00e9phone ARGGB\u00a0\u00a0\u00a0\u00a0\u00a0 Elyane FORET 06.81.10.23.08 [\/vc_column_text][\/vc_column][\/vc_row]<\/p>\n","protected":false},"author":2,"featured_media":0,"parent":0,"menu_order":0,"comment_status":"closed","ping_status":"closed","template":"","meta":{"_acf_changed":false,"inline_featured_image":false,"_exactmetrics_skip_tracking":false,"_exactmetrics_sitenote_active":false,"_exactmetrics_sitenote_note":"","_exactmetrics_sitenote_category":0,"footnotes":""},"class_list":["post-3537","page","type-page","status-publish","hentry"],"acf":[],"publishpress_future_action":{"enabled":false,"date":"2026-04-18 12:24:39","action":"change-status","newStatus":"draft","terms":[],"taxonomy":"","extraData":[]},"publishpress_future_workflow_manual_trigger":{"enabledWorkflows":[]},"_links":{"self":[{"href":"https:\/\/www.save.chasseurducentrevaldeloire.fr\/fdc28\/wp-json\/wp\/v2\/pages\/3537","targetHints":{"allow":["GET"]}}],"collection":[{"href":"https:\/\/www.save.chasseurducentrevaldeloire.fr\/fdc28\/wp-json\/wp\/v2\/pages"}],"about":[{"href":"https:\/\/www.save.chasseurducentrevaldeloire.fr\/fdc28\/wp-json\/wp\/v2\/types\/page"}],"author":[{"embeddable":true,"href":"https:\/\/www.save.chasseurducentrevaldeloire.fr\/fdc28\/wp-json\/wp\/v2\/users\/2"}],"replies":[{"embeddable":true,"href":"https:\/\/www.save.chasseurducentrevaldeloire.fr\/fdc28\/wp-json\/wp\/v2\/comments?post=3537"}],"version-history":[{"count":18,"href":"https:\/\/www.save.chasseurducentrevaldeloire.fr\/fdc28\/wp-json\/wp\/v2\/pages\/3537\/revisions"}],"predecessor-version":[{"id":6225,"href":"https:\/\/www.save.chasseurducentrevaldeloire.fr\/fdc28\/wp-json\/wp\/v2\/pages\/3537\/revisions\/6225"}],"wp:attachment":[{"href":"https:\/\/www.save.chasseurducentrevaldeloire.fr\/fdc28\/wp-json\/wp\/v2\/media?parent=3537"}],"curies":[{"name":"wp","href":"https:\/\/api.w.org\/{rel}","templated":true}]}}