{"id":3532,"date":"2018-06-01T16:36:03","date_gmt":"2018-06-01T14:36:03","guid":{"rendered":"http:\/\/www.chasseurducentrevaldeloire.fr\/fdc28\/?page_id=3532"},"modified":"2025-11-13T10:22:41","modified_gmt":"2025-11-13T09:22:41","slug":"associations","status":"publish","type":"page","link":"https:\/\/www.save.chasseurducentrevaldeloire.fr\/fdc28\/associations\/","title":{"rendered":"Associations"},"content":{"rendered":"<p>[vc_row][vc_column]<div class=\"qodef-accordion-holder clearfix qodef-toggle qodef-boxed \">\n\t<h4 class=\"clearfix qodef-title-holder\" >\n\t<span class=\"qodef-accordion-mark qodef-left-mark\">\n\t\t<span class=\"qodef-accordion-mark-icon\">\n\t\t\t<span class=\"icon_plus\"><\/span>\n\t\t\t<span class=\"icon_minus-06\"><\/span>\n\t\t<\/span>\n\t<\/span>\n\t<span class=\"qodef-tab-title\">\n\t\t<span class=\"qodef-tab-title-inner\">\n\t\t\tBECASSIERS\t\t<\/span>\n\t<\/span>\n<\/h4>\n<div class=\"qodef-accordion-content\">\n\t<div class=\"qodef-accordion-content-inner\">\n\t\t[vc_row_inner el_class=\u00a0\u00bbasso\u00a0\u00bb][vc_column_inner el_class=\u00a0\u00bbasso-img\u00a0\u00bb width=\u00a0\u00bb1\/4&Prime;][vc_single_image image=\u00a0\u00bb3508&Prime; alignment=\u00a0\u00bbcenter\u00a0\u00bb][\/vc_column_inner][vc_column_inner el_class=\u00a0\u00bbasso-text\u00a0\u00bb width=\u00a0\u00bb3\/4&Prime;][vc_column_text]<strong>CLUB NATIONAL DES BECASSIERS<\/strong><\/p>\n<p>&nbsp;<\/p>\n<p>Jean-Luc MATHIEU<\/p>\n<p>&nbsp;<\/p>\n<p>12 rue du Mont Tabor &#8211; 75001 PARIS<\/p>\n<p>&nbsp;<\/p>\n<p>T\u00e9l\u00a0: 06 08 22 47 95<\/p>\n<p>&nbsp;<\/p>\n<p>e-mail\u00a0: <u><a href=\"mailto:jeanlucmathieu@free.fr\"><span style=\"color: #70b400\"><strong>jeanlucmathieu@free.fr<\/strong><\/span><\/a><\/u><\/p>\n<p>Site internet\u00a0: <span style=\"color: #70b400\"><strong><u><a style=\"color: #70b400\" href=\"http:\/\/clubnationaldesbecassiers.net\">http:\/\/clubnationaldesbecassiers.net<\/a><\/u><\/strong><\/span>[\/vc_column_text][\/vc_column_inner][\/vc_row_inner]\t<\/div>\n<\/div>\n<h4 class=\"clearfix qodef-title-holder\" >\n\t<span class=\"qodef-accordion-mark qodef-left-mark\">\n\t\t<span class=\"qodef-accordion-mark-icon\">\n\t\t\t<span class=\"icon_plus\"><\/span>\n\t\t\t<span class=\"icon_minus-06\"><\/span>\n\t\t<\/span>\n\t<\/span>\n\t<span class=\"qodef-tab-title\">\n\t\t<span class=\"qodef-tab-title-inner\">\n\t\t\tCHASSE A COURRE\t\t<\/span>\n\t<\/span>\n<\/h4>\n<div class=\"qodef-accordion-content\">\n\t<div class=\"qodef-accordion-content-inner\">\n\t\t[vc_row_inner el_class=\u00a0\u00bbasso\u00a0\u00bb][vc_column_inner el_class=\u00a0\u00bbasso-img\u00a0\u00bb width=\u00a0\u00bb1\/4&Prime;][vc_single_image image=\u00a0\u00bb3502&Prime; alignment=\u00a0\u00bbcenter\u00a0\u00bb][\/vc_column_inner][vc_column_inner el_class=\u00a0\u00bbasso-text\u00a0\u00bb width=\u00a0\u00bb3\/4&Prime;][vc_column_text]<strong>ASSOCIATION CHASSE A COURRE<\/strong><\/p>\n<p>&nbsp;<\/p>\n<p>Equipage Piqu\u2019Hardy<\/p>\n<p>&nbsp;<\/p>\n<p>M. DULAC Philippe<\/p>\n<p>&nbsp;<\/p>\n<p>117 rue Saint Dominique &#8211; 75007 PARIS<\/p>\n<p>&nbsp;<\/p>\n<p>01.45.51.42.99<\/p>\n<p>&nbsp;<\/p>\n<p>Site internet\u00a0: <u><a href=\"http:\/\/www.venerie.org\" target=\"_blank\" rel=\"noopener noreferrer\"><span style=\"color: #70b400\"><strong>http:\/\/www.venerie.org<\/strong><\/span><\/a><\/u>[\/vc_column_text][\/vc_column_inner][\/vc_row_inner]\t<\/div>\n<\/div>\n<h4 class=\"clearfix qodef-title-holder\" >\n\t<span class=\"qodef-accordion-mark qodef-left-mark\">\n\t\t<span class=\"qodef-accordion-mark-icon\">\n\t\t\t<span class=\"icon_plus\"><\/span>\n\t\t\t<span class=\"icon_minus-06\"><\/span>\n\t\t<\/span>\n\t<\/span>\n\t<span class=\"qodef-tab-title\">\n\t\t<span class=\"qodef-tab-title-inner\">\n\t\t\tCHASSEURS A L\u2019ARC D\u2019EURE-ET-LOIR\t\t<\/span>\n\t<\/span>\n<\/h4>\n<div class=\"qodef-accordion-content\">\n\t<div class=\"qodef-accordion-content-inner\">\n\t\t[vc_row_inner el_class=\u00a0\u00bbasso\u00a0\u00bb][vc_column_inner el_class=\u00a0\u00bbasso-img\u00a0\u00bb width=\u00a0\u00bb1\/4&Prime;][vc_single_image image=\u00a0\u00bb3513&Prime; alignment=\u00a0\u00bbcenter\u00a0\u00bb][\/vc_column_inner][vc_column_inner el_class=\u00a0\u00bbasso-text\u00a0\u00bb width=\u00a0\u00bb3\/4&Prime;][vc_column_text]<strong>ASSOCIATION DES CHASSEURS A L\u2019ARC D\u2019EURE ET LOIR<\/strong><\/p>\n<p>&nbsp;<\/p>\n<p><strong>Pr\u00e9sident<\/strong> : Thierry DELANNOY\u00a0\u00a0\u00a0\u00a0 T\u00e9l\u00a0: 06 15 33 03 31<\/p>\n<p>&nbsp;<\/p>\n<p><span data-olk-copy-source=\"MessageBody\">9 rue des marais\u00a0 &#8211; 28210 NERON<\/span><\/p>\n<p>&nbsp;<\/p>\n<p>Vice Pr\u00e9sident : <span data-olk-copy-source=\"MessageBody\">Jean-Luc LOBROT<\/span><\/p>\n<p>&nbsp;<\/p>\n<p><strong>Vice Pr\u00e9sident\u00a0(en charge des formations) : <\/strong>Fr\u00e9d\u00e9ric NOLLET, T\u00e9l. : 06 43 61 97 20<\/p>\n<p>&nbsp;<\/p>\n<p><strong>Tr\u00e9sorier\u00a0:<\/strong> Pascal PEHO, T\u00e9l. : 06 14 40 10 57<\/p>\n<p>&nbsp;<\/p>\n<p>e-mail\u00a0: <span style=\"color: #70b400\"><strong><u><span style=\"color: #70b400\"><b><a id=\"LPlnk568927\" style=\"color: #70b400\" title=\"mailto:acael28@gmail.com\" href=\"mailto:acael28@gmail.com\" data-linkindex=\"0\" data-olk-copy-source=\"MessageBody\">acael28@gmail.com<\/a>\u00a0<\/b><\/span><\/u><\/strong><\/span><\/p>\n<p>Site internet\u00a0: <strong><span style=\"color: #70b400\"><u><a style=\"color: #70b400\" href=\"http:\/\/acael28.over-blog.com\/\" target=\"_blank\" rel=\"noopener noreferrer\">http:\/\/acael28.over-blog.com\/<\/a><\/u><\/span><\/strong><\/p>\n<p>Facebook :<strong>\u00a0<a href=\"https:\/\/www.facebook.com\/pages\/ACAEL-28-Association-des-chasseurs-%C3%A0-l-arc-d-eure-et-loir\/854377471303277?fref=ts\" target=\"_blank\" rel=\"noopener noreferrer\"><span style=\"color: #70b400\">https:\/\/www.facebook.com\/pages\/ACAEL-28-Association-des-chasseurs-%C3%A0-l-arc-d-eure-et-loir\/854377471303277?fref=ts<\/span><\/a><\/strong>[\/vc_column_text][\/vc_column_inner][\/vc_row_inner]\t<\/div>\n<\/div>\n<h4 class=\"clearfix qodef-title-holder\" >\n\t<span class=\"qodef-accordion-mark qodef-left-mark\">\n\t\t<span class=\"qodef-accordion-mark-icon\">\n\t\t\t<span class=\"icon_plus\"><\/span>\n\t\t\t<span class=\"icon_minus-06\"><\/span>\n\t\t<\/span>\n\t<\/span>\n\t<span class=\"qodef-tab-title\">\n\t\t<span class=\"qodef-tab-title-inner\">\n\t\t\tCHIENS COURANTS - AFACCC\t\t<\/span>\n\t<\/span>\n<\/h4>\n<div class=\"qodef-accordion-content\">\n\t<div class=\"qodef-accordion-content-inner\">\n\t\t[vc_row_inner el_class=\u00a0\u00bbasso\u00a0\u00bb][vc_column_inner el_class=\u00a0\u00bbasso-img\u00a0\u00bb width=\u00a0\u00bb1\/4&Prime;][vc_single_image image=\u00a0\u00bb3514&Prime; alignment=\u00a0\u00bbcenter\u00a0\u00bb][\/vc_column_inner][vc_column_inner el_class=\u00a0\u00bbasso-text\u00a0\u00bb width=\u00a0\u00bb3\/4&Prime;][vc_column_text]<strong>Association Fran\u00e7aise pour l\u2019Avenir de la Chasse aux Chiens Courant d\u2019Eure et Loir<\/strong><\/p>\n<p>&nbsp;<\/p>\n<p>Pr\u00e9sident : Daniel JOURNET<\/p>\n<p>&nbsp;<\/p>\n<p>T\u00e9l. : 06.13.21.15.08<\/p>\n<p>e-mail\u00a0: <span style=\"color: #70b400\"><strong><u><a style=\"color: #70b400\" href=\"afaccc28@gmail.com\">afaccc28@gmail.com<\/a><\/u><\/strong><\/span><\/p>\n<p>Site internet\u00a0: <span style=\"color: #70b400\"><strong><u><a style=\"color: #70b400\" href=\"http:\/\/afaccc28.wifeo.com\" target=\"_blank\" rel=\"noopener noreferrer\">http:\/\/afaccc28.wifeo.com<\/a><\/u><\/strong><\/span>[\/vc_column_text][\/vc_column_inner][\/vc_row_inner]\t<\/div>\n<\/div>\n<h4 class=\"clearfix qodef-title-holder\" >\n\t<span class=\"qodef-accordion-mark qodef-left-mark\">\n\t\t<span class=\"qodef-accordion-mark-icon\">\n\t\t\t<span class=\"icon_plus\"><\/span>\n\t\t\t<span class=\"icon_minus-06\"><\/span>\n\t\t<\/span>\n\t<\/span>\n\t<span class=\"qodef-tab-title\">\n\t\t<span class=\"qodef-tab-title-inner\">\n\t\t\tFAUCONNIERS AUTOURSIERS\t\t<\/span>\n\t<\/span>\n<\/h4>\n<div class=\"qodef-accordion-content\">\n\t<div class=\"qodef-accordion-content-inner\">\n\t\t[vc_row_inner el_class=\u00a0\u00bbasso\u00a0\u00bb][vc_column_inner el_class=\u00a0\u00bbasso-img\u00a0\u00bb width=\u00a0\u00bb1\/4&Prime;][vc_single_image image=\u00a0\u00bb3478&Prime; alignment=\u00a0\u00bbcenter\u00a0\u00bb][\/vc_column_inner][vc_column_inner el_class=\u00a0\u00bbasso-text\u00a0\u00bb width=\u00a0\u00bb3\/4&Prime;][vc_column_text]<strong>ASSOCIATION DES FAUCONNIERS AUTOURSIERS<\/strong><\/p>\n<p>&nbsp;<\/p>\n<p>M\u00e9lissa MARTIN<\/p>\n<p>Tel\u00a0: 06 68 31 55 18<\/p>\n<p>Mail\u00a0: <a href=\"mailto:melissa91650@gmail.com\"><span style=\"color: #70b400\"><strong>melissa91650@gmail.com<\/strong><\/span><\/a>[\/vc_column_text][\/vc_column_inner][\/vc_row_inner]\t<\/div>\n<\/div>\n<h4 class=\"clearfix qodef-title-holder\" >\n\t<span class=\"qodef-accordion-mark qodef-left-mark\">\n\t\t<span class=\"qodef-accordion-mark-icon\">\n\t\t\t<span class=\"icon_plus\"><\/span>\n\t\t\t<span class=\"icon_minus-06\"><\/span>\n\t\t<\/span>\n\t<\/span>\n\t<span class=\"qodef-tab-title\">\n\t\t<span class=\"qodef-tab-title-inner\">\n\t\t\tGARDES PARTICULIERS\t\t<\/span>\n\t<\/span>\n<\/h4>\n<div class=\"qodef-accordion-content\">\n\t<div class=\"qodef-accordion-content-inner\">\n\t\t[vc_row_inner el_class=\u00a0\u00bbasso\u00a0\u00bb][vc_column_inner el_class=\u00a0\u00bbasso-img\u00a0\u00bb width=\u00a0\u00bb1\/4&Prime;][vc_single_image image=\u00a0\u00bb3481&Prime; alignment=\u00a0\u00bbcenter\u00a0\u00bb][\/vc_column_inner][vc_column_inner el_class=\u00a0\u00bbasso-text\u00a0\u00bb width=\u00a0\u00bb3\/4&Prime;][vc_column_text]<strong>Association des GARDES PARTICULIERS<br \/>\n<\/strong><\/p>\n<p>&nbsp;<\/p>\n<p>Patrick Richard<\/p>\n<p>&nbsp;<\/p>\n<p>8 all\u00e9e Pierre Mend\u00e8s France<\/p>\n<p>&nbsp;<\/p>\n<p>28380 St-R\u00e9my-S\/Avre<\/p>\n<p>&nbsp;<\/p>\n<p>06 88 81 17 52[\/vc_column_text][\/vc_column_inner][\/vc_row_inner]\t<\/div>\n<\/div>\n<h4 class=\"clearfix qodef-title-holder\" >\n\t<span class=\"qodef-accordion-mark qodef-left-mark\">\n\t\t<span class=\"qodef-accordion-mark-icon\">\n\t\t\t<span class=\"icon_plus\"><\/span>\n\t\t\t<span class=\"icon_minus-06\"><\/span>\n\t\t<\/span>\n\t<\/span>\n\t<span class=\"qodef-tab-title\">\n\t\t<span class=\"qodef-tab-title-inner\">\n\t\t\tGIBIER D\u2019EAU\t\t<\/span>\n\t<\/span>\n<\/h4>\n<div class=\"qodef-accordion-content\">\n\t<div class=\"qodef-accordion-content-inner\">\n\t\t[vc_row_inner el_class=\u00a0\u00bbasso\u00a0\u00bb][vc_column_inner el_class=\u00a0\u00bbasso-img\u00a0\u00bb width=\u00a0\u00bb1\/4&Prime;][vc_single_image image=\u00a0\u00bb3483&Prime; alignment=\u00a0\u00bbcenter\u00a0\u00bb][\/vc_column_inner][vc_column_inner el_class=\u00a0\u00bbasso-text\u00a0\u00bb width=\u00a0\u00bb3\/4&Prime;][vc_column_text]<strong>ASSOCIATION DES CHASSEURS DE GIBIER D\u2019EAU<\/strong><\/p>\n<p>&nbsp;<\/p>\n<p>Pr\u00e9sident\u00a0: Daniel BLIN<\/p>\n<p>&nbsp;<\/p>\n<p>02 rue Creuse \u2013 28630 THIVARS<\/p>\n<p>&nbsp;<\/p>\n<p>02.37 26.42.69 ou 06 20 20 35 38<\/p>\n<p>&nbsp;<\/p>\n<p>Email : <span style=\"color: #70b400\"><strong><u><a style=\"color: #70b400\" href=\"mailto:danielblin50@sfr.fr\">danielblin50@sfr.fr<\/a><\/u><\/strong><\/span><\/p>\n<p>Site Internet : <span style=\"color: #70b400\"><strong><u><a style=\"color: #70b400\" href=\"http:\/\/www.ancge.fr\">http:\/\/www.ancge.fr<\/a><\/u><\/strong><\/span>[\/vc_column_text][\/vc_column_inner][\/vc_row_inner]\t<\/div>\n<\/div>\n<h4 class=\"clearfix qodef-title-holder\" >\n\t<span class=\"qodef-accordion-mark qodef-left-mark\">\n\t\t<span class=\"qodef-accordion-mark-icon\">\n\t\t\t<span class=\"icon_plus\"><\/span>\n\t\t\t<span class=\"icon_minus-06\"><\/span>\n\t\t<\/span>\n\t<\/span>\n\t<span class=\"qodef-tab-title\">\n\t\t<span class=\"qodef-tab-title-inner\">\n\t\t\tGRAND GIBIER\t\t<\/span>\n\t<\/span>\n<\/h4>\n<div class=\"qodef-accordion-content\">\n\t<div class=\"qodef-accordion-content-inner\">\n\t\t[vc_row_inner el_class=\u00a0\u00bbasso\u00a0\u00bb][vc_column_inner el_class=\u00a0\u00bbasso-img\u00a0\u00bb width=\u00a0\u00bb1\/4&Prime;][vc_single_image image=\u00a0\u00bb3484&Prime; alignment=\u00a0\u00bbcenter\u00a0\u00bb][\/vc_column_inner][vc_column_inner el_class=\u00a0\u00bbasso-text\u00a0\u00bb width=\u00a0\u00bb3\/4&Prime;][vc_column_text]<strong>ASSOCIATION DES CHASSEURS DE GRAND GIBIER<\/strong><\/p>\n<p>&nbsp;<\/p>\n<p>BAZILLE Jean-Fran\u00e7ois<\/p>\n<p>&nbsp;<\/p>\n<p>54 avenue de Ch\u00e2teaudun \u2013 91410 DOURDAN<\/p>\n<p>&nbsp;<\/p>\n<p>T\u00e9l\u00a0: 06.70.72.68.28<\/p>\n<p>&nbsp;<\/p>\n<p>Email: <span style=\"color: #70b400\"><strong><u><a style=\"color: #70b400\" href=\"mailto:jfbazille@wanadoo.fr\">jfbazille@wanadoo.fr<\/a><\/u><\/strong><\/span><\/p>\n<p>Site Internet: <span style=\"color: #70b400\"><strong><u><a style=\"color: #70b400\" href=\"http:\/\/www.ancgg.org\/ad28\/\">http:\/\/www.ancgg.org\/ad28\/<\/a><\/u><\/strong><\/span>[\/vc_column_text][\/vc_column_inner][\/vc_row_inner]\t<\/div>\n<\/div>\n<h4 class=\"clearfix qodef-title-holder\" >\n\t<span class=\"qodef-accordion-mark qodef-left-mark\">\n\t\t<span class=\"qodef-accordion-mark-icon\">\n\t\t\t<span class=\"icon_plus\"><\/span>\n\t\t\t<span class=\"icon_minus-06\"><\/span>\n\t\t<\/span>\n\t<\/span>\n\t<span class=\"qodef-tab-title\">\n\t\t<span class=\"qodef-tab-title-inner\">\n\t\t\tJEUNES CHASSEURS\t\t<\/span>\n\t<\/span>\n<\/h4>\n<div class=\"qodef-accordion-content\">\n\t<div class=\"qodef-accordion-content-inner\">\n\t\t[vc_row_inner el_class=\u00a0\u00bbasso\u00a0\u00bb][vc_column_inner el_class=\u00a0\u00bbasso-img\u00a0\u00bb width=\u00a0\u00bb1\/4&Prime;][vc_single_image image=\u00a0\u00bb3485&Prime; alignment=\u00a0\u00bbcenter\u00a0\u00bb][\/vc_column_inner][vc_column_inner el_class=\u00a0\u00bbasso-text\u00a0\u00bb width=\u00a0\u00bb3\/4&Prime;][vc_column_text]<strong>Association de Jeunes Chasseurs d\u2019Eure-et-Loir (A.J.C. 28)<\/strong><\/p>\n<p>&nbsp;<\/p>\n<p>Pr\u00e9sident : PORCHER VALENTIN<\/p>\n<p>2 RUELLE DE LA GARENNE<\/p>\n<p>28130 MAINTENON<\/p>\n<p>06.31.25.11.88<\/p>\n<p><span style=\"color: #70b400\"><strong><a style=\"color: #70b400\" href=\"mailto:valentinporcher28@gmail.com\">valentinporcher28@gmail.com<\/a><\/strong><\/span><\/p>\n<p>&nbsp;<\/p>\n<p>&nbsp;<\/p>\n<p>mail : <span style=\"color: #70b400\"><strong><u><a style=\"color: #70b400\" href=\"mailto:jeuneschasseurs28@gmail.com\">jeuneschasseurs28@gmail.com<\/a><\/u><\/strong><\/span><\/p>\n<p>&nbsp;<\/p>\n<p>Le si\u00e8ge de l&rsquo;association\u00a0: 12 Ch\u00e2teau de Chenonville 28360 CHENONVILLE<\/p>\n<p>&nbsp;<\/p>\n<p><span style=\"color: #70b400\"><strong><u><a style=\"color: #70b400\" href=\"http:\/\/www.jeuneschasseurs28.com\/\">http:\/\/www.jeuneschasseurs28.com<\/a><\/u><\/strong><\/span>[\/vc_column_text][\/vc_column_inner][\/vc_row_inner]\t<\/div>\n<\/div>\n<h4 class=\"clearfix qodef-title-holder\" >\n\t<span class=\"qodef-accordion-mark qodef-left-mark\">\n\t\t<span class=\"qodef-accordion-mark-icon\">\n\t\t\t<span class=\"icon_plus\"><\/span>\n\t\t\t<span class=\"icon_minus-06\"><\/span>\n\t\t<\/span>\n\t<\/span>\n\t<span class=\"qodef-tab-title\">\n\t\t<span class=\"qodef-tab-title-inner\">\n\t\t\tLIEUTENANTS LOUVETERIE\t\t<\/span>\n\t<\/span>\n<\/h4>\n<div class=\"qodef-accordion-content\">\n\t<div class=\"qodef-accordion-content-inner\">\n\t\t[vc_row_inner el_class=\u00a0\u00bbasso\u00a0\u00bb][vc_column_inner el_class=\u00a0\u00bbasso-img\u00a0\u00bb width=\u00a0\u00bb1\/4&Prime;][vc_single_image image=\u00a0\u00bb3487&Prime; alignment=\u00a0\u00bbcenter\u00a0\u00bb][\/vc_column_inner][vc_column_inner el_class=\u00a0\u00bbasso-text\u00a0\u00bb width=\u00a0\u00bb3\/4&Prime;][vc_column_text]<strong>ASSOCIATION DES LIEUTENANTS DE LOUVETERIES<\/strong><\/p>\n<p>&nbsp;<\/p>\n<p>CABART Thierry<\/p>\n<p>&nbsp;<\/p>\n<p>2 rue Nouvelle &#8211; Chatenay\u00a0 \u2013\u00a0 28190 MITTAINVILLIERS<\/p>\n<p>&nbsp;<\/p>\n<p>02.37.32.81.27 \/ 06.18.44.12.50[\/vc_column_text][\/vc_column_inner][\/vc_row_inner]\t<\/div>\n<\/div>\n<h4 class=\"clearfix qodef-title-holder\" >\n\t<span class=\"qodef-accordion-mark qodef-left-mark\">\n\t\t<span class=\"qodef-accordion-mark-icon\">\n\t\t\t<span class=\"icon_plus\"><\/span>\n\t\t\t<span class=\"icon_minus-06\"><\/span>\n\t\t<\/span>\n\t<\/span>\n\t<span class=\"qodef-tab-title\">\n\t\t<span class=\"qodef-tab-title-inner\">\n\t\t\tPETIT GIBIER\t\t<\/span>\n\t<\/span>\n<\/h4>\n<div class=\"qodef-accordion-content\">\n\t<div class=\"qodef-accordion-content-inner\">\n\t\t[vc_row_inner el_class=\u00a0\u00bbasso\u00a0\u00bb][vc_column_inner el_class=\u00a0\u00bbasso-img\u00a0\u00bb width=\u00a0\u00bb1\/4&Prime;][\/vc_column_inner][vc_column_inner el_class=\u00a0\u00bbasso-text\u00a0\u00bb width=\u00a0\u00bb3\/4&Prime;][vc_column_text]<strong>ASSOCIATION DES CHASSEURS DE PETIT GIBIER<\/strong><\/p>\n<p>&nbsp;<\/p>\n<p>ROUZIES Dominique\u00a0 &#8211;\u00a0 28000 CHARTRES<\/p>\n<p>&nbsp;<\/p>\n<p>T\u00e9l\u00a0: 06.80.32.46.44<\/p>\n<p>&nbsp;<\/p>\n<p>e-mail\u00a0: <span style=\"color: #70b400\"><strong><u><a style=\"color: #70b400\" href=\"mailto:djb.rouzies@orange.fr\">djb.rouzies@orange.fr<\/a><\/u><\/strong><\/span>[\/vc_column_text][\/vc_column_inner][\/vc_row_inner]\t<\/div>\n<\/div>\n<h4 class=\"clearfix qodef-title-holder\" >\n\t<span class=\"qodef-accordion-mark qodef-left-mark\">\n\t\t<span class=\"qodef-accordion-mark-icon\">\n\t\t\t<span class=\"icon_plus\"><\/span>\n\t\t\t<span class=\"icon_minus-06\"><\/span>\n\t\t<\/span>\n\t<\/span>\n\t<span class=\"qodef-tab-title\">\n\t\t<span class=\"qodef-tab-title-inner\">\n\t\t\tPIEGEURS AGREES\t\t<\/span>\n\t<\/span>\n<\/h4>\n<div class=\"qodef-accordion-content\">\n\t<div class=\"qodef-accordion-content-inner\">\n\t\t[vc_row_inner el_class=\u00a0\u00bbasso\u00a0\u00bb][vc_column_inner el_class=\u00a0\u00bbasso-img\u00a0\u00bb width=\u00a0\u00bb1\/4&Prime;][vc_single_image image=\u00a0\u00bb3494&Prime; alignment=\u00a0\u00bbcenter\u00a0\u00bb][\/vc_column_inner][vc_column_inner el_class=\u00a0\u00bbasso-text\u00a0\u00bb width=\u00a0\u00bb3\/4&Prime;][vc_column_text]<strong>ASSOCIATION DES PIEGEURS AGREES<\/strong><\/p>\n<p>&nbsp;<\/p>\n<p>RICHARD Patrick<\/p>\n<p>&nbsp;<\/p>\n<p>8 ALLEE PIERRE MENDES France &#8211; 28380 SAINT REMY SUR AVRE<\/p>\n<p>&nbsp;<\/p>\n<p>T\u00e9l : 06.88.81.17.52<\/p>\n<p>e-mail : <span style=\"color: #70b400\"><strong><u><a style=\"color: #70b400\" href=\"mailto:lataupe.007@hotmail.fr\">lataupe.007@hotmail.fr<\/a><\/u><\/strong><\/span><br \/>\n<strong><span style=\"color: #70b400\"><u><a style=\"color: #70b400\" href=\"http:\/\/unapaf.com\" target=\"_blank\" rel=\"noopener noreferrer\">http:\/\/unapaf.com<\/a><\/u><\/span><\/strong><\/p>\n<p><strong>\u00a0<\/strong><\/p>\n<p><strong>Forum de discussion sur la r\u00e9gulation des esp\u00e8ces susceptibles d\u2019occasionner des d\u00e9g\u00e2ts par le pi\u00e9geage sur le territoire fran\u00e7ais m\u00e9tropolitain : <span style=\"color: #70b400\"><u><a style=\"color: #70b400\" href=\"http:\/\/le-piegeage.discutforum.com\/\" target=\"_blank\" rel=\"noopener noreferrer\">http:\/\/le-piegeage.discutforum.com\/<\/a><\/u><\/span><\/strong>[\/vc_column_text][\/vc_column_inner][\/vc_row_inner]\t<\/div>\n<\/div>\n<h4 class=\"clearfix qodef-title-holder\" >\n\t<span class=\"qodef-accordion-mark qodef-left-mark\">\n\t\t<span class=\"qodef-accordion-mark-icon\">\n\t\t\t<span class=\"icon_plus\"><\/span>\n\t\t\t<span class=\"icon_minus-06\"><\/span>\n\t\t<\/span>\n\t<\/span>\n\t<span class=\"qodef-tab-title\">\n\t\t<span class=\"qodef-tab-title-inner\">\n\t\t\tRECHERCHE AU SANG U.N.U.C.R.\t\t<\/span>\n\t<\/span>\n<\/h4>\n<div class=\"qodef-accordion-content\">\n\t<div class=\"qodef-accordion-content-inner\">\n\t\t[vc_row_inner el_class=\u00a0\u00bbasso\u00a0\u00bb][vc_column_inner el_class=\u00a0\u00bbasso-img\u00a0\u00bb width=\u00a0\u00bb1\/4&Prime;][vc_single_image image=\u00a0\u00bb3499&Prime; alignment=\u00a0\u00bbcenter\u00a0\u00bb][\/vc_column_inner][vc_column_inner el_class=\u00a0\u00bbasso-text\u00a0\u00bb width=\u00a0\u00bb3\/4&Prime;][vc_column_text]<strong>CONDUCTEURS CHIEN DE SANG U.N.U.C.R.<\/strong><\/p>\n<p>&nbsp;<\/p>\n<p>Pascal Barr\u00e9<\/p>\n<p>15 rue de la R\u00e9publique<\/p>\n<p>Villiers le bois<\/p>\n<p>28630 NOGENT LE PHAYE<\/p>\n<p>0615882202<\/p>\n<p>[\/vc_column_text][\/vc_column_inner][\/vc_row_inner]\t<\/div>\n<\/div>\n<h4 class=\"clearfix qodef-title-holder\" >\n\t<span class=\"qodef-accordion-mark qodef-left-mark\">\n\t\t<span class=\"qodef-accordion-mark-icon\">\n\t\t\t<span class=\"icon_plus\"><\/span>\n\t\t\t<span class=\"icon_minus-06\"><\/span>\n\t\t<\/span>\n\t<\/span>\n\t<span class=\"qodef-tab-title\">\n\t\t<span class=\"qodef-tab-title-inner\">\n\t\t\tRECHERCHE GRAND GIBIER BLESSE (A.R.G.G.B.)\t\t<\/span>\n\t<\/span>\n<\/h4>\n<div class=\"qodef-accordion-content\">\n\t<div class=\"qodef-accordion-content-inner\">\n\t\t[vc_row_inner el_class=\u00a0\u00bbasso\u00a0\u00bb][vc_column_inner el_class=\u00a0\u00bbasso-img\u00a0\u00bb width=\u00a0\u00bb1\/4&Prime;][vc_single_image image=\u00a0\u00bb3504&Prime; alignment=\u00a0\u00bbcenter\u00a0\u00bb][\/vc_column_inner][vc_column_inner el_class=\u00a0\u00bbasso-text\u00a0\u00bb width=\u00a0\u00bb3\/4&Prime;][vc_column_text]<strong>ASSOCIATION DE RECHERCHE DU GRAND GIBIER BLESSE (A.R.G.G.B.)<\/strong><\/p>\n<p>&nbsp;<\/p>\n<p><strong>FORET Elyane<\/strong><\/p>\n<p>&nbsp;<\/p>\n<p>21, Les Champeaux\u00a0 &#8211;\u00a0 28480 Combres<\/p>\n<p>&nbsp;<\/p>\n<p>02 37 29 50 65<\/p>\n<p>06 81 10 23 08<\/p>\n<p><span style=\"color: #70b400\"><strong><a style=\"color: #70b400\" href=\"mailto:Elyane.foret@gmail.com\">Elyane.foret@gmail.com<\/a><\/strong><\/span>[\/vc_column_text][\/vc_column_inner][\/vc_row_inner]\t<\/div>\n<\/div>\n<h4 class=\"clearfix qodef-title-holder\" >\n\t<span class=\"qodef-accordion-mark qodef-left-mark\">\n\t\t<span class=\"qodef-accordion-mark-icon\">\n\t\t\t<span class=\"icon_plus\"><\/span>\n\t\t\t<span class=\"icon_minus-06\"><\/span>\n\t\t<\/span>\n\t<\/span>\n\t<span class=\"qodef-tab-title\">\n\t\t<span class=\"qodef-tab-title-inner\">\n\t\t\tSONNEURS \u00ab Rallye Saint Hubert \u00bb\t\t<\/span>\n\t<\/span>\n<\/h4>\n<div class=\"qodef-accordion-content\">\n\t<div class=\"qodef-accordion-content-inner\">\n\t\t[vc_row_inner el_class=\u00a0\u00bbasso\u00a0\u00bb][vc_column_inner el_class=\u00a0\u00bbasso-img\u00a0\u00bb width=\u00a0\u00bb1\/4&Prime;][\/vc_column_inner][vc_column_inner el_class=\u00a0\u00bbasso-text\u00a0\u00bb width=\u00a0\u00bb3\/4&Prime;][vc_column_text]<strong>ASSOCIATION DES SONNEURS \u00ab\u00a0Rallye Saint Hubert\u00a0\u00bb<\/strong><\/p>\n<p>&nbsp;<\/p>\n<p>Fran\u00e7ois Jouanne<\/p>\n<p>5 impasse des vignes<\/p>\n<p>28630 Barjouville<\/p>\n<p>T\u00e9l. : 02 37 28 09 97<\/p>\n<p>&nbsp;<\/p>\n<p>Email : <span style=\"color: #70b400\"><strong><a style=\"color: #70b400\" href=\"mailto:fljouanne@orange.fr\">fljouanne@orange.fr<\/a><\/strong><\/span>[\/vc_column_text][\/vc_column_inner][\/vc_row_inner]\t<\/div>\n<\/div>\n<h4 class=\"clearfix qodef-title-holder\" >\n\t<span class=\"qodef-accordion-mark qodef-left-mark\">\n\t\t<span class=\"qodef-accordion-mark-icon\">\n\t\t\t<span class=\"icon_plus\"><\/span>\n\t\t\t<span class=\"icon_minus-06\"><\/span>\n\t\t<\/span>\n\t<\/span>\n\t<span class=\"qodef-tab-title\">\n\t\t<span class=\"qodef-tab-title-inner\">\n\t\t\tVENERIE SOUS TERRE\t\t<\/span>\n\t<\/span>\n<\/h4>\n<div class=\"qodef-accordion-content\">\n\t<div class=\"qodef-accordion-content-inner\">\n\t\t[vc_row_inner el_class=\u00a0\u00bbasso\u00a0\u00bb][vc_column_inner el_class=\u00a0\u00bbasso-img\u00a0\u00bb width=\u00a0\u00bb1\/4&Prime;][vc_single_image image=\u00a0\u00bb3501&Prime; alignment=\u00a0\u00bbcenter\u00a0\u00bb][\/vc_column_inner][vc_column_inner el_class=\u00a0\u00bbasso-text\u00a0\u00bb width=\u00a0\u00bb3\/4&Prime;][vc_column_text]<strong>ASSOCIATION DE VENERIE SOUS TERRE<\/strong><\/p>\n<p>&nbsp;<\/p>\n<p class=\"x_MsoNormal\"><span data-olk-copy-source=\"MessageBody\">Eric MANGIN <\/span><\/p>\n<p class=\"x_MsoNormal\">06.49.57.72.44<\/p>\n<p class=\"x_MsoNormal\"><a title=\"mailto:eric.mangin72@orange.fr\" href=\"mailto:eric.mangin72@orange.fr\" data-linkindex=\"0\" data-olk-copy-source=\"MessageBody\"><span style=\"color: #70b400\"><strong>eric.mangin72@orange.fr<\/strong><\/span><\/a><\/p>\n<p>[\/vc_column_text][\/vc_column_inner][\/vc_row_inner]\t<\/div>\n<\/div>\n<\/div>[\/vc_column][\/vc_row]<\/p>\n","protected":false},"excerpt":{"rendered":"<p>[vc_row][vc_column][\/vc_column][\/vc_row]<\/p>\n","protected":false},"author":2,"featured_media":0,"parent":0,"menu_order":0,"comment_status":"closed","ping_status":"closed","template":"","meta":{"_acf_changed":false,"inline_featured_image":false,"_exactmetrics_skip_tracking":false,"_exactmetrics_sitenote_active":false,"_exactmetrics_sitenote_note":"","_exactmetrics_sitenote_category":0,"footnotes":""},"class_list":["post-3532","page","type-page","status-publish","hentry"],"acf":[],"publishpress_future_action":{"enabled":false,"date":"2026-04-18 12:24:43","action":"change-status","newStatus":"draft","terms":[],"taxonomy":"","extraData":[]},"publishpress_future_workflow_manual_trigger":{"enabledWorkflows":[]},"_links":{"self":[{"href":"https:\/\/www.save.chasseurducentrevaldeloire.fr\/fdc28\/wp-json\/wp\/v2\/pages\/3532","targetHints":{"allow":["GET"]}}],"collection":[{"href":"https:\/\/www.save.chasseurducentrevaldeloire.fr\/fdc28\/wp-json\/wp\/v2\/pages"}],"about":[{"href":"https:\/\/www.save.chasseurducentrevaldeloire.fr\/fdc28\/wp-json\/wp\/v2\/types\/page"}],"author":[{"embeddable":true,"href":"https:\/\/www.save.chasseurducentrevaldeloire.fr\/fdc28\/wp-json\/wp\/v2\/users\/2"}],"replies":[{"embeddable":true,"href":"https:\/\/www.save.chasseurducentrevaldeloire.fr\/fdc28\/wp-json\/wp\/v2\/comments?post=3532"}],"version-history":[{"count":29,"href":"https:\/\/www.save.chasseurducentrevaldeloire.fr\/fdc28\/wp-json\/wp\/v2\/pages\/3532\/revisions"}],"predecessor-version":[{"id":6565,"href":"https:\/\/www.save.chasseurducentrevaldeloire.fr\/fdc28\/wp-json\/wp\/v2\/pages\/3532\/revisions\/6565"}],"wp:attachment":[{"href":"https:\/\/www.save.chasseurducentrevaldeloire.fr\/fdc28\/wp-json\/wp\/v2\/media?parent=3532"}],"curies":[{"name":"wp","href":"https:\/\/api.w.org\/{rel}","templated":true}]}}