{"id":3523,"date":"2018-06-01T15:34:36","date_gmt":"2018-06-01T13:34:36","guid":{"rendered":"http:\/\/www.chasseurducentrevaldeloire.fr\/fdc28\/?page_id=3523"},"modified":"2025-04-29T08:35:57","modified_gmt":"2025-04-29T06:35:57","slug":"le-personnel","status":"publish","type":"page","link":"https:\/\/www.save.chasseurducentrevaldeloire.fr\/fdc28\/le-personnel\/","title":{"rendered":"Le Personnel"},"content":{"rendered":"<p>[vc_row][vc_column][vc_column_text]<\/p>\n<table>\n<thead>\n<tr>\n<td colspan=\"3\"><strong>LA DIRECTION<\/strong><\/td>\n<\/tr>\n<\/thead>\n<tbody>\n<tr>\n<td><img loading=\"lazy\" decoding=\"async\" class=\"size-full wp-image-3509 aligncenter\" src=\"http:\/\/www.chasseurducentrevaldeloire.fr\/fdc28\/wp-content\/uploads\/sites\/6\/2018\/05\/BLenfant.jpg\" alt=\"\" width=\"100\" height=\"133\" \/><\/td>\n<td><strong>Bruno LENFANT<\/strong><br \/>\nDirecteur<\/td>\n<td>Ligne directe\u00a0: 02 37 24 03 13<\/p>\n<p><span style=\"color: #70b400\"><strong><u><a style=\"color: #70b400\" href=\"mailto:bruno.lenfant@fdc28.fr\">bruno.lenfant@fdc28.fr<\/a><\/u><\/strong><\/span><\/td>\n<\/tr>\n<\/tbody>\n<\/table>\n<p>[\/vc_column_text][vc_empty_space][vc_column_text]<\/p>\n<table>\n<thead>\n<tr>\n<td colspan=\"3\"><strong>LE SERVICE ADMINISTRATIF<\/strong><\/td>\n<\/tr>\n<\/thead>\n<tbody>\n<tr>\n<td><img loading=\"lazy\" decoding=\"async\" class=\"alignnone wp-image-4076\" src=\"http:\/\/www.chasseurducentrevaldeloire.fr\/fdc28\/wp-content\/uploads\/sites\/6\/2018\/12\/2018Caroline-193x300.jpg\" alt=\"\" width=\"100\" height=\"159\" \/><\/td>\n<td><strong>Caroline MPAKA<\/strong><\/p>\n<p>Secr\u00e9taire administrative<\/td>\n<td>T\u00e9l\u00a0: 02 37 24 04 00<\/p>\n<p>&nbsp;<\/p>\n<p>Accueil\/Standard \u2013 Secr\u00e9tariat<\/p>\n<p>&nbsp;<\/p>\n<p>Gestion des formations pi\u00e9geage et gardes particuliers, pr\u00e9l\u00e8vements grand gibier<\/p>\n<p>&nbsp;<\/p>\n<p><span style=\"color: #70b400\"><strong><u><a style=\"color: #70b400\" href=\"mailto:caroline.mpaka@fdc28.fr\">caroline.mpaka@fdc28.fr<\/a><\/u><\/strong><\/span><\/p>\n<p>&nbsp;<\/p>\n<p><em>Absente le mercredi<\/em><\/td>\n<\/tr>\n<tr>\n<td><img loading=\"lazy\" decoding=\"async\" class=\"alignnone wp-image-4077\" src=\"http:\/\/www.chasseurducentrevaldeloire.fr\/fdc28\/wp-content\/uploads\/sites\/6\/2018\/12\/Sophie.jpg\" alt=\"\" width=\"100\" height=\"118\" \/><\/td>\n<td><strong>Sophie LE BLEVEC<\/strong><\/p>\n<p>Comptable<\/td>\n<td>Ligne directe\u00a0: 02 37 24 02 49<\/p>\n<p>&nbsp;<\/p>\n<p>Comptabilit\u00e9, Subventions,<\/p>\n<p>&nbsp;<\/p>\n<p>Guichet Unique<\/p>\n<p>&nbsp;<\/p>\n<p><strong><span style=\"color: #70b400\"><a style=\"color: #70b400\" href=\"mailto:sophie.leblevec@fdc28.fr\" target=\"_blank\" rel=\"noopener\"><u>sophie.leblevec@fdc28.fr<\/u><\/a><\/span><\/strong><\/p>\n<p>&nbsp;<\/p>\n<p><em>Absente le vendredi<\/em><\/td>\n<\/tr>\n<tr>\n<td><img loading=\"lazy\" decoding=\"async\" class=\"alignnone wp-image-4078\" src=\"http:\/\/www.chasseurducentrevaldeloire.fr\/fdc28\/wp-content\/uploads\/sites\/6\/2018\/12\/candice2017-266x300.jpg\" alt=\"\" width=\"103\" height=\"117\" srcset=\"https:\/\/www.save.chasseurducentrevaldeloire.fr\/fdc28\/wp-content\/uploads\/sites\/6\/2018\/12\/candice2017-266x300.jpg 266w, https:\/\/www.save.chasseurducentrevaldeloire.fr\/fdc28\/wp-content\/uploads\/sites\/6\/2018\/12\/candice2017.jpg 462w\" sizes=\"auto, (max-width: 103px) 100vw, 103px\" \/><\/td>\n<td><strong>Candice BOURDELAS<\/strong><\/p>\n<p>Secr\u00e9taire administrative<\/td>\n<td>Ligne directe\u00a0: 02 37 24 02 44<\/p>\n<p>&nbsp;<\/p>\n<p>Examen du Permis de chasser, Adh\u00e9rents et Subventions, Mat\u00e9riel de pi\u00e9geage et agrainage, Plan de chasse Petit gibier, Cartographie et mise \u00e0 jour des territoires.<\/p>\n<p>&nbsp;<\/p>\n<p><span style=\"color: #70b400\"><strong><u><a style=\"color: #70b400\" href=\"mailto:candice.bourdelas@fdc28.fr\">candice.bourdelas@fdc28.fr<\/a><\/u><\/strong><\/span><\/p>\n<p>&nbsp;<\/p>\n<p><em>Absente le lundi<\/em><\/td>\n<\/tr>\n<tr>\n<td><img loading=\"lazy\" decoding=\"async\" class=\"alignnone wp-image-4079\" src=\"http:\/\/www.chasseurducentrevaldeloire.fr\/fdc28\/wp-content\/uploads\/sites\/6\/2018\/12\/2018Armelle-247x300.jpg\" alt=\"\" width=\"100\" height=\"123\" \/><\/td>\n<td><strong>Armelle PARIS<\/strong><\/p>\n<p>Secr\u00e9taire administrative<\/td>\n<td>Ligne directe\u00a0: 02 37 24 04 80<\/p>\n<p>&nbsp;<\/p>\n<p>Plan de chasse grand gibier, D\u00e9g\u00e2ts de grand gibier, Cl\u00f4tures, Jach\u00e8res environnement faune sauvage et fleuries, formations s\u00e9curit\u00e9, venaison et corvid\u00e9s<\/p>\n<p>&nbsp;<\/p>\n<p>&nbsp;<\/p>\n<p><span style=\"color: #70b400\"><strong><u><a style=\"color: #70b400\" href=\"mailto:armelle.paris@fdc28.fr\">armelle.paris@fdc28.fr<\/a><\/u><\/strong><\/span><\/p>\n<p>&nbsp;<\/p>\n<p><em>Absente le jeudi<\/em><\/td>\n<\/tr>\n<\/tbody>\n<\/table>\n<p>[\/vc_column_text][vc_empty_space][vc_column_text]<\/p>\n<table>\n<thead>\n<tr>\n<td colspan=\"3\"><strong>LE SERVICE TECHNIQUE<\/strong><\/td>\n<\/tr>\n<\/thead>\n<tbody>\n<tr>\n<td><img loading=\"lazy\" decoding=\"async\" class=\"alignnone wp-image-4084\" src=\"http:\/\/www.chasseurducentrevaldeloire.fr\/fdc28\/wp-content\/uploads\/sites\/6\/2018\/12\/Valentin2018-270x300.jpg\" alt=\"\" width=\"100\" height=\"112\" srcset=\"https:\/\/www.save.chasseurducentrevaldeloire.fr\/fdc28\/wp-content\/uploads\/sites\/6\/2018\/12\/Valentin2018-270x300.jpg 270w, https:\/\/www.save.chasseurducentrevaldeloire.fr\/fdc28\/wp-content\/uploads\/sites\/6\/2018\/12\/Valentin2018.jpg 474w\" sizes=\"auto, (max-width: 100px) 100vw, 100px\" \/><\/td>\n<td><strong>Valentin BARON<\/strong><\/td>\n<td>A<span data-olk-copy-source=\"MessageBody\">m\u00e9nagement des territoires et restauration des biotopes<\/span><\/p>\n<p>&nbsp;<\/p>\n<p>T\u00e9l. : <span data-olk-copy-source=\"MessageBody\">06.60.10.78.78<\/span><\/p>\n<p>&nbsp;<\/p>\n<p><span style=\"color: #70b400\"><strong><u><a style=\"color: #70b400\" href=\"mailto:valentin.baron@fdc28.fr\">valentin.baron@fdc28.fr<\/a><\/u><\/strong><\/span><\/p>\n<p>&nbsp;<\/p>\n<p>Ligne directe\u00a0: 02.37.26.35.57<\/p>\n<p>&nbsp;<\/p>\n<p><em>Permanence : lundi<\/em><\/td>\n<\/tr>\n<tr>\n<td><img loading=\"lazy\" decoding=\"async\" class=\"alignnone wp-image-6285\" src=\"https:\/\/www.chasseurducentrevaldeloire.fr\/fdc28\/wp-content\/uploads\/sites\/6\/2025\/04\/Helene-2024-3-235x300.jpg\" alt=\"\" width=\"100\" height=\"127\" srcset=\"https:\/\/www.save.chasseurducentrevaldeloire.fr\/fdc28\/wp-content\/uploads\/sites\/6\/2025\/04\/Helene-2024-3-235x300.jpg 235w, https:\/\/www.save.chasseurducentrevaldeloire.fr\/fdc28\/wp-content\/uploads\/sites\/6\/2025\/04\/Helene-2024-3.jpg 753w\" sizes=\"auto, (max-width: 100px) 100vw, 100px\" \/><\/td>\n<td><strong>H\u00e9l\u00e8ne BOURDIER<\/strong><\/td>\n<td>\u00c9ducation<span data-olk-copy-source=\"MessageBody\"> \u00e0 la nature<\/span><\/p>\n<p>&nbsp;<\/p>\n<p>T\u00e9l. :\u00a0<span data-olk-copy-source=\"MessageBody\">06.60.37.46.81<\/span><\/p>\n<p>&nbsp;<\/p>\n<p>Ligne directe\u00a0: 02.37.26.35.58<\/p>\n<p>&nbsp;<\/td>\n<\/tr>\n<tr>\n<td><img loading=\"lazy\" decoding=\"async\" class=\"alignnone wp-image-4085\" src=\"http:\/\/www.chasseurducentrevaldeloire.fr\/fdc28\/wp-content\/uploads\/sites\/6\/2018\/12\/2018Fabrice-206x300.jpg\" alt=\"\" width=\"100\" height=\"146\" srcset=\"https:\/\/www.save.chasseurducentrevaldeloire.fr\/fdc28\/wp-content\/uploads\/sites\/6\/2018\/12\/2018Fabrice-206x300.jpg 206w, https:\/\/www.save.chasseurducentrevaldeloire.fr\/fdc28\/wp-content\/uploads\/sites\/6\/2018\/12\/2018Fabrice-768x1121.jpg 768w, https:\/\/www.save.chasseurducentrevaldeloire.fr\/fdc28\/wp-content\/uploads\/sites\/6\/2018\/12\/2018Fabrice-702x1024.jpg 702w, https:\/\/www.save.chasseurducentrevaldeloire.fr\/fdc28\/wp-content\/uploads\/sites\/6\/2018\/12\/2018Fabrice.jpg 1076w\" sizes=\"auto, (max-width: 100px) 100vw, 100px\" \/><\/td>\n<td><strong>Fabrice BUTTON<\/strong><\/td>\n<td><span data-olk-copy-source=\"MessageBody\">Suivi des d\u00e9g\u00e2ts de la grande faune<\/span><\/p>\n<p>&nbsp;<\/p>\n<p>T\u00e9l. : <span data-olk-copy-source=\"MessageBody\">06.60.29.22.63<\/span><\/p>\n<p>&nbsp;<\/p>\n<p><span style=\"color: #70b400\"><strong><u><a style=\"color: #70b400\" href=\"mailto:fabrice.button@fdc28.fr\">fabrice.button@fdc28.fr<\/a><\/u><\/strong><\/span><\/p>\n<p>&nbsp;<\/p>\n<p>Ligne directe\u00a0: 02.37.26.35.56<\/p>\n<p>&nbsp;<\/p>\n<p><em>Permanence : mercredi<\/em><\/td>\n<\/tr>\n<tr>\n<td><img loading=\"lazy\" decoding=\"async\" class=\"alignnone wp-image-4086\" src=\"http:\/\/www.chasseurducentrevaldeloire.fr\/fdc28\/wp-content\/uploads\/sites\/6\/2018\/12\/Marc2018-e1544438406340-225x300.jpg\" alt=\"\" width=\"100\" height=\"133\" srcset=\"https:\/\/www.save.chasseurducentrevaldeloire.fr\/fdc28\/wp-content\/uploads\/sites\/6\/2018\/12\/Marc2018-e1544438406340-225x300.jpg 225w, https:\/\/www.save.chasseurducentrevaldeloire.fr\/fdc28\/wp-content\/uploads\/sites\/6\/2018\/12\/Marc2018-e1544438406340-768x1022.jpg 768w, https:\/\/www.save.chasseurducentrevaldeloire.fr\/fdc28\/wp-content\/uploads\/sites\/6\/2018\/12\/Marc2018-e1544438406340-769x1024.jpg 769w, https:\/\/www.save.chasseurducentrevaldeloire.fr\/fdc28\/wp-content\/uploads\/sites\/6\/2018\/12\/Marc2018-e1544438406340-600x800.jpg 600w, https:\/\/www.save.chasseurducentrevaldeloire.fr\/fdc28\/wp-content\/uploads\/sites\/6\/2018\/12\/Marc2018-e1544438406340.jpg 1160w\" sizes=\"auto, (max-width: 100px) 100vw, 100px\" \/><\/td>\n<td><strong>Marc CHARNIER<\/strong><\/td>\n<td>F<span data-olk-copy-source=\"MessageBody\">ormation au permis de chasser, formations pi\u00e9geage et garde particuliers<\/span><\/p>\n<p>&nbsp;<\/p>\n<p>T\u00e9l. : <span data-olk-copy-source=\"MessageBody\">06.60.37.46.85<\/span><\/p>\n<p>&nbsp;<\/p>\n<p><span style=\"color: #70b400\"><strong><u><a style=\"color: #70b400\" href=\"mailto:marc.charnier@fdc28.fr\">marc.charnier@fdc28.fr<\/a><\/u><\/strong><\/span><\/p>\n<p>&nbsp;<\/td>\n<\/tr>\n<tr>\n<td><img loading=\"lazy\" decoding=\"async\" class=\"alignnone size-full wp-image-5798\" src=\"https:\/\/www.chasseurducentrevaldeloire.fr\/fdc28\/wp-content\/uploads\/sites\/6\/2023\/10\/JULIE-DAVID-FDC-28.jpg\" alt=\"\" width=\"100\" height=\"133\" \/><\/td>\n<td><strong>Julie DAVID<\/strong><\/td>\n<td><span data-olk-copy-source=\"MessageBody\">Gestion du li\u00e8vre et du faisan<\/span><\/p>\n<p>&nbsp;<\/p>\n<p>T\u00e9l. : <span data-olk-copy-source=\"MessageBody\">06.60.38.46.84<\/span><\/p>\n<p>&nbsp;<\/p>\n<p><span style=\"color: #70b400\"><strong><u><a style=\"color: #70b400\" href=\"mailto:julie.david@fdc28.fr\">julie.david@fdc28.fr<\/a><\/u><\/strong><\/span><\/p>\n<p>&nbsp;<\/p>\n<p>Ligne directe\u00a0: 02.37.24.05.90<\/p>\n<p>&nbsp;<\/p>\n<p><em>Permanence : vendredi<\/em><\/td>\n<\/tr>\n<tr>\n<td>\u00a0<img loading=\"lazy\" decoding=\"async\" class=\"alignnone wp-image-4089\" src=\"http:\/\/www.chasseurducentrevaldeloire.fr\/fdc28\/wp-content\/uploads\/sites\/6\/2018\/12\/Dominique2018-222x300.jpg\" alt=\"\" width=\"100\" height=\"136\" srcset=\"https:\/\/www.save.chasseurducentrevaldeloire.fr\/fdc28\/wp-content\/uploads\/sites\/6\/2018\/12\/Dominique2018-222x300.jpg 222w, https:\/\/www.save.chasseurducentrevaldeloire.fr\/fdc28\/wp-content\/uploads\/sites\/6\/2018\/12\/Dominique2018-768x1038.jpg 768w, https:\/\/www.save.chasseurducentrevaldeloire.fr\/fdc28\/wp-content\/uploads\/sites\/6\/2018\/12\/Dominique2018-757x1024.jpg 757w, https:\/\/www.save.chasseurducentrevaldeloire.fr\/fdc28\/wp-content\/uploads\/sites\/6\/2018\/12\/Dominique2018.jpg 2028w\" sizes=\"auto, (max-width: 100px) 100vw, 100px\" \/><\/td>\n<td><strong>Dominique LECORNU<\/strong><\/td>\n<td>G<span data-olk-copy-source=\"MessageBody\">estion informatique des plans de chasse et de gestion<\/span><\/p>\n<p>&nbsp;<\/p>\n<p>T\u00e9l. : <span data-olk-copy-source=\"MessageBody\">06.60.38.46.86<\/span><\/p>\n<p>&nbsp;<\/p>\n<p><span style=\"color: #70b400\"><strong><u><a style=\"color: #70b400\" href=\"mailto:dominique.lecornu@fdc28.fr\">dominique.lecornu@fdc28.fr<\/a><\/u><\/strong><\/span><\/p>\n<p>&nbsp;<\/p>\n<p>Ligne directe\u00a0: 02.37.24.03.23<\/td>\n<\/tr>\n<tr>\n<td><img loading=\"lazy\" decoding=\"async\" class=\"alignnone wp-image-6135\" src=\"https:\/\/www.chasseurducentrevaldeloire.fr\/fdc28\/wp-content\/uploads\/sites\/6\/2024\/12\/CLELOUP.png\" alt=\"\" width=\"106\" height=\"129\" \/><\/td>\n<td><strong>Corentin LELOUP<\/strong><\/td>\n<td><span data-olk-copy-source=\"MessageBody\">Gestion de la grande faune et du plan de chasse<\/span><\/p>\n<p>&nbsp;<\/p>\n<p><span data-olk-copy-source=\"MessageBody\">T\u00e9l. : 07.43.44.43.38<br \/>\n<\/span><\/p>\n<p>&nbsp;<\/p>\n<p>Ligne directe\u00a0: 02.37.24.11.99<\/td>\n<\/tr>\n<tr>\n<td>\u00a0<img loading=\"lazy\" decoding=\"async\" class=\"size-full wp-image-3480 aligncenter\" src=\"http:\/\/www.chasseurducentrevaldeloire.fr\/fdc28\/wp-content\/uploads\/sites\/6\/2018\/05\/FSAMSON.jpg\" alt=\"\" width=\"100\" height=\"133\" \/><\/td>\n<td><strong>Fr\u00e9d\u00e9ric SAMSON<\/strong><\/td>\n<td>F<span data-olk-copy-source=\"MessageBody\">ormation au permis de chasser et formation continue des chasseurs, interlocuteur SAGIR<\/span><\/p>\n<p>&nbsp;<\/p>\n<p>T\u00e9l. : <span data-olk-copy-source=\"MessageBody\">06.60.38.46.82<\/span><\/p>\n<p>&nbsp;<\/p>\n<p><span style=\"color: #70b400\"><strong><u><a style=\"color: #70b400\" href=\"mailto:frederic.samson@fdc28.fr\">frederic.samson@fdc28.fr<\/a><\/u><\/strong><\/span><\/p>\n<p>&nbsp;<\/p>\n<p>Ligne directe : 02.37.26.35.59<\/p>\n<p>&nbsp;<\/p>\n<p><em>Permanence : mardi<\/em><\/td>\n<\/tr>\n<\/tbody>\n<\/table>\n<p>[\/vc_column_text][\/vc_column][\/vc_row][vc_row][vc_column][vc_single_image image=\u00a0\u00bb6228&Prime; img_size=\u00a0\u00bbfull\u00a0\u00bb alignment=\u00a0\u00bbcenter\u00a0\u00bb][\/vc_column][\/vc_row]<\/p>\n","protected":false},"excerpt":{"rendered":"<p>[vc_row][vc_column][vc_column_text] LA DIRECTION Bruno LENFANT Directeur Ligne directe\u00a0: 02 37 24 03 13 bruno.lenfant@fdc28.fr [\/vc_column_text][vc_empty_space][vc_column_text] LE SERVICE ADMINISTRATIF Caroline MPAKA Secr\u00e9taire administrative T\u00e9l\u00a0: 02 37 24 04 00 &nbsp; Accueil\/Standard \u2013 Secr\u00e9tariat &nbsp; Gestion des formations pi\u00e9geage et gardes particuliers, pr\u00e9l\u00e8vements grand gibier &nbsp; caroline.mpaka@fdc28.fr&#8230;<\/p>\n","protected":false},"author":2,"featured_media":0,"parent":0,"menu_order":0,"comment_status":"closed","ping_status":"closed","template":"","meta":{"_acf_changed":false,"inline_featured_image":false,"_exactmetrics_skip_tracking":false,"_exactmetrics_sitenote_active":false,"_exactmetrics_sitenote_note":"","_exactmetrics_sitenote_category":0,"footnotes":""},"class_list":["post-3523","page","type-page","status-publish","hentry"],"acf":[],"publishpress_future_action":{"enabled":false,"date":"2026-04-18 12:24:37","action":"change-status","newStatus":"draft","terms":[],"taxonomy":"","extraData":[]},"publishpress_future_workflow_manual_trigger":{"enabledWorkflows":[]},"_links":{"self":[{"href":"https:\/\/www.save.chasseurducentrevaldeloire.fr\/fdc28\/wp-json\/wp\/v2\/pages\/3523","targetHints":{"allow":["GET"]}}],"collection":[{"href":"https:\/\/www.save.chasseurducentrevaldeloire.fr\/fdc28\/wp-json\/wp\/v2\/pages"}],"about":[{"href":"https:\/\/www.save.chasseurducentrevaldeloire.fr\/fdc28\/wp-json\/wp\/v2\/types\/page"}],"author":[{"embeddable":true,"href":"https:\/\/www.save.chasseurducentrevaldeloire.fr\/fdc28\/wp-json\/wp\/v2\/users\/2"}],"replies":[{"embeddable":true,"href":"https:\/\/www.save.chasseurducentrevaldeloire.fr\/fdc28\/wp-json\/wp\/v2\/comments?post=3523"}],"version-history":[{"count":22,"href":"https:\/\/www.save.chasseurducentrevaldeloire.fr\/fdc28\/wp-json\/wp\/v2\/pages\/3523\/revisions"}],"predecessor-version":[{"id":6286,"href":"https:\/\/www.save.chasseurducentrevaldeloire.fr\/fdc28\/wp-json\/wp\/v2\/pages\/3523\/revisions\/6286"}],"wp:attachment":[{"href":"https:\/\/www.save.chasseurducentrevaldeloire.fr\/fdc28\/wp-json\/wp\/v2\/media?parent=3523"}],"curies":[{"name":"wp","href":"https:\/\/api.w.org\/{rel}","templated":true}]}}