{"id":3447,"date":"2018-05-18T16:50:19","date_gmt":"2018-05-18T14:50:19","guid":{"rendered":"http:\/\/www.chasseurducentrevaldeloire.fr\/fdc28\/?page_id=3447"},"modified":"2025-07-09T10:34:42","modified_gmt":"2025-07-09T08:34:42","slug":"formation-securite","status":"publish","type":"page","link":"https:\/\/www.save.chasseurducentrevaldeloire.fr\/fdc28\/formation-securite\/","title":{"rendered":"Formation s\u00e9curit\u00e9 des responsables de chasse"},"content":{"rendered":"<p>[vc_row][vc_column][vc_column_text]<img loading=\"lazy\" decoding=\"async\" class=\"aligncenter wp-image-3449 size-full\" src=\"http:\/\/www.chasseurducentrevaldeloire.fr\/fdc28\/wp-content\/uploads\/sites\/6\/2018\/05\/26b9bf0c63d9d33c5647073cf9ce097f_M.jpg\" alt=\"\" width=\"250\" height=\"188\" \/><\/p>\n<p>&nbsp;<\/p>\n<p><img loading=\"lazy\" decoding=\"async\" class=\"alignnone size-full wp-image-3416\" src=\"https:\/\/www.chasseurducentrevaldeloire.fr\/fdc28\/wp-content\/uploads\/sites\/6\/2018\/05\/agenda.jpg\" alt=\"\" width=\"57\" height=\"66\" \/><strong>Prochaine formation<\/strong> : samedi 13 septembre 2025<\/p>\n<p>Horaires :\u00a0 8h30 \u2013 17h00 pour le module complet<\/p>\n<p>&nbsp;<\/p>\n<p>&nbsp;<\/p>\n<p>En fonction des conditions sanitaires et des contraintes pouvant \u00eatre impos\u00e9es, le nombre de participants pourra \u00eatre limit\u00e9, voire la formation annul\u00e9e.<\/p>\n<p>&nbsp;<\/p>\n<p>&nbsp;<\/p>\n<p><a href=\"https:\/\/fdc28-2.retriever-ea.fr\/html\/\" target=\"_blank\" rel=\"noopener noreferrer\"><img loading=\"lazy\" decoding=\"async\" class=\"alignnone wp-image-3413 size-full\" src=\"https:\/\/www.chasseurducentrevaldeloire.fr\/fdc28\/wp-content\/uploads\/sites\/6\/2018\/05\/inscription.jpg\" alt=\"\" width=\"136\" height=\"65\" \/><\/a><\/p>\n<p>&nbsp;<\/p>\n<p>&nbsp;<\/p>\n<p><strong><u>Lieu :<\/u><\/strong>\u00a0F\u00e9d\u00e9ration des Chasseurs \u00e0 Chenonville, commune de La Bourdini\u00e8re Saint Loup<\/p>\n<p>&nbsp;<\/p>\n<p><strong><u>Public :<\/u><\/strong>\u00a0organisateurs de chasse et responsables de battues.<\/p>\n<p>&nbsp;<\/p>\n<p><strong><u>Nombre de places :<\/u><\/strong>\u00a060 places maximum<\/p>\n<p>&nbsp;<\/p>\n<p>&nbsp;<\/p>\n<p><strong><u>Formalit\u00e9s d\u2019inscriptions et co\u00fbt :<\/u><\/strong><\/p>\n<p>&nbsp;<\/p>\n<p class=\"x_MsoNormal\"><b><u>Module complet<\/u><\/b> (juridique + ateliers de mise en situation)\u00a0: \u00a0<b>26 \u20ac<\/b> (repas compris).<\/p>\n<p>&nbsp;<\/p>\n<p><span style=\"color: #ff0000\">Inscription obligatoire<\/span><\/p>\n<p>&nbsp;<\/p>\n<p><strong>Seules les personnes inscrites et ayant re\u00e7ues une confirmation d\u2019inscription pourront participer \u00e0 la formation<\/strong><\/p>\n<p>&nbsp;<\/p>\n<p>&nbsp;<\/p>\n<p><a href=\"https:\/\/fdc28-2.retriever-ea.fr\/html\/\" target=\"_blank\" rel=\"noopener noreferrer\"><img loading=\"lazy\" decoding=\"async\" class=\"alignnone wp-image-3413 size-full\" src=\"https:\/\/www.chasseurducentrevaldeloire.fr\/fdc28\/wp-content\/uploads\/sites\/6\/2018\/05\/inscription.jpg\" alt=\"\" width=\"136\" height=\"65\" \/><\/a><\/p>\n<p>&nbsp;<\/p>\n<p><strong><u><img loading=\"lazy\" decoding=\"async\" class=\"alignnone size-full wp-image-4141\" src=\"https:\/\/www.chasseurducentrevaldeloire.fr\/fdc28\/wp-content\/uploads\/sites\/6\/2019\/02\/programme.jpg\" alt=\"\" width=\"178\" height=\"156\" \/>PROGRAMME\u00a0<\/u><\/strong><strong>:<\/strong><\/p>\n<p>&nbsp;<\/p>\n<p>La f\u00e9d\u00e9ration des chasseurs et l\u2019association des chasseurs de grand gibier d\u2019Eure-et-Loir organisent une formation pour les organisateurs de chasse et les responsables de battues.<\/p>\n<p>&nbsp;<\/p>\n<p>Au programme de cette journ\u00e9e\u00a0:<\/p>\n<ul>\n<li>La responsabilit\u00e9 de l\u2019organisateur de chasseur et du responsable de battue.<\/li>\n<li>Les mesures de s\u00e9curit\u00e9 \u00e0 ne pas oublier<\/li>\n<li>La police de la chasse et la chasse au grand gibier<\/li>\n<li>Le contr\u00f4le de tir.<\/li>\n<\/ul>\n<p>&nbsp;<\/p>\n<p><strong><u><br \/>\n<\/u><\/strong><strong><u><img loading=\"lazy\" decoding=\"async\" class=\"alignnone size-full wp-image-4140\" src=\"https:\/\/www.chasseurducentrevaldeloire.fr\/fdc28\/wp-content\/uploads\/sites\/6\/2019\/02\/logform.jpg\" alt=\"\" width=\"57\" height=\"75\" \/>A l\u2019issue de la formation<\/u><\/strong>\u00a0:<\/p>\n<p>Un support papier vous sera remis \u00e0 la fin de la formation, ainsi qu\u2019une attestation de formation<\/p>\n<p>&nbsp;<\/p>\n<p><strong><em><u><br \/>\n<\/u><\/em><\/strong><em><strong><u><img loading=\"lazy\" decoding=\"async\" class=\"alignnone size-full wp-image-4139\" src=\"https:\/\/www.chasseurducentrevaldeloire.fr\/fdc28\/wp-content\/uploads\/sites\/6\/2019\/02\/intervenant.jpg\" alt=\"\" width=\"84\" height=\"119\" \/>Intervenants :<\/u><\/strong><\/em><\/p>\n<p>&nbsp;<\/p>\n<p>&#8211; FDC 28<\/p>\n<p>&#8211; OFB<\/p>\n<p>&#8211; UNUCR 28 (pour le module complet uniquement)<\/p>\n<p>&nbsp;<\/p>\n<p>&nbsp;<\/p>\n<p>&nbsp;<\/p>\n<p>[\/vc_column_text][\/vc_column][\/vc_row]<\/p>\n","protected":false},"excerpt":{"rendered":"<p>[vc_row][vc_column][vc_column_text] &nbsp; Prochaine formation : samedi 13 septembre 2025 Horaires :\u00a0 8h30 \u2013 17h00 pour le module complet &nbsp; &nbsp; En fonction des conditions sanitaires et des contraintes pouvant \u00eatre impos\u00e9es, le nombre de participants pourra \u00eatre limit\u00e9, voire la formation annul\u00e9e. &nbsp; &nbsp; &nbsp;&#8230;<\/p>\n","protected":false},"author":2,"featured_media":0,"parent":0,"menu_order":0,"comment_status":"closed","ping_status":"closed","template":"","meta":{"_acf_changed":false,"inline_featured_image":false,"_exactmetrics_skip_tracking":false,"_exactmetrics_sitenote_active":false,"_exactmetrics_sitenote_note":"","_exactmetrics_sitenote_category":0,"footnotes":""},"class_list":["post-3447","page","type-page","status-publish","hentry"],"acf":[],"publishpress_future_action":{"enabled":false,"date":"2026-04-18 12:24:35","action":"change-status","newStatus":"draft","terms":[],"taxonomy":"","extraData":[]},"publishpress_future_workflow_manual_trigger":{"enabledWorkflows":[]},"_links":{"self":[{"href":"https:\/\/www.save.chasseurducentrevaldeloire.fr\/fdc28\/wp-json\/wp\/v2\/pages\/3447","targetHints":{"allow":["GET"]}}],"collection":[{"href":"https:\/\/www.save.chasseurducentrevaldeloire.fr\/fdc28\/wp-json\/wp\/v2\/pages"}],"about":[{"href":"https:\/\/www.save.chasseurducentrevaldeloire.fr\/fdc28\/wp-json\/wp\/v2\/types\/page"}],"author":[{"embeddable":true,"href":"https:\/\/www.save.chasseurducentrevaldeloire.fr\/fdc28\/wp-json\/wp\/v2\/users\/2"}],"replies":[{"embeddable":true,"href":"https:\/\/www.save.chasseurducentrevaldeloire.fr\/fdc28\/wp-json\/wp\/v2\/comments?post=3447"}],"version-history":[{"count":20,"href":"https:\/\/www.save.chasseurducentrevaldeloire.fr\/fdc28\/wp-json\/wp\/v2\/pages\/3447\/revisions"}],"predecessor-version":[{"id":6384,"href":"https:\/\/www.save.chasseurducentrevaldeloire.fr\/fdc28\/wp-json\/wp\/v2\/pages\/3447\/revisions\/6384"}],"wp:attachment":[{"href":"https:\/\/www.save.chasseurducentrevaldeloire.fr\/fdc28\/wp-json\/wp\/v2\/media?parent=3447"}],"curies":[{"name":"wp","href":"https:\/\/api.w.org\/{rel}","templated":true}]}}