{"id":3442,"date":"2018-05-18T16:48:03","date_gmt":"2018-05-18T14:48:03","guid":{"rendered":"http:\/\/www.chasseurducentrevaldeloire.fr\/fdc28\/?page_id=3442"},"modified":"2025-03-10T10:40:29","modified_gmt":"2025-03-10T09:40:29","slug":"piegeage","status":"publish","type":"page","link":"https:\/\/www.save.chasseurducentrevaldeloire.fr\/fdc28\/piegeage\/","title":{"rendered":"Pi\u00e9geage"},"content":{"rendered":"<p>[vc_row][vc_column width=\u00a0\u00bb2\/3&Prime;][vc_column_text]<strong>Lieu :\u00a0<\/strong><\/p>\n<p>CENTRE D&rsquo;INITIATION A LA NATURE ET AUX ACTIVITES CYNEGETIQUES<\/p>\n<p>12 rue du Ch\u00e2teau &#8211; Chenonville &#8211; 28360 LA BOURDINIERE ST LOUP<\/p>\n<blockquote><p>&nbsp;<\/p><\/blockquote>\n<p><img loading=\"lazy\" decoding=\"async\" class=\"alignnone size-full wp-image-3416\" src=\"https:\/\/www.chasseurducentrevaldeloire.fr\/fdc28\/wp-content\/uploads\/sites\/6\/2018\/05\/agenda.jpg\" alt=\"\" width=\"57\" height=\"66\" \/>Prochaines formations :<\/p>\n<p><b>En fonction des conditions sanitaires et des contraintes pouvant \u00eatre impos\u00e9es, le nombre de participants pourra \u00eatre limit\u00e9, voire la formation annul\u00e9e.<\/b><\/p>\n<ul>\n<li>1ere session : 15 et 16 mai 2025<\/li>\n<li>2eme session : 29 et 30 octobre 2025<\/li>\n<\/ul>\n<p>&nbsp;<\/p>\n<p><span style=\"color: #ff0000\"><i>*Toutes ces dates sont sous r\u00e9serve des conditions sanitaires<\/i><\/span><\/p>\n<p><strong>\u00a0<\/strong><\/p>\n<p>&nbsp;<\/p>\n<p><a href=\"https:\/\/www.chasseurducentrevaldeloire.fr\/fdc28\/wp-content\/uploads\/sites\/6\/2025\/03\/Dossier-inscription-PIEGEAGE.pdf\" target=\"_blank\" rel=\"noopener\"><img loading=\"lazy\" decoding=\"async\" class=\"alignnone size-full wp-image-3413\" src=\"https:\/\/www.chasseurducentrevaldeloire.fr\/fdc28\/wp-content\/uploads\/sites\/6\/2018\/05\/inscription.jpg\" alt=\"\" width=\"136\" height=\"65\" \/><\/a><\/p>\n<p><strong>Conditions :\u00a0<u>Pour les mineurs, la formation peut \u00eatre suivie d\u00e8s l\u2019\u00e2ge de 15 ans, mais l\u2019agr\u00e9ment ne sera d\u00e9livr\u00e9 que le jour de ses 16 ans.<\/u><\/strong><\/p>\n<p>&nbsp;<\/p>\n<p><strong>Dur\u00e9e :<\/strong> sur 2 jours cons\u00e9cutifs (en semaine) de 8 h 30 \u00e0 17 h 30<\/p>\n<p>&nbsp;<\/p>\n<p><strong>Les cours se d\u00e9roulent en 4 parties :<\/strong><\/p>\n<ul>\n<li>la biologie animale des esp\u00e8ces susceptibles d\u2019occasionner des d\u00e9g\u00e2ts<\/li>\n<li>la l\u00e9gislation<\/li>\n<li>contr\u00f4le de vos connaissances acquises<\/li>\n<li>la manipulation des pi\u00e8ges<\/li>\n<\/ul>\n<p>&nbsp;<\/p>\n<p><strong>Pour le midi :<\/strong><\/p>\n<p>&nbsp;<\/p>\n<p>Un plateau repas est pr\u00e9vu<\/p>\n<p><strong>Co\u00fbt \u00e0 r\u00e9gler :<\/strong> 30 euros pour les deux plateaux.<\/p>\n<p>&nbsp;<\/p>\n<p><strong>A apporter :<\/strong><\/p>\n<p>Stylo, bloc notes, une tenue de ville pour l&rsquo;enseignement th\u00e9orique et une tenue de terrain pour l&rsquo;enseignement pratique (v\u00eatements adapt\u00e9s \u2013 bottes).<\/p>\n<p>Pour des informations compl\u00e9mentaires sur le pi\u00e9geage et le guide \u00a0\u00bb L&rsquo;incontournable du pi\u00e9geur\u00a0\u00bb, visitez le site de l&rsquo;<a href=\"http:\/\/www.unapaf.fr\/\" target=\"_blank\" rel=\"noopener noreferrer\"><span style=\"color: #70b400\"><strong>Unapaf<\/strong><\/span><\/a><\/p>\n<p>Pour \u00e9changer sur la\u00a0 r\u00e9gulation des esp\u00e8ces susceptibles d\u2019occasionner des d\u00e9g\u00e2ts par le pi\u00e9geage sur le territoire fran\u00e7ais m\u00e9tropolitain, rendez vous sur le forum d\u00e9di\u00e9<br \/>\n<a href=\"http:\/\/le-piegeage.discutforum.com\/\" target=\"_blank\" rel=\"noopener noreferrer\"><strong><span style=\"color: #70b400\">http:\/\/le-piegeage.discutforum.com\/<\/span><\/strong><\/a><\/p>\n<p>&nbsp;<\/p>\n<p><a href=\"https:\/\/www.chasseurducentrevaldeloire.fr\/fdc28\/wp-content\/uploads\/sites\/6\/2025\/03\/Dossier-inscription-PIEGEAGE.pdf\" target=\"_blank\" rel=\"noopener\"><span style=\"color: #70b400\"><strong>Dossier d\u2019inscription<\/strong><\/span><\/a>[\/vc_column_text][\/vc_column][vc_column css_animation=\u00a0\u00bbfadeInRight\u00a0\u00bb width=\u00a0\u00bb1\/3&Prime;][vc_single_image image=\u00a0\u00bb3443&Prime; img_size=\u00a0\u00bbfull\u00a0\u00bb style=\u00a0\u00bbvc_box_shadow_border\u00a0\u00bb el_class=\u00a0\u00bbmirrorImg\u00a0\u00bb][\/vc_column][\/vc_row]<\/p>\n","protected":false},"excerpt":{"rendered":"<p>[vc_row][vc_column width=\u00a0\u00bb2\/3&Prime;][vc_column_text]Lieu :\u00a0 CENTRE D&rsquo;INITIATION A LA NATURE ET AUX ACTIVITES CYNEGETIQUES 12 rue du Ch\u00e2teau &#8211; Chenonville &#8211; 28360 LA BOURDINIERE ST LOUP &nbsp; Prochaines formations : En fonction des conditions sanitaires et des contraintes pouvant \u00eatre impos\u00e9es, le nombre de participants pourra \u00eatre&#8230;<\/p>\n","protected":false},"author":2,"featured_media":0,"parent":0,"menu_order":0,"comment_status":"closed","ping_status":"closed","template":"","meta":{"_acf_changed":false,"inline_featured_image":false,"_exactmetrics_skip_tracking":false,"_exactmetrics_sitenote_active":false,"_exactmetrics_sitenote_note":"","_exactmetrics_sitenote_category":0,"footnotes":""},"class_list":["post-3442","page","type-page","status-publish","hentry"],"acf":[],"publishpress_future_action":{"enabled":false,"date":"2026-04-18 12:24:40","action":"change-status","newStatus":"draft","terms":[],"taxonomy":"","extraData":[]},"publishpress_future_workflow_manual_trigger":{"enabledWorkflows":[]},"_links":{"self":[{"href":"https:\/\/www.save.chasseurducentrevaldeloire.fr\/fdc28\/wp-json\/wp\/v2\/pages\/3442","targetHints":{"allow":["GET"]}}],"collection":[{"href":"https:\/\/www.save.chasseurducentrevaldeloire.fr\/fdc28\/wp-json\/wp\/v2\/pages"}],"about":[{"href":"https:\/\/www.save.chasseurducentrevaldeloire.fr\/fdc28\/wp-json\/wp\/v2\/types\/page"}],"author":[{"embeddable":true,"href":"https:\/\/www.save.chasseurducentrevaldeloire.fr\/fdc28\/wp-json\/wp\/v2\/users\/2"}],"replies":[{"embeddable":true,"href":"https:\/\/www.save.chasseurducentrevaldeloire.fr\/fdc28\/wp-json\/wp\/v2\/comments?post=3442"}],"version-history":[{"count":20,"href":"https:\/\/www.save.chasseurducentrevaldeloire.fr\/fdc28\/wp-json\/wp\/v2\/pages\/3442\/revisions"}],"predecessor-version":[{"id":6216,"href":"https:\/\/www.save.chasseurducentrevaldeloire.fr\/fdc28\/wp-json\/wp\/v2\/pages\/3442\/revisions\/6216"}],"wp:attachment":[{"href":"https:\/\/www.save.chasseurducentrevaldeloire.fr\/fdc28\/wp-json\/wp\/v2\/media?parent=3442"}],"curies":[{"name":"wp","href":"https:\/\/api.w.org\/{rel}","templated":true}]}}