{"id":3411,"date":"2018-05-18T15:51:09","date_gmt":"2018-05-18T13:51:09","guid":{"rendered":"http:\/\/www.chasseurducentrevaldeloire.fr\/fdc28\/?page_id=3411"},"modified":"2025-03-14T11:05:59","modified_gmt":"2025-03-14T10:05:59","slug":"gardes-particuliers","status":"publish","type":"page","link":"https:\/\/www.save.chasseurducentrevaldeloire.fr\/fdc28\/gardes-particuliers\/","title":{"rendered":"Gardes particuliers"},"content":{"rendered":"<p>[vc_row][vc_column][vc_column_text]<img loading=\"lazy\" decoding=\"async\" class=\"alignnone size-full wp-image-3416\" src=\"http:\/\/www.chasseurducentrevaldeloire.fr\/fdc28\/wp-content\/uploads\/sites\/6\/2018\/05\/agenda.jpg\" alt=\"\" width=\"57\" height=\"66\" \/><strong>Prochaine formation :\u00a0lundi 12 et mardi 13 mai 2025<\/strong><\/p>\n<p>&nbsp;<\/p>\n<p><strong><u>Dates et horaires<\/u><\/strong> : Les sessions sont organis\u00e9es en fonction du nombre de candidats inscrits, 1 fois par an, la dur\u00e9e de la formation est de 18 heures r\u00e9parties sur 2 jours.<\/p>\n<p>&nbsp;<\/p>\n<p><strong><u>Lieu :<\/u><\/strong> F\u00e9d\u00e9ration des Chasseurs \u00e0 Chenonville, commune de La Bourdini\u00e8re Saint Loup<\/p>\n<p>&nbsp;<\/p>\n<p><strong><u>Public :<\/u><\/strong> Personne d\u00e9sirant devenir garde particulier ou chasseur d\u00e9sirant se former.<\/p>\n<p>&nbsp;<\/p>\n<p><strong><u>Nombre de places :<\/u><\/strong> 20 places maximum<\/p>\n<p>&nbsp;<\/p>\n<p>&nbsp;<\/p>\n<p><strong><u>Formalit\u00e9s d&rsquo;inscriptions et co\u00fbt :<\/u><\/strong><\/p>\n<p>&nbsp;<\/p>\n<p>&#8211; 35 \u20ac (2 repas et documentation).<\/p>\n<p>&nbsp;<\/p>\n<p><a href=\"https:\/\/www.chasseurducentrevaldeloire.fr\/fdc28\/wp-content\/uploads\/sites\/6\/2025\/03\/DOSSIER-INSCRIPTION-GP-JANVIER-2025.pdf\" target=\"_blank\" rel=\"noopener noreferrer\"><img loading=\"lazy\" decoding=\"async\" class=\"alignnone wp-image-3413 size-full\" src=\"http:\/\/www.chasseurducentrevaldeloire.fr\/fdc28\/wp-content\/uploads\/sites\/6\/2018\/05\/inscription.jpg\" alt=\"\" width=\"136\" height=\"65\" \/><\/a><\/p>\n<p>&nbsp;<\/p>\n<p><strong><u>Objectifs :<\/u><\/strong> Acqu\u00e9rir la formation n\u00e9cessaire pour remplir les conditions d\u2019aptitude technique exig\u00e9es pour exercer les fonctions de garde particulier.<\/p>\n<p>&nbsp;<\/p>\n<p>La formation des futurs Gardes-Chasse Particuliers (GCP) est devenue obligatoire par le \u00ab d\u00e9cret n\u00b0\u00a02006-1100 du 30\u00a0ao\u00fbt 2006 relatif \u00e0 l\u2019agr\u00e9ment et \u00e0 l\u2019assermentation des gardes particuliers \u00bb, et est pr\u00e9vue et organis\u00e9e dans \u00ab\u00a0l\u2019arr\u00eat\u00e9 du 30 ao\u00fbt 2006 relatif \u00e0 la formation des gardes particuliers et \u00e0 la carte d\u2019agr\u00e9ment\u00a0\u00bb.<\/p>\n<p>&nbsp;<\/p>\n<p>Pour devenir garde-chasse particulier, vous devez suivre le module 1 (1 journ\u00e9e), commun aux diff\u00e9rentes cat\u00e9gories et le module 2 (1 journ\u00e9e) \u00ab\u00a0police de la chasse\u00a0\u00bb.<\/p>\n<p>&nbsp;<\/p>\n<p>Les personnes dispens\u00e9es de suivre le module 1 sont :<\/p>\n<ul>\n<li>les fonctionnaires retrait\u00e9s de la Police Nationale,<\/li>\n<li>les fonctionnaires retrait\u00e9s de la Gendarmerie Nationale,<\/li>\n<li>les agents retrait\u00e9s de police municipale.<\/li>\n<\/ul>\n<p>&nbsp;<\/p>\n<p><u>Le module 1 comprend trois grands chapitres<\/u> :<\/p>\n<ul>\n<li><strong>Notions juridiques de base<\/strong> : les bases g\u00e9n\u00e9rales du droit p\u00e9nal fran\u00e7ais et les institutions judiciaires, la police judiciaire et ses agents, la proc\u00e9dure p\u00e9nale (r\u00e8gles de proc\u00e9dure et r\u00e9daction des PV), l\u2019infraction p\u00e9nale (notion d\u2019infraction, responsabilit\u00e9 p\u00e9nale, les diff\u00e9rentes cat\u00e9gories d\u2019infractions et les peines).<\/li>\n<li><strong>Droits et devoirs du garde particulier<\/strong> : place du GP au sein de la police judiciaire, devoirs, pr\u00e9rogatives et limites de comp\u00e9tence du GP, contr\u00f4le des contrevenants dans le respect des libert\u00e9s individuelles et du droit de propri\u00e9t\u00e9.<\/li>\n<li><strong>D\u00e9ontologie et techniques d\u2019intervention<\/strong> : comportement du garde dans l\u2019exercice de ses fonctions, communication et pr\u00e9sentation. Pr\u00e9sentation de la r\u00e9daction de PV. Diff\u00e9rents documents pouvant aider ensuite les gardes au cours de leurs activit\u00e9s, sont remis sous forme informatique \u00e0 ceux qui sont \u00e9quip\u00e9s de ce type de mat\u00e9riel.<\/li>\n<\/ul>\n<p>&nbsp;<\/p>\n<p><u>Le module 2 comprend<\/u>\u00a0:<\/p>\n<p>des notions d\u2019\u00e9cologie appliqu\u00e9es \u00e0 la protection et \u00e0 la gestion du patrimoine faunique et de ses habitats, la r\u00e9glementation de la chasse, les connaissances cyn\u00e9g\u00e9tiques n\u00e9cessaires \u00e0 l\u2019exercice des fonctions de Garde-Chasse Particulier, les conditions de r\u00e9gulation des esp\u00e8ces susceptibles d\u2019occasionner des d\u00e9g\u00e2ts.<\/p>\n<p>&nbsp;<\/p>\n<p>&nbsp;<\/p>\n<p><img loading=\"lazy\" decoding=\"async\" class=\"alignnone size-full wp-image-3415\" src=\"http:\/\/www.chasseurducentrevaldeloire.fr\/fdc28\/wp-content\/uploads\/sites\/6\/2018\/05\/IssueForm.jpg\" alt=\"\" width=\"57\" height=\"75\" \/><strong><u>A l\u2019issue de la formation<\/u><\/strong> :<\/p>\n<p>&nbsp;<\/p>\n<p>Les documents n\u00e9cessaires \u00e0 l\u2019obtention du commissionnement, de l\u2019agr\u00e9ment pr\u00e9fectoral et de l\u2019assermentation sont remis \u00e0 chaque participant &#8211; obligatoire pour l\u2019obtention de l\u2019attestation de reconnaissance d\u2019aptitude technique en vue de l\u2019assermentation par le Tribunal.<\/p>\n<p>&nbsp;<\/p>\n<p>&nbsp;<\/p>\n<p><img loading=\"lazy\" decoding=\"async\" class=\"alignnone size-full wp-image-3414\" src=\"http:\/\/www.chasseurducentrevaldeloire.fr\/fdc28\/wp-content\/uploads\/sites\/6\/2018\/05\/Intervenant.jpg\" alt=\"\" width=\"84\" height=\"119\" \/><strong><em><u>Intervenants :<\/u><\/em><\/strong><\/p>\n<p>&nbsp;<\/p>\n<p>Fran\u00e7ois CARE : Avocat<\/p>\n<p>Marc CHARNIER : Formation et Technicien de la FDC 28<\/p>\n<p>Intervention des agents de l\u2019Office fran\u00e7ais de la biodiversit\u00e9<\/p>\n<p>&nbsp;<\/p>\n<p>&nbsp;<\/p>\n<p>&nbsp;<\/p>\n<p><img loading=\"lazy\" decoding=\"async\" class=\"alignnone size-full wp-image-3412\" src=\"http:\/\/www.chasseurducentrevaldeloire.fr\/fdc28\/wp-content\/uploads\/sites\/6\/2018\/05\/Contact-e1526651442608.jpg\" alt=\"\" width=\"84\" height=\"79\" \/><strong><em><u>Contact pour pr\u00e9inscription<\/u><\/em><\/strong> :<\/p>\n<p>&nbsp;<\/p>\n<p><strong>secr\u00e9tariat FDC T\u00e9l : 02 37 24 04 00, <a href=\"mailto:fdc28@fdc28.fr\"><span style=\"color: #70b400\">fdc28@fdc28.fr<\/span><\/a><\/strong><\/p>\n<p>&nbsp;<\/p>\n<p><strong>ou par courrier : FDC28 -12 rue du Ch\u00e2teau \u2013 Chenonville 28360 La Bourdini\u00e8re Saint Loup<\/strong>[\/vc_column_text][\/vc_column][\/vc_row]<\/p>\n","protected":false},"excerpt":{"rendered":"<p>[vc_row][vc_column][vc_column_text]Prochaine formation :\u00a0lundi 12 et mardi 13 mai 2025 &nbsp; Dates et horaires : Les sessions sont organis\u00e9es en fonction du nombre de candidats inscrits, 1 fois par an, la dur\u00e9e de la formation est de 18 heures r\u00e9parties sur 2 jours. &nbsp; Lieu :&#8230;<\/p>\n","protected":false},"author":2,"featured_media":0,"parent":0,"menu_order":0,"comment_status":"closed","ping_status":"closed","template":"","meta":{"_acf_changed":false,"inline_featured_image":false,"_exactmetrics_skip_tracking":false,"_exactmetrics_sitenote_active":false,"_exactmetrics_sitenote_note":"","_exactmetrics_sitenote_category":0,"footnotes":""},"class_list":["post-3411","page","type-page","status-publish","hentry"],"acf":[],"publishpress_future_action":{"enabled":false,"date":"2026-04-18 12:23:36","action":"change-status","newStatus":"draft","terms":[],"taxonomy":"","extraData":[]},"publishpress_future_workflow_manual_trigger":{"enabledWorkflows":[]},"_links":{"self":[{"href":"https:\/\/www.save.chasseurducentrevaldeloire.fr\/fdc28\/wp-json\/wp\/v2\/pages\/3411","targetHints":{"allow":["GET"]}}],"collection":[{"href":"https:\/\/www.save.chasseurducentrevaldeloire.fr\/fdc28\/wp-json\/wp\/v2\/pages"}],"about":[{"href":"https:\/\/www.save.chasseurducentrevaldeloire.fr\/fdc28\/wp-json\/wp\/v2\/types\/page"}],"author":[{"embeddable":true,"href":"https:\/\/www.save.chasseurducentrevaldeloire.fr\/fdc28\/wp-json\/wp\/v2\/users\/2"}],"replies":[{"embeddable":true,"href":"https:\/\/www.save.chasseurducentrevaldeloire.fr\/fdc28\/wp-json\/wp\/v2\/comments?post=3411"}],"version-history":[{"count":17,"href":"https:\/\/www.save.chasseurducentrevaldeloire.fr\/fdc28\/wp-json\/wp\/v2\/pages\/3411\/revisions"}],"predecessor-version":[{"id":6221,"href":"https:\/\/www.save.chasseurducentrevaldeloire.fr\/fdc28\/wp-json\/wp\/v2\/pages\/3411\/revisions\/6221"}],"wp:attachment":[{"href":"https:\/\/www.save.chasseurducentrevaldeloire.fr\/fdc28\/wp-json\/wp\/v2\/media?parent=3411"}],"curies":[{"name":"wp","href":"https:\/\/api.w.org\/{rel}","templated":true}]}}