{"id":3397,"date":"2018-05-18T15:43:26","date_gmt":"2018-05-18T13:43:26","guid":{"rendered":"http:\/\/www.chasseurducentrevaldeloire.fr\/fdc28\/?page_id=3397"},"modified":"2025-06-26T07:51:12","modified_gmt":"2025-06-26T05:51:12","slug":"chasse-a-larc","status":"publish","type":"page","link":"https:\/\/www.save.chasseurducentrevaldeloire.fr\/fdc28\/chasse-a-larc\/","title":{"rendered":"Chasse \u00e0 l&rsquo;arc"},"content":{"rendered":"<p>[vc_row][vc_column][vc_column_text]<\/p>\n<h2 style=\"text-align: center\"><strong>FORMATION POUR LA PRATIQUE DE LA CHASSE A L\u2019ARC<\/strong><\/h2>\n<p>[\/vc_column_text][vc_empty_space height=\u00a0\u00bb64px\u00a0\u00bb][\/vc_column][\/vc_row][vc_row][vc_column width=\u00a0\u00bb2\/3&Prime;][vc_column_text]<u>Lieu<\/u> :<\/p>\n<p><em>FEDERATION DES CHASSEURS<\/em><\/p>\n<p><em>D\u2019EURE ET LOIR<\/em><\/p>\n<p><em>12 rue du Ch\u00e2teau<\/em><\/p>\n<p><strong><em>Chenonville<\/em><\/strong><\/p>\n<p><em>28360 LA BOURDINIERE ST LOUP <\/em><\/p>\n<p>&nbsp;<\/p>\n<p><u>D\u00e9roulement de la journ\u00e9e<\/u> :<\/p>\n<p>&nbsp;<\/p>\n<p><strong><em>9h-12h<\/em><\/strong><\/p>\n<ul>\n<li><em>Accueil des participants<\/em><\/li>\n<li><em>Historique de la chasse \u00e0 l\u2019arc<\/em><\/li>\n<\/ul>\n<p>&nbsp;<\/p>\n<p><em>Objectifs de la formation<\/em><\/p>\n<p>&nbsp;<\/p>\n<ul>\n<li><em>L\u2019arc de chasse : les diff\u00e9rents mod\u00e8les<\/em><\/li>\n<li><em>La fl\u00e9che : les diff\u00e9rents mod\u00e8les<\/em><\/li>\n<li><em>Les accessoires du chasseur<\/em><\/li>\n<li><em>L\u2019entrainement au tir de chasse<\/em><\/li>\n<li><em>La s\u00e9curit\u00e9<\/em><\/li>\n<li><em>La r\u00e9glementation sp\u00e9cifique \u00e0 la chasse<\/em><\/li>\n<\/ul>\n<p>&nbsp;<\/p>\n<p><strong><em>12h-13h30<\/em><\/strong><\/p>\n<p><em>Repas en commun sur le site<\/em><\/p>\n<p><strong><em>(Le cout du repas est \u00e0 votre charge : 16\u20ac)<\/em><\/strong><\/p>\n<p>&nbsp;<\/p>\n<p><strong><em>13h30-17h<\/em><\/strong><\/p>\n<ul>\n<li><em>Exercices pratiques<\/em><\/li>\n<li><em>Entrainement au tir sur cibles 3D dans diff\u00e9rentes situations<\/em><\/li>\n<\/ul>\n<p><strong><em>\u00a0<\/em><\/strong><\/p>\n<p>&nbsp;<\/p>\n<p><u>A apporter<\/u> :<\/p>\n<ul>\n<li><strong><em>Votre <span style=\"color: #008000\">pi\u00e8ce d\u2019identit\u00e9<br \/>\n<\/span><\/em><\/strong><\/li>\n<li><strong><em>Si vous poss\u00e9dez d\u00e9j\u00e0 votre \u00e9quipement <\/em><\/strong><strong><em>n\u2019h\u00e9sitez pas \u00e0 l\u2019apporter, <\/em><\/strong><strong><em>sinon il vous en sera fourni un sur place<\/em><\/strong><\/li>\n<\/ul>\n<p><em>\u00a0<\/em><\/p>\n<p><strong><em><img loading=\"lazy\" decoding=\"async\" class=\"alignnone size-full wp-image-3416\" src=\"https:\/\/www.chasseurducentrevaldeloire.fr\/fdc28\/wp-content\/uploads\/sites\/6\/2018\/05\/agenda.jpg\" alt=\"\" width=\"57\" height=\"66\" \/>DATE DE LA PROCHAINE FORMATION ARC <\/em><\/strong><\/p>\n<p><em><strong><span data-olk-copy-source=\"MessageBody\">samedi 6 septembre<\/span> 2025 \u2013 9h-17h<\/strong><\/em><\/p>\n<p><em>\u00a0<\/em><\/p>\n<p><em><u>Pour plus d\u2019informations vous pouvez contacter<\/u><\/em><em>\u00a0:<\/em><\/p>\n<p><strong><em>Mr Guillaume FAVIER \u2013formateur (venant de la fdc 37) \u2013 au 06.72.70.75.21<\/em><\/strong><\/p>\n<p><strong><em>Mr Thierry DELANNOY \u2013 Pr\u00e9sident de L\u2019ACAEL \u2013 au 06.15.33.03.31<\/em><\/strong><\/p>\n<p>&nbsp;<\/p>\n<p><em><u>D\u00e9marche pour vous inscrire<\/u><\/em><\/p>\n<p><em>\u00a0<\/em><\/p>\n<p><em>&#8211;<\/em><em> Remplir la demande d\u2019inscription \u00e0 une formation pour la pratique de la chasse \u00e0 l\u2019arc,<\/em><\/p>\n<p><em>&#8211;<\/em><em> Joindre les pi\u00e8ces demand\u00e9es (une photocopie de la pi\u00e8ce d\u2019identit\u00e9 et une enveloppe affranchie libell\u00e9e<\/em><\/p>\n<p><em>\u00e0 l\u2019adresse du demandeur<\/em><em>)<\/em><\/p>\n<p><em>&#8211;<\/em><em> Retourner <strong><u>tout le dossier<\/u><\/strong> \u00e0 la : <strong>F\u00e9d\u00e9ration des Chasseurs d\u2019Eure et Loir<\/strong> &#8211; <strong>12 rue du ch\u00e2teau 28360 CHENONVILLE<\/strong><\/em><\/p>\n<p><em>\u00a0<\/em><\/p>\n<p><em>Deux \u00e0 trois semaines <strong><u>avant la formation*<\/u><\/strong>, vous recevrez une convocation par mail vous indiquant la date et vous repr\u00e9cisant la dur\u00e9e, le lieu, etc ; <\/em><\/p>\n<p><em>joint d\u2019un <strong><u>coupon r\u00e9ponse \u00e0 nous retourner sous 8 jours avec, <\/u><\/strong><u>pour les participants<strong>, ainsi qu\u2019un ch\u00e8que de 16 euros pour le repas<\/strong><\/u>.<\/em><\/p>\n<p><em>\u00a0<\/em><\/p>\n<p><em>A la fin de la formation, votre attestation de participation \u00e0 la formation Chasse \u00e0 l\u2019arc vous est remise.<\/em><\/p>\n<p><em>\u00a0<\/em><\/p>\n<p>T\u00e9l\u00e9charger le<span style=\"color: #70b400\"><strong> <a style=\"color: #70b400\" href=\"https:\/\/www.chasseurducentrevaldeloire.fr\/fdc28\/wp-content\/uploads\/sites\/6\/2020\/12\/Inscription-10804v03.pdf\" target=\"_blank\" rel=\"noopener noreferrer\">bulletin d\u2019inscription<\/a><\/strong><\/span> et la <span style=\"color: #70b400\"><a style=\"color: #70b400\" href=\"https:\/\/www.chasseurducentrevaldeloire.fr\/fdc28\/wp-content\/uploads\/sites\/6\/2024\/12\/explic-chass-arc-2025.pdf\" target=\"_blank\" rel=\"noopener\"><strong>note explicative<\/strong><\/a><\/span>[\/vc_column_text][\/vc_column][vc_column css_animation=\u00a0\u00bbfadeInRight\u00a0\u00bb width=\u00a0\u00bb1\/3&Prime;][vc_single_image image=\u00a0\u00bb3398&Prime; img_size=\u00a0\u00bbfull\u00a0\u00bb style=\u00a0\u00bbvc_box_shadow_border\u00a0\u00bb el_class=\u00a0\u00bbmirrorImg\u00a0\u00bb][\/vc_column][\/vc_row][vc_row][vc_column][vc_empty_space height=\u00a0\u00bb64px\u00a0\u00bb][vc_text_separator title=\u00a0\u00bb\u00a0\u00bb color=\u00a0\u00bbmulled_wine\u00a0\u00bb][vc_empty_space height=\u00a0\u00bb64px\u00a0\u00bb][vc_column_text]D\u00e9marche :<\/p>\n<ul>\n<li>Remplir la demande d\u2019inscription \u00e0 une formation pour la pratique de la chasse \u00e0 l\u2019arc,<\/li>\n<li>Joindre les pi\u00e8ces demand\u00e9es (une copie du permis de chasser, une enveloppe libell\u00e9e<br \/>\n\u00e0 l\u2019adresse du demandeur affranchie et une attestation de domicile)<\/li>\n<li>Retourner tout le dossier \u00e0 la : FEDERATION DES CHASSEURS D\u2019EURE ET LOIR<br \/>\nCHENONVILLE \u2013 CS 20003 \u2013 28637 GELLAINVILLE CEDEX<\/li>\n<\/ul>\n<p>&nbsp;<\/p>\n<p>Deux \u00e0 trois semaines avant la formation, vous recevrez une convocation vous indiquant la date et vous repr\u00e9cisant la dur\u00e9e, le lieu, etc ; joint d\u2019un coupon r\u00e9ponse \u00e0 nous retourner sous 8 jours avec, pour les participants, ainsi qu\u2019un ch\u00e8que de 12 euros pour le repas.<br \/>\n(attention : nous avons besoin de minimum 15 inscrits pour d\u00e9clencher une formation ; donc nous enregistrons les candidats au fur et \u00e0 mesure des dossiers re\u00e7us et d\u00e9s le nombre de candidats suffisants nous choisissions une date de formation, souvent un samedi et plut\u00f4t en juin ou septembre)<\/p>\n<p>&nbsp;<\/p>\n<p>Suite \u00e0 cette formation, une attestation de participation vous sera exp\u00e9di\u00e9e par courrier quelques semaines plus tard.<br \/>\nPour plus d\u2019informations vous pouvez contacter :<\/p>\n<p>&nbsp;<\/p>\n<p><strong>Thierry DELANNOY Pr\u00e9sident ACAEL \u00a0\u00a0\u00a0\u00a0 <i class=\"fa fa-mobile\"><\/i> 06 15 33 03 31<\/strong><\/p>\n<p><strong>Frederick NOLLET Vice Pr\u00e9sident, (r\u00e9f\u00e9rent formation) \u00a0\u00a0\u00a0\u00a0 <i class=\"fa fa-mobile\"><\/i> 06 43 61 97 20<\/strong><\/p>\n<p>&nbsp;<\/p>\n<p>Chasse \u00e0 l&rsquo;arc : <a href=\"http:\/\/www.chasseurducentrevaldeloire.fr\/fdc28\/wp-content\/uploads\/sites\/6\/2018\/05\/explicchassarc.pdf\" target=\"_blank\" rel=\"noopener noreferrer\">Mode d&#8217;emploi<\/a> et <a href=\"http:\/\/www.chasseurducentrevaldeloire.fr\/fdc28\/wp-content\/uploads\/sites\/6\/2018\/05\/Inscription_10804v03.pdf\" target=\"_blank\" rel=\"noopener noreferrer\">dossier d&rsquo;inscription<\/a>[\/vc_column_text][\/vc_column][\/vc_row]<\/p>\n","protected":false},"excerpt":{"rendered":"<p>[vc_row][vc_column][vc_column_text] FORMATION POUR LA PRATIQUE DE LA CHASSE A L\u2019ARC [\/vc_column_text][vc_empty_space height=\u00a0\u00bb64px\u00a0\u00bb][\/vc_column][\/vc_row][vc_row][vc_column width=\u00a0\u00bb2\/3&Prime;][vc_column_text]Lieu : FEDERATION DES CHASSEURS D\u2019EURE ET LOIR 12 rue du Ch\u00e2teau Chenonville 28360 LA BOURDINIERE ST LOUP &nbsp; D\u00e9roulement de la journ\u00e9e : &nbsp; 9h-12h Accueil des participants Historique de la chasse&#8230;<\/p>\n","protected":false},"author":2,"featured_media":0,"parent":0,"menu_order":0,"comment_status":"closed","ping_status":"closed","template":"","meta":{"_acf_changed":false,"inline_featured_image":false,"_exactmetrics_skip_tracking":false,"_exactmetrics_sitenote_active":false,"_exactmetrics_sitenote_note":"","_exactmetrics_sitenote_category":0,"footnotes":""},"class_list":["post-3397","page","type-page","status-publish","hentry"],"acf":[],"publishpress_future_action":{"enabled":false,"date":"2026-04-28 12:41:20","action":"change-status","newStatus":"draft","terms":[],"taxonomy":"","extraData":[]},"publishpress_future_workflow_manual_trigger":{"enabledWorkflows":[]},"_links":{"self":[{"href":"https:\/\/www.save.chasseurducentrevaldeloire.fr\/fdc28\/wp-json\/wp\/v2\/pages\/3397","targetHints":{"allow":["GET"]}}],"collection":[{"href":"https:\/\/www.save.chasseurducentrevaldeloire.fr\/fdc28\/wp-json\/wp\/v2\/pages"}],"about":[{"href":"https:\/\/www.save.chasseurducentrevaldeloire.fr\/fdc28\/wp-json\/wp\/v2\/types\/page"}],"author":[{"embeddable":true,"href":"https:\/\/www.save.chasseurducentrevaldeloire.fr\/fdc28\/wp-json\/wp\/v2\/users\/2"}],"replies":[{"embeddable":true,"href":"https:\/\/www.save.chasseurducentrevaldeloire.fr\/fdc28\/wp-json\/wp\/v2\/comments?post=3397"}],"version-history":[{"count":18,"href":"https:\/\/www.save.chasseurducentrevaldeloire.fr\/fdc28\/wp-json\/wp\/v2\/pages\/3397\/revisions"}],"predecessor-version":[{"id":6369,"href":"https:\/\/www.save.chasseurducentrevaldeloire.fr\/fdc28\/wp-json\/wp\/v2\/pages\/3397\/revisions\/6369"}],"wp:attachment":[{"href":"https:\/\/www.save.chasseurducentrevaldeloire.fr\/fdc28\/wp-json\/wp\/v2\/media?parent=3397"}],"curies":[{"name":"wp","href":"https:\/\/api.w.org\/{rel}","templated":true}]}}