{"id":3373,"date":"2018-05-18T15:06:30","date_gmt":"2018-05-18T13:06:30","guid":{"rendered":"http:\/\/www.chasseurducentrevaldeloire.fr\/fdc28\/?page_id=3373"},"modified":"2021-12-21T17:32:24","modified_gmt":"2021-12-21T16:32:24","slug":"parcours-pedagogique","status":"publish","type":"page","link":"https:\/\/www.save.chasseurducentrevaldeloire.fr\/fdc28\/parcours-pedagogique\/","title":{"rendered":"Parcours p\u00e9dagogique"},"content":{"rendered":"<p>[vc_row][vc_column width=\u00a0\u00bb2\/3&Prime;][vc_column_text]<em>Sur un peu plus d\u2019un kilom\u00e8tre au travers du bois, de la plaine et de la mare du domaine de Chenonville, des panneaux d\u2019information pr\u00e9sentent les caract\u00e9ristiques des diff\u00e9rents milieux travers\u00e9s, la biologie des esp\u00e8ces rencontr\u00e9es, les traces et laiss\u00e9es de certaines esp\u00e8ces.<\/em><\/p>\n<p>&nbsp;<\/p>\n<p><em>Des bornes sonores reprenant le brame du cerf, les chants des passereaux et des canards ou celui de la perdrix, du vanneau hupp\u00e9 ou des pics forestiers mettent le visiteur en immersion totale.<\/em><\/p>\n<p>&nbsp;<\/p>\n<p><em>Des bornes r\u00e9cr\u00e9atives permettent aux plus jeunes de tester leur connaissance au travers de questions r\u00e9ponses.<\/em><\/p>\n<p>&nbsp;<\/p>\n<p><em>Ce parcours p\u00e9dagogique est \u00e9galement le support pour diff\u00e9rents ateliers p\u00e9dagogiques anim\u00e9s par Julie David, technicienne \u00e0 la f\u00e9d\u00e9ration des chasseurs.<\/em><\/p>\n<p>&nbsp;<\/p>\n<p><em>Ces ateliers sont propos\u00e9s aux enseignants en fonction du projet p\u00e9dagogique de la chasse ou de l\u2019\u00e9cole.<\/em><\/p>\n<p>&nbsp;<\/p>\n<p>Vous \u00eates un groupe scolaire et vous voulez visiter ce parcours p\u00e9dagogique, un seul t\u00e9l\u00e9phone celui de Julie David : le 06.60.38.46.84.<\/p>\n<p>&nbsp;<\/p>\n<h2 style=\"text-align: center\"><a href=\"https:\/\/www.payassociation.fr\/fdc28\/education-a-la-nature\" target=\"_blank\" rel=\"noopener noreferrer\"><span style=\"color: #70b400\">Faire un don en ligne<\/span><\/a><\/h2>\n<p>&nbsp;<\/p>\n<p>[\/vc_column_text][\/vc_column][vc_column css_animation=\u00a0\u00bbfadeInRight\u00a0\u00bb width=\u00a0\u00bb1\/3&Prime;][vc_single_image image=\u00a0\u00bb3374&Prime; img_size=\u00a0\u00bbfull\u00a0\u00bb style=\u00a0\u00bbvc_box_shadow_border\u00a0\u00bb el_class=\u00a0\u00bbmirrorImg\u00a0\u00bb][\/vc_column][\/vc_row][vc_row][vc_column][vc_empty_space][vc_single_image image=\u00a0\u00bb5120&Prime; img_size=\u00a0\u00bblarge\u00a0\u00bb][vc_empty_space][\/vc_column][\/vc_row][vc_row][vc_column width=\u00a0\u00bb1\/3&Prime;][vc_empty_space][vc_column_text]<\/p>\n<h3><strong>Partez \u00e0 la d\u00e9couverte du parcours p\u00e9dagogique en vid\u00e9o !<\/strong><\/h3>\n<p>[\/vc_column_text][vc_column_text][\/vc_column_text][vc_empty_space][\/vc_column][vc_column width=\u00a0\u00bb1\/3&Prime;][\/vc_column][vc_column width=\u00a0\u00bb1\/3&Prime;][\/vc_column][\/vc_row][vc_row][vc_column width=\u00a0\u00bb1\/3&Prime;][vc_raw_html]JTNDcCUzRSUzQ2lmcmFtZSUyMHdpZHRoJTNEJTIyNTYwJTIyJTIwaGVpZ2h0JTNEJTIyMzE1JTIyJTIwc3JjJTNEJTIyaHR0cHMlM0ElMkYlMkZ3d3cueW91dHViZS5jb20lMkZlbWJlZCUyRkRiZjNUYTJXcmkwJTIyJTIwZnJhbWVib3JkZXIlM0QlMjIwJTIyJTIwYWxsb3clM0QlMjJhdXRvcGxheSUzQiUyMGVuY3J5cHRlZC1tZWRpYSUyMiUyMGFsbG93ZnVsbHNjcmVlbiUzRSUzQyUyRmlmcmFtZSUzRSUzQyUyRnAlM0U=[\/vc_raw_html][\/vc_column][vc_column width=\u00a0\u00bb1\/3&Prime;][\/vc_column][vc_column width=\u00a0\u00bb1\/3&Prime;][\/vc_column][\/vc_row][vc_row][vc_column width=\u00a0\u00bb1\/3&Prime;][\/vc_column][vc_column width=\u00a0\u00bb1\/3&Prime;][\/vc_column][vc_column width=\u00a0\u00bb1\/3&Prime;][\/vc_column][\/vc_row][vc_row][vc_column][vc_empty_space height=\u00a0\u00bb50&Prime;][\/vc_column][\/vc_row][vc_row][vc_column][vc_column_text]<\/p>\n<h3>T\u00e9l\u00e9chargez la plaquette sur l&rsquo;\u00e9ducation \u00e0 la nature au domaine de Chenonville<\/h3>\n<div class=\"download_line\">\r\n    <div class=\"dl_top\">\r\n        <div>\r\n                        <a class=\"dl_link\" href=\"https:\/\/www.save.chasseurducentrevaldeloire.fr\/fdc28\/download\/5116\/?tmstv=1775903083\" rel=\"nofollow\" target=\"_blank\">\r\n                <i class=\"file_icon fa fa-file-pdf-o\"><\/i>\r\n                <span>plaquette-education-a-la-nature.pdf<\/span>\r\n            <\/a>\r\n        <\/div>\r\n                <p><i class=\"dl_count fa fa-download\" onclick=\"location.href='https:\/\/www.save.chasseurducentrevaldeloire.fr\/fdc28\/download\/5116\/?tmstv=1775903083'\"><\/i> 709<\/p>\r\n    <\/div>\r\n    <div class=\"dl_bottom\" id=\"dlb5116\">\r\n            <\/div>\r\n<\/div>[\/vc_column_text][\/vc_column][\/vc_row]<\/p>\n","protected":false},"excerpt":{"rendered":"<p>[vc_row][vc_column width=\u00a0\u00bb2\/3&Prime;][vc_column_text]Sur un peu plus d\u2019un kilom\u00e8tre au travers du bois, de la plaine et de la mare du domaine de Chenonville, des panneaux d\u2019information pr\u00e9sentent les caract\u00e9ristiques des diff\u00e9rents milieux travers\u00e9s, la biologie des esp\u00e8ces rencontr\u00e9es, les traces et laiss\u00e9es de certaines esp\u00e8ces. &nbsp;&#8230;<\/p>\n","protected":false},"author":2,"featured_media":0,"parent":0,"menu_order":0,"comment_status":"closed","ping_status":"closed","template":"","meta":{"_acf_changed":false,"inline_featured_image":false,"_exactmetrics_skip_tracking":false,"_exactmetrics_sitenote_active":false,"_exactmetrics_sitenote_note":"","_exactmetrics_sitenote_category":0,"footnotes":""},"class_list":["post-3373","page","type-page","status-publish","hentry"],"acf":[],"publishpress_future_action":{"enabled":false,"date":"2026-04-18 12:24:43","action":"change-status","newStatus":"draft","terms":[],"taxonomy":"","extraData":[]},"publishpress_future_workflow_manual_trigger":{"enabledWorkflows":[]},"_links":{"self":[{"href":"https:\/\/www.save.chasseurducentrevaldeloire.fr\/fdc28\/wp-json\/wp\/v2\/pages\/3373","targetHints":{"allow":["GET"]}}],"collection":[{"href":"https:\/\/www.save.chasseurducentrevaldeloire.fr\/fdc28\/wp-json\/wp\/v2\/pages"}],"about":[{"href":"https:\/\/www.save.chasseurducentrevaldeloire.fr\/fdc28\/wp-json\/wp\/v2\/types\/page"}],"author":[{"embeddable":true,"href":"https:\/\/www.save.chasseurducentrevaldeloire.fr\/fdc28\/wp-json\/wp\/v2\/users\/2"}],"replies":[{"embeddable":true,"href":"https:\/\/www.save.chasseurducentrevaldeloire.fr\/fdc28\/wp-json\/wp\/v2\/comments?post=3373"}],"version-history":[{"count":31,"href":"https:\/\/www.save.chasseurducentrevaldeloire.fr\/fdc28\/wp-json\/wp\/v2\/pages\/3373\/revisions"}],"predecessor-version":[{"id":5132,"href":"https:\/\/www.save.chasseurducentrevaldeloire.fr\/fdc28\/wp-json\/wp\/v2\/pages\/3373\/revisions\/5132"}],"wp:attachment":[{"href":"https:\/\/www.save.chasseurducentrevaldeloire.fr\/fdc28\/wp-json\/wp\/v2\/media?parent=3373"}],"curies":[{"name":"wp","href":"https:\/\/api.w.org\/{rel}","templated":true}]}}