{"id":3367,"date":"2018-05-18T14:58:47","date_gmt":"2018-05-18T12:58:47","guid":{"rendered":"http:\/\/www.chasseurducentrevaldeloire.fr\/fdc28\/?page_id=3367"},"modified":"2018-10-11T13:33:08","modified_gmt":"2018-10-11T11:33:08","slug":"nuit-du-lievre","status":"publish","type":"page","link":"https:\/\/www.save.chasseurducentrevaldeloire.fr\/fdc28\/nuit-du-lievre\/","title":{"rendered":"Nuit du li\u00e8vre"},"content":{"rendered":"<p>[vc_row][vc_column][vc_column_text]<\/p>\n<h2 style=\"text-align: center\"><strong>NUIT DU LIEVRE<\/strong><\/h2>\n<p>&nbsp;<\/p>\n<p><img loading=\"lazy\" decoding=\"async\" class=\"size-medium wp-image-3958 aligncenter\" src=\"http:\/\/www.chasseurducentrevaldeloire.fr\/fdc28\/wp-content\/uploads\/sites\/6\/2018\/10\/ikretouch-300x200.jpg\" alt=\"\" width=\"300\" height=\"200\" srcset=\"https:\/\/www.save.chasseurducentrevaldeloire.fr\/fdc28\/wp-content\/uploads\/sites\/6\/2018\/10\/ikretouch-300x200.jpg 300w, https:\/\/www.save.chasseurducentrevaldeloire.fr\/fdc28\/wp-content\/uploads\/sites\/6\/2018\/10\/ikretouch-768x512.jpg 768w, https:\/\/www.save.chasseurducentrevaldeloire.fr\/fdc28\/wp-content\/uploads\/sites\/6\/2018\/10\/ikretouch.jpg 800w\" sizes=\"auto, (max-width: 300px) 100vw, 300px\" \/><\/p>\n<p>&nbsp;<\/p>\n<p>Depuis quatre ans la f\u00e9d\u00e9ration \u00e9tend \u00e9galement ses actions de\u00a0 communication\u00a0 vers le grand public en organisant des sorties d\u00e9couvertes. La nuit du li\u00e8vre organis\u00e9e le dernier vendredi de janvier propose au grand public\u00a0 de d\u00e9couvrir les missions de la f\u00e9d\u00e9ration en les conviant \u00e0 un comptage de\u00a0 nuit.<br \/>\nC\u2019est aussi l\u2019occasion de pr\u00e9senter \u00e0 ces accompagnateurs d\u2019un soir la biologie\u00a0 des esp\u00e8ces rencontr\u00e9es au cours de cette sortie. Ce safari nocturne rencontre,\u00a0 chaque ann\u00e9e, un vif succ\u00e8s.<\/p>\n<p>&nbsp;<\/p>\n<p>Le d\u00e9part du circuit est pr\u00e9vu \u00e0 20h00 sur le parking de la f\u00e9d\u00e9ration des chasseurs \u00e0 Chenonville \u2013 12 rue du ch\u00e2teau &#8211; 28360 La-Bourdini\u00e8re-Saint-Loup.<\/p>\n<p>&nbsp;<\/p>\n<p>Cette sortie de terrain se cl\u00f4turera autour d\u2019une soupe \u00e0 l\u2019oignon.<\/p>\n<p>&nbsp;<\/p>\n<p>Ne tardez pas \u00e0 vous inscrire, en appelant la f\u00e9d\u00e9ration au 02.37.24.04.00, il n&rsquo;y a que 53\u00a0places\u00a0!<\/p>\n<p>&nbsp;<\/p>\n<p>Contacts\u00a0: Julie DAVID 06.60.38.46.84 ou Dominique LECORNU 06.60.38.46.86[\/vc_column_text][\/vc_column][\/vc_row]<\/p>\n","protected":false},"excerpt":{"rendered":"<p>[vc_row][vc_column][vc_column_text] NUIT DU LIEVRE &nbsp; &nbsp; Depuis quatre ans la f\u00e9d\u00e9ration \u00e9tend \u00e9galement ses actions de\u00a0 communication\u00a0 vers le grand public en organisant des sorties d\u00e9couvertes. La nuit du li\u00e8vre organis\u00e9e le dernier vendredi de janvier propose au grand public\u00a0 de d\u00e9couvrir les missions de&#8230;<\/p>\n","protected":false},"author":2,"featured_media":0,"parent":0,"menu_order":0,"comment_status":"closed","ping_status":"closed","template":"","meta":{"_acf_changed":false,"inline_featured_image":false,"_exactmetrics_skip_tracking":false,"_exactmetrics_sitenote_active":false,"_exactmetrics_sitenote_note":"","_exactmetrics_sitenote_category":0,"footnotes":""},"class_list":["post-3367","page","type-page","status-publish","hentry"],"acf":[],"publishpress_future_action":{"enabled":false,"date":"2026-04-18 13:58:34","action":"change-status","newStatus":"draft","terms":[],"taxonomy":"","extraData":[]},"publishpress_future_workflow_manual_trigger":{"enabledWorkflows":[]},"_links":{"self":[{"href":"https:\/\/www.save.chasseurducentrevaldeloire.fr\/fdc28\/wp-json\/wp\/v2\/pages\/3367","targetHints":{"allow":["GET"]}}],"collection":[{"href":"https:\/\/www.save.chasseurducentrevaldeloire.fr\/fdc28\/wp-json\/wp\/v2\/pages"}],"about":[{"href":"https:\/\/www.save.chasseurducentrevaldeloire.fr\/fdc28\/wp-json\/wp\/v2\/types\/page"}],"author":[{"embeddable":true,"href":"https:\/\/www.save.chasseurducentrevaldeloire.fr\/fdc28\/wp-json\/wp\/v2\/users\/2"}],"replies":[{"embeddable":true,"href":"https:\/\/www.save.chasseurducentrevaldeloire.fr\/fdc28\/wp-json\/wp\/v2\/comments?post=3367"}],"version-history":[{"count":6,"href":"https:\/\/www.save.chasseurducentrevaldeloire.fr\/fdc28\/wp-json\/wp\/v2\/pages\/3367\/revisions"}],"predecessor-version":[{"id":3959,"href":"https:\/\/www.save.chasseurducentrevaldeloire.fr\/fdc28\/wp-json\/wp\/v2\/pages\/3367\/revisions\/3959"}],"wp:attachment":[{"href":"https:\/\/www.save.chasseurducentrevaldeloire.fr\/fdc28\/wp-json\/wp\/v2\/media?parent=3367"}],"curies":[{"name":"wp","href":"https:\/\/api.w.org\/{rel}","templated":true}]}}