{"id":3363,"date":"2018-05-18T14:57:38","date_gmt":"2018-05-18T12:57:38","guid":{"rendered":"http:\/\/www.chasseurducentrevaldeloire.fr\/fdc28\/?page_id=3363"},"modified":"2022-06-20T15:32:34","modified_gmt":"2022-06-20T13:32:34","slug":"animations-scolaires","status":"publish","type":"page","link":"https:\/\/www.save.chasseurducentrevaldeloire.fr\/fdc28\/animations-scolaires\/","title":{"rendered":"Animations scolaires"},"content":{"rendered":"<p>[vc_row][vc_column width=\u00a0\u00bb2\/3&Prime;][vc_column_text]<\/p>\n<h2 style=\"text-align: center\"><strong>ANIMATIONS NATURE<\/strong><\/h2>\n<p>&nbsp;<\/p>\n<p>Animations nature en milieu scolaire : A la d\u00e9couverte de la faune sauvage et de ses habitats.<\/p>\n<p>&nbsp;<\/p>\n<p>Pour conna\u00eetre les projets p\u00e9dagogiques que peuvent proposer la F\u00e9d\u00e9ration des chasseurs d&rsquo;Eure-et-Loir dans le cadre d&rsquo;animations en milieu scolaire, <a href=\"http:\/\/www.chasseurducentrevaldeloire.fr\/fdc28\/wp-content\/uploads\/sites\/6\/2018\/05\/plaquetteCHENONVILLEweb.pdf\" target=\"_blank\" rel=\"noopener\"><span style=\"color: #70b400\"><strong>t\u00e9l\u00e9chargez le guide<\/strong><\/span><\/a>[\/vc_column_text][\/vc_column][vc_column css_animation=\u00a0\u00bbfadeInRight\u00a0\u00bb width=\u00a0\u00bb1\/3&Prime;][vc_single_image image=\u00a0\u00bb3364&Prime; img_size=\u00a0\u00bbfull\u00a0\u00bb style=\u00a0\u00bbvc_box_shadow_border\u00a0\u00bb el_class=\u00a0\u00bbmirrorImg\u00a0\u00bb][\/vc_column][\/vc_row]<\/p>\n","protected":false},"excerpt":{"rendered":"<p>[vc_row][vc_column width=\u00a0\u00bb2\/3&Prime;][vc_column_text] ANIMATIONS NATURE &nbsp; Animations nature en milieu scolaire : A la d\u00e9couverte de la faune sauvage et de ses habitats. &nbsp; Pour conna\u00eetre les projets p\u00e9dagogiques que peuvent proposer la F\u00e9d\u00e9ration des chasseurs d&rsquo;Eure-et-Loir dans le cadre d&rsquo;animations en milieu scolaire, t\u00e9l\u00e9chargez le&#8230;<\/p>\n","protected":false},"author":2,"featured_media":0,"parent":0,"menu_order":0,"comment_status":"closed","ping_status":"closed","template":"","meta":{"_acf_changed":false,"inline_featured_image":false,"_exactmetrics_skip_tracking":false,"_exactmetrics_sitenote_active":false,"_exactmetrics_sitenote_note":"","_exactmetrics_sitenote_category":0,"footnotes":""},"class_list":["post-3363","page","type-page","status-publish","hentry"],"acf":[],"publishpress_future_action":{"enabled":false,"date":"2026-04-18 13:58:35","action":"change-status","newStatus":"draft","terms":[],"taxonomy":"","extraData":[]},"publishpress_future_workflow_manual_trigger":{"enabledWorkflows":[]},"_links":{"self":[{"href":"https:\/\/www.save.chasseurducentrevaldeloire.fr\/fdc28\/wp-json\/wp\/v2\/pages\/3363","targetHints":{"allow":["GET"]}}],"collection":[{"href":"https:\/\/www.save.chasseurducentrevaldeloire.fr\/fdc28\/wp-json\/wp\/v2\/pages"}],"about":[{"href":"https:\/\/www.save.chasseurducentrevaldeloire.fr\/fdc28\/wp-json\/wp\/v2\/types\/page"}],"author":[{"embeddable":true,"href":"https:\/\/www.save.chasseurducentrevaldeloire.fr\/fdc28\/wp-json\/wp\/v2\/users\/2"}],"replies":[{"embeddable":true,"href":"https:\/\/www.save.chasseurducentrevaldeloire.fr\/fdc28\/wp-json\/wp\/v2\/comments?post=3363"}],"version-history":[{"count":2,"href":"https:\/\/www.save.chasseurducentrevaldeloire.fr\/fdc28\/wp-json\/wp\/v2\/pages\/3363\/revisions"}],"predecessor-version":[{"id":5303,"href":"https:\/\/www.save.chasseurducentrevaldeloire.fr\/fdc28\/wp-json\/wp\/v2\/pages\/3363\/revisions\/5303"}],"wp:attachment":[{"href":"https:\/\/www.save.chasseurducentrevaldeloire.fr\/fdc28\/wp-json\/wp\/v2\/media?parent=3363"}],"curies":[{"name":"wp","href":"https:\/\/api.w.org\/{rel}","templated":true}]}}