{"id":6969,"date":"2025-09-17T22:58:25","date_gmt":"2025-09-17T20:58:25","guid":{"rendered":"https:\/\/www.chasseurducentrevaldeloire.fr\/fdc18\/?page_id=6969"},"modified":"2025-09-17T23:01:54","modified_gmt":"2025-09-17T21:01:54","slug":"gibier-pour-tous-2","status":"publish","type":"page","link":"https:\/\/www.save.chasseurducentrevaldeloire.fr\/fdc18\/gibier-pour-tous-2\/","title":{"rendered":"Gibier pour tous"},"content":{"rendered":"<p><img loading=\"lazy\" decoding=\"async\" class=\"size-medium wp-image-6970 aligncenter\" src=\"https:\/\/www.chasseurducentrevaldeloire.fr\/fdc18\/wp-content\/uploads\/sites\/5\/2025\/09\/Gibier-pour-tous-300x125.png\" alt=\"\" width=\"300\" height=\"125\" srcset=\"https:\/\/www.save.chasseurducentrevaldeloire.fr\/fdc18\/wp-content\/uploads\/sites\/5\/2025\/09\/Gibier-pour-tous-300x125.png 300w, https:\/\/www.save.chasseurducentrevaldeloire.fr\/fdc18\/wp-content\/uploads\/sites\/5\/2025\/09\/Gibier-pour-tous.png 495w\" sizes=\"auto, (max-width: 300px) 100vw, 300px\" \/><\/p>\n<p>&nbsp;<\/p>\n<p>&nbsp;<\/p>\n<p class=\"x_MsoNormal\"><b data-olk-copy-source=\"MessageBody\">Son principe est simple\u00a0:<\/b><\/p>\n<p>&nbsp;<\/p>\n<ul type=\"disc\">\n<li class=\"x_MsoNormal\">Rechercher des particuliers int\u00e9ress\u00e9s par de la viande de gibier (carcasses enti\u00e8res), pour leur consommation personnelle et les mettre en relation avec des Responsables de territoires de chasse souhaitant \u00e9couler leur venaison\u00a0;<\/li>\n<li class=\"x_MsoNormal\">La cession directe de gibier dans le cadre de cette plateforme se fera gratuitement ou \u00e0 un co\u00fbt tr\u00e8s modeste\u00a0;<\/li>\n<li>Faire d\u00e9couvrir et d\u00e9mocratiser la viande de gibier et l\u2019int\u00e9grer dans le quotidien des familles de la r\u00e9gion : un apport carn\u00e9 sain, \u00e9quilibr\u00e9 et respectueux de l\u2019environnement.<\/li>\n<\/ul>\n<p>&nbsp;<\/p>\n<p>Cette valorisation locale, en circuit court, porte sur les valeurs qui nous sont ch\u00e8res : PARTAGE, CONVIVIALITE, SOLIDARITE et nous permet de FAIRE GOUTER \u00e0 tous notre passion.L\u2019inscription \u00e0 la plateforme est simple et gratuite.<\/p>\n<p>&nbsp;<\/p>\n<p>&nbsp;<\/p>\n<p class=\"x_MsoNormal\">La plateforme est accessible depuis ce lien\u00a0:<span style=\"color: #71beb8\"><b> <a style=\"color: #71beb8\" title=\"https:\/\/www.gibierpourtous.fr\/\" href=\"https:\/\/www.gibierpourtous.fr\/\" target=\"_blank\" rel=\"noopener noreferrer\" data-auth=\"NotApplicable\" data-linkindex=\"0\">https:\/\/www.gibierpourtous.fr\/<\/a><\/b><\/span><\/p>\n<p>&nbsp;<\/p>\n<p class=\"x_MsoNormal\">N\u2019h\u00e9sitez pas \u00e0 contacter la f\u00e9d\u00e9ration si besoin<\/p>\n","protected":false},"excerpt":{"rendered":"<p>&nbsp; &nbsp; Son principe est simple\u00a0: &nbsp; Rechercher des particuliers int\u00e9ress\u00e9s par de la viande de gibier (carcasses enti\u00e8res), pour leur consommation personnelle et les mettre en relation avec des Responsables de territoires de chasse souhaitant \u00e9couler leur venaison\u00a0; La cession directe de gibier dans&#8230;<\/p>\n","protected":false},"author":6,"featured_media":0,"parent":0,"menu_order":0,"comment_status":"closed","ping_status":"closed","template":"","meta":{"_acf_changed":false,"inline_featured_image":false,"_exactmetrics_skip_tracking":false,"_exactmetrics_sitenote_active":false,"_exactmetrics_sitenote_note":"","_exactmetrics_sitenote_category":0,"footnotes":""},"class_list":["post-6969","page","type-page","status-publish","hentry"],"acf":[],"publishpress_future_action":{"enabled":false,"date":"2026-04-18 13:21:01","action":"change-status","newStatus":"draft","terms":[],"taxonomy":"","extraData":[]},"publishpress_future_workflow_manual_trigger":{"enabledWorkflows":[]},"_links":{"self":[{"href":"https:\/\/www.save.chasseurducentrevaldeloire.fr\/fdc18\/wp-json\/wp\/v2\/pages\/6969","targetHints":{"allow":["GET"]}}],"collection":[{"href":"https:\/\/www.save.chasseurducentrevaldeloire.fr\/fdc18\/wp-json\/wp\/v2\/pages"}],"about":[{"href":"https:\/\/www.save.chasseurducentrevaldeloire.fr\/fdc18\/wp-json\/wp\/v2\/types\/page"}],"author":[{"embeddable":true,"href":"https:\/\/www.save.chasseurducentrevaldeloire.fr\/fdc18\/wp-json\/wp\/v2\/users\/6"}],"replies":[{"embeddable":true,"href":"https:\/\/www.save.chasseurducentrevaldeloire.fr\/fdc18\/wp-json\/wp\/v2\/comments?post=6969"}],"version-history":[{"count":2,"href":"https:\/\/www.save.chasseurducentrevaldeloire.fr\/fdc18\/wp-json\/wp\/v2\/pages\/6969\/revisions"}],"predecessor-version":[{"id":6973,"href":"https:\/\/www.save.chasseurducentrevaldeloire.fr\/fdc18\/wp-json\/wp\/v2\/pages\/6969\/revisions\/6973"}],"wp:attachment":[{"href":"https:\/\/www.save.chasseurducentrevaldeloire.fr\/fdc18\/wp-json\/wp\/v2\/media?parent=6969"}],"curies":[{"name":"wp","href":"https:\/\/api.w.org\/{rel}","templated":true}]}}