{"id":6679,"date":"2025-01-29T17:01:47","date_gmt":"2025-01-29T16:01:47","guid":{"rendered":"https:\/\/www.chasseurducentrevaldeloire.fr\/fdc18\/?page_id=6679"},"modified":"2025-01-29T17:03:48","modified_gmt":"2025-01-29T16:03:48","slug":"gibier-pour-tous","status":"publish","type":"page","link":"https:\/\/www.save.chasseurducentrevaldeloire.fr\/fdc18\/gibier-pour-tous\/","title":{"rendered":"GIBIER POUR TOUS"},"content":{"rendered":"<p class=\"x_MsoNormal\"><b data-olk-copy-source=\"MessageBody\">NOUVELLE FORMATION 2025\u00a0: GIBIER POUR TOUS<\/b><\/p>\n<p>&nbsp;<\/p>\n<p class=\"x_MsoNormal\">Cr\u00e9\u00e9e en novembre 2023 par la FDC18, la plateforme \u00ab GIBIER POUR TOUS \u00bb permet aux territoires de chasse d\u2019\u00e9couler du grand gibier directement aupr\u00e8s des particuliers.<\/p>\n<p>&nbsp;<\/p>\n<p class=\"x_MsoNormal\">Des centaines de carcasses ont d\u00e9j\u00e0 \u00e9t\u00e9 c\u00e9d\u00e9es par cet interm\u00e9diaire dans notre d\u00e9partement, mais beaucoup de responsables de chasse h\u00e9sitent encore, par manque d\u2019information, \u00e0 s\u2019inscrire ou \u00e0 proposer leur gibier\u00a0par cette plateforme totalement GRATUITE\u00a0!<\/p>\n<p>&nbsp;<\/p>\n<p class=\"x_MsoNormal\"><b>AU PROGRAMME<\/b><\/p>\n<p class=\"x_MsoNormal\">\u2022 Pr\u00e9sentation et fonctionnement d\u00e9taill\u00e9 de la Plateforme GIBIER POUR TOUS.<\/p>\n<p class=\"x_MsoNormal\">\u2022 Cr\u00e9ation de votre compte \u00ab Responsable de chasse \u00bb pendant la s\u00e9ance.<\/p>\n<p class=\"x_MsoNormal\">\u2022 D\u00e9monstration pratique personnalis\u00e9e.<\/p>\n<p class=\"x_MsoNormal\">\u2022 R\u00e9ponse \u00e0 toutes les questions pratiques.<\/p>\n<p>&nbsp;<\/p>\n<p class=\"x_MsoNormal\"><b>SESSION\u00a02025<\/b><\/p>\n<p>&nbsp;<\/p>\n<p class=\"x_MsoNormal\">Mercredi 17 septembre 2025, de 18h \u00e0 20h, au si\u00e8ge de la FDC18 (22 rue Charles Durand \u00e0 Bourges). Formation gratuite.<\/p>\n<p>&nbsp;<\/p>\n<p class=\"x_MsoNormal\">Si vous souhaitez participer, merci de vous inscrire directement en ligne (disponible sur votre espace adh\u00e9rent chasseur\u00a0\u00e0 ce lien\u00a0: <span style=\"color: #71beb8\"><strong><a style=\"color: #71beb8\" title=\"https:\/\/fdc18-2.retriever-ea.fr\/html\/Connexion.aspx\" href=\"https:\/\/fdc18-2.retriever-ea.fr\/html\/Connexion.aspx\" target=\"_blank\" rel=\"noopener noreferrer\" data-auth=\"NotApplicable\" data-linkindex=\"1\">https:\/\/fdc18-2.retriever-ea.fr\/html\/Connexion.aspx<\/a><\/strong><\/span>).<\/p>\n<p>&nbsp;<\/p>\n<p class=\"x_MsoNormal\">Si cette formation vous int\u00e9resse mais que vous n\u2019\u00eates pas disponible \u00e0 cette date, ou que vous souhaitez plus d\u2019information, n\u2019h\u00e9sitez pas \u00e0 contacter notre technicien r\u00e9f\u00e9rent, Christophe BOUILLY au 06.87.68.78.11 ou par mail\u00a0: <strong><span style=\"color: #71beb8\"><a style=\"color: #71beb8\" title=\"mailto:c.bouilly.fdc18@chasseurdefrance.com\" href=\"mailto:c.bouilly.fdc18@chasseurdefrance.com\" data-linkindex=\"2\">c.bouilly.fdc18@chasseurdefrance.com<\/a><\/span><\/strong>.<\/p>\n","protected":false},"excerpt":{"rendered":"<p>NOUVELLE FORMATION 2025\u00a0: GIBIER POUR TOUS &nbsp; Cr\u00e9\u00e9e en novembre 2023 par la FDC18, la plateforme \u00ab GIBIER POUR TOUS \u00bb permet aux territoires de chasse d\u2019\u00e9couler du grand gibier directement aupr\u00e8s des particuliers. &nbsp; Des centaines de carcasses ont d\u00e9j\u00e0 \u00e9t\u00e9 c\u00e9d\u00e9es par cet&#8230;<\/p>\n","protected":false},"author":6,"featured_media":0,"parent":0,"menu_order":0,"comment_status":"closed","ping_status":"closed","template":"","meta":{"_acf_changed":false,"inline_featured_image":false,"_exactmetrics_skip_tracking":false,"_exactmetrics_sitenote_active":false,"_exactmetrics_sitenote_note":"","_exactmetrics_sitenote_category":0,"footnotes":""},"class_list":["post-6679","page","type-page","status-publish","hentry"],"acf":[],"publishpress_future_action":{"enabled":false,"date":"2026-04-15 03:01:33","action":"change-status","newStatus":"draft","terms":[],"taxonomy":"","extraData":[]},"publishpress_future_workflow_manual_trigger":{"enabledWorkflows":[]},"_links":{"self":[{"href":"https:\/\/www.save.chasseurducentrevaldeloire.fr\/fdc18\/wp-json\/wp\/v2\/pages\/6679","targetHints":{"allow":["GET"]}}],"collection":[{"href":"https:\/\/www.save.chasseurducentrevaldeloire.fr\/fdc18\/wp-json\/wp\/v2\/pages"}],"about":[{"href":"https:\/\/www.save.chasseurducentrevaldeloire.fr\/fdc18\/wp-json\/wp\/v2\/types\/page"}],"author":[{"embeddable":true,"href":"https:\/\/www.save.chasseurducentrevaldeloire.fr\/fdc18\/wp-json\/wp\/v2\/users\/6"}],"replies":[{"embeddable":true,"href":"https:\/\/www.save.chasseurducentrevaldeloire.fr\/fdc18\/wp-json\/wp\/v2\/comments?post=6679"}],"version-history":[{"count":2,"href":"https:\/\/www.save.chasseurducentrevaldeloire.fr\/fdc18\/wp-json\/wp\/v2\/pages\/6679\/revisions"}],"predecessor-version":[{"id":6682,"href":"https:\/\/www.save.chasseurducentrevaldeloire.fr\/fdc18\/wp-json\/wp\/v2\/pages\/6679\/revisions\/6682"}],"wp:attachment":[{"href":"https:\/\/www.save.chasseurducentrevaldeloire.fr\/fdc18\/wp-json\/wp\/v2\/media?parent=6679"}],"curies":[{"name":"wp","href":"https:\/\/api.w.org\/{rel}","templated":true}]}}