{"id":5856,"date":"2022-11-24T15:43:26","date_gmt":"2022-11-24T14:43:26","guid":{"rendered":"https:\/\/www.chasseurducentrevaldeloire.fr\/fdc18\/?page_id=5856"},"modified":"2025-04-01T15:33:24","modified_gmt":"2025-04-01T13:33:24","slug":"responsable-de-chasse-et-chef-de-ligne","status":"publish","type":"page","link":"https:\/\/www.save.chasseurducentrevaldeloire.fr\/fdc18\/responsable-de-chasse-et-chef-de-ligne\/","title":{"rendered":"Responsable de chasse et chef de ligne"},"content":{"rendered":"<p>En compl\u00e9ment de la formation s\u00e9curit\u00e9 d\u00e9cennale obligatoire, la F\u00e9d\u00e9ration des Chasseurs du Cher a d\u00e9cid\u00e9 de mettre en place une formation destin\u00e9e aux responsables de chasse, chefs de ligne.<\/p>\n<p>&nbsp;<\/p>\n<p><strong><u>Programme de la journ\u00e9e<\/u>\u00a0:<\/strong><\/p>\n<ul>\n<li>Intervention en salle sur les statistiques d\u2019accidents de chasse, la r\u00e9glementation, les consignes de s\u00e9curit\u00e9, les responsabilit\u00e9s, les assurances\u2026\u00a0;<\/li>\n<li>Gestion de la venaison et des d\u00e9chets de chasse\u00a0;<\/li>\n<li>Organisation d\u2019une journ\u00e9e de chasse\u00a0;<\/li>\n<li>Mise en situation pratique sur le terrain\u00a0;<\/li>\n<li>D\u00e9briefing en salle.<\/li>\n<\/ul>\n<p>&nbsp;<\/p>\n<p><strong><span style=\"color: #ff0000\">ATTENTION\u00a0<\/span>: Cette formation est facultative et ne remplace en aucun cas la formation s\u00e9curit\u00e9 d\u00e9cennale OBLIGATOIRE applicable \u00e0 chaque chasseur.<\/strong><\/p>\n<p><strong>\u00a0<\/strong><\/p>\n<p>Pour de plus amples renseignements et inscriptions, vous pouvez contacter le technicien Julien BRAHITI au 06-45-70-93-67 ou par mail \u00e0\u00a0: <a href=\"mailto:j.brahiti.fdc18@chasseurdefrance.com\"><span style=\"color: #71beb8\"><strong>j.brahiti.fdc18@chasseurdefrance.com<\/strong><\/span><\/a><\/p>\n<p>&nbsp;<\/p>\n<p><strong>LE NOMBRE DE PARTICIPANTS EST LIMITE A 15 PERSONNES. Cependant, d\u2019autres formations pourront \u00eatre organis\u00e9es si le nombre d\u2019inscrits le n\u00e9cessite.\u00a0 <\/strong><\/p>\n<p><strong>\u00a0<\/strong><\/p>\n<p><strong>Date des formations\u00a0: <\/strong><\/p>\n<ul>\n<li>Jeudi 23 Octobre 2025 de 9 h \u00e0 17 h<\/li>\n<li>Mercredi 3 D\u00e9cembre \u00a02025 de 9 h \u00e0 17 h<\/li>\n<\/ul>\n<p><strong>Au centre de formation de la F\u00e9d\u00e9ration des Chasseurs, au lieu-dit \u00ab\u00a0Les Places\u00a0\u00bb 18220 Morogues.<\/strong><\/p>\n<p>Si vous souhaitez participer, merci de vous inscrire directement en ligne (disponible sur votre espace adh\u00e9rent chasseur\u00a0\u00e0 ce lien\u00a0:\u00a0<b><span style=\"color: #71beb8\"><a style=\"color: #71beb8\" title=\"https:\/\/fdc18-2.retriever-ea.fr\/html\/Connexion.aspx\" href=\"https:\/\/fdc18-2.retriever-ea.fr\/html\/Connexion.aspx\" target=\"_blank\" rel=\"noopener noreferrer\" data-auth=\"NotApplicable\" data-linkindex=\"0\">https:\/\/fdc18-2.retriever-ea.fr\/html\/Connexion.aspx<\/a><\/span>).<\/b><\/p>\n","protected":false},"excerpt":{"rendered":"<p>En compl\u00e9ment de la formation s\u00e9curit\u00e9 d\u00e9cennale obligatoire, la F\u00e9d\u00e9ration des Chasseurs du Cher a d\u00e9cid\u00e9 de mettre en place une formation destin\u00e9e aux responsables de chasse, chefs de ligne. &nbsp; Programme de la journ\u00e9e\u00a0: Intervention en salle sur les statistiques d\u2019accidents de chasse, la&#8230;<\/p>\n","protected":false},"author":6,"featured_media":0,"parent":0,"menu_order":0,"comment_status":"closed","ping_status":"closed","template":"","meta":{"_acf_changed":false,"inline_featured_image":false,"_exactmetrics_skip_tracking":false,"_exactmetrics_sitenote_active":false,"_exactmetrics_sitenote_note":"","_exactmetrics_sitenote_category":0,"footnotes":""},"class_list":["post-5856","page","type-page","status-publish","hentry"],"acf":[],"publishpress_future_action":{"enabled":false,"date":"2026-04-18 14:05:41","action":"change-status","newStatus":"draft","terms":[],"taxonomy":"","extraData":[]},"publishpress_future_workflow_manual_trigger":{"enabledWorkflows":[]},"_links":{"self":[{"href":"https:\/\/www.save.chasseurducentrevaldeloire.fr\/fdc18\/wp-json\/wp\/v2\/pages\/5856","targetHints":{"allow":["GET"]}}],"collection":[{"href":"https:\/\/www.save.chasseurducentrevaldeloire.fr\/fdc18\/wp-json\/wp\/v2\/pages"}],"about":[{"href":"https:\/\/www.save.chasseurducentrevaldeloire.fr\/fdc18\/wp-json\/wp\/v2\/types\/page"}],"author":[{"embeddable":true,"href":"https:\/\/www.save.chasseurducentrevaldeloire.fr\/fdc18\/wp-json\/wp\/v2\/users\/6"}],"replies":[{"embeddable":true,"href":"https:\/\/www.save.chasseurducentrevaldeloire.fr\/fdc18\/wp-json\/wp\/v2\/comments?post=5856"}],"version-history":[{"count":8,"href":"https:\/\/www.save.chasseurducentrevaldeloire.fr\/fdc18\/wp-json\/wp\/v2\/pages\/5856\/revisions"}],"predecessor-version":[{"id":5871,"href":"https:\/\/www.save.chasseurducentrevaldeloire.fr\/fdc18\/wp-json\/wp\/v2\/pages\/5856\/revisions\/5871"}],"wp:attachment":[{"href":"https:\/\/www.save.chasseurducentrevaldeloire.fr\/fdc18\/wp-json\/wp\/v2\/media?parent=5856"}],"curies":[{"name":"wp","href":"https:\/\/api.w.org\/{rel}","templated":true}]}}