{"id":5393,"date":"2022-02-11T12:09:59","date_gmt":"2022-02-11T11:09:59","guid":{"rendered":"https:\/\/www.chasseurducentrevaldeloire.fr\/fdc18\/?page_id=5393"},"modified":"2023-07-06T12:17:41","modified_gmt":"2023-07-06T10:17:41","slug":"systeme-dinformations-sur-les-armes","status":"publish","type":"page","link":"https:\/\/www.save.chasseurducentrevaldeloire.fr\/fdc18\/systeme-dinformations-sur-les-armes\/","title":{"rendered":"Syst\u00e8me d\u2019Information sur les Armes"},"content":{"rendered":"<p><strong><em>Le compte d\u00e9tenteur dans le SIA, c\u2019est quoi ?<\/em><\/strong><br \/>\n. C\u2019est votre espace personnel, prot\u00e9g\u00e9 et s\u00e9curis\u00e9 qui regroupe l\u2019ensemble de vos armes. Cet espace est l\u2019interface entre vous, votre armurier et l\u2019Etat.<br \/>\n. L\u2019ouverture de votre compte d\u00e9tenteur est obligatoire pour l\u2019acquisition, la d\u00e9tention, la vente ou la cession d\u2019arme et est possible <strong><u>jusqu\u2019au 31\/12\/2023<\/u><\/strong>.<\/p>\n<p><strong><em>Pourquoi cr\u00e9er votre espace personnel ?<\/em><\/strong><br \/>\n. Pour faciliter vos d\u00e9marches administratives concernant les armes \u00e0 feu.<br \/>\n. Pour mettre \u00e0 jour votre \u00ab\u00a0r\u00e2telier\u00a0\u00bb virtuel.<br \/>\n. Pour valider vos achats d\u2019armes aupr\u00e8s de votre armurier, ou encore pour c\u00e9der vos armes.<\/p>\n<p><strong><em>Cr\u00e9er son compte, c\u2019est facile et rapide !<\/em><\/strong><br \/>\nPour cr\u00e9er votre compte d\u00e9tenteur, c\u2019est simple, il vous faut :<br \/>\n. Un e-mail<br \/>\n. Une pi\u00e8ce d\u2019identit\u00e9 et le permis de chasser<br \/>\n. Un justificatif de domicile<\/p>\n<p>&nbsp;<\/p>\n<p>Adresse du site internet:\u00a0\u00a0\u00a0\u00a0 <a href=\"https:\/\/sia.detenteurs.interieur.gouv.fr\/\" target=\"_blank\" rel=\"noopener\"><span style=\"color: #71beb8\"><strong> https:\/\/sia.detenteurs.interieur.gouv.fr<\/strong><\/span><\/a><\/p>\n<p>&nbsp;<\/p>\n<p><strong>Contact pr\u00e9fecture: 02.48.67.36.72<\/strong><\/p>\n<p>&nbsp;<\/p>\n<ul>\n<li><a href=\"https:\/\/www.chasseurducentrevaldeloire.fr\/fdc18\/wp-content\/uploads\/sites\/5\/2022\/02\/Guide-utilisateurs-espace-detenteur-SIA.pdf\" target=\"_blank\" rel=\"noopener\"><strong><span style=\"color: #71beb8\">Guide utilisateurs &#8211; espace d\u00e9tenteur<\/span><\/strong><\/a><\/li>\n<li><a href=\"https:\/\/www.chasseurducentrevaldeloire.fr\/fdc18\/wp-content\/uploads\/sites\/5\/2022\/02\/SIA-FAQ-Detenteurs.pdf\" target=\"_blank\" rel=\"noopener\"><span style=\"color: #71beb8\"><strong>FAQ SIA d\u00e9tenteur<\/strong><\/span><\/a><\/li>\n<\/ul>\n","protected":false},"excerpt":{"rendered":"<p>Le compte d\u00e9tenteur dans le SIA, c\u2019est quoi ? . C\u2019est votre espace personnel, prot\u00e9g\u00e9 et s\u00e9curis\u00e9 qui regroupe l\u2019ensemble de vos armes. Cet espace est l\u2019interface entre vous, votre armurier et l\u2019Etat. . L\u2019ouverture de votre compte d\u00e9tenteur est obligatoire pour l\u2019acquisition, la d\u00e9tention,&#8230;<\/p>\n","protected":false},"author":6,"featured_media":0,"parent":0,"menu_order":0,"comment_status":"closed","ping_status":"closed","template":"","meta":{"_acf_changed":false,"inline_featured_image":false,"_exactmetrics_skip_tracking":false,"_exactmetrics_sitenote_active":false,"_exactmetrics_sitenote_note":"","_exactmetrics_sitenote_category":0,"footnotes":""},"class_list":["post-5393","page","type-page","status-publish","hentry"],"acf":[],"publishpress_future_action":{"enabled":false,"date":"2026-04-18 13:25:44","action":"change-status","newStatus":"draft","terms":[],"taxonomy":"","extraData":[]},"publishpress_future_workflow_manual_trigger":{"enabledWorkflows":[]},"_links":{"self":[{"href":"https:\/\/www.save.chasseurducentrevaldeloire.fr\/fdc18\/wp-json\/wp\/v2\/pages\/5393","targetHints":{"allow":["GET"]}}],"collection":[{"href":"https:\/\/www.save.chasseurducentrevaldeloire.fr\/fdc18\/wp-json\/wp\/v2\/pages"}],"about":[{"href":"https:\/\/www.save.chasseurducentrevaldeloire.fr\/fdc18\/wp-json\/wp\/v2\/types\/page"}],"author":[{"embeddable":true,"href":"https:\/\/www.save.chasseurducentrevaldeloire.fr\/fdc18\/wp-json\/wp\/v2\/users\/6"}],"replies":[{"embeddable":true,"href":"https:\/\/www.save.chasseurducentrevaldeloire.fr\/fdc18\/wp-json\/wp\/v2\/comments?post=5393"}],"version-history":[{"count":4,"href":"https:\/\/www.save.chasseurducentrevaldeloire.fr\/fdc18\/wp-json\/wp\/v2\/pages\/5393\/revisions"}],"predecessor-version":[{"id":6123,"href":"https:\/\/www.save.chasseurducentrevaldeloire.fr\/fdc18\/wp-json\/wp\/v2\/pages\/5393\/revisions\/6123"}],"wp:attachment":[{"href":"https:\/\/www.save.chasseurducentrevaldeloire.fr\/fdc18\/wp-json\/wp\/v2\/media?parent=5393"}],"curies":[{"name":"wp","href":"https:\/\/api.w.org\/{rel}","templated":true}]}}