{"id":5216,"date":"2021-10-29T08:38:43","date_gmt":"2021-10-29T06:38:43","guid":{"rendered":"https:\/\/www.chasseurducentrevaldeloire.fr\/fdc18\/?page_id=5216"},"modified":"2025-04-02T11:08:47","modified_gmt":"2025-04-02T09:08:47","slug":"formation-chasse-et-destruction-a-tir-des-corvides","status":"publish","type":"page","link":"https:\/\/www.save.chasseurducentrevaldeloire.fr\/fdc18\/formation-chasse-et-destruction-a-tir-des-corvides\/","title":{"rendered":"Formation Chasse et destruction \u00e0 tir des corvid\u00e9s"},"content":{"rendered":"<p>Chaque ann\u00e9e, vous \u00eates nombreux \u00e0 subir des d\u00e9g\u00e2ts de corbeaux freux ou de corneilles noires sur vos semis de cultures mais \u00e9galement sur les couv\u00e9es de canards, faisans, perdrix\u2026 La r\u00e9gulation des corvid\u00e9s par le pi\u00e9geage devient de plus en plus compliqu\u00e9e : obligation de visiter la cage chaque matin, de nourrir les appelants r\u00e9guli\u00e8rement : la destruction \u00e0 tir est d\u00e9sormais une alternative efficace.<\/p>\n<p>&nbsp;<\/p>\n<p><strong>Pour obtenir de meilleurs r\u00e9sultats, vous pouvez suivre une formation aupr\u00e8s de la F\u00e9d\u00e9ration des Chasseurs<\/strong><strong>.<\/strong><\/p>\n<p>&nbsp;<\/p>\n<p><strong>Formation destruction CORVID\u00c9S : Pas de session pr\u00e9vue pour le moment<br \/>\n<\/strong><\/p>\n<p>&nbsp;<\/p>\n<p><span style=\"color: #71beb8\"><strong>Inscrivez-vous en ligne<\/strong><\/span><\/p>\n<p>&nbsp;<\/p>\n<p><b>Merci de joindre un ch\u00e8que de 20 \u20ac \u00e0 l\u2019ordre de FDC18 lors de votre inscription<\/b><\/p>\n<p>&nbsp;<\/p>\n<p><strong>Pour plus de renseignements, n\u2019h\u00e9sitez pas \u00e0 contacter J\u00e9r\u00f4me RACLIN au 06.28.30.81.88 ou <span style=\"color: #71beb8\"><a style=\"color: #71beb8\" href=\"mailto:j.raclin.fdc18@chasseurdefrance.com\">j.raclin.fdc18@chasseurdefrance.com<\/a><\/span><br \/>\n<\/strong><\/p>\n<p>&nbsp;<\/p>\n","protected":false},"excerpt":{"rendered":"<p>Chaque ann\u00e9e, vous \u00eates nombreux \u00e0 subir des d\u00e9g\u00e2ts de corbeaux freux ou de corneilles noires sur vos semis de cultures mais \u00e9galement sur les couv\u00e9es de canards, faisans, perdrix\u2026 La r\u00e9gulation des corvid\u00e9s par le pi\u00e9geage devient de plus en plus compliqu\u00e9e : obligation&#8230;<\/p>\n","protected":false},"author":6,"featured_media":0,"parent":0,"menu_order":0,"comment_status":"closed","ping_status":"closed","template":"","meta":{"_acf_changed":false,"inline_featured_image":false,"_exactmetrics_skip_tracking":false,"_exactmetrics_sitenote_active":false,"_exactmetrics_sitenote_note":"","_exactmetrics_sitenote_category":0,"footnotes":""},"class_list":["post-5216","page","type-page","status-publish","hentry"],"acf":[],"publishpress_future_action":{"enabled":false,"date":"2026-04-15 03:14:39","action":"change-status","newStatus":"draft","terms":[],"taxonomy":"","extraData":[]},"publishpress_future_workflow_manual_trigger":{"enabledWorkflows":[]},"_links":{"self":[{"href":"https:\/\/www.save.chasseurducentrevaldeloire.fr\/fdc18\/wp-json\/wp\/v2\/pages\/5216","targetHints":{"allow":["GET"]}}],"collection":[{"href":"https:\/\/www.save.chasseurducentrevaldeloire.fr\/fdc18\/wp-json\/wp\/v2\/pages"}],"about":[{"href":"https:\/\/www.save.chasseurducentrevaldeloire.fr\/fdc18\/wp-json\/wp\/v2\/types\/page"}],"author":[{"embeddable":true,"href":"https:\/\/www.save.chasseurducentrevaldeloire.fr\/fdc18\/wp-json\/wp\/v2\/users\/6"}],"replies":[{"embeddable":true,"href":"https:\/\/www.save.chasseurducentrevaldeloire.fr\/fdc18\/wp-json\/wp\/v2\/comments?post=5216"}],"version-history":[{"count":13,"href":"https:\/\/www.save.chasseurducentrevaldeloire.fr\/fdc18\/wp-json\/wp\/v2\/pages\/5216\/revisions"}],"predecessor-version":[{"id":6783,"href":"https:\/\/www.save.chasseurducentrevaldeloire.fr\/fdc18\/wp-json\/wp\/v2\/pages\/5216\/revisions\/6783"}],"wp:attachment":[{"href":"https:\/\/www.save.chasseurducentrevaldeloire.fr\/fdc18\/wp-json\/wp\/v2\/media?parent=5216"}],"curies":[{"name":"wp","href":"https:\/\/api.w.org\/{rel}","templated":true}]}}