{"id":4967,"date":"2021-08-27T11:00:18","date_gmt":"2021-08-27T09:00:18","guid":{"rendered":"https:\/\/www.chasseurducentrevaldeloire.fr\/fdc18\/?page_id=4967"},"modified":"2022-06-20T12:06:41","modified_gmt":"2022-06-20T10:06:41","slug":"conseil-departemental-du-cher","status":"publish","type":"page","link":"https:\/\/www.save.chasseurducentrevaldeloire.fr\/fdc18\/conseil-departemental-du-cher\/","title":{"rendered":"Conseil D\u00e9partemental du Cher"},"content":{"rendered":"<p>[vc_row][vc_column][vc_column_text]<img loading=\"lazy\" decoding=\"async\" class=\"alignnone size-full wp-image-4968 aligncenter\" src=\"https:\/\/www.chasseurducentrevaldeloire.fr\/fdc18\/wp-content\/uploads\/sites\/5\/2021\/08\/Conseil-Departemental.jpg\" alt=\"\" width=\"300\" height=\"125\" \/><\/p>\n<p>&nbsp;<\/p>\n<p>&nbsp;<\/p>\n<p>&nbsp;<\/p>\n<p style=\"text-align: center\"><strong>Conseil D\u00e9partemental du Cher<\/strong><\/p>\n<p>&nbsp;<\/p>\n<p>[\/vc_column_text][\/vc_column][\/vc_row][vc_row][vc_column][vc_column_text]Engag\u00e9 aux c\u00f4t\u00e9s de la f\u00e9d\u00e9ration depuis de nombreuses ann\u00e9es et encore plus depuis la cr\u00e9ation de l\u2019Espace Naturel Sensible de Morogues en 2012, le Conseil D\u00e9partemental du Cher est un partenaire ind\u00e9niable des activit\u00e9s f\u00e9d\u00e9rales.<\/p>\n<p>&nbsp;<\/p>\n<p><strong>Lien vers le site\u00a0: <a href=\"https:\/\/www.departement18.fr\/\" target=\"_blank\" rel=\"noopener\"><span style=\"color: #71beb8\">https:\/\/www.departement18.fr\/<\/span><\/a><\/strong>[\/vc_column_text][\/vc_column][\/vc_row]<\/p>\n","protected":false},"excerpt":{"rendered":"<p>[vc_row][vc_column][vc_column_text] &nbsp; &nbsp; &nbsp; Conseil D\u00e9partemental du Cher &nbsp; [\/vc_column_text][\/vc_column][\/vc_row][vc_row][vc_column][vc_column_text]Engag\u00e9 aux c\u00f4t\u00e9s de la f\u00e9d\u00e9ration depuis de nombreuses ann\u00e9es et encore plus depuis la cr\u00e9ation de l\u2019Espace Naturel Sensible de Morogues en 2012, le Conseil D\u00e9partemental du Cher est un partenaire ind\u00e9niable des activit\u00e9s f\u00e9d\u00e9rales&#8230;.<\/p>\n","protected":false},"author":6,"featured_media":0,"parent":0,"menu_order":0,"comment_status":"closed","ping_status":"closed","template":"","meta":{"_acf_changed":false,"inline_featured_image":false,"_exactmetrics_skip_tracking":false,"_exactmetrics_sitenote_active":false,"_exactmetrics_sitenote_note":"","_exactmetrics_sitenote_category":0,"footnotes":""},"class_list":["post-4967","page","type-page","status-publish","hentry"],"acf":[],"publishpress_future_action":{"enabled":false,"date":"2026-04-15 03:20:41","action":"change-status","newStatus":"draft","terms":[],"taxonomy":"","extraData":[]},"publishpress_future_workflow_manual_trigger":{"enabledWorkflows":[]},"_links":{"self":[{"href":"https:\/\/www.save.chasseurducentrevaldeloire.fr\/fdc18\/wp-json\/wp\/v2\/pages\/4967","targetHints":{"allow":["GET"]}}],"collection":[{"href":"https:\/\/www.save.chasseurducentrevaldeloire.fr\/fdc18\/wp-json\/wp\/v2\/pages"}],"about":[{"href":"https:\/\/www.save.chasseurducentrevaldeloire.fr\/fdc18\/wp-json\/wp\/v2\/types\/page"}],"author":[{"embeddable":true,"href":"https:\/\/www.save.chasseurducentrevaldeloire.fr\/fdc18\/wp-json\/wp\/v2\/users\/6"}],"replies":[{"embeddable":true,"href":"https:\/\/www.save.chasseurducentrevaldeloire.fr\/fdc18\/wp-json\/wp\/v2\/comments?post=4967"}],"version-history":[{"count":4,"href":"https:\/\/www.save.chasseurducentrevaldeloire.fr\/fdc18\/wp-json\/wp\/v2\/pages\/4967\/revisions"}],"predecessor-version":[{"id":5636,"href":"https:\/\/www.save.chasseurducentrevaldeloire.fr\/fdc18\/wp-json\/wp\/v2\/pages\/4967\/revisions\/5636"}],"wp:attachment":[{"href":"https:\/\/www.save.chasseurducentrevaldeloire.fr\/fdc18\/wp-json\/wp\/v2\/media?parent=4967"}],"curies":[{"name":"wp","href":"https:\/\/api.w.org\/{rel}","templated":true}]}}