{"id":4959,"date":"2021-08-27T10:40:30","date_gmt":"2021-08-27T08:40:30","guid":{"rendered":"https:\/\/www.chasseurducentrevaldeloire.fr\/fdc18\/?page_id=4959"},"modified":"2022-06-20T13:29:13","modified_gmt":"2022-06-20T11:29:13","slug":"direction-departementale-des-territoires-du-cher","status":"publish","type":"page","link":"https:\/\/www.save.chasseurducentrevaldeloire.fr\/fdc18\/direction-departementale-des-territoires-du-cher\/","title":{"rendered":"Direction D\u00e9partementale des Territoires du Cher"},"content":{"rendered":"<p>[vc_row][vc_column][vc_column_text]<\/p>\n<p style=\"text-align: center\"><img loading=\"lazy\" decoding=\"async\" class=\"alignnone size-full wp-image-4960\" src=\"https:\/\/www.chasseurducentrevaldeloire.fr\/fdc18\/wp-content\/uploads\/sites\/5\/2021\/08\/DDT18.jpg\" alt=\"\" width=\"120\" height=\"130\" \/><\/p>\n<p>&nbsp;<\/p>\n<p>&nbsp;<\/p>\n<p style=\"text-align: center\"><strong>Direction D\u00e9partementale des Territoires du Cher<\/strong><\/p>\n<p>[\/vc_column_text][\/vc_column][\/vc_row][vc_row][vc_column][vc_column_text]Le bureau For\u00eat-Chasse-Nature est un interlocuteur privil\u00e9gi\u00e9 de la F\u00e9d\u00e9ration pour la gestion des dossiers concernant la chasse et la r\u00e9gulation des esp\u00e8ces susceptibles d\u2019occasionner des d\u00e9g\u00e2ts mais aussi pour les particuliers.<\/p>\n<p>Il est joignable par mail\u00a0: <a href=\"mailto:ddt-ser-bfcn@cher.gouv.fr\" target=\"_blank\" rel=\"noopener\"><strong><span style=\"color: #71beb8\">ddt-ser-bfcn@cher.gouv.fr<\/span><\/strong><\/a><\/p>\n<p>Lien vers le site\u00a0:<strong> <a href=\"https:\/\/www.cher.gouv.fr\/Services-de-l-Etat\/Presentation-des-services\/DDT\" target=\"_blank\" rel=\"noopener\"><span style=\"color: #71beb8\">https:\/\/www.cher.gouv.fr\/Services-de-l-Etat\/Presentation-des-services\/DDT<\/span><\/a><\/strong>[\/vc_column_text][\/vc_column][\/vc_row]<\/p>\n","protected":false},"excerpt":{"rendered":"<p>[vc_row][vc_column][vc_column_text] &nbsp; &nbsp; Direction D\u00e9partementale des Territoires du Cher [\/vc_column_text][\/vc_column][\/vc_row][vc_row][vc_column][vc_column_text]Le bureau For\u00eat-Chasse-Nature est un interlocuteur privil\u00e9gi\u00e9 de la F\u00e9d\u00e9ration pour la gestion des dossiers concernant la chasse et la r\u00e9gulation des esp\u00e8ces susceptibles d\u2019occasionner des d\u00e9g\u00e2ts mais aussi pour les particuliers. Il est joignable par&#8230;<\/p>\n","protected":false},"author":6,"featured_media":0,"parent":0,"menu_order":0,"comment_status":"closed","ping_status":"closed","template":"","meta":{"_acf_changed":false,"inline_featured_image":false,"_exactmetrics_skip_tracking":false,"_exactmetrics_sitenote_active":false,"_exactmetrics_sitenote_note":"","_exactmetrics_sitenote_category":0,"footnotes":""},"class_list":["post-4959","page","type-page","status-publish","hentry"],"acf":[],"publishpress_future_action":{"enabled":false,"date":"2026-04-18 12:23:35","action":"change-status","newStatus":"draft","terms":[],"taxonomy":"","extraData":[]},"publishpress_future_workflow_manual_trigger":{"enabledWorkflows":[]},"_links":{"self":[{"href":"https:\/\/www.save.chasseurducentrevaldeloire.fr\/fdc18\/wp-json\/wp\/v2\/pages\/4959","targetHints":{"allow":["GET"]}}],"collection":[{"href":"https:\/\/www.save.chasseurducentrevaldeloire.fr\/fdc18\/wp-json\/wp\/v2\/pages"}],"about":[{"href":"https:\/\/www.save.chasseurducentrevaldeloire.fr\/fdc18\/wp-json\/wp\/v2\/types\/page"}],"author":[{"embeddable":true,"href":"https:\/\/www.save.chasseurducentrevaldeloire.fr\/fdc18\/wp-json\/wp\/v2\/users\/6"}],"replies":[{"embeddable":true,"href":"https:\/\/www.save.chasseurducentrevaldeloire.fr\/fdc18\/wp-json\/wp\/v2\/comments?post=4959"}],"version-history":[{"count":4,"href":"https:\/\/www.save.chasseurducentrevaldeloire.fr\/fdc18\/wp-json\/wp\/v2\/pages\/4959\/revisions"}],"predecessor-version":[{"id":5638,"href":"https:\/\/www.save.chasseurducentrevaldeloire.fr\/fdc18\/wp-json\/wp\/v2\/pages\/4959\/revisions\/5638"}],"wp:attachment":[{"href":"https:\/\/www.save.chasseurducentrevaldeloire.fr\/fdc18\/wp-json\/wp\/v2\/media?parent=4959"}],"curies":[{"name":"wp","href":"https:\/\/api.w.org\/{rel}","templated":true}]}}