{"id":4956,"date":"2021-08-27T10:25:22","date_gmt":"2021-08-27T08:25:22","guid":{"rendered":"https:\/\/www.chasseurducentrevaldeloire.fr\/fdc18\/?page_id=4956"},"modified":"2024-09-30T14:08:56","modified_gmt":"2024-09-30T12:08:56","slug":"conducteurs-de-chiens-de-sang","status":"publish","type":"page","link":"https:\/\/www.save.chasseurducentrevaldeloire.fr\/fdc18\/conducteurs-de-chiens-de-sang\/","title":{"rendered":"Conducteurs de chiens de sang"},"content":{"rendered":"<p>[vc_row][vc_column][vc_column_text]<\/p>\n<table width=\"943\">\n<tbody>\n<tr>\n<td width=\"110\">NOM<\/td>\n<td width=\"80\">Pr\u00e9nom<\/td>\n<td width=\"133\">Adresse<\/td>\n<td width=\"66\">Cde postal<\/td>\n<td width=\"128\">Ville<\/td>\n<td width=\"94\">T\u00e9l\u00e9phone<\/td>\n<td width=\"94\">Portable<\/td>\n<td width=\"238\">Adresse mail<\/td>\n<\/tr>\n<tr>\n<td><span style=\"color: #71beb8\"><strong>CHER<\/strong><\/span><\/td>\n<td width=\"80\"><\/td>\n<td width=\"133\"><\/td>\n<td width=\"66\"><\/td>\n<td width=\"128\"><\/td>\n<td width=\"94\"><\/td>\n<td><\/td>\n<td width=\"238\"><\/td>\n<\/tr>\n<tr>\n<td width=\"110\">CACARD<\/td>\n<td width=\"80\">Danielle<\/td>\n<td width=\"133\">7, route de la Motte<\/td>\n<td width=\"66\">18500<\/td>\n<td width=\"128\">Berry-Bouy<\/td>\n<td width=\"94\"><\/td>\n<td width=\"94\">06 74 16 01 25<\/td>\n<td width=\"238\">gcacard@wanadoo.fr<\/td>\n<\/tr>\n<tr>\n<td width=\"110\">DA SILVA<\/td>\n<td width=\"80\">Manuel<\/td>\n<td width=\"133\">4, all\u00e9e de la Fontaine aux dames<\/td>\n<td width=\"66\">18110<\/td>\n<td width=\"128\">Vasselay<\/td>\n<td width=\"94\">02 48 69 44 92<\/td>\n<td width=\"94\">06 89 45 22 23<\/td>\n<td width=\"238\">manuel.silva@bbox.fr<\/td>\n<\/tr>\n<tr>\n<td width=\"110\">DEPOGNY<\/td>\n<td width=\"80\">Eric<\/td>\n<td width=\"133\">Le Transval<\/td>\n<td width=\"66\">18410<\/td>\n<td width=\"128\">Blancafort<\/td>\n<td width=\"94\"><\/td>\n<td width=\"94\">06 26 90 36 88<\/td>\n<td>eric.depogny@orange.fr<\/td>\n<\/tr>\n<tr>\n<td width=\"110\">LINARD<\/td>\n<td width=\"80\">Fabien<\/td>\n<td width=\"133\">Le Roulier<\/td>\n<td width=\"66\">18220<\/td>\n<td width=\"128\">Soulangis<\/td>\n<td><\/td>\n<td width=\"94\">06 30 40 26 93<\/td>\n<td width=\"238\">bide.barbe@gmail.com<\/td>\n<\/tr>\n<tr>\n<td width=\"110\">MENNETEAU<\/td>\n<td width=\"80\">Pascal<\/td>\n<td width=\"133\">Le puits b\u00e2tard<\/td>\n<td width=\"66\">18190<\/td>\n<td width=\"128\">Serruelles<\/td>\n<td width=\"94\">02 48 25 19 75<\/td>\n<td width=\"94\">06 85 11 16 33<\/td>\n<td width=\"238\">pascal.menneteau@dechra.com<\/td>\n<\/tr>\n<tr>\n<td width=\"110\">PAWLAK<\/td>\n<td width=\"80\">Patricia<\/td>\n<td width=\"133\">21, rue Charles Gibaud<\/td>\n<td width=\"66\">18100<\/td>\n<td width=\"128\">Vierzon<\/td>\n<td width=\"94\">02 48 71 57 45<\/td>\n<td width=\"94\">06 68 68 57 45<\/td>\n<td width=\"238\">michelpawlak@orange.fr<\/td>\n<\/tr>\n<tr>\n<td width=\"110\">REYNIER<\/td>\n<td width=\"80\">Marie Line<\/td>\n<td width=\"133\">La Courtine<\/td>\n<td width=\"66\">18220<\/td>\n<td width=\"128\">Soulangis<\/td>\n<td><\/td>\n<td width=\"94\">06 71 40 06 91<\/td>\n<td width=\"238\">mteckels@hotmail.fr<\/td>\n<\/tr>\n<tr>\n<td width=\"110\">ROCHON<\/td>\n<td width=\"80\">Alexandre<\/td>\n<td width=\"133\">22 rue de Villeneuve<\/td>\n<td width=\"66\">45420<\/td>\n<td width=\"128\">Bonny sur Loire<\/td>\n<td><\/td>\n<td width=\"94\">06 17 98 55 78<\/td>\n<td width=\"238\">alexandre.rochon@sfr.fr<\/td>\n<\/tr>\n<tr>\n<td width=\"110\">SALMON<\/td>\n<td width=\"80\">Daniel<\/td>\n<td width=\"133\">1, chemin de Gron<\/td>\n<td width=\"66\">18800<\/td>\n<td width=\"128\">Baugy<\/td>\n<td width=\"94\">02 48 26 19 41<\/td>\n<td width=\"94\">06 77 65 60 65<\/td>\n<td width=\"238\">salmon.mlc@wanadoo.fr<\/td>\n<\/tr>\n<tr>\n<td width=\"110\">VANNIER<\/td>\n<td width=\"80\">J\u00e9r\u00f4me<\/td>\n<td width=\"133\">2b Boisgirard d&rsquo;en Haut<\/td>\n<td width=\"66\">18300<\/td>\n<td width=\"128\">Crezancy en Sancerre<\/td>\n<td width=\"94\"><\/td>\n<td width=\"94\">06 47 43 05 02<\/td>\n<td>serres-sancerroises@orange.fr<\/td>\n<\/tr>\n<tr>\n<td><strong><span style=\"color: #71beb8\">EURE ET LOIR<\/span><\/strong><\/td>\n<td width=\"80\"><\/td>\n<td width=\"133\"><\/td>\n<td width=\"66\"><\/td>\n<td width=\"128\"><\/td>\n<td width=\"94\"><\/td>\n<td width=\"94\"><\/td>\n<td width=\"238\"><\/td>\n<\/tr>\n<tr>\n<td width=\"110\">FORET<\/td>\n<td width=\"80\">Elyane<\/td>\n<td width=\"133\">21, Les Champeaux<\/td>\n<td width=\"66\">28480<\/td>\n<td width=\"128\">Combres<\/td>\n<td width=\"94\">02 37 29 50 65<\/td>\n<td width=\"94\">06 81 10 23 08<\/td>\n<td width=\"238\">Elyane.foret@gmail.com<\/td>\n<\/tr>\n<tr>\n<td><strong><span style=\"color: #71beb8\">INDRE<\/span><\/strong><\/td>\n<td width=\"80\"><\/td>\n<td width=\"133\"><\/td>\n<td width=\"66\"><\/td>\n<td width=\"128\"><\/td>\n<td width=\"94\"><\/td>\n<td width=\"94\"><\/td>\n<td width=\"238\"><\/td>\n<\/tr>\n<tr>\n<td width=\"110\">CAYEUX<\/td>\n<td width=\"80\">Alain<\/td>\n<td width=\"133\">24, rue Victor Hugo<\/td>\n<td width=\"66\">36120<\/td>\n<td width=\"128\">Ardentes<\/td>\n<td width=\"94\">02 54 36 35 82<\/td>\n<td width=\"94\">06 85 66 44 67<\/td>\n<td width=\"238\"><\/td>\n<\/tr>\n<tr>\n<td><span style=\"color: #71beb8\"><strong>LOIR ET CHER<\/strong><\/span><\/td>\n<td width=\"80\"><\/td>\n<td width=\"133\"><\/td>\n<td width=\"66\"><\/td>\n<td width=\"128\"><\/td>\n<td width=\"94\"><\/td>\n<td width=\"94\"><\/td>\n<td width=\"238\"><\/td>\n<\/tr>\n<tr>\n<td width=\"110\">BOULAND<\/td>\n<td width=\"80\">Alain<\/td>\n<td width=\"133\">647, rue du Trancher<\/td>\n<td width=\"66\">41250<\/td>\n<td width=\"128\">Bracieux<\/td>\n<td width=\"94\">02 54 78 63 72<\/td>\n<td width=\"94\">06 83 42 94 22<\/td>\n<td width=\"238\">alcl.bouland@orange.fr<\/td>\n<\/tr>\n<tr>\n<td width=\"110\">COUDRAY<\/td>\n<td width=\"80\">Mathieu<\/td>\n<td width=\"133\">Bois au gu\u00e9<\/td>\n<td width=\"66\">41220<\/td>\n<td width=\"128\">La Fert\u00e9 Saint Cyr<\/td>\n<td><\/td>\n<td width=\"94\">06 82 93 83 03<\/td>\n<td width=\"238\">matcoudray@sfr.fr<\/td>\n<\/tr>\n<tr>\n<td width=\"110\">GIRARD<\/td>\n<td width=\"80\">Laurent<\/td>\n<td width=\"133\">Les Bondeux<\/td>\n<td width=\"66\">41320<\/td>\n<td width=\"128\">St Loup sur Cher<\/td>\n<td><\/td>\n<td width=\"94\">06 82 41 20 01<\/td>\n<td width=\"238\"><\/td>\n<\/tr>\n<tr>\n<td width=\"110\">JOURNOUX<\/td>\n<td width=\"80\">Jean Laurent<\/td>\n<td width=\"133\">25, avenue Emile Morin<\/td>\n<td width=\"66\">41600<\/td>\n<td width=\"128\">Lamotte Beuvron<\/td>\n<td width=\"94\">02 54 96 81 60<\/td>\n<td width=\"94\">06 23 30 58 15<\/td>\n<td width=\"238\">jlbjournoux@wanadoo.fr<\/td>\n<\/tr>\n<tr>\n<td width=\"110\">PAVONE<\/td>\n<td width=\"80\">R\u00e9mi<\/td>\n<td width=\"133\">90, route de Contres<\/td>\n<td width=\"66\">41250<\/td>\n<td width=\"128\">Fontaines en Sologne<\/td>\n<td width=\"94\">02 54 70 09 28<\/td>\n<td width=\"94\">06 67 11 26 59<\/td>\n<td width=\"238\">pavone.remi@gmail.com<\/td>\n<\/tr>\n<tr>\n<td><span style=\"color: #71beb8\"><strong>LOIRET<\/strong><\/span><\/td>\n<td width=\"80\"><\/td>\n<td width=\"133\"><\/td>\n<td width=\"66\"><\/td>\n<td width=\"128\"><\/td>\n<td width=\"94\"><\/td>\n<td width=\"94\"><\/td>\n<td width=\"238\"><\/td>\n<\/tr>\n<tr>\n<td width=\"110\">FELIX<\/td>\n<td width=\"80\">Sylvie<\/td>\n<td width=\"133\">221, rue du Vivier<\/td>\n<td width=\"66\">45400<\/td>\n<td width=\"128\">Chanteau<\/td>\n<td width=\"94\">02 38 75 37 56<\/td>\n<td width=\"94\">06 78 31 94 72<\/td>\n<td width=\"238\">viefelix@laposte.net<\/td>\n<\/tr>\n<tr>\n<td width=\"110\">LONGUET<\/td>\n<td width=\"80\">R\u00e9gis<\/td>\n<td width=\"133\">68, grande rue Cidex 212<\/td>\n<td width=\"66\">89150<\/td>\n<td width=\"128\">Villebougis<\/td>\n<td width=\"94\">09 66 84 88 97<\/td>\n<td width=\"94\">06 43 49 77 71<\/td>\n<td width=\"238\">selonguet@wanadoo.fr<\/td>\n<\/tr>\n<tr>\n<td width=\"110\">ROCHON<\/td>\n<td width=\"80\">Alexandre<\/td>\n<td width=\"133\">22, rue de la Villeneuve<\/td>\n<td width=\"66\">45420<\/td>\n<td width=\"128\">Bonny sur Loire<\/td>\n<td><\/td>\n<td width=\"94\">06 17 98 55 78<\/td>\n<td width=\"238\">alexandre.rochon@sfr.fr<\/td>\n<\/tr>\n<tr>\n<td width=\"110\">SCHOCKAERT<\/td>\n<td width=\"80\">Laurent<\/td>\n<td width=\"133\"><\/td>\n<td width=\"66\">45700<\/td>\n<td width=\"128\">Villemandeur<\/td>\n<td><\/td>\n<td width=\"94\">07 82 45 59 47<\/td>\n<td width=\"238\"><\/td>\n<\/tr>\n<tr>\n<td>NIEVRE<\/td>\n<td width=\"80\"><\/td>\n<td width=\"133\"><\/td>\n<td width=\"66\"><\/td>\n<td width=\"128\"><\/td>\n<td><\/td>\n<td width=\"94\"><\/td>\n<td width=\"238\"><\/td>\n<\/tr>\n<tr>\n<td width=\"110\">AGOGUE<\/td>\n<td width=\"80\">Serge<\/td>\n<td width=\"133\">Route de Germigny<\/td>\n<td width=\"66\">58400<\/td>\n<td width=\"128\">Tronsanges<\/td>\n<td width=\"94\">03 86 37 86 70<\/td>\n<td width=\"94\">06 83 20 65 50<\/td>\n<td width=\"238\">annette.agogue@club-internet.fr<\/td>\n<\/tr>\n<tr>\n<td><strong><span style=\"color: #71beb8\">CREUSE<\/span><\/strong><\/td>\n<td width=\"80\"><\/td>\n<td width=\"133\"><\/td>\n<td width=\"66\"><\/td>\n<td width=\"128\"><\/td>\n<td width=\"94\"><\/td>\n<td width=\"94\"><\/td>\n<td width=\"238\"><\/td>\n<\/tr>\n<tr>\n<td width=\"110\">CHAUVET<\/td>\n<td width=\"80\">Julien<\/td>\n<td width=\"133\">2, le Chier<\/td>\n<td width=\"66\">23140<\/td>\n<td width=\"128\">Pionnat<\/td>\n<td width=\"94\">09 51 00 51 72<\/td>\n<td width=\"94\">06 07 42 76 12<\/td>\n<td width=\"238\">jul.chauvet@gmail.com<\/td>\n<\/tr>\n<\/tbody>\n<\/table>\n<p>[\/vc_column_text][\/vc_column][\/vc_row][vc_row][vc_column][\/vc_column][\/vc_row]<\/p>\n","protected":false},"excerpt":{"rendered":"<p>[vc_row][vc_column][vc_column_text] NOM Pr\u00e9nom Adresse Cde postal Ville T\u00e9l\u00e9phone Portable Adresse mail CHER CACARD Danielle 7, route de la Motte 18500 Berry-Bouy 06 74 16 01 25 gcacard@wanadoo.fr DA SILVA Manuel 4, all\u00e9e de la Fontaine aux dames 18110 Vasselay 02 48 69 44 92 06&#8230;<\/p>\n","protected":false},"author":6,"featured_media":0,"parent":0,"menu_order":0,"comment_status":"closed","ping_status":"closed","template":"","meta":{"_acf_changed":false,"inline_featured_image":false,"_exactmetrics_skip_tracking":false,"_exactmetrics_sitenote_active":false,"_exactmetrics_sitenote_note":"","_exactmetrics_sitenote_category":0,"footnotes":""},"class_list":["post-4956","page","type-page","status-publish","hentry"],"acf":[],"publishpress_future_action":{"enabled":false,"date":"2026-04-18 12:23:34","action":"change-status","newStatus":"draft","terms":[],"taxonomy":"","extraData":[]},"publishpress_future_workflow_manual_trigger":{"enabledWorkflows":[]},"_links":{"self":[{"href":"https:\/\/www.save.chasseurducentrevaldeloire.fr\/fdc18\/wp-json\/wp\/v2\/pages\/4956","targetHints":{"allow":["GET"]}}],"collection":[{"href":"https:\/\/www.save.chasseurducentrevaldeloire.fr\/fdc18\/wp-json\/wp\/v2\/pages"}],"about":[{"href":"https:\/\/www.save.chasseurducentrevaldeloire.fr\/fdc18\/wp-json\/wp\/v2\/types\/page"}],"author":[{"embeddable":true,"href":"https:\/\/www.save.chasseurducentrevaldeloire.fr\/fdc18\/wp-json\/wp\/v2\/users\/6"}],"replies":[{"embeddable":true,"href":"https:\/\/www.save.chasseurducentrevaldeloire.fr\/fdc18\/wp-json\/wp\/v2\/comments?post=4956"}],"version-history":[{"count":18,"href":"https:\/\/www.save.chasseurducentrevaldeloire.fr\/fdc18\/wp-json\/wp\/v2\/pages\/4956\/revisions"}],"predecessor-version":[{"id":6560,"href":"https:\/\/www.save.chasseurducentrevaldeloire.fr\/fdc18\/wp-json\/wp\/v2\/pages\/4956\/revisions\/6560"}],"wp:attachment":[{"href":"https:\/\/www.save.chasseurducentrevaldeloire.fr\/fdc18\/wp-json\/wp\/v2\/media?parent=4956"}],"curies":[{"name":"wp","href":"https:\/\/api.w.org\/{rel}","templated":true}]}}