{"id":4596,"date":"2021-01-20T12:01:54","date_gmt":"2021-01-20T11:01:54","guid":{"rendered":"https:\/\/www.chasseurducentrevaldeloire.fr\/fdc18\/?page_id=4596"},"modified":"2023-02-09T15:26:13","modified_gmt":"2023-02-09T14:26:13","slug":"la-boutique","status":"publish","type":"page","link":"https:\/\/www.save.chasseurducentrevaldeloire.fr\/fdc18\/la-boutique\/","title":{"rendered":"La boutique"},"content":{"rendered":"<p>La F\u00e9d\u00e9ration vous propose diff\u00e9rents produits \u00e0 la vente et disponibles au si\u00e8ge de la F\u00e9d\u00e9ration \u00e0 Bourges. Vous trouverez ci-dessous le catalogue de ces produits. N&rsquo;h\u00e9sitez pas \u00e0 contacter la F\u00e9d\u00e9ration pour plus d&rsquo;information au 02 48 50 05 29 ou par mail : <span class=\"email\"><a href=\"mailto:fdc18@chasseurdefrance.com\"><span style=\"color: #71beb8\"><strong>fdc18@chasseurdefrance.com<\/strong><\/span><\/a><\/span><\/p>\n<p>&nbsp;<\/p>\n<h3>T\u00e9l\u00e9charger le <a href=\"https:\/\/www.chasseurducentrevaldeloire.fr\/fdc18\/wp-content\/uploads\/sites\/5\/2023\/02\/2023-01-Catalogue-des-produits-en-vente.pdf\" target=\"_blank\" rel=\"noopener\"><span style=\"color: #71beb8\">Catalogue des produits en vente \u00e0 la F\u00e9d\u00e9ration des Chasseurs du Cher<\/span><\/a><\/h3>\n","protected":false},"excerpt":{"rendered":"<p>La F\u00e9d\u00e9ration vous propose diff\u00e9rents produits \u00e0 la vente et disponibles au si\u00e8ge de la F\u00e9d\u00e9ration \u00e0 Bourges. Vous trouverez ci-dessous le catalogue de ces produits. N&rsquo;h\u00e9sitez pas \u00e0 contacter la F\u00e9d\u00e9ration pour plus d&rsquo;information au 02 48 50 05 29 ou par mail :&#8230;<\/p>\n","protected":false},"author":6,"featured_media":0,"parent":0,"menu_order":0,"comment_status":"closed","ping_status":"closed","template":"","meta":{"_acf_changed":false,"inline_featured_image":false,"_exactmetrics_skip_tracking":false,"_exactmetrics_sitenote_active":false,"_exactmetrics_sitenote_note":"","_exactmetrics_sitenote_category":0,"footnotes":""},"class_list":["post-4596","page","type-page","status-publish","hentry"],"acf":[],"publishpress_future_action":{"enabled":false,"date":"2026-04-18 12:24:33","action":"change-status","newStatus":"draft","terms":[],"taxonomy":"","extraData":[]},"publishpress_future_workflow_manual_trigger":{"enabledWorkflows":[]},"_links":{"self":[{"href":"https:\/\/www.save.chasseurducentrevaldeloire.fr\/fdc18\/wp-json\/wp\/v2\/pages\/4596","targetHints":{"allow":["GET"]}}],"collection":[{"href":"https:\/\/www.save.chasseurducentrevaldeloire.fr\/fdc18\/wp-json\/wp\/v2\/pages"}],"about":[{"href":"https:\/\/www.save.chasseurducentrevaldeloire.fr\/fdc18\/wp-json\/wp\/v2\/types\/page"}],"author":[{"embeddable":true,"href":"https:\/\/www.save.chasseurducentrevaldeloire.fr\/fdc18\/wp-json\/wp\/v2\/users\/6"}],"replies":[{"embeddable":true,"href":"https:\/\/www.save.chasseurducentrevaldeloire.fr\/fdc18\/wp-json\/wp\/v2\/comments?post=4596"}],"version-history":[{"count":16,"href":"https:\/\/www.save.chasseurducentrevaldeloire.fr\/fdc18\/wp-json\/wp\/v2\/pages\/4596\/revisions"}],"predecessor-version":[{"id":5914,"href":"https:\/\/www.save.chasseurducentrevaldeloire.fr\/fdc18\/wp-json\/wp\/v2\/pages\/4596\/revisions\/5914"}],"wp:attachment":[{"href":"https:\/\/www.save.chasseurducentrevaldeloire.fr\/fdc18\/wp-json\/wp\/v2\/media?parent=4596"}],"curies":[{"name":"wp","href":"https:\/\/api.w.org\/{rel}","templated":true}]}}