{"id":4178,"date":"2020-03-09T12:05:48","date_gmt":"2020-03-09T11:05:48","guid":{"rendered":"https:\/\/www.chasseurducentrevaldeloire.fr\/fdc18\/?page_id=4178"},"modified":"2025-02-14T18:19:32","modified_gmt":"2025-02-14T17:19:32","slug":"lieutenants-de-louveterie","status":"publish","type":"page","link":"https:\/\/www.save.chasseurducentrevaldeloire.fr\/fdc18\/lieutenants-de-louveterie\/","title":{"rendered":"Lieutenants de louveterie"},"content":{"rendered":"<p>[vc_row][vc_column][vc_column_text]<\/p>\n<h2 style=\"text-align: center\"><strong>Coordonn\u00e9es des lieutenants de louveterie 2025-2029<\/strong><\/h2>\n<p>&nbsp;<\/p>\n<table width=\"1081\">\n<tbody>\n<tr>\n<td width=\"72\"><strong>Titre<\/strong><\/td>\n<td width=\"162\"><strong>Nom<\/strong><\/td>\n<td width=\"98\">\n<h3>Circonscription<\/h3>\n<\/td>\n<td width=\"249\"><strong>Adresse<\/strong><\/p>\n<p><strong>Code_ville<\/strong><\/td>\n<td width=\"114\"><strong>T\u00e9l.<\/strong><\/td>\n<td width=\"220\"><strong>Adresse mel<\/strong><\/td>\n<td width=\"166\">\n<h2><em>UG sanglier<\/em><\/h2>\n<\/td>\n<\/tr>\n<tr>\n<td width=\"72\">Monsieur<\/td>\n<td width=\"162\">Lo\u00efc<br \/>\nMORIN<\/td>\n<td width=\"98\">1<sup>\u00e8re<\/sup><\/td>\n<td width=\"249\">8 impasse du bourg neuf<\/p>\n<p>41300 SOUESMES<\/td>\n<td width=\"114\">06.87 23 31 67<\/td>\n<td width=\"220\"><span style=\"color: #71beb8\"><strong><a style=\"color: #71beb8\" href=\"mailto:loicmorin18@gmail.com\">loicmorin18@gmail.com<\/a>\u00a0<\/strong><\/span><\/td>\n<td width=\"166\">01-1, 01-2, 02-1<\/td>\n<\/tr>\n<tr>\n<td width=\"72\">Monsieur<\/td>\n<td width=\"162\">Christophe<br \/>\nAUCHAT<\/td>\n<td width=\"98\">2<sup>\u00e8me<\/sup><\/td>\n<td width=\"249\">6 Le Tureau<\/p>\n<p>18190 VENESMES<\/td>\n<td width=\"114\">07.65.23.56.54<\/td>\n<td width=\"220\"><strong><span style=\"color: #71beb8\"><a style=\"color: #71beb8\" href=\"mailto:auchat@tutamail.com\">auchat@tutamail.com<\/a><\/span><\/strong><\/td>\n<td width=\"166\">02-2, 02-3, 02-4A, 02-5<\/td>\n<\/tr>\n<tr>\n<td width=\"72\">Monsieur<\/td>\n<td width=\"162\">Patrice<br \/>\nTOM\u00c9<\/td>\n<td width=\"98\">3<sup>\u00e8me<\/sup><\/td>\n<td width=\"249\">Les Arrentis<\/p>\n<p>18300 SENS-BEAUJEU<\/td>\n<td width=\"114\">06.33.42.30.56<\/td>\n<td width=\"220\"><strong><span style=\"color: #71beb8\"><a style=\"color: #71beb8\" href=\"mailto:Pmr.tome@orange.fr\">pmr.tome@orange.fr<\/a><\/span><\/strong><\/td>\n<td width=\"166\">03-1, 03-2, 03-3<\/td>\n<\/tr>\n<tr>\n<td width=\"72\">Monsieur<\/td>\n<td width=\"162\">Bertrand<br \/>\nCARREAU<\/td>\n<td width=\"98\">4<sup>\u00e8me<\/sup><\/td>\n<td width=\"249\">La Roche<br \/>\n18700 M\u00c9N\u00c9TR\u00c9OL-SUR-SAULDRE<\/td>\n<td width=\"114\">06.74.23.78.16<\/td>\n<td width=\"220\"><span style=\"color: #71beb8\"><strong><a style=\"color: #71beb8\" href=\"mailto:bertrand-carreau@orange.fr\">bertrand-carreau@orange.fr<\/a><\/strong><\/span><\/td>\n<td width=\"166\">01-3, 01-4, 01-5, 02-4B<\/td>\n<\/tr>\n<tr>\n<td width=\"72\">Monsieur<\/td>\n<td width=\"162\">Nicolas<br \/>\nDUBOIS<\/td>\n<td width=\"98\">5<sup>\u00e8me<\/sup><\/td>\n<td width=\"249\">29 Chemin vert<br \/>\n18120 BRINAY<\/td>\n<td width=\"114\">06.61.11.87.90<\/td>\n<td width=\"220\"><strong><span style=\"color: #71beb8\"><a style=\"color: #71beb8\" href=\"mailto:dubois.nicolasj@gmail.com\">dubois.nicolasj@gmail.com<\/a><\/span><\/strong><\/td>\n<td width=\"166\">01-6, 04-1, 05-1, 06-1, 06-2, 06-4<\/td>\n<\/tr>\n<tr>\n<td width=\"72\">Monsieur<\/td>\n<td width=\"162\">Laurent<br \/>\nFERRAND<\/td>\n<td width=\"98\">6<sup>\u00e8me<\/sup><\/td>\n<td width=\"249\">1 rue de la fontaine<\/p>\n<p>Les Essarts<\/p>\n<p>Saligny-le-vif<\/p>\n<p>18800 BAUGY<\/td>\n<td width=\"114\">06 60 90 60 33<\/td>\n<td width=\"220\"><strong><span style=\"color: #71beb8\"><a style=\"color: #71beb8\" href=\"mailto:laurent.ferrand0758@orange.fr\">laurent.ferrand0758@orange.fr<\/a><\/span><\/strong><\/td>\n<td width=\"166\">07.1, 07.3, 07.4, 10.2<\/td>\n<\/tr>\n<tr>\n<td width=\"72\">Monsieur<\/td>\n<td width=\"162\">Philippe<br \/>\nDE SAINT P\u00c9REUSE<\/td>\n<td width=\"98\">7<sup>\u00e8me<\/sup><\/td>\n<td width=\"249\">La Ferme<br \/>\n4 rue Gabriel P\u00e9ri<\/p>\n<p>18500 FOECY<\/td>\n<td width=\"114\">06.07.87.49.23<\/td>\n<td width=\"220\"><strong><span style=\"color: #71beb8\"><a style=\"color: #71beb8\" href=\"mailto:ptdsp@outlook.fr\">ptdsp@outlook.fr<\/a><\/span><\/strong><\/td>\n<td width=\"166\">03-4, 07-2, 07-5A, 07-5B, 07-6, 07-7<\/td>\n<\/tr>\n<tr>\n<td width=\"72\">Monsieur<\/td>\n<td width=\"162\">Amaury<br \/>\nDE LA VILLESBOISNET<\/td>\n<td width=\"98\">8<sup>\u00e8me<\/sup><\/td>\n<td width=\"249\">La Fert\u00e9<\/p>\n<p>18120 LAZENAY<\/td>\n<td width=\"114\">06.16.33.21.50<\/td>\n<td width=\"220\"><strong><span style=\"color: #71beb8\"><a style=\"color: #71beb8\" href=\"mailto:adlvd@free.fr\">adlvb@free.fr<\/a><\/span><\/strong><\/td>\n<td width=\"166\">06-3, 08-1A, 08-1B, 09-1<\/td>\n<\/tr>\n<tr>\n<td width=\"72\">Monsieur<\/td>\n<td width=\"162\">Yannick<br \/>\nDESQUEUX<\/td>\n<td width=\"98\">9<sup>\u00e8me<\/sup> a<\/td>\n<td width=\"249\">Bois Rolland<\/p>\n<p>18140 SAINT MARTIN DES CHAMPS<\/td>\n<td width=\"114\">06.07.72.44.56<\/p>\n<p>02.48.54.25.57<\/td>\n<td width=\"220\"><strong><span style=\"color: #71beb8\"><a style=\"color: #71beb8\" href=\"mailto:yannick.desqueux@orange.fr\">yannick.desqueux@orange.fr<\/a><\/span><\/strong><\/td>\n<td width=\"166\">08-3<\/td>\n<\/tr>\n<tr>\n<td width=\"72\">Monsieur<\/td>\n<td width=\"162\">Justin<br \/>\nDEVISME<\/td>\n<td width=\"98\">9<sup>\u00e8me<\/sup> b<\/td>\n<td width=\"249\">6 rue des Chalets<\/p>\n<p>18000 BOURGES<\/td>\n<td width=\"114\">06 43 38 59 17<\/td>\n<td width=\"220\"><strong><span style=\"color: #71beb8\"><a style=\"color: #71beb8\" href=\"mailto:justin.devisme@gmail.com\">justin.devisme@gmail.com<\/a><\/span><\/strong><\/td>\n<td width=\"166\">08-2<\/td>\n<\/tr>\n<tr>\n<td width=\"72\">Monsieur<\/td>\n<td width=\"162\">Charles-Armand<br \/>\nDE MAILL\u00c9<\/td>\n<td width=\"98\">10<sup>\u00e8me <\/sup>a<\/td>\n<td width=\"249\">Domaine d&rsquo;Acon<\/p>\n<p>18130 CHALIVOY MILON<\/td>\n<td width=\"114\">06.11.78.56.38<\/td>\n<td width=\"220\"><strong><span style=\"color: #71beb8\"><a style=\"color: #71beb8\" href=\"mailto:domainedacon@wanadoo.fr\">domainedacon@wanadoo.fr<\/a><\/span><\/strong><\/td>\n<td width=\"166\">11-1, 11-2, 11-3<\/td>\n<\/tr>\n<tr>\n<td width=\"72\">Monsieur<\/td>\n<td width=\"162\">Florian<br \/>\nMERLIN<\/td>\n<td width=\"98\">10<sup>\u00e8me <\/sup>b<\/td>\n<td width=\"249\">8 route de Beauchezal<\/p>\n<p>18200 SAINT-GEORGES DE POISIEUX<\/td>\n<td width=\"114\">06.84.63.06.97<\/td>\n<td width=\"220\"><strong><span style=\"color: #71beb8\"><a style=\"color: #71beb8\" href=\"mailto:merlin.florian.18@gmail.com\">merlin.florian.18@gmail.com<\/a><\/span><\/strong><\/td>\n<td width=\"166\">10-1<\/td>\n<\/tr>\n<tr>\n<td width=\"72\">Monsieur<\/td>\n<td width=\"162\">St\u00e9phane<br \/>\nREBOUL<\/td>\n<td width=\"98\">11<sup>\u00e8me<\/sup><\/td>\n<td width=\"249\">8 rue Marguerite Audoux<\/p>\n<p>18600 SANCOINS<\/td>\n<td width=\"114\">06.09.16.30.83<\/p>\n<p>02.48.74.56.60<\/td>\n<td width=\"220\"><strong><span style=\"color: #71beb8\"><a style=\"color: #71beb8\" href=\"mailto:reboul.traiteur@wanadoo.fr-M\">reboul.traiteur@wanadoo.fr<\/a><\/span><\/strong><\/td>\n<td width=\"166\">10.3 ; 10.4 ; 10.5<\/td>\n<\/tr>\n<tr>\n<td width=\"72\">Monsieur<\/td>\n<td width=\"162\">Jean-Michel MILLEREUX<\/td>\n<td width=\"98\">12<sup>\u00e8me<\/sup> a<\/td>\n<td width=\"249\">Les Belles Maisons<\/p>\n<p>18340 LEVET<\/td>\n<td width=\"114\">06.71.45.62.65<\/p>\n<p>02.48.70.65.70<\/td>\n<td width=\"220\"><strong><span style=\"color: #71beb8\"><a style=\"color: #71beb8\" href=\"mailto:milledent@wanadoo.fr\">millereuxjeanmichel@gmail.com<\/a><\/span><\/strong><\/td>\n<td width=\"166\">13-1<\/td>\n<\/tr>\n<tr>\n<td width=\"72\">Monsieur<\/td>\n<td width=\"162\">Jean-Marc<\/p>\n<p>CHERTIER<\/td>\n<td width=\"98\">12<sup>\u00e8me<\/sup> b<\/td>\n<td width=\"249\">71 avenue nationale<\/p>\n<p>18340 LEVET<\/td>\n<td width=\"114\">02 48 25 30 22<\/p>\n<p>07 87 94 54 81<\/td>\n<td width=\"220\"><strong><span style=\"color: #71beb8\"><a style=\"color: #71beb8\" href=\"mailto:jeanmarc.chertier@outlook.fr\">jeanmarc.chertier@outlook.fr<\/a><\/span><\/strong><\/td>\n<td width=\"166\">12-1<\/td>\n<\/tr>\n<\/tbody>\n<\/table>\n<p>&nbsp;<\/p>\n<p>&nbsp;<\/p>\n<p><img loading=\"lazy\" decoding=\"async\" class=\"aligncenter wp-image-6718 size-full\" src=\"https:\/\/www.chasseurducentrevaldeloire.fr\/fdc18\/wp-content\/uploads\/sites\/5\/2025\/02\/9-Carte-Lieutenants-Louveterie-fev-2025.jpg\" alt=\"\" width=\"1169\" height=\"1654\" srcset=\"https:\/\/www.save.chasseurducentrevaldeloire.fr\/fdc18\/wp-content\/uploads\/sites\/5\/2025\/02\/9-Carte-Lieutenants-Louveterie-fev-2025.jpg 1169w, https:\/\/www.save.chasseurducentrevaldeloire.fr\/fdc18\/wp-content\/uploads\/sites\/5\/2025\/02\/9-Carte-Lieutenants-Louveterie-fev-2025-212x300.jpg 212w, https:\/\/www.save.chasseurducentrevaldeloire.fr\/fdc18\/wp-content\/uploads\/sites\/5\/2025\/02\/9-Carte-Lieutenants-Louveterie-fev-2025-724x1024.jpg 724w, https:\/\/www.save.chasseurducentrevaldeloire.fr\/fdc18\/wp-content\/uploads\/sites\/5\/2025\/02\/9-Carte-Lieutenants-Louveterie-fev-2025-768x1087.jpg 768w, https:\/\/www.save.chasseurducentrevaldeloire.fr\/fdc18\/wp-content\/uploads\/sites\/5\/2025\/02\/9-Carte-Lieutenants-Louveterie-fev-2025-1086x1536.jpg 1086w\" sizes=\"auto, (max-width: 1169px) 100vw, 1169px\" \/><\/p>\n","protected":false},"excerpt":{"rendered":"<p>[vc_row][vc_column][vc_column_text] Coordonn\u00e9es des lieutenants de louveterie 2025-2029 &nbsp; Titre Nom Circonscription Adresse Code_ville T\u00e9l. Adresse mel UG sanglier Monsieur Lo\u00efc MORIN 1\u00e8re 8 impasse du bourg neuf 41300 SOUESMES 06.87 23 31 67 loicmorin18@gmail.com\u00a0 01-1, 01-2, 02-1 Monsieur Christophe AUCHAT 2\u00e8me 6 Le Tureau 18190&#8230;<\/p>\n","protected":false},"author":6,"featured_media":0,"parent":0,"menu_order":0,"comment_status":"closed","ping_status":"closed","template":"","meta":{"_acf_changed":false,"inline_featured_image":false,"_exactmetrics_skip_tracking":false,"_exactmetrics_sitenote_active":false,"_exactmetrics_sitenote_note":"","_exactmetrics_sitenote_category":0,"footnotes":""},"class_list":["post-4178","page","type-page","status-publish","hentry"],"acf":[],"publishpress_future_action":{"enabled":false,"date":"2026-04-15 04:50:36","action":"change-status","newStatus":"draft","terms":[],"taxonomy":"","extraData":[]},"publishpress_future_workflow_manual_trigger":{"enabledWorkflows":[]},"_links":{"self":[{"href":"https:\/\/www.save.chasseurducentrevaldeloire.fr\/fdc18\/wp-json\/wp\/v2\/pages\/4178","targetHints":{"allow":["GET"]}}],"collection":[{"href":"https:\/\/www.save.chasseurducentrevaldeloire.fr\/fdc18\/wp-json\/wp\/v2\/pages"}],"about":[{"href":"https:\/\/www.save.chasseurducentrevaldeloire.fr\/fdc18\/wp-json\/wp\/v2\/types\/page"}],"author":[{"embeddable":true,"href":"https:\/\/www.save.chasseurducentrevaldeloire.fr\/fdc18\/wp-json\/wp\/v2\/users\/6"}],"replies":[{"embeddable":true,"href":"https:\/\/www.save.chasseurducentrevaldeloire.fr\/fdc18\/wp-json\/wp\/v2\/comments?post=4178"}],"version-history":[{"count":18,"href":"https:\/\/www.save.chasseurducentrevaldeloire.fr\/fdc18\/wp-json\/wp\/v2\/pages\/4178\/revisions"}],"predecessor-version":[{"id":6719,"href":"https:\/\/www.save.chasseurducentrevaldeloire.fr\/fdc18\/wp-json\/wp\/v2\/pages\/4178\/revisions\/6719"}],"wp:attachment":[{"href":"https:\/\/www.save.chasseurducentrevaldeloire.fr\/fdc18\/wp-json\/wp\/v2\/media?parent=4178"}],"curies":[{"name":"wp","href":"https:\/\/api.w.org\/{rel}","templated":true}]}}