{"id":3557,"date":"2018-10-11T16:37:56","date_gmt":"2018-10-11T14:37:56","guid":{"rendered":"https:\/\/www.chasseurducentrevaldeloire.fr\/fdc18\/?page_id=3557"},"modified":"2023-03-30T08:53:54","modified_gmt":"2023-03-30T06:53:54","slug":"monceau-assurance","status":"publish","type":"page","link":"https:\/\/www.save.chasseurducentrevaldeloire.fr\/fdc18\/monceau-assurance\/","title":{"rendered":"Monceau Assurances"},"content":{"rendered":"<p>[vc_row][vc_column][vc_column_text]<img loading=\"lazy\" decoding=\"async\" class=\"alignnone size-full wp-image-4983 aligncenter\" src=\"https:\/\/www.chasseurducentrevaldeloire.fr\/fdc18\/wp-content\/uploads\/sites\/5\/2021\/08\/Monceau.png\" alt=\"\" width=\"253\" height=\"76\" \/><\/p>\n<p>&nbsp;<\/p>\n<p>[\/vc_column_text][\/vc_column][\/vc_row][vc_row][vc_column][vc_column_text]<em><strong>Chasseurs, avez-vous pens\u00e9 \u00e0 votre assurance ?<\/strong><\/em><\/p>\n<p>Depuis longtemps Monceau G\u00e9n\u00e9rale Assurances assure les chasseurs. De son implantation originelle, elle a tir\u00e9 une riche exp\u00e9rience qu\u2019elle met au service de l\u2019assurance des chasseurs.<\/p>\n<p>Leur contrat chasse assure :<\/p>\n<ul>\n<li>votre responsabilit\u00e9 civile<\/li>\n<li>votre arme de chasse<\/li>\n<li>votre chien de chasse<\/li>\n<li>protection juridique en cas d\u2019accident.<\/li>\n<\/ul>\n<p>&nbsp;<\/p>\n<p>D\u2019autres options sont propos\u00e9es, alors n\u2019h\u00e9sitez pas \u00e0 consulter votre agent g\u00e9n\u00e9ral, il saura vous apporter la meilleure solution.<\/p>\n<p>&nbsp;<\/p>\n<p>Pour toute information concernant les contrats \u00ab Chasse \u00bb vous pouvez :<\/p>\n<ul>\n<li><a href=\"https:\/\/www.monceauassurances.com\/assurance-de-biens-pour-les-particuliers\" target=\"_blank\" rel=\"noopener\"><strong><span style=\"color: #71beb8\">consulter<\/span><\/strong><\/a> directement l\u2019Agent G\u00e9n\u00e9ral proche de chez vous<\/li>\n<li><span style=\"color: #71beb8\"><strong><a style=\"color: #71beb8\" href=\"https:\/\/www.monceauassurances.com\/formulaire-de-contact\" target=\"_blank\" rel=\"noopener\">remplir<\/a><\/strong> <\/span>en ligne le formulaire de demande d\u2019information<\/li>\n<\/ul>\n<p>&nbsp;<\/p>\n<p><strong><a href=\"https:\/\/www.monceauassurances.com\/\" target=\"_blank\" rel=\"noopener\"><span style=\"color: #71beb8\">https:\/\/www.monceauassurances.com\/<\/span><\/a><\/strong><\/p>\n<p>&nbsp;<\/p>\n<p><strong>T\u00e9l\u00e9charger les <\/strong><a href=\"https:\/\/www.chasseurducentrevaldeloire.fr\/fdc41\/wp-content\/uploads\/sites\/8\/2018\/05\/AssuranceChasseCondition.compressed.pdf\" target=\"_blank\" rel=\"noopener\"><strong><span style=\"color: #71beb8\">Conditions g\u00e9n\u00e9rales<\/span> <\/strong><\/a>[\/vc_column_text][\/vc_column][\/vc_row]<\/p>\n","protected":false},"excerpt":{"rendered":"<p>[vc_row][vc_column][vc_column_text] &nbsp; [\/vc_column_text][\/vc_column][\/vc_row][vc_row][vc_column][vc_column_text]Chasseurs, avez-vous pens\u00e9 \u00e0 votre assurance ? Depuis longtemps Monceau G\u00e9n\u00e9rale Assurances assure les chasseurs. De son implantation originelle, elle a tir\u00e9 une riche exp\u00e9rience qu\u2019elle met au service de l\u2019assurance des chasseurs. Leur contrat chasse assure : votre responsabilit\u00e9 civile votre arme&#8230;<\/p>\n","protected":false},"author":6,"featured_media":0,"parent":0,"menu_order":0,"comment_status":"closed","ping_status":"closed","template":"","meta":{"_acf_changed":false,"inline_featured_image":false,"_exactmetrics_skip_tracking":false,"_exactmetrics_sitenote_active":false,"_exactmetrics_sitenote_note":"","_exactmetrics_sitenote_category":0,"footnotes":""},"class_list":["post-3557","page","type-page","status-publish","hentry"],"acf":[],"publishpress_future_action":{"enabled":false,"date":"2026-04-18 12:23:33","action":"change-status","newStatus":"draft","terms":[],"taxonomy":"","extraData":[]},"publishpress_future_workflow_manual_trigger":{"enabledWorkflows":[]},"_links":{"self":[{"href":"https:\/\/www.save.chasseurducentrevaldeloire.fr\/fdc18\/wp-json\/wp\/v2\/pages\/3557","targetHints":{"allow":["GET"]}}],"collection":[{"href":"https:\/\/www.save.chasseurducentrevaldeloire.fr\/fdc18\/wp-json\/wp\/v2\/pages"}],"about":[{"href":"https:\/\/www.save.chasseurducentrevaldeloire.fr\/fdc18\/wp-json\/wp\/v2\/types\/page"}],"author":[{"embeddable":true,"href":"https:\/\/www.save.chasseurducentrevaldeloire.fr\/fdc18\/wp-json\/wp\/v2\/users\/6"}],"replies":[{"embeddable":true,"href":"https:\/\/www.save.chasseurducentrevaldeloire.fr\/fdc18\/wp-json\/wp\/v2\/comments?post=3557"}],"version-history":[{"count":7,"href":"https:\/\/www.save.chasseurducentrevaldeloire.fr\/fdc18\/wp-json\/wp\/v2\/pages\/3557\/revisions"}],"predecessor-version":[{"id":5975,"href":"https:\/\/www.save.chasseurducentrevaldeloire.fr\/fdc18\/wp-json\/wp\/v2\/pages\/3557\/revisions\/5975"}],"wp:attachment":[{"href":"https:\/\/www.save.chasseurducentrevaldeloire.fr\/fdc18\/wp-json\/wp\/v2\/media?parent=3557"}],"curies":[{"name":"wp","href":"https:\/\/api.w.org\/{rel}","templated":true}]}}