{"id":3418,"date":"2018-06-20T11:14:40","date_gmt":"2018-06-20T09:14:40","guid":{"rendered":"https:\/\/www.chasseurducentrevaldeloire.fr\/fdc18\/?page_id=3418"},"modified":"2025-09-26T10:22:43","modified_gmt":"2025-09-26T08:22:43","slug":"schema-de-gestion-cynegetique","status":"publish","type":"page","link":"https:\/\/www.save.chasseurducentrevaldeloire.fr\/fdc18\/schema-de-gestion-cynegetique\/","title":{"rendered":"Sch\u00e9ma D\u00e9partemental de Gestion Cyn\u00e9g\u00e9tique"},"content":{"rendered":"<p>[vc_row][vc_column][vc_column_text]<\/p>\n<p style=\"text-align: center\"><strong>Le Sch\u00e9ma D\u00e9partemental de Gestion Cyn\u00e9g\u00e9tique du Cher<\/strong><\/p>\n<p>&nbsp;<\/p>\n<p>Document impos\u00e9 par le Code de l\u2019Environnement, le Sch\u00e9ma D\u00e9partemental de Gestion Cyn\u00e9g\u00e9tique ou SDGC, est un outil \u00e9labor\u00e9 dans chaque d\u00e9partement par les f\u00e9d\u00e9rations d\u00e9partementales des chasseurs en concertation avec les autres acteurs du monde cyn\u00e9g\u00e9tique.<\/p>\n<p>Il est le reflet des actions mises en \u0153uvre dans le d\u00e9partement par les chasseurs et leur f\u00e9d\u00e9ration avec un objectif global de gestion durable des esp\u00e8ces et des espaces.<\/p>\n<p>&nbsp;<\/p>\n<p>&nbsp;<\/p>\n<ul>\n<li><strong><a href=\"https:\/\/www.calameo.com\/read\/004480701061c513eb6b3\" target=\"_blank\" rel=\"noopener\"><span style=\"color: #71beb8\">Sch\u00e9ma D\u00e9partemental de Gestion Cyn\u00e9g\u00e9tique 2025-2031<\/span><\/a><\/strong><\/li>\n<li><a href=\"https:\/\/www.chasseurducentrevaldeloire.fr\/fdc18\/wp-content\/uploads\/sites\/5\/2025\/07\/AP_2025-0848_validant-SDGC-2025-2031.pdf\" target=\"_blank\" rel=\"noopener\"><span style=\"color: #71beb8\"><strong>Arr\u00eat\u00e9 pr\u00e9fectoral approuvant le sch\u00e9ma d\u00e9partemental de gestion cyn\u00e9g\u00e9tique du d\u00e9partement du Cher 2025-2031<\/strong><\/span><\/a><\/li>\n<\/ul>\n<p>[\/vc_column_text][\/vc_column][\/vc_row]<\/p>\n","protected":false},"excerpt":{"rendered":"<p>[vc_row][vc_column][vc_column_text] Le Sch\u00e9ma D\u00e9partemental de Gestion Cyn\u00e9g\u00e9tique du Cher &nbsp; Document impos\u00e9 par le Code de l\u2019Environnement, le Sch\u00e9ma D\u00e9partemental de Gestion Cyn\u00e9g\u00e9tique ou SDGC, est un outil \u00e9labor\u00e9 dans chaque d\u00e9partement par les f\u00e9d\u00e9rations d\u00e9partementales des chasseurs en concertation avec les autres acteurs du&#8230;<\/p>\n","protected":false},"author":6,"featured_media":0,"parent":0,"menu_order":0,"comment_status":"closed","ping_status":"closed","template":"","meta":{"_acf_changed":false,"inline_featured_image":false,"_exactmetrics_skip_tracking":false,"_exactmetrics_sitenote_active":false,"_exactmetrics_sitenote_note":"","_exactmetrics_sitenote_category":0,"footnotes":""},"class_list":["post-3418","page","type-page","status-publish","hentry"],"acf":[],"publishpress_future_action":{"enabled":false,"date":"2026-04-18 12:16:41","action":"change-status","newStatus":"draft","terms":[],"taxonomy":"","extraData":[]},"publishpress_future_workflow_manual_trigger":{"enabledWorkflows":[]},"_links":{"self":[{"href":"https:\/\/www.save.chasseurducentrevaldeloire.fr\/fdc18\/wp-json\/wp\/v2\/pages\/3418","targetHints":{"allow":["GET"]}}],"collection":[{"href":"https:\/\/www.save.chasseurducentrevaldeloire.fr\/fdc18\/wp-json\/wp\/v2\/pages"}],"about":[{"href":"https:\/\/www.save.chasseurducentrevaldeloire.fr\/fdc18\/wp-json\/wp\/v2\/types\/page"}],"author":[{"embeddable":true,"href":"https:\/\/www.save.chasseurducentrevaldeloire.fr\/fdc18\/wp-json\/wp\/v2\/users\/6"}],"replies":[{"embeddable":true,"href":"https:\/\/www.save.chasseurducentrevaldeloire.fr\/fdc18\/wp-json\/wp\/v2\/comments?post=3418"}],"version-history":[{"count":23,"href":"https:\/\/www.save.chasseurducentrevaldeloire.fr\/fdc18\/wp-json\/wp\/v2\/pages\/3418\/revisions"}],"predecessor-version":[{"id":6978,"href":"https:\/\/www.save.chasseurducentrevaldeloire.fr\/fdc18\/wp-json\/wp\/v2\/pages\/3418\/revisions\/6978"}],"wp:attachment":[{"href":"https:\/\/www.save.chasseurducentrevaldeloire.fr\/fdc18\/wp-json\/wp\/v2\/media?parent=3418"}],"curies":[{"name":"wp","href":"https:\/\/api.w.org\/{rel}","templated":true}]}}