{"id":3413,"date":"2018-06-20T11:03:15","date_gmt":"2018-06-20T09:03:15","guid":{"rendered":"https:\/\/www.chasseurducentrevaldeloire.fr\/fdc18\/?page_id=3413"},"modified":"2021-09-06T09:04:28","modified_gmt":"2021-09-06T07:04:28","slug":"securite","status":"publish","type":"page","link":"https:\/\/www.save.chasseurducentrevaldeloire.fr\/fdc18\/securite\/","title":{"rendered":"S\u00e9curit\u00e9"},"content":{"rendered":"<p>[vc_row][vc_column][vc_column_text]<strong>Ne pas tirer est un acte de chasse\u00a0!<\/strong><\/p>\n<p>&nbsp;<\/p>\n<p>La chasse est un loisir dont la pratique doit r\u00e9pondre au respect de plusieurs r\u00e8gles de s\u00e9curit\u00e9. En cas de doute, s\u2019abstenir de tirer est la premi\u00e8re r\u00e8gle de prudence.<\/p>\n<p>&nbsp;<\/p>\n<p><strong>Rappel des r\u00e8gles de s\u00e9curit\u00e9<\/strong><\/p>\n<p>&nbsp;<\/p>\n<p>1\/ \u00catre porteur de son permis de chasser accompagn\u00e9 de son attestation d\u2019assurance valable pour la saison en cours,<\/p>\n<p>&nbsp;<\/p>\n<p>2\/ Pour tout d\u00e9placement en v\u00e9hicule, d\u00e9charger puis d\u00e9monter les armes ou les mettre dans une housse,<\/p>\n<p>&nbsp;<\/p>\n<p>3\/ Pour le grand gibier, avoir de pr\u00e9f\u00e9rence une arme \u00e0 canon ray\u00e9 (pour les armes \u00e0 canon lisse, seuls les calibres 12, 16 et 20 sont autoris\u00e9s),<\/p>\n<p>&nbsp;<\/p>\n<p>4\/ D\u00e9conseiller les armes semi-automatiques,<\/p>\n<p>&nbsp;<\/p>\n<p>5\/ Qu\u2019elle soit charg\u00e9e ou non, ne jamais diriger son arme vers une personne. Toutes les manipulations doivent se faire dans une direction non dangereuse et dans une zone de s\u00e9curit\u00e9,<\/p>\n<p>&nbsp;<\/p>\n<p>\u00ad\u00ad6\/ En arrivant \u00e0 son poste mat\u00e9rialis\u00e9 de la main de l\u2019homme, rep\u00e9rer ses voisins et se signaler \u00e0 eux,<\/p>\n<p>&nbsp;<\/p>\n<p>7\/ <strong>Mat\u00e9rialiser ses angles de tir de 30\u00b0<\/strong> avec les jalons de marquage propos\u00e9s par la FDC18 (5 pas de c\u00f4t\u00e9 et 3 pas en avant),<\/p>\n<p>&nbsp;<\/p>\n<p><img loading=\"lazy\" decoding=\"async\" class=\" wp-image-5105 aligncenter\" src=\"https:\/\/www.chasseurducentrevaldeloire.fr\/fdc18\/wp-content\/uploads\/sites\/5\/2021\/09\/AngleTir-300x178.jpg\" alt=\"\" width=\"544\" height=\"323\" srcset=\"https:\/\/www.save.chasseurducentrevaldeloire.fr\/fdc18\/wp-content\/uploads\/sites\/5\/2021\/09\/AngleTir-300x178.jpg 300w, https:\/\/www.save.chasseurducentrevaldeloire.fr\/fdc18\/wp-content\/uploads\/sites\/5\/2021\/09\/AngleTir.jpg 560w\" sizes=\"auto, (max-width: 544px) 100vw, 544px\" \/><\/p>\n<p>&nbsp;<\/p>\n<p>&nbsp;<\/p>\n<p>8\/ \u00catre obligatoirement porteur d\u2019une trompe ou pibole afin de r\u00e9p\u00e9ter les sonneries,<\/p>\n<p>&nbsp;<\/p>\n<p>9\/ Ne charger son arme qu\u2019au signal de d\u00e9but de battue,<\/p>\n<p>&nbsp;<\/p>\n<p>10\/ Ne jamais se d\u00e9placer au cours de la battue,<\/p>\n<p>&nbsp;<\/p>\n<p>11\/ Au poste, ne jamais diriger ses canons vers ses voisins ou vers la traque (canons vers le sol)<\/p>\n<p>&nbsp;<\/p>\n<p>12\/ Il est interdit d\u2019\u00e9pauler ou de viser dans la traque et de balayer la ligne des chasseurs post\u00e9s. Il faut \u00e9pauler seulement \u00e0 partir de l\u2019angle de 30\u00b0,<\/p>\n<p>&nbsp;<\/p>\n<p>13\/ Pour le tir \u00e0 plomb, aucun tir \u00e0 hauteur d\u2019homme,<\/p>\n<p>&nbsp;<\/p>\n<p>14\/ Ne jamais tirer assis ou \u00e0 genou,<\/p>\n<p>&nbsp;<\/p>\n<p>15\/ Identifier toujours l\u2019animal avant de tirer,<\/p>\n<p>&nbsp;<\/p>\n<p>16\/ A balle, ne pas tirer trop loin (40 \u00e0 50 m\u00e8tres maximum pour une arme \u00e0 canon ray\u00e9, 20 \u00e0 25 m\u00e8tres pour une arme \u00e0 canon lisse),<\/p>\n<p>&nbsp;<\/p>\n<p>17\/ Tir des animaux rentrants dans la battue totalement interdit<\/p>\n<p>&nbsp;<\/p>\n<p>18\/ D\u00e9charger son arme d\u00e8s le signal de fin de battue et s\u2019assurer que ses voisins effectuent la m\u00eame d\u00e9marche avant de se d\u00e9placer,<\/p>\n<p>&nbsp;<\/p>\n<p>19\/ Toujours v\u00e9rifier ses tirs<\/p>\n<p>&nbsp;<\/p>\n<p>20\/ Mat\u00e9rialiser tous les indices de blessures (sang, poils, morceaux d\u2019os, sans y toucher), puis contacter un conducteur de chien de sang,<\/p>\n<p>&nbsp;<\/p>\n<p>21\/ Ne jamais d\u00e9placer un animal soumis au plan de chasse, m\u00eame de quelques m\u00e8tres, sans avoir appos\u00e9 le dispositif de marquage,<\/p>\n<p>&nbsp;<\/p>\n<p>22\/ Accompagnateurs et rabatteurs sont des chasseurs \u00e0 part enti\u00e8re, ils doivent respecter les consignes du Pr\u00e9sident,<\/p>\n<p>&nbsp;<\/p>\n<p>23\/ En cas de manquement au r\u00e8glement, le Pr\u00e9sident prendra les sanctions n\u00e9cessaires,<\/p>\n<p>&nbsp;<\/p>\n<p>24\/ Le tir dans la traque est d\u00e9conseill\u00e9,<\/p>\n<p>&nbsp;<\/p>\n<p>25\/ EN CAS D\u2019ACCIDENT, COMPOSER LE <strong>112<\/strong> A PARTIR DE SON T\u00c9L\u00c9PHONE PORTABLE<\/p>\n<p><strong>\u00a0<\/strong><\/p>\n<p><strong>\u00a0<\/strong><\/p>\n<p><strong>\u00a0<\/strong><\/p>\n<p><strong>Le port d\u2019un dispositif fluorescent<\/strong><\/p>\n<p><strong>\u00a0<\/strong><\/p>\n<p>&nbsp;<\/p>\n<p><strong><u>RAPPEL <\/u><\/strong><\/p>\n<p>8\/ \u00catre obligatoirement porteur d\u2019une trompe ou pibole afin de r\u00e9p\u00e9ter les sonneries,<\/p>\n<p>9\/ Ne charger son arme qu\u2019au signal de d\u00e9but de battue,<\/p>\n<p>10\/ Ne jamais se d\u00e9placer au cours de la battue,<\/p>\n<p>11\/ Au poste, ne jamais diriger ses canons vers ses voisins ou vers la traque (canons vers le sol)<\/p>\n<p>12\/ Il est interdit d\u2019\u00e9pauler ou de viser dans la traque et de balayer la ligne des chasseurs post\u00e9s. Il faut \u00e9pauler seulement \u00e0 partir de l\u2019angle de 30\u00b0,<\/p>\n<p>13\/ Pour le tir \u00e0 plomb, aucun tir \u00e0 hauteur d\u2019homme,<\/p>\n<p>14\/ Ne jamais tirer assis ou \u00e0 genou,<\/p>\n<p>15\/ Identifier toujours l\u2019animal avant de tirer,<\/p>\n<p>16\/ A balle, ne pas tirer trop loin (40 \u00e0 50 m\u00e8tres maximum pour une arme \u00e0 canon ray\u00e9, 20 \u00e0 25 m\u00e8tres pour une arme \u00e0 canon lisse),<\/p>\n<p>17\/ Tir des animaux rentrants dans la battue totalement interdit<\/p>\n<p>18\/ D\u00e9charger son arme d\u00e8s le signal de fin de battue et s\u2019assurer que ses voisins effectuent la m\u00eame d\u00e9marche avant de se d\u00e9placer,<\/p>\n<p>19\/ Toujours v\u00e9rifier ses tirs<\/p>\n<p>20\/ Mat\u00e9rialiser tous les indices de blessures (sang, poils, morceaux d\u2019os, sans y toucher), puis contacter un conducteur de chien de sang,<\/p>\n<p>21\/ Ne jamais d\u00e9placer un animal soumis au plan de chasse, m\u00eame de quelques m\u00e8tres, sans avoir appos\u00e9 le dispositif de marquage,<\/p>\n<p>22\/ Accompagnateurs et rabatteurs sont des chasseurs \u00e0 part enti\u00e8re, ils doivent respecter les consignes du Pr\u00e9sident,<\/p>\n<p>23\/ En cas de manquement au r\u00e8glement, le Pr\u00e9sident prendra les sanctions n\u00e9cessaires,<\/p>\n<p>24\/ Le tir dans la traque est d\u00e9conseill\u00e9,<\/p>\n<p>25\/ EN CAS D\u2019ACCIDENT, COMPOSER LE <strong>112<\/strong> A PARTIR DE SON T\u00c9L\u00c9PHONE PORTABLE<\/p>\n<p><strong>\u00a0<\/strong><\/p>\n<p><strong>\u00a0<\/strong><\/p>\n<p><strong>\u00a0<\/strong><\/p>\n<p><strong>Le port d\u2019un dispositif fluorescent<\/strong><\/p>\n<p><strong>\u00a0<\/strong><\/p>\n<p>&nbsp;<\/p>\n<p><strong><u>RAPPEL <\/u><\/strong><\/p>\n<p><img loading=\"lazy\" decoding=\"async\" class=\"size-full wp-image-5107 aligncenter\" src=\"https:\/\/www.chasseurducentrevaldeloire.fr\/fdc18\/wp-content\/uploads\/sites\/5\/2021\/09\/secu.jpg\" alt=\"\" width=\"300\" height=\"225\" \/><\/p>\n<p>&nbsp;<\/p>\n<p><strong><u>INFORMATION<\/u><\/strong><\/p>\n<p>Un arr\u00eat\u00e9 minist\u00e9riel du 5 octobre 2020 relatif \u00e0 la s\u00e9curit\u00e9 en mati\u00e8re d\u2019activit\u00e9 cyn\u00e9g\u00e9tique a \u00e9t\u00e9 pris (JO du 15\/10\/2020).<\/p>\n<p>&nbsp;<\/p>\n<p>Cet arr\u00eat\u00e9 instaure 3 changements\u00a0:<\/p>\n<p>&nbsp;<\/p>\n<ul>\n<li><strong>L\u2019obligation pour les accompagnateurs de porter, comme les chasseurs, un gilet fluo :<\/strong>Le gilet peut \u00eatre int\u00e9gr\u00e9 \u00e0 un v\u00eatement de couleur vive de type T-shirt, veste ou cape. Tout participant \u00e0 une action collective de <strong>chasse \u00e0 tir au grand gibier <\/strong>telle que d\u00e9finie dans le sch\u00e9ma d\u00e9partemental de gestion cyn\u00e9g\u00e9tique porte ce gilet de mani\u00e8re visible et permanente, y compris les personnes non arm\u00e9es.<\/li>\n<\/ul>\n<p>&nbsp;<\/p>\n<p>&nbsp;<\/p>\n<ul>\n<li><strong>L\u2019obligation de signaler par des panneaux les zones de chasse pour les actions collectives de chasse \u00e0 tir au grand gibier.<\/strong><\/li>\n<\/ul>\n<p><strong>\u00a0<\/strong><\/p>\n<p><strong>\u00a0<\/strong><\/p>\n<p><em>Tout organisateur d\u2019une action collective de chasse \u00e0 tir au grand gibier <\/em><strong><em>appose des panneaux de signalisation temporaire sur l\u2019accotement ou \u00e0 proximit\u00e9 imm\u00e9diate des voies publiques<\/em><\/strong><em> pour signaler les entr\u00e9es principales de la zone de chasse.<\/em><\/p>\n<p>&nbsp;<\/p>\n<p><em>L\u2019apposition des panneaux est r\u00e9alis\u00e9e, avant tout commencement effectif de l\u2019action de chasse consid\u00e9r\u00e9e, <\/em><strong><em><u>le jour m\u00eame.<\/u><\/em><\/strong><\/p>\n<p>&nbsp;<\/p>\n<p><em>Le retrait des panneaux intervient <\/em><strong><em><u>le m\u00eame jour<\/u><\/em><\/strong><em>, une fois l\u2019action de chasse termin\u00e9e.<\/em><\/p>\n<p>&nbsp;<\/p>\n<p>&nbsp;<\/p>\n<p><img loading=\"lazy\" decoding=\"async\" class=\"size-full wp-image-5108 alignleft\" src=\"https:\/\/www.chasseurducentrevaldeloire.fr\/fdc18\/wp-content\/uploads\/sites\/5\/2021\/09\/Panneau.png\" alt=\"\" width=\"300\" height=\"300\" srcset=\"https:\/\/www.save.chasseurducentrevaldeloire.fr\/fdc18\/wp-content\/uploads\/sites\/5\/2021\/09\/Panneau.png 300w, https:\/\/www.save.chasseurducentrevaldeloire.fr\/fdc18\/wp-content\/uploads\/sites\/5\/2021\/09\/Panneau-150x150.png 150w\" sizes=\"auto, (max-width: 300px) 100vw, 300px\" \/><\/p>\n<p>&nbsp;<\/p>\n<p>&nbsp;<\/p>\n<p>Mod\u00e8le de panneau en vente \u00e0 la f\u00e9d\u00e9ration au prix de 6 \u20ac<\/p>\n<p>&nbsp;<\/p>\n<ul>\n<li><strong>L\u2019obligation pour tous les chasseurs de suivre une remise \u00e0 niveau d\u00e9cennale sur les r\u00e8gles \u00e9l\u00e9mentaires de s\u00e9curit\u00e9.<\/strong><\/li>\n<\/ul>\n<p>&nbsp;<\/p>\n<p><strong>Nous vous informerons d\u00e8s que possible des modalit\u00e9s d\u2019organisation de ces formations.<\/strong><\/p>\n<p>&nbsp;<\/p>\n<p>[\/vc_column_text][vc_empty_space][\/vc_column][\/vc_row]<\/p>\n","protected":false},"excerpt":{"rendered":"<p>[vc_row][vc_column][vc_column_text]Ne pas tirer est un acte de chasse\u00a0! &nbsp; La chasse est un loisir dont la pratique doit r\u00e9pondre au respect de plusieurs r\u00e8gles de s\u00e9curit\u00e9. En cas de doute, s\u2019abstenir de tirer est la premi\u00e8re r\u00e8gle de prudence. &nbsp; Rappel des r\u00e8gles de s\u00e9curit\u00e9&#8230;<\/p>\n","protected":false},"author":6,"featured_media":0,"parent":0,"menu_order":0,"comment_status":"closed","ping_status":"closed","template":"","meta":{"_acf_changed":false,"inline_featured_image":false,"_exactmetrics_skip_tracking":false,"_exactmetrics_sitenote_active":false,"_exactmetrics_sitenote_note":"","_exactmetrics_sitenote_category":0,"footnotes":""},"class_list":["post-3413","page","type-page","status-publish","hentry"],"acf":[],"publishpress_future_action":{"enabled":false,"date":"2026-04-18 12:16:31","action":"change-status","newStatus":"draft","terms":[],"taxonomy":"","extraData":[]},"publishpress_future_workflow_manual_trigger":{"enabledWorkflows":[]},"_links":{"self":[{"href":"https:\/\/www.save.chasseurducentrevaldeloire.fr\/fdc18\/wp-json\/wp\/v2\/pages\/3413","targetHints":{"allow":["GET"]}}],"collection":[{"href":"https:\/\/www.save.chasseurducentrevaldeloire.fr\/fdc18\/wp-json\/wp\/v2\/pages"}],"about":[{"href":"https:\/\/www.save.chasseurducentrevaldeloire.fr\/fdc18\/wp-json\/wp\/v2\/types\/page"}],"author":[{"embeddable":true,"href":"https:\/\/www.save.chasseurducentrevaldeloire.fr\/fdc18\/wp-json\/wp\/v2\/users\/6"}],"replies":[{"embeddable":true,"href":"https:\/\/www.save.chasseurducentrevaldeloire.fr\/fdc18\/wp-json\/wp\/v2\/comments?post=3413"}],"version-history":[{"count":7,"href":"https:\/\/www.save.chasseurducentrevaldeloire.fr\/fdc18\/wp-json\/wp\/v2\/pages\/3413\/revisions"}],"predecessor-version":[{"id":5110,"href":"https:\/\/www.save.chasseurducentrevaldeloire.fr\/fdc18\/wp-json\/wp\/v2\/pages\/3413\/revisions\/5110"}],"wp:attachment":[{"href":"https:\/\/www.save.chasseurducentrevaldeloire.fr\/fdc18\/wp-json\/wp\/v2\/media?parent=3413"}],"curies":[{"name":"wp","href":"https:\/\/api.w.org\/{rel}","templated":true}]}}