{"id":3389,"date":"2018-06-20T09:48:44","date_gmt":"2018-06-20T07:48:44","guid":{"rendered":"https:\/\/www.chasseurducentrevaldeloire.fr\/fdc18\/?page_id=3389"},"modified":"2018-12-20T16:21:18","modified_gmt":"2018-12-20T15:21:18","slug":"actualites","status":"publish","type":"page","link":"https:\/\/www.save.chasseurducentrevaldeloire.fr\/fdc18\/actualites\/","title":{"rendered":"Actualit\u00e9s"},"content":{"rendered":"<p><code class=\"news-full-width\">\t<div class=\"wpnawfree-plugin news-clearfix \" id=\"wpnw-news-1\">\r\n\r\n\t\t\r\n\t\t\t<div id=\"post-6905\" class=\"news type-news wpnaw-blog-class has-no-date news-col-list wpnaw-first wpnaw-last\">\r\n\t\t\t\t<div class=\"news-inner-wrap-view news-clearfix \">\r\n\r\n\t\t\t\t\t\t\t\t\t\t<div class=\"news-thumb\">\r\n\t\t\t\t\t\t\t\t\t\t\t\t\t<div class=\"grid-news-thumb\">\r\n\t\t\t\t\t\t\t\t<a href=\"https:\/\/www.save.chasseurducentrevaldeloire.fr\/fdc18\/news\/ouverture-de-la-chasse-du-gibier-deau-et-des-oiseaux-de-passage-2\/\"><img loading=\"lazy\" decoding=\"async\" width=\"768\" height=\"512\" src=\"https:\/\/www.save.chasseurducentrevaldeloire.fr\/fdc18\/wp-content\/uploads\/sites\/5\/2025\/07\/anatides_DGest_fnc20230076-768x512.jpg\" class=\"attachment-medium_large size-medium_large wp-post-image\" alt=\"\" srcset=\"https:\/\/www.save.chasseurducentrevaldeloire.fr\/fdc18\/wp-content\/uploads\/sites\/5\/2025\/07\/anatides_DGest_fnc20230076-768x512.jpg 768w, https:\/\/www.save.chasseurducentrevaldeloire.fr\/fdc18\/wp-content\/uploads\/sites\/5\/2025\/07\/anatides_DGest_fnc20230076-300x200.jpg 300w, https:\/\/www.save.chasseurducentrevaldeloire.fr\/fdc18\/wp-content\/uploads\/sites\/5\/2025\/07\/anatides_DGest_fnc20230076-1024x683.jpg 1024w, https:\/\/www.save.chasseurducentrevaldeloire.fr\/fdc18\/wp-content\/uploads\/sites\/5\/2025\/07\/anatides_DGest_fnc20230076-1536x1024.jpg 1536w, https:\/\/www.save.chasseurducentrevaldeloire.fr\/fdc18\/wp-content\/uploads\/sites\/5\/2025\/07\/anatides_DGest_fnc20230076-2048x1365.jpg 2048w\" sizes=\"auto, (max-width: 768px) 100vw, 768px\" \/><\/a>\r\n\t\t\t\t\t\t\t<\/div>\r\n\t\t\t\t\t\t\t\t\t\t\t<\/div>\r\n\t\t\t\t\t\r\n\t\t\t\t\t<div class=\"news-content\">\r\n\t\t\t\t\t\t\r\n\t\t\t\t\t\t<div class=\"post-content-text\">\r\n\t\t\t\t\t\t\t<h3 class=\"news-title\"><a href=\"https:\/\/www.save.chasseurducentrevaldeloire.fr\/fdc18\/news\/ouverture-de-la-chasse-du-gibier-deau-et-des-oiseaux-de-passage-2\/\" rel=\"bookmark\">Ouverture de la chasse du gibier d\u2019eau et des oiseaux de passage<\/a><\/h3>\t\t\t\t\t\t\t\t<div class=\"news-content-excerpt\">\r\n\t\t\t\t\t\t\t\t\t\t\t\t\t\t\t\t\t\t\t<div class=\"news-short-content\">\r\n\t\t\t\t\t\t\t\t\t\t\tRetrouvez dans le document t\u00e9l\u00e9chargeable ci-dessous...\t\t\t\t\t\t\t\t\t\t<\/div>\r\n\t\t\t\t\t\t\t\t\t\t<a href=\"https:\/\/www.save.chasseurducentrevaldeloire.fr\/fdc18\/news\/ouverture-de-la-chasse-du-gibier-deau-et-des-oiseaux-de-passage-2\/\" class=\"news-more-link\">En savoir plus<\/a>\r\n\t\t\t\t\t\t\t\t\t\t\t\t\t\t\t\t\t<\/div><!-- .entry-content -->\r\n\t\t\t\t\t\t\t\t\t\t\t\t\t<\/div>\r\n\t\t\t\t\t<\/div>\r\n\t\t\t\t<\/div><!-- #post-## -->\r\n\t\t\t<\/div><!-- #post-## -->\r\n\t\t\t\t\t<div class=\"news_pagination wpnw-prev-next\">\r\n\t\t\t\t<a class=\"next page-numbers\" href=\"https:\/\/www.save.chasseurducentrevaldeloire.fr\/fdc18\/wp-json\/wp\/v2\/pages\/3389\/page\/2\/#wpnw-news-1\">Suivante &raquo;<\/a>\t\t\t<\/div>\r\n\t\t\t<\/div>\r\n\r\n\t<\/code><br \/>\n\t<div class=\"wpnawfree-plugin news-clearfix \" id=\"wpnw-news-2\">\r\n\r\n\t\t\r\n\t\t\t<div id=\"post-7014\" class=\"news type-news wpnaw-blog-class has-no-date news-col-3 wpnaw-first\">\r\n\t\t\t\t<div class=\"news-inner-wrap-view news-clearfix \">\r\n\r\n\t\t\t\t\t\t\t\t\t\t<div class=\"news-thumb\">\r\n\t\t\t\t\t\t\t\t\t\t\t\t\t<div class=\"grid-news-thumb\">\r\n\t\t\t\t\t\t\t\t<a href=\"https:\/\/www.save.chasseurducentrevaldeloire.fr\/fdc18\/news\/important-grippe-aviaire-mesures-concernant-la-chasse\/\"><img loading=\"lazy\" decoding=\"async\" width=\"768\" height=\"512\" src=\"https:\/\/www.save.chasseurducentrevaldeloire.fr\/fdc18\/wp-content\/uploads\/sites\/5\/2022\/11\/anatides_dgest_fnc_201900030-768x512.jpg\" class=\"attachment-medium_large size-medium_large wp-post-image\" alt=\"\" srcset=\"https:\/\/www.save.chasseurducentrevaldeloire.fr\/fdc18\/wp-content\/uploads\/sites\/5\/2022\/11\/anatides_dgest_fnc_201900030-768x512.jpg 768w, https:\/\/www.save.chasseurducentrevaldeloire.fr\/fdc18\/wp-content\/uploads\/sites\/5\/2022\/11\/anatides_dgest_fnc_201900030-300x200.jpg 300w, https:\/\/www.save.chasseurducentrevaldeloire.fr\/fdc18\/wp-content\/uploads\/sites\/5\/2022\/11\/anatides_dgest_fnc_201900030.jpg 1000w\" sizes=\"auto, (max-width: 768px) 100vw, 768px\" \/><\/a>\r\n\t\t\t\t\t\t\t<\/div>\r\n\t\t\t\t\t\t\t\t\t\t\t<\/div>\r\n\t\t\t\t\t\r\n\t\t\t\t\t<div class=\"news-content\">\r\n\t\t\t\t\t\t\t\t\t\t\t\t\t<div class=\"grid-date-post\">\r\n\t\t\t\t\t\t\t\t\t\t\t\t\t\t\t<\/div>\r\n\t\t\t\t\t\t\r\n\t\t\t\t\t\t<div class=\"post-content-text\">\r\n\t\t\t\t\t\t\t<h3 class=\"news-title\"><a href=\"https:\/\/www.save.chasseurducentrevaldeloire.fr\/fdc18\/news\/important-grippe-aviaire-mesures-concernant-la-chasse\/\" rel=\"bookmark\">IMPORTANT &#8211; Grippe aviaire : Mesures concernant la chasse<\/a><\/h3>\t\t\t\t\t\t\t\t<div class=\"news-content-excerpt\">\r\n\t\t\t\t\t\t\t\t\t\t\t\t\t\t\t\t\t\t\t<div class=\"news-short-content\">\r\n\t\t\t\t\t\t\t\t\t\t\tCh\u00e8re adh\u00e9rente, Cher adh\u00e9rent, &nbsp; Suite...\t\t\t\t\t\t\t\t\t\t<\/div>\r\n\t\t\t\t\t\t\t\t\t\t<a href=\"https:\/\/www.save.chasseurducentrevaldeloire.fr\/fdc18\/news\/important-grippe-aviaire-mesures-concernant-la-chasse\/\" class=\"news-more-link\">En savoir plus<\/a>\r\n\t\t\t\t\t\t\t\t\t\t\t\t\t\t\t\t\t<\/div><!-- .entry-content -->\r\n\t\t\t\t\t\t\t\t\t\t\t\t\t<\/div>\r\n\t\t\t\t\t<\/div>\r\n\t\t\t\t<\/div><!-- #post-## -->\r\n\t\t\t<\/div><!-- #post-## -->\r\n\t\t\r\n\t\t\t<div id=\"post-7004\" class=\"news type-news wpnaw-blog-class has-no-date news-col-3\">\r\n\t\t\t\t<div class=\"news-inner-wrap-view news-clearfix \">\r\n\r\n\t\t\t\t\t\t\t\t\t\t<div class=\"news-thumb\">\r\n\t\t\t\t\t\t\t\t\t\t\t\t\t<div class=\"grid-news-thumb\">\r\n\t\t\t\t\t\t\t\t<a href=\"https:\/\/www.save.chasseurducentrevaldeloire.fr\/fdc18\/news\/influenza-aviaire-passage-au-niveau-de-risque-maximal\/\"><img loading=\"lazy\" decoding=\"async\" width=\"768\" height=\"336\" src=\"https:\/\/www.save.chasseurducentrevaldeloire.fr\/fdc18\/wp-content\/uploads\/sites\/5\/2025\/10\/anatides_dgest_fnc_201900035-e1671533211974-768x336.jpg\" class=\"attachment-medium_large size-medium_large wp-post-image\" alt=\"\" srcset=\"https:\/\/www.save.chasseurducentrevaldeloire.fr\/fdc18\/wp-content\/uploads\/sites\/5\/2025\/10\/anatides_dgest_fnc_201900035-e1671533211974-768x336.jpg 768w, https:\/\/www.save.chasseurducentrevaldeloire.fr\/fdc18\/wp-content\/uploads\/sites\/5\/2025\/10\/anatides_dgest_fnc_201900035-e1671533211974-300x131.jpg 300w, https:\/\/www.save.chasseurducentrevaldeloire.fr\/fdc18\/wp-content\/uploads\/sites\/5\/2025\/10\/anatides_dgest_fnc_201900035-e1671533211974.jpg 1000w\" sizes=\"auto, (max-width: 768px) 100vw, 768px\" \/><\/a>\r\n\t\t\t\t\t\t\t<\/div>\r\n\t\t\t\t\t\t\t\t\t\t\t<\/div>\r\n\t\t\t\t\t\r\n\t\t\t\t\t<div class=\"news-content\">\r\n\t\t\t\t\t\t\t\t\t\t\t\t\t<div class=\"grid-date-post\">\r\n\t\t\t\t\t\t\t\t\t\t\t\t\t\t\t<\/div>\r\n\t\t\t\t\t\t\r\n\t\t\t\t\t\t<div class=\"post-content-text\">\r\n\t\t\t\t\t\t\t<h3 class=\"news-title\"><a href=\"https:\/\/www.save.chasseurducentrevaldeloire.fr\/fdc18\/news\/influenza-aviaire-passage-au-niveau-de-risque-maximal\/\" rel=\"bookmark\">Influenza aviaire : passage au niveau de risque maximal<\/a><\/h3>\t\t\t\t\t\t\t\t<div class=\"news-content-excerpt\">\r\n\t\t\t\t\t\t\t\t\t\t\t\t\t\t\t\t\t\t\t<div class=\"news-short-content\">\r\n\t\t\t\t\t\t\t\t\t\t\tDepuis le 10 octobre, quatre foyers...\t\t\t\t\t\t\t\t\t\t<\/div>\r\n\t\t\t\t\t\t\t\t\t\t<a href=\"https:\/\/www.save.chasseurducentrevaldeloire.fr\/fdc18\/news\/influenza-aviaire-passage-au-niveau-de-risque-maximal\/\" class=\"news-more-link\">En savoir plus<\/a>\r\n\t\t\t\t\t\t\t\t\t\t\t\t\t\t\t\t\t<\/div><!-- .entry-content -->\r\n\t\t\t\t\t\t\t\t\t\t\t\t\t<\/div>\r\n\t\t\t\t\t<\/div>\r\n\t\t\t\t<\/div><!-- #post-## -->\r\n\t\t\t<\/div><!-- #post-## -->\r\n\t\t\r\n\t\t\t<div id=\"post-6979\" class=\"news type-news wpnaw-blog-class has-no-date news-col-3 wpnaw-last\">\r\n\t\t\t\t<div class=\"news-inner-wrap-view news-clearfix \">\r\n\r\n\t\t\t\t\t\t\t\t\t\t<div class=\"news-thumb\">\r\n\t\t\t\t\t\t\t\t\t\t\t\t\t<div class=\"grid-news-thumb\">\r\n\t\t\t\t\t\t\t\t<a href=\"https:\/\/www.save.chasseurducentrevaldeloire.fr\/fdc18\/news\/ouverture-de-la-chasse-au-milouin\/\"><img loading=\"lazy\" decoding=\"async\" width=\"768\" height=\"512\" src=\"https:\/\/www.save.chasseurducentrevaldeloire.fr\/fdc18\/wp-content\/uploads\/sites\/5\/2025\/09\/Milouin-768x512.jpg\" class=\"attachment-medium_large size-medium_large wp-post-image\" alt=\"\" srcset=\"https:\/\/www.save.chasseurducentrevaldeloire.fr\/fdc18\/wp-content\/uploads\/sites\/5\/2025\/09\/Milouin-768x512.jpg 768w, https:\/\/www.save.chasseurducentrevaldeloire.fr\/fdc18\/wp-content\/uploads\/sites\/5\/2025\/09\/Milouin-300x200.jpg 300w, https:\/\/www.save.chasseurducentrevaldeloire.fr\/fdc18\/wp-content\/uploads\/sites\/5\/2025\/09\/Milouin.jpg 1000w\" sizes=\"auto, (max-width: 768px) 100vw, 768px\" \/><\/a>\r\n\t\t\t\t\t\t\t<\/div>\r\n\t\t\t\t\t\t\t\t\t\t\t<\/div>\r\n\t\t\t\t\t\r\n\t\t\t\t\t<div class=\"news-content\">\r\n\t\t\t\t\t\t\t\t\t\t\t\t\t<div class=\"grid-date-post\">\r\n\t\t\t\t\t\t\t\t\t\t\t\t\t\t\t<\/div>\r\n\t\t\t\t\t\t\r\n\t\t\t\t\t\t<div class=\"post-content-text\">\r\n\t\t\t\t\t\t\t<h3 class=\"news-title\"><a href=\"https:\/\/www.save.chasseurducentrevaldeloire.fr\/fdc18\/news\/ouverture-de-la-chasse-au-milouin\/\" rel=\"bookmark\">Ouverture de la chasse au milouin<\/a><\/h3>\t\t\t\t\t\t\t\t<div class=\"news-content-excerpt\">\r\n\t\t\t\t\t\t\t\t\t\t\t\t\t\t\t\t\t\t\t<div class=\"news-short-content\">\r\n\t\t\t\t\t\t\t\t\t\t\tL\u2019arr\u00eat\u00e9 du 29 septembre 2025 portant...\t\t\t\t\t\t\t\t\t\t<\/div>\r\n\t\t\t\t\t\t\t\t\t\t<a href=\"https:\/\/www.save.chasseurducentrevaldeloire.fr\/fdc18\/news\/ouverture-de-la-chasse-au-milouin\/\" class=\"news-more-link\">En savoir plus<\/a>\r\n\t\t\t\t\t\t\t\t\t\t\t\t\t\t\t\t\t<\/div><!-- .entry-content -->\r\n\t\t\t\t\t\t\t\t\t\t\t\t\t<\/div>\r\n\t\t\t\t\t<\/div>\r\n\t\t\t\t<\/div><!-- #post-## -->\r\n\t\t\t<\/div><!-- #post-## -->\r\n\t\t\r\n\t\t\t<div id=\"post-6948\" class=\"news type-news wpnaw-blog-class has-no-date news-col-3 wpnaw-first\">\r\n\t\t\t\t<div class=\"news-inner-wrap-view news-clearfix \">\r\n\r\n\t\t\t\t\t\t\t\t\t\t<div class=\"news-thumb\">\r\n\t\t\t\t\t\t\t\t\t\t\t\t\t<div class=\"grid-news-thumb\">\r\n\t\t\t\t\t\t\t\t<a href=\"https:\/\/www.save.chasseurducentrevaldeloire.fr\/fdc18\/news\/nouvelles-dispositions-pour-la-chasse-du-gibier-deau-et-de-passage\/\"><img loading=\"lazy\" decoding=\"async\" width=\"768\" height=\"576\" src=\"https:\/\/www.save.chasseurducentrevaldeloire.fr\/fdc18\/wp-content\/uploads\/sites\/5\/2025\/08\/sauvagine-caille-768x576-1.jpg\" class=\"attachment-medium_large size-medium_large wp-post-image\" alt=\"\" srcset=\"https:\/\/www.save.chasseurducentrevaldeloire.fr\/fdc18\/wp-content\/uploads\/sites\/5\/2025\/08\/sauvagine-caille-768x576-1.jpg 768w, https:\/\/www.save.chasseurducentrevaldeloire.fr\/fdc18\/wp-content\/uploads\/sites\/5\/2025\/08\/sauvagine-caille-768x576-1-300x225.jpg 300w\" sizes=\"auto, (max-width: 768px) 100vw, 768px\" \/><\/a>\r\n\t\t\t\t\t\t\t<\/div>\r\n\t\t\t\t\t\t\t\t\t\t\t<\/div>\r\n\t\t\t\t\t\r\n\t\t\t\t\t<div class=\"news-content\">\r\n\t\t\t\t\t\t\t\t\t\t\t\t\t<div class=\"grid-date-post\">\r\n\t\t\t\t\t\t\t\t\t\t\t\t\t\t\t<\/div>\r\n\t\t\t\t\t\t\r\n\t\t\t\t\t\t<div class=\"post-content-text\">\r\n\t\t\t\t\t\t\t<h3 class=\"news-title\"><a href=\"https:\/\/www.save.chasseurducentrevaldeloire.fr\/fdc18\/news\/nouvelles-dispositions-pour-la-chasse-du-gibier-deau-et-de-passage\/\" rel=\"bookmark\">Nouvelles dispositions pour la chasse du gibier d\u2019eau et de passage<\/a><\/h3>\t\t\t\t\t\t\t\t<div class=\"news-content-excerpt\">\r\n\t\t\t\t\t\t\t\t\t\t\t\t\t\t\t\t\t\t\t<div class=\"news-short-content\">\r\n\t\t\t\t\t\t\t\t\t\t\tDe nouvelles dispositions r\u00e9glementant la chasse...\t\t\t\t\t\t\t\t\t\t<\/div>\r\n\t\t\t\t\t\t\t\t\t\t<a href=\"https:\/\/www.save.chasseurducentrevaldeloire.fr\/fdc18\/news\/nouvelles-dispositions-pour-la-chasse-du-gibier-deau-et-de-passage\/\" class=\"news-more-link\">En savoir plus<\/a>\r\n\t\t\t\t\t\t\t\t\t\t\t\t\t\t\t\t\t<\/div><!-- .entry-content -->\r\n\t\t\t\t\t\t\t\t\t\t\t\t\t<\/div>\r\n\t\t\t\t\t<\/div>\r\n\t\t\t\t<\/div><!-- #post-## -->\r\n\t\t\t<\/div><!-- #post-## -->\r\n\t\t\r\n\t\t\t<div id=\"post-6917\" class=\"news type-news wpnaw-blog-class has-no-date news-col-3\">\r\n\t\t\t\t<div class=\"news-inner-wrap-view news-clearfix \">\r\n\r\n\t\t\t\t\t\t\t\t\t\t<div class=\"news-thumb\">\r\n\t\t\t\t\t\t\t\t\t\t\t\t\t<div class=\"grid-news-thumb\">\r\n\t\t\t\t\t\t\t\t<a href=\"https:\/\/www.save.chasseurducentrevaldeloire.fr\/fdc18\/news\/prolongation-des-moratoires-barge-a-queue-noire-et-courlis-cendre\/\"><img loading=\"lazy\" decoding=\"async\" width=\"768\" height=\"568\" src=\"https:\/\/www.save.chasseurducentrevaldeloire.fr\/fdc18\/wp-content\/uploads\/sites\/5\/2025\/08\/limicoles_dgest_fnc_20220013-768x568.jpg\" class=\"attachment-medium_large size-medium_large wp-post-image\" alt=\"\" srcset=\"https:\/\/www.save.chasseurducentrevaldeloire.fr\/fdc18\/wp-content\/uploads\/sites\/5\/2025\/08\/limicoles_dgest_fnc_20220013-768x568.jpg 768w, https:\/\/www.save.chasseurducentrevaldeloire.fr\/fdc18\/wp-content\/uploads\/sites\/5\/2025\/08\/limicoles_dgest_fnc_20220013-300x222.jpg 300w, https:\/\/www.save.chasseurducentrevaldeloire.fr\/fdc18\/wp-content\/uploads\/sites\/5\/2025\/08\/limicoles_dgest_fnc_20220013-1024x758.jpg 1024w, https:\/\/www.save.chasseurducentrevaldeloire.fr\/fdc18\/wp-content\/uploads\/sites\/5\/2025\/08\/limicoles_dgest_fnc_20220013-1536x1137.jpg 1536w, https:\/\/www.save.chasseurducentrevaldeloire.fr\/fdc18\/wp-content\/uploads\/sites\/5\/2025\/08\/limicoles_dgest_fnc_20220013-2048x1515.jpg 2048w\" sizes=\"auto, (max-width: 768px) 100vw, 768px\" \/><\/a>\r\n\t\t\t\t\t\t\t<\/div>\r\n\t\t\t\t\t\t\t\t\t\t\t<\/div>\r\n\t\t\t\t\t\r\n\t\t\t\t\t<div class=\"news-content\">\r\n\t\t\t\t\t\t\t\t\t\t\t\t\t<div class=\"grid-date-post\">\r\n\t\t\t\t\t\t\t\t\t\t\t\t\t\t\t<\/div>\r\n\t\t\t\t\t\t\r\n\t\t\t\t\t\t<div class=\"post-content-text\">\r\n\t\t\t\t\t\t\t<h3 class=\"news-title\"><a href=\"https:\/\/www.save.chasseurducentrevaldeloire.fr\/fdc18\/news\/prolongation-des-moratoires-barge-a-queue-noire-et-courlis-cendre\/\" rel=\"bookmark\">Prolongation des moratoires Barge \u00e0 queue noire et Courlis cendr\u00e9<\/a><\/h3>\t\t\t\t\t\t\t\t<div class=\"news-content-excerpt\">\r\n\t\t\t\t\t\t\t\t\t\t\t\t\t\t\t\t\t\t\t<div class=\"news-short-content\">\r\n\t\t\t\t\t\t\t\t\t\t\tT\u00e9l\u00e9charger l\u2019Arr\u00eat\u00e9 du 30 juillet 2025...\t\t\t\t\t\t\t\t\t\t<\/div>\r\n\t\t\t\t\t\t\t\t\t\t<a href=\"https:\/\/www.save.chasseurducentrevaldeloire.fr\/fdc18\/news\/prolongation-des-moratoires-barge-a-queue-noire-et-courlis-cendre\/\" class=\"news-more-link\">En savoir plus<\/a>\r\n\t\t\t\t\t\t\t\t\t\t\t\t\t\t\t\t\t<\/div><!-- .entry-content -->\r\n\t\t\t\t\t\t\t\t\t\t\t\t\t<\/div>\r\n\t\t\t\t\t<\/div>\r\n\t\t\t\t<\/div><!-- #post-## -->\r\n\t\t\t<\/div><!-- #post-## -->\r\n\t\t\r\n\t\t\t<div id=\"post-6905\" class=\"news type-news wpnaw-blog-class has-no-date news-col-3 wpnaw-last\">\r\n\t\t\t\t<div class=\"news-inner-wrap-view news-clearfix \">\r\n\r\n\t\t\t\t\t\t\t\t\t\t<div class=\"news-thumb\">\r\n\t\t\t\t\t\t\t\t\t\t\t\t\t<div class=\"grid-news-thumb\">\r\n\t\t\t\t\t\t\t\t<a href=\"https:\/\/www.save.chasseurducentrevaldeloire.fr\/fdc18\/news\/ouverture-de-la-chasse-du-gibier-deau-et-des-oiseaux-de-passage-2\/\"><img loading=\"lazy\" decoding=\"async\" width=\"768\" height=\"512\" src=\"https:\/\/www.save.chasseurducentrevaldeloire.fr\/fdc18\/wp-content\/uploads\/sites\/5\/2025\/07\/anatides_DGest_fnc20230076-768x512.jpg\" class=\"attachment-medium_large size-medium_large wp-post-image\" alt=\"\" srcset=\"https:\/\/www.save.chasseurducentrevaldeloire.fr\/fdc18\/wp-content\/uploads\/sites\/5\/2025\/07\/anatides_DGest_fnc20230076-768x512.jpg 768w, https:\/\/www.save.chasseurducentrevaldeloire.fr\/fdc18\/wp-content\/uploads\/sites\/5\/2025\/07\/anatides_DGest_fnc20230076-300x200.jpg 300w, https:\/\/www.save.chasseurducentrevaldeloire.fr\/fdc18\/wp-content\/uploads\/sites\/5\/2025\/07\/anatides_DGest_fnc20230076-1024x683.jpg 1024w, https:\/\/www.save.chasseurducentrevaldeloire.fr\/fdc18\/wp-content\/uploads\/sites\/5\/2025\/07\/anatides_DGest_fnc20230076-1536x1024.jpg 1536w, https:\/\/www.save.chasseurducentrevaldeloire.fr\/fdc18\/wp-content\/uploads\/sites\/5\/2025\/07\/anatides_DGest_fnc20230076-2048x1365.jpg 2048w\" sizes=\"auto, (max-width: 768px) 100vw, 768px\" \/><\/a>\r\n\t\t\t\t\t\t\t<\/div>\r\n\t\t\t\t\t\t\t\t\t\t\t<\/div>\r\n\t\t\t\t\t\r\n\t\t\t\t\t<div class=\"news-content\">\r\n\t\t\t\t\t\t\t\t\t\t\t\t\t<div class=\"grid-date-post\">\r\n\t\t\t\t\t\t\t\t\t\t\t\t\t\t\t<\/div>\r\n\t\t\t\t\t\t\r\n\t\t\t\t\t\t<div class=\"post-content-text\">\r\n\t\t\t\t\t\t\t<h3 class=\"news-title\"><a href=\"https:\/\/www.save.chasseurducentrevaldeloire.fr\/fdc18\/news\/ouverture-de-la-chasse-du-gibier-deau-et-des-oiseaux-de-passage-2\/\" rel=\"bookmark\">Ouverture de la chasse du gibier d\u2019eau et des oiseaux de passage<\/a><\/h3>\t\t\t\t\t\t\t\t<div class=\"news-content-excerpt\">\r\n\t\t\t\t\t\t\t\t\t\t\t\t\t\t\t\t\t\t\t<div class=\"news-short-content\">\r\n\t\t\t\t\t\t\t\t\t\t\tRetrouvez dans le document t\u00e9l\u00e9chargeable ci-dessous...\t\t\t\t\t\t\t\t\t\t<\/div>\r\n\t\t\t\t\t\t\t\t\t\t<a href=\"https:\/\/www.save.chasseurducentrevaldeloire.fr\/fdc18\/news\/ouverture-de-la-chasse-du-gibier-deau-et-des-oiseaux-de-passage-2\/\" class=\"news-more-link\">En savoir plus<\/a>\r\n\t\t\t\t\t\t\t\t\t\t\t\t\t\t\t\t\t<\/div><!-- .entry-content -->\r\n\t\t\t\t\t\t\t\t\t\t\t\t\t<\/div>\r\n\t\t\t\t\t<\/div>\r\n\t\t\t\t<\/div><!-- #post-## -->\r\n\t\t\t<\/div><!-- #post-## -->\r\n\t\t\r\n\t\t\t<div id=\"post-6871\" class=\"news type-news wpnaw-blog-class has-no-date news-col-3 wpnaw-first\">\r\n\t\t\t\t<div class=\"news-inner-wrap-view news-clearfix \">\r\n\r\n\t\t\t\t\t\t\t\t\t\t<div class=\"news-thumb\">\r\n\t\t\t\t\t\t\t\t\t\t\t\t\t<div class=\"grid-news-thumb\">\r\n\t\t\t\t\t\t\t\t<a href=\"https:\/\/www.save.chasseurducentrevaldeloire.fr\/fdc18\/news\/le-petit-gibier-sedentaire-de-plaine-et-vous\/\"><img loading=\"lazy\" decoding=\"async\" width=\"768\" height=\"555\" src=\"https:\/\/www.save.chasseurducentrevaldeloire.fr\/fdc18\/wp-content\/uploads\/sites\/5\/2025\/07\/fnc_dgestim_lievres00004-768x555.jpg\" class=\"attachment-medium_large size-medium_large wp-post-image\" alt=\"\" srcset=\"https:\/\/www.save.chasseurducentrevaldeloire.fr\/fdc18\/wp-content\/uploads\/sites\/5\/2025\/07\/fnc_dgestim_lievres00004-768x555.jpg 768w, https:\/\/www.save.chasseurducentrevaldeloire.fr\/fdc18\/wp-content\/uploads\/sites\/5\/2025\/07\/fnc_dgestim_lievres00004-300x217.jpg 300w, https:\/\/www.save.chasseurducentrevaldeloire.fr\/fdc18\/wp-content\/uploads\/sites\/5\/2025\/07\/fnc_dgestim_lievres00004.jpg 800w\" sizes=\"auto, (max-width: 768px) 100vw, 768px\" \/><\/a>\r\n\t\t\t\t\t\t\t<\/div>\r\n\t\t\t\t\t\t\t\t\t\t\t<\/div>\r\n\t\t\t\t\t\r\n\t\t\t\t\t<div class=\"news-content\">\r\n\t\t\t\t\t\t\t\t\t\t\t\t\t<div class=\"grid-date-post\">\r\n\t\t\t\t\t\t\t\t\t\t\t\t\t\t\t<\/div>\r\n\t\t\t\t\t\t\r\n\t\t\t\t\t\t<div class=\"post-content-text\">\r\n\t\t\t\t\t\t\t<h3 class=\"news-title\"><a href=\"https:\/\/www.save.chasseurducentrevaldeloire.fr\/fdc18\/news\/le-petit-gibier-sedentaire-de-plaine-et-vous\/\" rel=\"bookmark\">Le petit gibier s\u00e9dentaire de plaine et vous<\/a><\/h3>\t\t\t\t\t\t\t\t<div class=\"news-content-excerpt\">\r\n\t\t\t\t\t\t\t\t\t\t\t\t\t\t\t\t\t\t\t<div class=\"news-short-content\">\r\n\t\t\t\t\t\t\t\t\t\t\t\t\t\t\t\t\t\t\t\t\t<\/div>\r\n\t\t\t\t\t\t\t\t\t\t<a href=\"https:\/\/www.save.chasseurducentrevaldeloire.fr\/fdc18\/news\/le-petit-gibier-sedentaire-de-plaine-et-vous\/\" class=\"news-more-link\">En savoir plus<\/a>\r\n\t\t\t\t\t\t\t\t\t\t\t\t\t\t\t\t\t<\/div><!-- .entry-content -->\r\n\t\t\t\t\t\t\t\t\t\t\t\t\t<\/div>\r\n\t\t\t\t\t<\/div>\r\n\t\t\t\t<\/div><!-- #post-## -->\r\n\t\t\t<\/div><!-- #post-## -->\r\n\t\t\r\n\t\t\t<div id=\"post-6853\" class=\"news type-news wpnaw-blog-class has-no-date news-col-3\">\r\n\t\t\t\t<div class=\"news-inner-wrap-view news-clearfix \">\r\n\r\n\t\t\t\t\t\t\t\t\t\t<div class=\"news-thumb\">\r\n\t\t\t\t\t\t\t\t\t\t\t\t\t<div class=\"grid-news-thumb\">\r\n\t\t\t\t\t\t\t\t<a href=\"https:\/\/www.save.chasseurducentrevaldeloire.fr\/fdc18\/news\/flash-info\/\"><img loading=\"lazy\" decoding=\"async\" width=\"768\" height=\"576\" src=\"https:\/\/www.save.chasseurducentrevaldeloire.fr\/fdc18\/wp-content\/uploads\/sites\/5\/2021\/04\/Sanglier2-768x576.jpg\" class=\"attachment-medium_large size-medium_large wp-post-image\" alt=\"\" srcset=\"https:\/\/www.save.chasseurducentrevaldeloire.fr\/fdc18\/wp-content\/uploads\/sites\/5\/2021\/04\/Sanglier2-768x576.jpg 768w, https:\/\/www.save.chasseurducentrevaldeloire.fr\/fdc18\/wp-content\/uploads\/sites\/5\/2021\/04\/Sanglier2-300x225.jpg 300w, https:\/\/www.save.chasseurducentrevaldeloire.fr\/fdc18\/wp-content\/uploads\/sites\/5\/2021\/04\/Sanglier2.jpg 800w\" sizes=\"auto, (max-width: 768px) 100vw, 768px\" \/><\/a>\r\n\t\t\t\t\t\t\t<\/div>\r\n\t\t\t\t\t\t\t\t\t\t\t<\/div>\r\n\t\t\t\t\t\r\n\t\t\t\t\t<div class=\"news-content\">\r\n\t\t\t\t\t\t\t\t\t\t\t\t\t<div class=\"grid-date-post\">\r\n\t\t\t\t\t\t\t\t\t\t\t\t\t\t\t<\/div>\r\n\t\t\t\t\t\t\r\n\t\t\t\t\t\t<div class=\"post-content-text\">\r\n\t\t\t\t\t\t\t<h3 class=\"news-title\"><a href=\"https:\/\/www.save.chasseurducentrevaldeloire.fr\/fdc18\/news\/flash-info\/\" rel=\"bookmark\">Flash info<\/a><\/h3>\t\t\t\t\t\t\t\t<div class=\"news-content-excerpt\">\r\n\t\t\t\t\t\t\t\t\t\t\t\t\t\t\t\t\t\t\t<div class=\"news-short-content\">\r\n\t\t\t\t\t\t\t\t\t\t\tLe Conseil d\u2019\u00c9tat annule les dispositions...\t\t\t\t\t\t\t\t\t\t<\/div>\r\n\t\t\t\t\t\t\t\t\t\t<a href=\"https:\/\/www.save.chasseurducentrevaldeloire.fr\/fdc18\/news\/flash-info\/\" class=\"news-more-link\">En savoir plus<\/a>\r\n\t\t\t\t\t\t\t\t\t\t\t\t\t\t\t\t\t<\/div><!-- .entry-content -->\r\n\t\t\t\t\t\t\t\t\t\t\t\t\t<\/div>\r\n\t\t\t\t\t<\/div>\r\n\t\t\t\t<\/div><!-- #post-## -->\r\n\t\t\t<\/div><!-- #post-## -->\r\n\t\t\t\t\t<div class=\"news_pagination wpnw-numeric\">\r\n\t\t\t\t<span aria-current=\"page\" class=\"page-numbers current\">1<\/span>\n<a class=\"page-numbers\" href=\"https:\/\/www.save.chasseurducentrevaldeloire.fr\/fdc18\/wp-json\/wp\/v2\/pages\/3389\/page\/2\/#wpnw-news-2\">2<\/a>\n<a class=\"page-numbers\" href=\"https:\/\/www.save.chasseurducentrevaldeloire.fr\/fdc18\/wp-json\/wp\/v2\/pages\/3389\/page\/3\/#wpnw-news-2\">3<\/a>\n<span class=\"page-numbers dots\">\u2026<\/span>\n<a class=\"page-numbers\" href=\"https:\/\/www.save.chasseurducentrevaldeloire.fr\/fdc18\/wp-json\/wp\/v2\/pages\/3389\/page\/8\/#wpnw-news-2\">8<\/a>\n<a class=\"next page-numbers\" href=\"https:\/\/www.save.chasseurducentrevaldeloire.fr\/fdc18\/wp-json\/wp\/v2\/pages\/3389\/page\/2\/#wpnw-news-2\">Suivante &raquo;<\/a>\t\t\t<\/div>\r\n\t\t\t<\/div>\n","protected":false},"excerpt":{"rendered":"Le Conseil d\u2019\u00c9tat annule les dispositions permettant de chasser le sanglier au cours des travaux de r\u00e9colte. &nbsp; T\u00e9l\u00e9charger le flash info","protected":false},"author":2,"featured_media":0,"parent":0,"menu_order":0,"comment_status":"closed","ping_status":"closed","template":"","meta":{"_acf_changed":false,"inline_featured_image":false,"_exactmetrics_skip_tracking":false,"_exactmetrics_sitenote_active":false,"_exactmetrics_sitenote_note":"","_exactmetrics_sitenote_category":0,"footnotes":""},"class_list":["post-3389","page","type-page","status-publish","hentry"],"acf":[],"publishpress_future_action":{"enabled":false,"date":"2026-04-18 12:24:37","action":"change-status","newStatus":"draft","terms":[],"taxonomy":"","extraData":[]},"publishpress_future_workflow_manual_trigger":{"enabledWorkflows":[]},"_links":{"self":[{"href":"https:\/\/www.save.chasseurducentrevaldeloire.fr\/fdc18\/wp-json\/wp\/v2\/pages\/3389","targetHints":{"allow":["GET"]}}],"collection":[{"href":"https:\/\/www.save.chasseurducentrevaldeloire.fr\/fdc18\/wp-json\/wp\/v2\/pages"}],"about":[{"href":"https:\/\/www.save.chasseurducentrevaldeloire.fr\/fdc18\/wp-json\/wp\/v2\/types\/page"}],"author":[{"embeddable":true,"href":"https:\/\/www.save.chasseurducentrevaldeloire.fr\/fdc18\/wp-json\/wp\/v2\/users\/2"}],"replies":[{"embeddable":true,"href":"https:\/\/www.save.chasseurducentrevaldeloire.fr\/fdc18\/wp-json\/wp\/v2\/comments?post=3389"}],"version-history":[{"count":5,"href":"https:\/\/www.save.chasseurducentrevaldeloire.fr\/fdc18\/wp-json\/wp\/v2\/pages\/3389\/revisions"}],"predecessor-version":[{"id":3708,"href":"https:\/\/www.save.chasseurducentrevaldeloire.fr\/fdc18\/wp-json\/wp\/v2\/pages\/3389\/revisions\/3708"}],"wp:attachment":[{"href":"https:\/\/www.save.chasseurducentrevaldeloire.fr\/fdc18\/wp-json\/wp\/v2\/media?parent=3389"}],"curies":[{"name":"wp","href":"https:\/\/api.w.org\/{rel}","templated":true}]}}