{"id":3351,"date":"2018-06-19T15:06:03","date_gmt":"2018-06-19T13:06:03","guid":{"rendered":"https:\/\/www.chasseurducentrevaldeloire.fr\/fdc18\/?page_id=3351"},"modified":"2025-10-22T10:59:33","modified_gmt":"2025-10-22T08:59:33","slug":"especes-nuisibles-et-piegeage","status":"publish","type":"page","link":"https:\/\/www.save.chasseurducentrevaldeloire.fr\/fdc18\/especes-nuisibles-et-piegeage\/","title":{"rendered":"Esp\u00e8ces pr\u00e9datrices et d\u00e9pr\u00e9datrices"},"content":{"rendered":"<p>[vc_row][vc_column width=\u00a0\u00bb5\/6&Prime;][vc_column_text]L&rsquo;arr\u00eat\u00e9 minist\u00e9riel fixant la liste, les p\u00e9riodes et les modalit\u00e9s de destruction des esp\u00e8ces susceptibles d\u2019occasionner des d\u00e9g\u00e2ts a \u00e9t\u00e9 publi\u00e9 au journal officiel du 18 aout 2012.<\/p>\n<p>&nbsp;<\/p>\n<p>Arr\u00eat\u00e9s fixant les modalit\u00e9s de destruction des esp\u00e8ces susceptibles d\u2019occasionner des d\u00e9g\u00e2ts<strong> <a href=\"https:\/\/www.chasseurducentrevaldeloire.fr\/fdc18\/wp-content\/uploads\/sites\/5\/2019\/01\/ArreteNuisibleG1Modalite.pdf\" target=\"_blank\" rel=\"noopener noreferrer\"><span style=\"color: #71beb8\">groupe 1<\/span><\/a> <\/strong>et les <span style=\"color: #71beb8\"><strong><a style=\"color: #71beb8\" href=\"https:\/\/www.chasseurducentrevaldeloire.fr\/fdc18\/wp-content\/uploads\/sites\/5\/2019\/01\/ArreteNuisibleG1Disposition.pdf\" target=\"_blank\" rel=\"noopener noreferrer\">dispositions<\/a> <\/strong><\/span>(groupe 1) du 28 juin 2016<\/p>\n<p><strong><a class=\"dl_link\" href=\"https:\/\/www.chasseurducentrevaldeloire.fr\/fdc18\/wp-content\/uploads\/sites\/5\/2023\/08\/Arrete-ESOD_3-AOUT-2023.pdf\" target=\"_blank\" rel=\"nofollow noopener\"><span style=\"color: #71beb8\">Arr\u00eat\u00e9 du 3 ao\u00fbt 2023<\/span> <\/a>\u00a0fixant la liste, les p\u00e9riodes et les modalit\u00e9s de destruction des esp\u00e8ces susceptibles d\u2019occasionner des d\u00e9g\u00e2ts &#8211; Esp\u00e8ces groupe 2<\/strong><\/p>\n<p>Esp\u00e8ces pr\u00e9datrices et d\u00e9pr\u00e9datrices (sur l&rsquo;ensemble du d\u00e9partement) : Renard, Fouine, Martre, Corbeau freux, Corneille noire, Pie bavarde et \u00c9tourneau sansonnet<\/p>\n<p>&nbsp;<\/p>\n<p><a href=\"https:\/\/www.chasseurducentrevaldeloire.fr\/fdc18\/wp-content\/uploads\/sites\/5\/2025\/10\/RAAAP2025-237listeESOD3egroupe2025-2026.pdf\" target=\"_blank\" rel=\"noopener\"><strong><span style=\"color: #71beb8\">Arr\u00eat\u00e9 fixant la liste des esp\u00e8ces susceptibles d\u2019occasionner des d\u00e9g\u00e2ts 2025-2026<\/span><\/strong><\/a> (groupe 3)<\/p>\n<p><span style=\"color: #71beb8\"><a style=\"color: #71beb8\" href=\"https:\/\/www.chasseurducentrevaldeloire.fr\/fdc18\/wp-content\/uploads\/sites\/5\/2025\/10\/AP-DDT-2025-154_loutre-et-castor_2025-2026.pdf\" target=\"_blank\" rel=\"noopener\"><strong>Arr\u00eat\u00e9 loutre\/castor 2025-2026<\/strong><\/a><\/span><\/p>\n<p><a href=\"https:\/\/www.chasseurducentrevaldeloire.fr\/fdc18\/wp-content\/uploads\/sites\/5\/2025\/07\/Imprime-ESOD-2025-2026-1.pdf\" target=\"_blank\" rel=\"noopener\"><strong><span style=\"color: #71beb8\">T\u00e9l\u00e9charger la Demande d&rsquo;autorisation de destruction d&rsquo;esp\u00e8ces susceptibles d\u2019occasionner des d\u00e9g\u00e2ts pour la campagne 2025-2026<\/span><\/strong><\/a><\/p>\n<p><span style=\"color: #71beb8\"><strong><a class=\"dl_link\" style=\"color: #71beb8\" href=\"https:\/\/www.chasseurducentrevaldeloire.fr\/fdc18\/wp-content\/uploads\/sites\/5\/2025\/07\/Formulaire_demande_chasse-particuliere_pigeon-ramiercorvides_aout-septembre2025.pdf\" target=\"_blank\" rel=\"nofollow noopener\">T\u00e9l\u00e9charger la Demande de Chasse particuli\u00e8re Pigeons-Corvid\u00e9s \u00e9t\u00e9 2025<\/a><\/strong><\/span><br \/>\n<a href=\"https:\/\/docs.google.com\/forms\/d\/e\/1FAIpQLScWEtMw1XC-QHVZ89LJcPru-DsYgbABdKp2kyOMgMPNXA5cGw\/viewform\" target=\"_blank\" rel=\"noopener\"><span style=\"color: #71beb8\"><strong>T\u00e9l\u00e9chargez la d\u00e9claration de d\u00e9g\u00e2ts des esp\u00e8ces susceptibles d\u2019occasionner des d\u00e9g\u00e2ts<\/strong><\/span><\/a><br \/>\n<span style=\"color: #71beb8\"><a style=\"color: #71beb8\" href=\"https:\/\/www.chasseurducentrevaldeloire.fr\/fdc18\/wp-content\/uploads\/sites\/5\/2018\/06\/DeclarationPiegeageMairie.pdf\" target=\"_blank\" rel=\"noopener noreferrer\"><strong>T\u00e9l\u00e9chargez la d\u00e9claration de pi\u00e9geage en mairie<\/strong> <\/a><\/span><br \/>\n<a href=\"https:\/\/www.chasseurducentrevaldeloire.fr\/fdc18\/wp-content\/uploads\/sites\/5\/2025\/06\/bilan-piegeage-24-25.pdf\" target=\"_blank\" rel=\"noopener\"><strong><span style=\"color: #71beb8\">T\u00e9l\u00e9chargez le bilan de pi\u00e9geage<\/span><\/strong><\/a>[\/vc_column_text][\/vc_column][vc_column width=\u00a0\u00bb1\/6&Prime;][vc_single_image image=\u00a0\u00bb3363&Prime;][\/vc_column][\/vc_row]<\/p>\n","protected":false},"excerpt":{"rendered":"<p>[vc_row][vc_column width=\u00a0\u00bb5\/6&Prime;][vc_column_text]L&rsquo;arr\u00eat\u00e9 minist\u00e9riel fixant la liste, les p\u00e9riodes et les modalit\u00e9s de destruction des esp\u00e8ces susceptibles d\u2019occasionner des d\u00e9g\u00e2ts a \u00e9t\u00e9 publi\u00e9 au journal officiel du 18 aout 2012. &nbsp; Arr\u00eat\u00e9s fixant les modalit\u00e9s de destruction des esp\u00e8ces susceptibles d\u2019occasionner des d\u00e9g\u00e2ts groupe 1 et&#8230;<\/p>\n","protected":false},"author":6,"featured_media":0,"parent":0,"menu_order":0,"comment_status":"closed","ping_status":"closed","template":"","meta":{"_acf_changed":false,"inline_featured_image":false,"_exactmetrics_skip_tracking":false,"_exactmetrics_sitenote_active":false,"_exactmetrics_sitenote_note":"","_exactmetrics_sitenote_category":0,"footnotes":""},"class_list":["post-3351","page","type-page","status-publish","hentry"],"acf":[],"publishpress_future_action":{"enabled":false,"date":"2026-04-15 03:20:41","action":"change-status","newStatus":"draft","terms":[],"taxonomy":"","extraData":[]},"publishpress_future_workflow_manual_trigger":{"enabledWorkflows":[]},"_links":{"self":[{"href":"https:\/\/www.save.chasseurducentrevaldeloire.fr\/fdc18\/wp-json\/wp\/v2\/pages\/3351","targetHints":{"allow":["GET"]}}],"collection":[{"href":"https:\/\/www.save.chasseurducentrevaldeloire.fr\/fdc18\/wp-json\/wp\/v2\/pages"}],"about":[{"href":"https:\/\/www.save.chasseurducentrevaldeloire.fr\/fdc18\/wp-json\/wp\/v2\/types\/page"}],"author":[{"embeddable":true,"href":"https:\/\/www.save.chasseurducentrevaldeloire.fr\/fdc18\/wp-json\/wp\/v2\/users\/6"}],"replies":[{"embeddable":true,"href":"https:\/\/www.save.chasseurducentrevaldeloire.fr\/fdc18\/wp-json\/wp\/v2\/comments?post=3351"}],"version-history":[{"count":51,"href":"https:\/\/www.save.chasseurducentrevaldeloire.fr\/fdc18\/wp-json\/wp\/v2\/pages\/3351\/revisions"}],"predecessor-version":[{"id":7000,"href":"https:\/\/www.save.chasseurducentrevaldeloire.fr\/fdc18\/wp-json\/wp\/v2\/pages\/3351\/revisions\/7000"}],"wp:attachment":[{"href":"https:\/\/www.save.chasseurducentrevaldeloire.fr\/fdc18\/wp-json\/wp\/v2\/media?parent=3351"}],"curies":[{"name":"wp","href":"https:\/\/api.w.org\/{rel}","templated":true}]}}