{"id":3287,"date":"2018-06-01T11:34:48","date_gmt":"2018-06-01T09:34:48","guid":{"rendered":"https:\/\/www.chasseurducentrevaldeloire.fr\/fdc18\/?page_id=3287"},"modified":"2025-07-03T12:13:52","modified_gmt":"2025-07-03T10:13:52","slug":"adhesion-a-la-federation","status":"publish","type":"page","link":"https:\/\/www.save.chasseurducentrevaldeloire.fr\/fdc18\/adhesion-a-la-federation\/","title":{"rendered":"Adh\u00e9sion \u00e0 la f\u00e9d\u00e9ration"},"content":{"rendered":"<p>[vc_row][vc_column][vc_column_text]<\/p>\n<table width=\"449\">\n<tbody>\n<tr>\n<td width=\"371\"><strong><span style=\"color: #008000\">Cotisations et participations<\/span><\/strong><\/td>\n<td width=\"78\"><strong><span style=\"color: #008000\">Montants 2025\/2026<\/span><\/strong><\/td>\n<\/tr>\n<tr>\n<td>Validation annuelle<\/td>\n<td width=\"78\">83,00 \u20ac<\/td>\n<\/tr>\n<tr>\n<td>Validation temporaire 9 jours<\/td>\n<td width=\"78\">42,00 \u20ac<\/td>\n<\/tr>\n<tr>\n<td>Validation temporaire 3 jours<\/td>\n<td width=\"78\">21,00 \u20ac<\/td>\n<\/tr>\n<tr>\n<td>Validation nationale (prix fix\u00e9 par le Congr\u00e8s de\u00a0 la FNC)<\/td>\n<td width=\"78\">104,95 \u20ac<\/td>\n<\/tr>\n<tr>\n<td><\/td>\n<td width=\"78\"><\/td>\n<\/tr>\n<tr>\n<td>Bracelet Chevreuil<\/td>\n<td width=\"78\">18 \u20ac<\/td>\n<\/tr>\n<tr>\n<td>Bracelet Cerf (CEM)<\/td>\n<td width=\"78\">130 \u20ac<\/td>\n<\/tr>\n<tr>\n<td>Bracelet Biche et Jeune (CEF)<\/td>\n<td width=\"78\">90 \u20ac<\/td>\n<\/tr>\n<tr>\n<td>Bracelet Biche de plus d&rsquo;un an (CEFA)<\/td>\n<td width=\"78\">90 \u20ac<\/td>\n<\/tr>\n<tr>\n<td>Bracelet CE Indiff\u00e9renci\u00e9 (CEI : Cerf, Biche, Jeune)<\/td>\n<td width=\"78\">100 \u20ac<\/td>\n<\/tr>\n<tr>\n<td><\/td>\n<td width=\"78\"><\/td>\n<\/tr>\n<tr>\n<td>Adh\u00e9sion obligatoire des attributaires de Plan de Chasse<\/td>\n<td width=\"78\">50 \u20ac<\/td>\n<\/tr>\n<tr>\n<td>Adh\u00e9sion obligatoire plan de gestion sanglier<\/td>\n<td width=\"78\">5 \u20ac<\/td>\n<\/tr>\n<tr>\n<td>Participations Financi\u00e8res Des Territoires Sanglier<\/td>\n<td width=\"78\">De 0 \u20ac\/Ha \u00e0 26,80 \u20ac\/Ha<\/td>\n<\/tr>\n<tr>\n<td>Participations Financi\u00e8res Des Territoires G\u00e9n\u00e9ralis\u00e9e<\/td>\n<td width=\"78\">1 \u20ac\/Ha<\/td>\n<\/tr>\n<tr>\n<td>Adh\u00e9sion volontaire<\/td>\n<td width=\"78\">50 \u20ac<\/td>\n<\/tr>\n<tr>\n<td><\/td>\n<td width=\"78\"><\/td>\n<\/tr>\n<tr>\n<td><strong><span style=\"color: #008000\">Co\u00fbt \u00e0 l\u2019hectare de territoire du contrat<\/span><\/strong><\/td>\n<td rowspan=\"2\" width=\"78\"><\/td>\n<\/tr>\n<tr>\n<td><strong><span style=\"color: #008000\">\u00ab Am\u00e9nagement et Gestion \u00bb<\/span><\/strong><\/td>\n<\/tr>\n<tr>\n<td>De 0 \u00e0 50 Ha<\/td>\n<td width=\"78\">Co\u00fbt forfaitaire de 50 \u20ac<\/td>\n<\/tr>\n<tr>\n<td>De 51 \u00e0 100 Ha<\/td>\n<td width=\"78\">1 \u20ac\/Ha<\/td>\n<\/tr>\n<tr>\n<td>De 101 \u00e0 400 Ha<\/td>\n<td width=\"78\">0,25 \u20ac\/Ha<\/td>\n<\/tr>\n<tr>\n<td>Plus de 400 Ha<\/td>\n<td width=\"78\">0,10 \u20ac\/Ha<\/td>\n<\/tr>\n<\/tbody>\n<\/table>\n<p>[\/vc_column_text][\/vc_column][\/vc_row][vc_row][vc_column][vc_column_text][\/vc_column_text][vc_column_text]<\/p>\n<h3><\/h3>\n<h3><strong>Extrait des statuts\u00a0:<\/strong><\/h3>\n<p><strong>Article 3 Composition et adh\u00e9sion<\/strong><\/p>\n<ol start=\"19\">\n<li>I. \u2013 La f\u00e9d\u00e9ration d\u00e9partementale des chasseurs regroupe:<\/li>\n<li>1o Les titulaires du permis de chasser ayant valid\u00e9 celui-ci dans le d\u00e9partement;<\/li>\n<li>2o Les personnes physiques et les personnes morales titulaires de droits de chasse sur des terrains situ\u00e9s dans le d\u00e9partement et b\u00e9n\u00e9ficiaires d\u2019un plan de chasse ou d\u2019un plan de gestion pour tout ou partie de ces terrains.<\/li>\n<li>II. \u2013 Peut en outre adh\u00e9rer \u00e0 la f\u00e9d\u00e9ration:<\/li>\n<li>1o Toute autre personne d\u00e9tenant un permis de chasser ou titulaire de droits de chasse sur des terrains situ\u00e9s dans le d\u00e9partement;<\/li>\n<li>2o Sauf opposition de son conseil d\u2019administration, toute personne d\u00e9sirant b\u00e9n\u00e9ficier des services de la f\u00e9d\u00e9ration.<\/li>\n<li>Une m\u00eame personne peut adh\u00e9rer \u00e0 la f\u00e9d\u00e9ration en qualit\u00e9 de titulaire d\u2019un permis de chasser et de titulaire de droits de chasse.<\/li>\n<li>L\u2019adh\u00e9sion est constat\u00e9e par le paiement \u00e0 la f\u00e9d\u00e9ration d\u00e9partementale des chasseurs d\u2019une cotisation annuelle dont les montants, qui peuvent \u00eatre distincts selon qu\u2019il s\u2019agit de l\u2019adh\u00e9sion d\u2019un chasseur ou du titulaire d\u2019un droit de chasse, sont fix\u00e9s par l\u2019assembl\u00e9e g\u00e9n\u00e9rale, sur proposition du conseil d\u2019administration. Ces cotisations comprennent une part forfaitaire destin\u00e9e au budget de la F\u00e9d\u00e9ration nationale des chasseurs. Les montants minimaux de ces cotisations sont fix\u00e9s annuellement par la F\u00e9d\u00e9ration nationale des chasseurs, en application de l\u2019article L. 421-14 du code de l\u2019environnement. Le montant de la cotisation temporaire pay\u00e9e par un chasseur qui valide son permis est \u00e9gal au quart ou \u00e0 la moiti\u00e9 du montant de la cotisation annuelle, en fonction de la dur\u00e9e de validation demand\u00e9e.<\/li>\n<li>A la cotisation s\u2019ajoutent, le cas \u00e9ch\u00e9ant, les ou l\u2019une des participations pr\u00e9vues \u00e0 l\u2019article L. 426-5 du code de l\u2019environnement, pour contribuer \u00e0 l\u2019indemnisation des d\u00e9g\u00e2ts de grand gibier. Leurs montants sont fix\u00e9s par l\u2019assembl\u00e9e g\u00e9n\u00e9rale, sur proposition du conseil d\u2019administration.<\/li>\n<li>Un titulaire du permis de chasser, membre de la f\u00e9d\u00e9ration d\u00e9partementale, adh\u00e9rant \u00e9galement \u00e0 celle-ci en tant que titulaire d\u2019un droit de chasse dans le d\u00e9partement, verse une cotisation \u00e0 chacun de ces deux titres.<\/li>\n<li>Quelle que soit sa date, l\u2019adh\u00e9sion annuelle est valable jusqu\u2019au 30 juin de la campagne de chasse en cours.<\/li>\n<li>Le versement de la cotisation par les titulaires du permis de chasser est constat\u00e9 par la remise \u00e0 l\u2019adh\u00e9rent du document de validation du permis de chasser muni d\u2019un timbre ou d\u2019une mention infalsifiable destin\u00e9 au contr\u00f4le du droit de vote \u00e0 l\u2019assembl\u00e9e g\u00e9n\u00e9rale. Le versement de la participation individuelle pr\u00e9vue \u00e0 l\u2019article L. 426-5 du code de l\u2019environnement est constat\u00e9e dans les m\u00eames conditions.<\/li>\n<li>L\u2019adh\u00e9sion et le versement de la cotisation par les titulaires d\u2019un droit de chasse sont constat\u00e9s par la remise d\u2019une carte f\u00e9d\u00e9rale permettant notamment le contr\u00f4le du droit de vote \u00e0 l\u2019assembl\u00e9e g\u00e9n\u00e9rale.<\/li>\n<\/ol>\n<p>[\/vc_column_text][\/vc_column][\/vc_row]<\/p>\n","protected":false},"excerpt":{"rendered":"<p>[vc_row][vc_column][vc_column_text] Cotisations et participations Montants 2025\/2026 Validation annuelle 83,00 \u20ac Validation temporaire 9 jours 42,00 \u20ac Validation temporaire 3 jours 21,00 \u20ac Validation nationale (prix fix\u00e9 par le Congr\u00e8s de\u00a0 la FNC) 104,95 \u20ac Bracelet Chevreuil 18 \u20ac Bracelet Cerf (CEM) 130 \u20ac Bracelet Biche&#8230;<\/p>\n","protected":false},"author":2,"featured_media":0,"parent":0,"menu_order":0,"comment_status":"closed","ping_status":"closed","template":"","meta":{"_acf_changed":false,"inline_featured_image":false,"_exactmetrics_skip_tracking":false,"_exactmetrics_sitenote_active":false,"_exactmetrics_sitenote_note":"","_exactmetrics_sitenote_category":0,"footnotes":""},"class_list":["post-3287","page","type-page","status-publish","hentry"],"acf":[],"publishpress_future_action":{"enabled":false,"date":"2026-04-18 12:23:35","action":"change-status","newStatus":"draft","terms":[],"taxonomy":"","extraData":[]},"publishpress_future_workflow_manual_trigger":{"enabledWorkflows":[]},"_links":{"self":[{"href":"https:\/\/www.save.chasseurducentrevaldeloire.fr\/fdc18\/wp-json\/wp\/v2\/pages\/3287","targetHints":{"allow":["GET"]}}],"collection":[{"href":"https:\/\/www.save.chasseurducentrevaldeloire.fr\/fdc18\/wp-json\/wp\/v2\/pages"}],"about":[{"href":"https:\/\/www.save.chasseurducentrevaldeloire.fr\/fdc18\/wp-json\/wp\/v2\/types\/page"}],"author":[{"embeddable":true,"href":"https:\/\/www.save.chasseurducentrevaldeloire.fr\/fdc18\/wp-json\/wp\/v2\/users\/2"}],"replies":[{"embeddable":true,"href":"https:\/\/www.save.chasseurducentrevaldeloire.fr\/fdc18\/wp-json\/wp\/v2\/comments?post=3287"}],"version-history":[{"count":25,"href":"https:\/\/www.save.chasseurducentrevaldeloire.fr\/fdc18\/wp-json\/wp\/v2\/pages\/3287\/revisions"}],"predecessor-version":[{"id":6894,"href":"https:\/\/www.save.chasseurducentrevaldeloire.fr\/fdc18\/wp-json\/wp\/v2\/pages\/3287\/revisions\/6894"}],"wp:attachment":[{"href":"https:\/\/www.save.chasseurducentrevaldeloire.fr\/fdc18\/wp-json\/wp\/v2\/media?parent=3287"}],"curies":[{"name":"wp","href":"https:\/\/api.w.org\/{rel}","templated":true}]}}