{"id":3204,"date":"2018-05-29T09:15:07","date_gmt":"2018-05-29T07:15:07","guid":{"rendered":"https:\/\/www.chasseurducentrevaldeloire.fr\/fdc18\/?page_id=3204"},"modified":"2025-09-26T10:09:00","modified_gmt":"2025-09-26T08:09:00","slug":"les-missions","status":"publish","type":"page","link":"https:\/\/www.save.chasseurducentrevaldeloire.fr\/fdc18\/les-missions\/","title":{"rendered":"Les missions"},"content":{"rendered":"<p>[vc_row][vc_column][vc_column_text]<\/p>\n<h2 style=\"text-align: center\"><strong>Les missions de la F\u00e9d\u00e9ration (extrait des statuts)<\/strong><\/h2>\n<p>&nbsp;<\/p>\n<p>&nbsp;<\/p>\n<ol>\n<li>La f\u00e9d\u00e9ration d\u00e9partementale des chasseurs a pour objet de participer \u00e0 la mise en valeur du patrimoine cyn\u00e9g\u00e9tique d\u00e9partemental et \u00e0 la protection et \u00e0 la gestion de la faune sauvage ainsi que de ses habitats. Elle assure la promotion et la d\u00e9fense de la chasse ainsi que des int\u00e9r\u00eats de ses adh\u00e9rents.<\/li>\n<li>Elle apporte son concours \u00e0 la pr\u00e9vention du braconnage.<\/li>\n<li>Elle organise la formation des candidats aux \u00e9preuves th\u00e9oriques et pratiques de l\u2019examen pour la d\u00e9livrance du permis de chasser. Elle apporte son concours \u00e0 l\u2019organisation de l\u2019examen du permis de chasser.<\/li>\n<li>Elle conduit des actions d\u2019information, de formation, d\u2019\u00e9ducation et d\u2019appui technique \u00e0 l\u2019intention des gestionnaires des territoires, du public et des chasseurs et, le cas \u00e9ch\u00e9ant, des gardes-chasse particuliers.<\/li>\n<li>Elle exerce, pour la gestion des associations communales et intercommunales de chasse agr\u00e9\u00e9es, les missions qui lui sont confi\u00e9es par la section 1 du chapitre II du titre II du livre IV du code de l\u2019environnement et coordonne l\u2019action de ces associations.<\/li>\n<li>Elle assure la gestion des plans de chasse individuels conform\u00e9ment aux dispositions des articles L. 425-8 et L. 425-10 du code de l\u2019environnement.<\/li>\n<li>Elle assure la validation annuelle du permis de chasser et la d\u00e9livrance des autorisations de chasse accompagn\u00e9e.<\/li>\n<li>Elle conduit des actions de pr\u00e9vention des d\u00e9g\u00e2ts de gibier et assure l\u2019indemnisation des d\u00e9g\u00e2ts de grand gibier dans les conditions pr\u00e9vues par les articles L. 426-1 et L. 426-5 du code de l\u2019environnement.<\/li>\n<li>Elle conduit \u00e9galement des actions pour surveiller les dangers sanitaires impliquant le gibier ainsi que des actions participant \u00e0 la pr\u00e9vention de la diffusion de dangers sanitaires entre les esp\u00e8ces de gibier, les animaux domestiques et l\u2019homme.<\/li>\n<li>Elle conduit des actions concourant directement \u00e0 la protection et \u00e0 la reconqu\u00eate de la biodiversit\u00e9 ou apportent un soutien financier \u00e0 leur r\u00e9alisation. A cette fin, elle contribue financi\u00e8rement au fonds mentionn\u00e9 \u00e0 l\u2019article L. 421-14 du code de l\u2019environnement, pour un montant fix\u00e9 par d\u00e9cret et qui ne peut \u00eatre inf\u00e9rieur \u00e0 5 \u20ac par adh\u00e9rent ayant valid\u00e9 un permis de chasser dans l\u2019ann\u00e9e.<\/li>\n<li>Elle \u00e9labore, en association avec les propri\u00e9taires, les gestionnaires et les usagers des territoires concern\u00e9s, un sch\u00e9ma d\u00e9partemental de gestion cyn\u00e9g\u00e9tique, conform\u00e9ment aux dispositions de l\u2019article L. 425-1 du code de l\u2019environnement.<\/li>\n<li>Les associations de chasse sp\u00e9cialis\u00e9e sont associ\u00e9es aux travaux de l\u2019assembl\u00e9e g\u00e9n\u00e9rale de la f\u00e9d\u00e9ration d\u00e9partementale des chasseurs.<\/li>\n<li>La f\u00e9d\u00e9ration d\u00e9partementale des chasseurs peut recruter, pour l\u2019exercice de ses missions, des agents de d\u00e9veloppement mandat\u00e9s \u00e0 cet effet. Ceux-ci veillent notamment au respect du sch\u00e9ma d\u00e9partemental de gestion cyn\u00e9g\u00e9tique.<\/li>\n<li>La f\u00e9d\u00e9ration d\u00e9partementale des chasseurs peut exercer les droits reconnus \u00e0 la partie civile en ce qui concerne les faits constituant une infraction aux dispositions du titre Ier et du titre II du livre IV du code de l\u2019environnement et des textes pris pour son application et portant un pr\u00e9judice direct ou indirect aux int\u00e9r\u00eats collectifs, mat\u00e9riels et moraux qu\u2019elle a pour objet de d\u00e9fendre.<\/li>\n<\/ol>\n<p>&nbsp;<\/p>\n<p>Ces missions sont plus pr\u00e9cis\u00e9ment d\u00e9crites dans le Sch\u00e9ma D\u00e9partemental de Gestion Cyn\u00e9g\u00e9tique (SDGC). R\u00e9\u00e9crit tous les six ans, conform\u00e9ment au code de l\u2019environnement, ce document fait l\u2018objet d\u2019un bilan \u00e0 mi-parcours. Sans \u00eatre un rapport d\u2019activit\u00e9 annuel, ce document \u00ab cadre \u00bb met en avant les principales missions mises en \u0153uvre pour le d\u00e9veloppement de la politique f\u00e9d\u00e9rale. Il est le fruit d\u2019un travail approfondi et nourrit avec les partenaires de la f\u00e9d\u00e9ration.<\/p>\n<p>[\/vc_column_text][\/vc_column][\/vc_row]<\/p>\n","protected":false},"excerpt":{"rendered":"<p>[vc_row][vc_column][vc_column_text] Les missions de la F\u00e9d\u00e9ration (extrait des statuts) &nbsp; &nbsp; La f\u00e9d\u00e9ration d\u00e9partementale des chasseurs a pour objet de participer \u00e0 la mise en valeur du patrimoine cyn\u00e9g\u00e9tique d\u00e9partemental et \u00e0 la protection et \u00e0 la gestion de la faune sauvage ainsi que de&#8230;<\/p>\n","protected":false},"author":2,"featured_media":0,"parent":0,"menu_order":0,"comment_status":"closed","ping_status":"closed","template":"","meta":{"_acf_changed":false,"inline_featured_image":false,"_exactmetrics_skip_tracking":false,"_exactmetrics_sitenote_active":false,"_exactmetrics_sitenote_note":"","_exactmetrics_sitenote_category":0,"footnotes":""},"class_list":["post-3204","page","type-page","status-publish","hentry"],"acf":[],"publishpress_future_action":{"enabled":false,"date":"2026-04-18 12:23:32","action":"change-status","newStatus":"draft","terms":[],"taxonomy":"","extraData":[]},"publishpress_future_workflow_manual_trigger":{"enabledWorkflows":[]},"_links":{"self":[{"href":"https:\/\/www.save.chasseurducentrevaldeloire.fr\/fdc18\/wp-json\/wp\/v2\/pages\/3204","targetHints":{"allow":["GET"]}}],"collection":[{"href":"https:\/\/www.save.chasseurducentrevaldeloire.fr\/fdc18\/wp-json\/wp\/v2\/pages"}],"about":[{"href":"https:\/\/www.save.chasseurducentrevaldeloire.fr\/fdc18\/wp-json\/wp\/v2\/types\/page"}],"author":[{"embeddable":true,"href":"https:\/\/www.save.chasseurducentrevaldeloire.fr\/fdc18\/wp-json\/wp\/v2\/users\/2"}],"replies":[{"embeddable":true,"href":"https:\/\/www.save.chasseurducentrevaldeloire.fr\/fdc18\/wp-json\/wp\/v2\/comments?post=3204"}],"version-history":[{"count":12,"href":"https:\/\/www.save.chasseurducentrevaldeloire.fr\/fdc18\/wp-json\/wp\/v2\/pages\/3204\/revisions"}],"predecessor-version":[{"id":6977,"href":"https:\/\/www.save.chasseurducentrevaldeloire.fr\/fdc18\/wp-json\/wp\/v2\/pages\/3204\/revisions\/6977"}],"wp:attachment":[{"href":"https:\/\/www.save.chasseurducentrevaldeloire.fr\/fdc18\/wp-json\/wp\/v2\/media?parent=3204"}],"curies":[{"name":"wp","href":"https:\/\/api.w.org\/{rel}","templated":true}]}}