{"id":3166,"date":"2018-05-18T11:48:12","date_gmt":"2018-05-18T09:48:12","guid":{"rendered":"https:\/\/www.chasseurducentrevaldeloire.fr\/fdc18\/?page_id=3166"},"modified":"2025-08-07T10:57:32","modified_gmt":"2025-08-07T08:57:32","slug":"formation-securite-a-la-chasse","status":"publish","type":"page","link":"https:\/\/www.save.chasseurducentrevaldeloire.fr\/fdc18\/formation-securite-a-la-chasse\/","title":{"rendered":"Formation S\u00e9curit\u00e9 \u00e0 la chasse"},"content":{"rendered":"<p>[vc_row][vc_column][vc_column_text]<img loading=\"lazy\" decoding=\"async\" class=\"wp-image-5230 aligncenter\" src=\"https:\/\/www.chasseurducentrevaldeloire.fr\/fdc18\/wp-content\/uploads\/sites\/5\/2021\/11\/FormSecu-300x215.jpg\" alt=\"\" width=\"444\" height=\"318\" srcset=\"https:\/\/www.save.chasseurducentrevaldeloire.fr\/fdc18\/wp-content\/uploads\/sites\/5\/2021\/11\/FormSecu-300x215.jpg 300w, https:\/\/www.save.chasseurducentrevaldeloire.fr\/fdc18\/wp-content\/uploads\/sites\/5\/2021\/11\/FormSecu-768x551.jpg 768w, https:\/\/www.save.chasseurducentrevaldeloire.fr\/fdc18\/wp-content\/uploads\/sites\/5\/2021\/11\/FormSecu.jpg 975w\" sizes=\"auto, (max-width: 444px) 100vw, 444px\" \/><\/p>\n<p>&nbsp;<\/p>\n<p style=\"text-align: center\"><strong>Formation s\u00e9curit\u00e9 d\u00e9cennale obligatoire des chasseurs<\/strong><\/p>\n<p>&nbsp;<\/p>\n<p>&nbsp;<\/p>\n<p>&nbsp;<\/p>\n<p>Comme vous en avez certainement entendu parler,\u00a0<strong>la derni\u00e8re loi sur la r\u00e9forme de la chasse de 2019 impose dor\u00e9navant \u00e0 tous les chasseurs de suivre une remise \u00e0 niveau sur la s\u00e9curit\u00e9 tous les 10 ans.<\/strong><\/p>\n<p>&nbsp;<\/p>\n<p><strong>Cette formation n\u2019est pas un examen<\/strong>\u00a0et elle est identique pour toute la France. Seules les modalit\u00e9s de convocation des chasseurs incombent \u00e0 la F\u00e9d\u00e9ration.<\/p>\n<p>Elle ne contient qu\u2019une partie th\u00e9orique de 3h30 comprenant 4 modules :<\/p>\n<ol>\n<li>Le bilan national des accidents de chasse,<\/li>\n<li>L\u2019analyse de cas d\u2019accidents r\u00e9els,<\/li>\n<li>Les gestes de s\u00e9curit\u00e9 \u00e9l\u00e9mentaires en action et hors action de chasse,<\/li>\n<li>L\u2019action de la FDC pour la s\u00e9curit\u00e9.<\/li>\n<\/ol>\n<p>&nbsp;<\/p>\n<p>&nbsp;<\/p>\n<p><strong>Tout chasseur d\u00e9tenteur du permis de chasse depuis octobre 2020 doit suivre cette formation avant octobre 2030. Ceux titulaires du permis apr\u00e8s octobre 2020 auront 10 ans pour suivre cette formation. A terme, les chasseurs qui ne souhaitent pas suivre cette formation, ne pourront plus valider leur permis.<\/strong><\/p>\n<p>&nbsp;<\/p>\n<p>Toute autre formation que vous avez pu suivre ant\u00e9rieurement aupr\u00e8s de toutes les f\u00e9d\u00e9rations ne se substitue pas \u00e0 celle-ci.<\/p>\n<p>&nbsp;<\/p>\n<p><strong>\u00a0<\/strong>Le Conseil d\u2019Administration de la FDC18 a d\u00e9cid\u00e9 de donner le maximum de souplesse dans cette organisation. Afin de permettre \u00e0 tous les chasseurs de suivre ce recyclage le plus agr\u00e9ablement possible, nous souhaitons dans un premier temps former les groupes de chasseurs d\u00e9j\u00e0 constitu\u00e9s sur les territoires de chasse.<\/p>\n<p>&nbsp;<\/p>\n<p>Ainsi, si vous \u00eates responsable de territoire de chasse et si vous le souhaitez, vous pouvez nous contacter pour organiser cette formation au sein de votre groupe.<\/p>\n<p>&nbsp;<\/p>\n<h3><strong><em>Pour vous inscrire ou suivre la formation en ligne, rendez-vous sur votre<span style=\"color: #71b7b8\">\u00a0<\/span><\/em><\/strong><a href=\"https:\/\/fdc18-2.retriever-ea.fr\/html\/Connexion.aspx\"><strong><em><span style=\"color: #71b7b8\">espace adh\u00e9rent \u00ab chasseur \u00bb rubrique \u00ab formation \u00bb<\/span><\/em><\/strong><\/a><\/h3>\n<p>&nbsp;<\/p>\n<p>Pour vous connecter sur votre espace adh\u00e9rent en tant que chasseur, rien de plus simple\u00a0:<\/p>\n<p><a href=\"https:\/\/fdc18-2.retriever-ea.fr\/html\/Connexion.aspx\"><img loading=\"lazy\" decoding=\"async\" class=\"aligncenter wp-image-6925 size-full\" src=\"https:\/\/www.chasseurducentrevaldeloire.fr\/fdc18\/wp-content\/uploads\/sites\/5\/2025\/08\/Acces-EA-chasseur.png\" alt=\"\" width=\"572\" height=\"327\" srcset=\"https:\/\/www.save.chasseurducentrevaldeloire.fr\/fdc18\/wp-content\/uploads\/sites\/5\/2025\/08\/Acces-EA-chasseur.png 572w, https:\/\/www.save.chasseurducentrevaldeloire.fr\/fdc18\/wp-content\/uploads\/sites\/5\/2025\/08\/Acces-EA-chasseur-300x172.png 300w\" sizes=\"auto, (max-width: 572px) 100vw, 572px\" \/><\/a><\/p>\n<p>Calendrier des formations\u00a0:<\/p>\n<p>&nbsp;<\/p>\n<table width=\"363\">\n<tbody>\n<tr>\n<td width=\"197\"><strong>LIEU DE SEANCE<\/strong><\/td>\n<td width=\"75\"><strong>Date<\/strong><\/td>\n<td width=\"91\"><strong>Horaire<\/strong><\/td>\n<\/tr>\n<tr>\n<td width=\"197\">FDC18 BOURGES<\/td>\n<td width=\"75\">18\/09\/25<\/td>\n<td width=\"91\">14 h &#8211; 17 h<\/td>\n<\/tr>\n<tr>\n<td width=\"197\">ENNORDRES (18380)<\/td>\n<td width=\"75\">23\/09\/25<\/td>\n<td width=\"91\">18 h &#8211; 21 h<\/td>\n<\/tr>\n<tr>\n<td width=\"197\">NANCAY (18330)<\/td>\n<td width=\"75\">30\/09\/25<\/td>\n<td width=\"91\">9 h &#8211; 12 h<\/td>\n<\/tr>\n<tr>\n<td width=\"197\">SAVIGNY EN SANCERRE (16240)<\/td>\n<td width=\"75\">09\/10\/25<\/td>\n<td width=\"91\">18 h &#8211; 21 h<\/td>\n<\/tr>\n<tr>\n<td width=\"197\">CHEZAL BENOIT (18160)<\/td>\n<td width=\"75\">10\/10\/25<\/td>\n<td width=\"91\">9 h &#8211; 12 h<\/td>\n<\/tr>\n<tr>\n<td width=\"197\">GERMINY L&rsquo;EXEMPT (18150)<\/td>\n<td width=\"75\">14\/10\/25<\/td>\n<td width=\"91\">14 h &#8211; 17 h<\/td>\n<\/tr>\n<tr>\n<td width=\"197\">MOROGUES (18220)<\/td>\n<td width=\"75\">15\/10\/25<\/td>\n<td width=\"91\">14 h &#8211; 17 h<\/td>\n<\/tr>\n<tr>\n<td width=\"197\">ST HILAIRE DE COURT (18100)<\/td>\n<td width=\"75\">15\/10\/25<\/td>\n<td width=\"91\">9 h &#8211; 12 h<\/td>\n<\/tr>\n<tr>\n<td width=\"197\">LISSAY LOCHY (18340}<\/td>\n<td width=\"75\">16\/10\/25<\/td>\n<td width=\"91\">14 h &#8211; 17 h<\/td>\n<\/tr>\n<tr>\n<td width=\"197\">INEUIL (18160)<\/td>\n<td width=\"75\">17\/10\/25<\/td>\n<td width=\"91\">14 h &#8211; 17 h<\/td>\n<\/tr>\n<tr>\n<td width=\"197\">BRINON\/SAULDRE (18410)<\/td>\n<td width=\"75\">28\/10\/25<\/td>\n<td width=\"91\">14 h 30 &#8211; 17 h 30<\/td>\n<\/tr>\n<tr>\n<td width=\"197\">BUSSY (18130)<\/td>\n<td width=\"75\">04\/11\/25<\/td>\n<td width=\"91\">18 h &#8211; 21 h<\/td>\n<\/tr>\n<tr>\n<td width=\"197\">STE SOLANGE (18220)<\/td>\n<td width=\"75\">05\/11\/25<\/td>\n<td width=\"91\">14 h &#8211; 17 h<\/td>\n<\/tr>\n<tr>\n<td width=\"197\">ST MAUR (18270)<\/td>\n<td width=\"75\">07\/11\/25<\/td>\n<td width=\"91\">14 h &#8211; 17 h<\/td>\n<\/tr>\n<tr>\n<td width=\"197\">ST MAUR (18270)<\/td>\n<td width=\"75\">07\/11\/25<\/td>\n<td width=\"91\">18 h &#8211; 21 h<\/td>\n<\/tr>\n<tr>\n<td width=\"197\">NEUILLY EN DUN (18600)<\/td>\n<td width=\"75\">17\/11\/25<\/td>\n<td width=\"91\">14 h &#8211; 17 h<\/td>\n<\/tr>\n<tr>\n<td width=\"197\">GARDEFORT (18300)<\/td>\n<td width=\"75\">25\/11\/25<\/td>\n<td width=\"91\">18 h &#8211; 21 h<\/td>\n<\/tr>\n<tr>\n<td width=\"197\">QUINCY (18120)<\/td>\n<td width=\"75\">25\/11\/25<\/td>\n<td width=\"91\">18 h &#8211; 21 h<\/td>\n<\/tr>\n<tr>\n<td width=\"197\">MEILLANT (18200)<\/td>\n<td width=\"75\">04\/12\/25<\/td>\n<td width=\"91\">18 h &#8211; 21 h<\/td>\n<\/tr>\n<tr>\n<td width=\"197\">MOROGUES (18220)<\/td>\n<td width=\"75\">12\/12\/25<\/td>\n<td width=\"91\">18 h &#8211; 21 h<\/td>\n<\/tr>\n<\/tbody>\n<\/table>\n<p>&nbsp;<\/p>\n<p>Contact\u00a0: Gladysse MAYER\u00a0: <a href=\"mailto:g.mayer.fdc18@chasseurdefrance.com\"><span style=\"color: #71b7b8\"><strong>g.mayer.fdc18@chasseurdefrance.com<\/strong><\/span><\/a>[\/vc_column_text][\/vc_column][\/vc_row]<\/p>\n","protected":false},"excerpt":{"rendered":"<p>[vc_row][vc_column][vc_column_text] &nbsp; Formation s\u00e9curit\u00e9 d\u00e9cennale obligatoire des chasseurs &nbsp; &nbsp; &nbsp; Comme vous en avez certainement entendu parler,\u00a0la derni\u00e8re loi sur la r\u00e9forme de la chasse de 2019 impose dor\u00e9navant \u00e0 tous les chasseurs de suivre une remise \u00e0 niveau sur la s\u00e9curit\u00e9 tous les&#8230;<\/p>\n","protected":false},"author":2,"featured_media":0,"parent":0,"menu_order":0,"comment_status":"closed","ping_status":"closed","template":"","meta":{"_acf_changed":false,"inline_featured_image":false,"_exactmetrics_skip_tracking":false,"_exactmetrics_sitenote_active":false,"_exactmetrics_sitenote_note":"","_exactmetrics_sitenote_category":0,"footnotes":""},"class_list":["post-3166","page","type-page","status-publish","hentry"],"acf":[],"publishpress_future_action":{"enabled":false,"date":"2026-04-18 13:58:36","action":"change-status","newStatus":"draft","terms":[],"taxonomy":"","extraData":[]},"publishpress_future_workflow_manual_trigger":{"enabledWorkflows":[]},"_links":{"self":[{"href":"https:\/\/www.save.chasseurducentrevaldeloire.fr\/fdc18\/wp-json\/wp\/v2\/pages\/3166","targetHints":{"allow":["GET"]}}],"collection":[{"href":"https:\/\/www.save.chasseurducentrevaldeloire.fr\/fdc18\/wp-json\/wp\/v2\/pages"}],"about":[{"href":"https:\/\/www.save.chasseurducentrevaldeloire.fr\/fdc18\/wp-json\/wp\/v2\/types\/page"}],"author":[{"embeddable":true,"href":"https:\/\/www.save.chasseurducentrevaldeloire.fr\/fdc18\/wp-json\/wp\/v2\/users\/2"}],"replies":[{"embeddable":true,"href":"https:\/\/www.save.chasseurducentrevaldeloire.fr\/fdc18\/wp-json\/wp\/v2\/comments?post=3166"}],"version-history":[{"count":26,"href":"https:\/\/www.save.chasseurducentrevaldeloire.fr\/fdc18\/wp-json\/wp\/v2\/pages\/3166\/revisions"}],"predecessor-version":[{"id":6926,"href":"https:\/\/www.save.chasseurducentrevaldeloire.fr\/fdc18\/wp-json\/wp\/v2\/pages\/3166\/revisions\/6926"}],"wp:attachment":[{"href":"https:\/\/www.save.chasseurducentrevaldeloire.fr\/fdc18\/wp-json\/wp\/v2\/media?parent=3166"}],"curies":[{"name":"wp","href":"https:\/\/api.w.org\/{rel}","templated":true}]}}