{"id":3164,"date":"2018-05-18T11:43:17","date_gmt":"2018-05-18T09:43:17","guid":{"rendered":"https:\/\/www.chasseurducentrevaldeloire.fr\/fdc18\/?page_id=3164"},"modified":"2021-08-31T15:51:22","modified_gmt":"2021-08-31T13:51:22","slug":"recyclage-de-piegeage","status":"publish","type":"page","link":"https:\/\/www.save.chasseurducentrevaldeloire.fr\/fdc18\/recyclage-de-piegeage\/","title":{"rendered":"Recyclage de pi\u00e9geage"},"content":{"rendered":"<p>[vc_row][vc_column][vc_column_text]Cette journ\u00e9e est destin\u00e9e \u00e0 tous les pi\u00e9geurs agr\u00e9\u00e9s, et se d\u00e9roule au centre de formation de Morogues, lieu-dit \u00ab\u00a0les Places\u00a0\u00bb.<\/p>\n<p>&nbsp;<\/p>\n<p>Le programme se d\u00e9roule comme suit :<\/p>\n<ul>\n<li>connaissances des animaux susceptibles d\u2019occasionner des d\u00e9g\u00e2ts ainsi que diverses esp\u00e8ces prot\u00e9g\u00e9es.<\/li>\n<li>l\u00e9gislation en vigueur sur le pi\u00e9geage.<\/li>\n<li>manipulation des pi\u00e8ges des diverses cat\u00e9gories existantes.<\/li>\n<li>visite d&rsquo;un sentier de pi\u00e9geage avec divers pi\u00e8ges en situation r\u00e9elle.<\/li>\n<\/ul>\n<p>&nbsp;<\/p>\n<p>&nbsp;<\/p>\n<div class=\"wpb_column vc_column_container vc_col-sm-8\">\n<div class=\"vc_column-inner\">\n<div class=\"wpb_wrapper\">\n<div class=\"wpb_text_column wpb_content_element \">\n<div class=\"wpb_wrapper\">\n<p><strong><u>Pour plus de renseignements, n\u2019h\u00e9sitez pas \u00e0 contacter Val\u00e9rie BRUYERRE-VOISIN au 02.48.50.05.29<\/u><\/strong><\/p>\n<\/div>\n<\/div>\n<\/div>\n<\/div>\n<\/div>\n<div class=\"wpb_animate_when_almost_visible wpb_fadeInRight fadeInRight wpb_column vc_column_container vc_col-sm-4 wpb_start_animation animated\">\n<div class=\"vc_column-inner\">\n<div class=\"wpb_wrapper\">\n<div id=\"mirrorId\" class=\"wpb_single_image wpb_content_element vc_align_left mirrorImg\"><\/div>\n<\/div>\n<\/div>\n<\/div>\n<p>[\/vc_column_text][\/vc_column][\/vc_row]<\/p>\n","protected":false},"excerpt":{"rendered":"<p>[vc_row][vc_column][vc_column_text]Cette journ\u00e9e est destin\u00e9e \u00e0 tous les pi\u00e9geurs agr\u00e9\u00e9s, et se d\u00e9roule au centre de formation de Morogues, lieu-dit \u00ab\u00a0les Places\u00a0\u00bb. &nbsp; Le programme se d\u00e9roule comme suit : connaissances des animaux susceptibles d\u2019occasionner des d\u00e9g\u00e2ts ainsi que diverses esp\u00e8ces prot\u00e9g\u00e9es. l\u00e9gislation en vigueur sur&#8230;<\/p>\n","protected":false},"author":2,"featured_media":0,"parent":0,"menu_order":0,"comment_status":"closed","ping_status":"closed","template":"","meta":{"_acf_changed":false,"inline_featured_image":false,"_exactmetrics_skip_tracking":false,"_exactmetrics_sitenote_active":false,"_exactmetrics_sitenote_note":"","_exactmetrics_sitenote_category":0,"footnotes":""},"class_list":["post-3164","page","type-page","status-publish","hentry"],"acf":[],"publishpress_future_action":{"enabled":false,"date":"2026-04-18 12:23:35","action":"change-status","newStatus":"draft","terms":[],"taxonomy":"","extraData":[]},"publishpress_future_workflow_manual_trigger":{"enabledWorkflows":[]},"_links":{"self":[{"href":"https:\/\/www.save.chasseurducentrevaldeloire.fr\/fdc18\/wp-json\/wp\/v2\/pages\/3164","targetHints":{"allow":["GET"]}}],"collection":[{"href":"https:\/\/www.save.chasseurducentrevaldeloire.fr\/fdc18\/wp-json\/wp\/v2\/pages"}],"about":[{"href":"https:\/\/www.save.chasseurducentrevaldeloire.fr\/fdc18\/wp-json\/wp\/v2\/types\/page"}],"author":[{"embeddable":true,"href":"https:\/\/www.save.chasseurducentrevaldeloire.fr\/fdc18\/wp-json\/wp\/v2\/users\/2"}],"replies":[{"embeddable":true,"href":"https:\/\/www.save.chasseurducentrevaldeloire.fr\/fdc18\/wp-json\/wp\/v2\/comments?post=3164"}],"version-history":[{"count":9,"href":"https:\/\/www.save.chasseurducentrevaldeloire.fr\/fdc18\/wp-json\/wp\/v2\/pages\/3164\/revisions"}],"predecessor-version":[{"id":5057,"href":"https:\/\/www.save.chasseurducentrevaldeloire.fr\/fdc18\/wp-json\/wp\/v2\/pages\/3164\/revisions\/5057"}],"wp:attachment":[{"href":"https:\/\/www.save.chasseurducentrevaldeloire.fr\/fdc18\/wp-json\/wp\/v2\/media?parent=3164"}],"curies":[{"name":"wp","href":"https:\/\/api.w.org\/{rel}","templated":true}]}}