{"id":3158,"date":"2018-05-18T11:41:03","date_gmt":"2018-05-18T09:41:03","guid":{"rendered":"https:\/\/www.chasseurducentrevaldeloire.fr\/fdc18\/?page_id=3158"},"modified":"2025-08-07T10:59:53","modified_gmt":"2025-08-07T08:59:53","slug":"agrement-des-piegeurs","status":"publish","type":"page","link":"https:\/\/www.save.chasseurducentrevaldeloire.fr\/fdc18\/agrement-des-piegeurs\/","title":{"rendered":"Agr\u00e9ment des pi\u00e9geurs"},"content":{"rendered":"<p>[vc_row][vc_column width=\u00a0\u00bb2\/3&Prime;][vc_column_text]<\/p>\n<p class=\"x_MsoNormal\" data-olk-copy-source=\"MessageBody\">Cette formation permet \u00e0 toute personne de 15 ou plus, chasseur ou non, d\u2019obtenir un num\u00e9ro d\u2019agr\u00e9ment lui permettant de pi\u00e9ger chez lui les esp\u00e8ces susceptibles d\u2019occasionner des d\u00e9g\u00e2ts (E.S.O.D.), de r\u00e9guler les pr\u00e9dateurs sur son territoire de chasse, de pi\u00e9ger les ragondins, rats musqu\u00e9s\u2026<\/p>\n<p class=\"x_MsoNormal\">Il n\u2019y a pas d\u2019examen, le num\u00e9ro d\u2019agr\u00e9ment est ensuite d\u00e9livr\u00e9 par la Direction D\u00e9partementale des Territoires du Cher.<\/p>\n<p>&nbsp;<\/p>\n<p class=\"x_MsoNormal\"><b>AU PROGRAMME <\/b><\/p>\n<ul type=\"disc\">\n<li class=\"x_MsoNormal\">1<sup>\u00e8re<\/sup> journ\u00e9e\u00a0: connaissances des esp\u00e8ces sauvages, r\u00e8glementation du pi\u00e9geage des ESOD<\/li>\n<li class=\"x_MsoNormal\">2<sup>\u00e8me<\/sup> journ\u00e9e\u00a0: manipulation et pose des diff\u00e9rents pi\u00e8ges en situation r\u00e9elle.<\/li>\n<\/ul>\n<p>&nbsp;<\/p>\n<p class=\"x_MsoNormal\"><b>SESSIONS 2025<\/b><\/p>\n<ul type=\"disc\">\n<li class=\"x_MsoNormal\"><del><b>Lundi 7 et Mardi 8 Avril \u00e0 CHATEAUMEILLANT<\/b><\/del><\/li>\n<li class=\"x_MsoNormal\"><del><b>Lundi 12 et Mardi 13 Mai \u00e0 SAINT CAPRAIS<\/b><\/del><\/li>\n<li class=\"x_MsoNormal\"><del><b>Lundi 16 et Mardi 17 Juin \u00e0 MORNAY BERRY<\/b><\/del><\/li>\n<li class=\"x_MsoNormal\"><b>Jeudi 4 et Vendredi 5 Septembre au Centre de Formation des Places \u00e0 MOROGUES<\/b><\/li>\n<\/ul>\n<p class=\"x_MsoNormal\"><b>\u00a0<\/b><\/p>\n<p class=\"x_MsoNormal\">Pour que votre inscription soit enregistr\u00e9e, merci de r\u00e9gler directement en ligne 20 \u20ac (disponible sur votre espace adh\u00e9rent chasseur\u00a0\u00e0 ce lien\u00a0: <span style=\"color: #71beb8\"><strong><a style=\"color: #71beb8\" title=\"https:\/\/fdc18-2.retriever-ea.fr\/html\/Connexion.aspx\" href=\"https:\/\/fdc18-2.retriever-ea.fr\/html\/Connexion.aspx\" target=\"_blank\" rel=\"noopener noreferrer\" data-auth=\"NotApplicable\" data-linkindex=\"1\">https:\/\/fdc18-2.retriever-ea.fr\/html\/Connexion.aspx<\/a><\/strong><\/span>).<\/p>\n<p>&nbsp;<\/p>\n<p class=\"x_MsoNormal\">Si vous validez votre permis dans le Cher ou si vous \u00eates mineur et si vous n\u2019\u00eates pas chasseur, veuillez prendre contact avec la F\u00e9d\u00e9ration des Chasseurs pour vous faire connaitre.<\/p>\n<p>&nbsp;<\/p>\n<p class=\"x_MsoNormal\"><b>Pour plus de renseignements, contacter J\u00e9r\u00f4me RACLIN, technicien de la F\u00e9d\u00e9ration en charge de cette formation au 06.28.30.81.88<\/b><\/p>\n<p>[\/vc_column_text][\/vc_column][vc_column css_animation=\u00a0\u00bbfadeInRight\u00a0\u00bb width=\u00a0\u00bb1\/3&Prime;][vc_single_image image=\u00a0\u00bb3159&Prime; img_size=\u00a0\u00bbfull\u00a0\u00bb style=\u00a0\u00bbvc_box_shadow_border\u00a0\u00bb el_class=\u00a0\u00bbmirrorImg\u00a0\u00bb][\/vc_column][\/vc_row]<\/p>\n","protected":false},"excerpt":{"rendered":"<p>[vc_row][vc_column width=\u00a0\u00bb2\/3&Prime;][vc_column_text] Cette formation permet \u00e0 toute personne de 15 ou plus, chasseur ou non, d\u2019obtenir un num\u00e9ro d\u2019agr\u00e9ment lui permettant de pi\u00e9ger chez lui les esp\u00e8ces susceptibles d\u2019occasionner des d\u00e9g\u00e2ts (E.S.O.D.), de r\u00e9guler les pr\u00e9dateurs sur son territoire de chasse, de pi\u00e9ger les ragondins,&#8230;<\/p>\n","protected":false},"author":2,"featured_media":0,"parent":0,"menu_order":0,"comment_status":"closed","ping_status":"closed","template":"","meta":{"_acf_changed":false,"inline_featured_image":false,"_exactmetrics_skip_tracking":false,"_exactmetrics_sitenote_active":false,"_exactmetrics_sitenote_note":"","_exactmetrics_sitenote_category":0,"footnotes":""},"class_list":["post-3158","page","type-page","status-publish","hentry"],"acf":[],"publishpress_future_action":{"enabled":false,"date":"2026-04-18 12:23:36","action":"change-status","newStatus":"draft","terms":[],"taxonomy":"","extraData":[]},"publishpress_future_workflow_manual_trigger":{"enabledWorkflows":[]},"_links":{"self":[{"href":"https:\/\/www.save.chasseurducentrevaldeloire.fr\/fdc18\/wp-json\/wp\/v2\/pages\/3158","targetHints":{"allow":["GET"]}}],"collection":[{"href":"https:\/\/www.save.chasseurducentrevaldeloire.fr\/fdc18\/wp-json\/wp\/v2\/pages"}],"about":[{"href":"https:\/\/www.save.chasseurducentrevaldeloire.fr\/fdc18\/wp-json\/wp\/v2\/types\/page"}],"author":[{"embeddable":true,"href":"https:\/\/www.save.chasseurducentrevaldeloire.fr\/fdc18\/wp-json\/wp\/v2\/users\/2"}],"replies":[{"embeddable":true,"href":"https:\/\/www.save.chasseurducentrevaldeloire.fr\/fdc18\/wp-json\/wp\/v2\/comments?post=3158"}],"version-history":[{"count":35,"href":"https:\/\/www.save.chasseurducentrevaldeloire.fr\/fdc18\/wp-json\/wp\/v2\/pages\/3158\/revisions"}],"predecessor-version":[{"id":6928,"href":"https:\/\/www.save.chasseurducentrevaldeloire.fr\/fdc18\/wp-json\/wp\/v2\/pages\/3158\/revisions\/6928"}],"wp:attachment":[{"href":"https:\/\/www.save.chasseurducentrevaldeloire.fr\/fdc18\/wp-json\/wp\/v2\/media?parent=3158"}],"curies":[{"name":"wp","href":"https:\/\/api.w.org\/{rel}","templated":true}]}}