{"id":3147,"date":"2018-05-18T11:23:53","date_gmt":"2018-05-18T09:23:53","guid":{"rendered":"https:\/\/www.chasseurducentrevaldeloire.fr\/fdc18\/?page_id=3147"},"modified":"2025-08-07T10:59:01","modified_gmt":"2025-08-07T08:59:01","slug":"gardes","status":"publish","type":"page","link":"https:\/\/www.save.chasseurducentrevaldeloire.fr\/fdc18\/gardes\/","title":{"rendered":"Gardes"},"content":{"rendered":"<p>[vc_row][vc_column][vc_column_text]<\/p>\n<h2 style=\"text-align: center\"><strong>Formation Garde chasse asserment\u00e9<\/strong><\/h2>\n<p>&nbsp;<\/p>\n<p class=\"x_MsoNormal\" data-olk-copy-source=\"MessageBody\">Cette formation est obligatoire pour \u00eatre garde-chasse asserment\u00e9. Elle dure 18 heures minimum, donc 3\u00a0jours. 15 stagiaires maximum, les personnes ayant d\u00e9j\u00e0 un territoire pour lequel elles seront asserment\u00e9es sont prioritaires.<\/p>\n<p class=\"x_MsoNormal\"><b>\u00a0<\/b><\/p>\n<p class=\"x_MsoNormal\"><b>AU PROGRAMME<\/b><\/p>\n<p class=\"x_MsoNormal\">\u2022 Module 1\u00a0: notions juridiques de base, droits et devoirs du garde particulier, d\u00e9ontologie.<\/p>\n<p class=\"x_MsoNormal\">\u2022 Module\u00a02\u00a0: notions d\u2019\u00e9cologie appliqu\u00e9e \u00e0 la gestion et la protection du patrimoine faunique, r\u00e9glementation de la chasse, connaissances cyn\u00e9g\u00e9tiques, conditions de r\u00e9gulation des ESOD.<\/p>\n<p class=\"x_MsoNormal\"><b>\u00a0<\/b><\/p>\n<p class=\"x_MsoNormal\"><b>SESSION 2025<\/b><\/p>\n<p>&nbsp;<\/p>\n<p class=\"x_MsoNormal\"><span data-olk-copy-source=\"MessageBody\"> Prochaine session en mars 2026 (3 jours) au centre de formation des Places \u00e0 Morogues.<\/span><\/p>\n<p>&nbsp;<\/p>\n<p class=\"x_MsoNormal\">Pour que votre inscription soit enregistr\u00e9e, merci de r\u00e9gler directement en ligne 50 \u20ac (disponible sur votre espace adh\u00e9rent chasseur\u00a0\u00e0 ce lien\u00a0: <a title=\"https:\/\/fdc18-2.retriever-ea.fr\/html\/Connexion.aspx\" href=\"https:\/\/fdc18-2.retriever-ea.fr\/html\/Connexion.aspx\" target=\"_blank\" rel=\"noopener noreferrer\" data-auth=\"NotApplicable\" data-linkindex=\"10\"><span style=\"color: #71beb8\"><strong>https:\/\/fdc18-2.retriever-ea.fr\/html\/Connexion.aspx<\/strong><\/span><\/a>).<\/p>\n<p>&nbsp;<\/p>\n<p class=\"x_MsoNormal\">Si vous validez votre permis dans le Cher et si vous \u00eates ext\u00e9rieur au d\u00e9partement du Cher, veuillez prendre contact avec la F\u00e9d\u00e9ration des Chasseurs pour vous faire connaitre.<\/p>\n<h2><\/h2>\n<h2 style=\"text-align: center\"><strong>Formation Garde chasse forestier<\/strong><\/h2>\n<p>&nbsp;<\/p>\n<p class=\"x_MsoNormal\" data-olk-copy-source=\"MessageBody\">Formation r\u00e9alis\u00e9e par le Centre r\u00e9gional de la propri\u00e9t\u00e9 foresti\u00e8re (CRPF) du Centre. Elle a pour but de former les gardes particuliers au module 4 (police foresti\u00e8re), et peut \u00eatre compl\u00e9mentaire de la formation garde-chasse.<\/p>\n<p class=\"x_MsoNormal\">Nombre d\u2019inscrits minimum\u00a0: 15.<\/p>\n<p class=\"x_MsoNormal\"><b>\u00a0<\/b><\/p>\n<p class=\"x_MsoNormal\"><b>AU PROGRAMME<\/b><\/p>\n<p class=\"x_MsoNormal\">\u2022 Notions d\u2019\u00e9cologie appliqu\u00e9e \u00e0 la gestion de la for\u00eat.<\/p>\n<p class=\"x_MsoNormal\">\u2022 R\u00e9glementation foresti\u00e8re.<\/p>\n<p class=\"x_MsoNormal\">\u2022 Connaissances techniques n\u00e9cessaires \u00e0 l\u2019exercice des fonc\u00adtions de garde des bois particuliers.<\/p>\n<p class=\"x_MsoNormal\">\u2022 Connaissances halieutiques et cyn\u00e9g\u00e9tiques n\u00e9cessaires \u00e0 l\u2019exercice des fonctions de garde des bois particulier.<\/p>\n<p class=\"x_MsoNormal\"><b>\u00a0<\/b><\/p>\n<p class=\"x_MsoNormal\"><b>SESSION 2025<\/b><\/p>\n<p class=\"x_MsoNormal\">Jeudi 24 et vendredi 25 avril au centre de formation des Places \u00e0 Morogues.<\/p>\n<p class=\"x_MsoNormal\">Co\u00fbt\u00a0: 60 \u20ac (ch\u00e8que \u00e0 l\u2019ordre du CRPF).<\/p>\n<p class=\"x_MsoNormal\">Pour que votre inscription soit enregistr\u00e9e, merci de s\u2019inscrire en ligne (disponible sur votre espace adh\u00e9rent chasseur\u00a0\u00e0 ce lien\u00a0: <a title=\"https:\/\/fdc18-2.retriever-ea.fr\/html\/Connexion.aspx\" href=\"https:\/\/fdc18-2.retriever-ea.fr\/html\/Connexion.aspx\" target=\"_blank\" rel=\"noopener noreferrer\" data-auth=\"NotApplicable\" data-linkindex=\"1\"><b><span style=\"color: #71beb8\">https:\/\/fdc18-2.retriever-ea.fr\/html\/Connexion.aspx<\/span><\/b><\/a>) et de r\u00e9gler par ch\u00e8que.<\/p>\n<p class=\"x_MsoNormal\"><b>Pour plus de renseignements, contacter Julien BRAHITI, technicien de la F\u00e9d\u00e9ration en charge de cette formation au 06.45.70.93.67<\/b><\/p>\n<p>[\/vc_column_text][\/vc_column][\/vc_row]<\/p>\n","protected":false},"excerpt":{"rendered":"<p>[vc_row][vc_column][vc_column_text] Formation Garde chasse asserment\u00e9 &nbsp; Cette formation est obligatoire pour \u00eatre garde-chasse asserment\u00e9. Elle dure 18 heures minimum, donc 3\u00a0jours. 15 stagiaires maximum, les personnes ayant d\u00e9j\u00e0 un territoire pour lequel elles seront asserment\u00e9es sont prioritaires. \u00a0 AU PROGRAMME \u2022 Module 1\u00a0: notions juridiques&#8230;<\/p>\n","protected":false},"author":2,"featured_media":0,"parent":0,"menu_order":0,"comment_status":"closed","ping_status":"closed","template":"","meta":{"_acf_changed":false,"inline_featured_image":false,"_exactmetrics_skip_tracking":false,"_exactmetrics_sitenote_active":false,"_exactmetrics_sitenote_note":"","_exactmetrics_sitenote_category":0,"footnotes":""},"class_list":["post-3147","page","type-page","status-publish","hentry"],"acf":[],"publishpress_future_action":{"enabled":false,"date":"2026-04-18 12:24:38","action":"change-status","newStatus":"draft","terms":[],"taxonomy":"","extraData":[]},"publishpress_future_workflow_manual_trigger":{"enabledWorkflows":[]},"_links":{"self":[{"href":"https:\/\/www.save.chasseurducentrevaldeloire.fr\/fdc18\/wp-json\/wp\/v2\/pages\/3147","targetHints":{"allow":["GET"]}}],"collection":[{"href":"https:\/\/www.save.chasseurducentrevaldeloire.fr\/fdc18\/wp-json\/wp\/v2\/pages"}],"about":[{"href":"https:\/\/www.save.chasseurducentrevaldeloire.fr\/fdc18\/wp-json\/wp\/v2\/types\/page"}],"author":[{"embeddable":true,"href":"https:\/\/www.save.chasseurducentrevaldeloire.fr\/fdc18\/wp-json\/wp\/v2\/users\/2"}],"replies":[{"embeddable":true,"href":"https:\/\/www.save.chasseurducentrevaldeloire.fr\/fdc18\/wp-json\/wp\/v2\/comments?post=3147"}],"version-history":[{"count":32,"href":"https:\/\/www.save.chasseurducentrevaldeloire.fr\/fdc18\/wp-json\/wp\/v2\/pages\/3147\/revisions"}],"predecessor-version":[{"id":6927,"href":"https:\/\/www.save.chasseurducentrevaldeloire.fr\/fdc18\/wp-json\/wp\/v2\/pages\/3147\/revisions\/6927"}],"wp:attachment":[{"href":"https:\/\/www.save.chasseurducentrevaldeloire.fr\/fdc18\/wp-json\/wp\/v2\/media?parent=3147"}],"curies":[{"name":"wp","href":"https:\/\/api.w.org\/{rel}","templated":true}]}}