{"id":3138,"date":"2018-05-18T11:14:10","date_gmt":"2018-05-18T09:14:10","guid":{"rendered":"https:\/\/www.chasseurducentrevaldeloire.fr\/fdc18\/?page_id=3138"},"modified":"2025-10-15T09:57:22","modified_gmt":"2025-10-15T07:57:22","slug":"chasse-accompagnee","status":"publish","type":"page","link":"https:\/\/www.save.chasseurducentrevaldeloire.fr\/fdc18\/chasse-accompagnee\/","title":{"rendered":"Chasse accompagn\u00e9e"},"content":{"rendered":"<p>[vc_row][vc_column][vc_column_text]<img loading=\"lazy\" decoding=\"async\" class=\"size-full wp-image-3140 alignleft\" src=\"https:\/\/www.chasseurducentrevaldeloire.fr\/fdc18\/wp-content\/uploads\/sites\/5\/2018\/05\/chasse-acc.gif\" alt=\"\" width=\"98\" height=\"99\" \/><\/p>\n<p>&nbsp;<\/p>\n<p>La chasse accompagn\u00e9e permet de s\u2019initier \u00e0 la chasse en toute s\u00e9curit\u00e9, aux c\u00f4t\u00e9s d\u2019un ou de plusieurs parrain(s) qui veille(nt) \u00e0 l\u2019acquisition des bons r\u00e9flexes. D\u00e8s l\u2019\u00e2ge de 15 ans, apr\u00e8s une formation pratique \u00e9l\u00e9mentaire, vous pouvez chasser gratuitement pendant 1 an aux c\u00f4t\u00e9s de l\u2019un de vos parrains avec une arme pour deux.<\/p>\n<p>&nbsp;<\/p>\n<p>&nbsp;<\/p>\n<p><strong>Les d\u00e9marches \u00e0 entreprendre\u00a0:\u00a0<\/strong><\/p>\n<ul>\n<li>L\u2019autorisation de chasser accompagn\u00e9e est d\u00e9livr\u00e9e par votre F\u00e9d\u00e9ration des Chasseurs<\/li>\n<li>La demande d\u2019autorisation de chasser accompagn\u00e9e est \u00e0 effectuer sur un formulaire officiel disponible \u00e0 la F\u00e9d\u00e9ration D\u00e9partementale des Chasseurs du Cher, vous pouvez \u00e9galement le t\u00e9l\u00e9charger<\/li>\n<\/ul>\n<p>&nbsp;<\/p>\n<p>&nbsp;<\/p>\n<p>La chasse accompagn\u00e9e ne peut \u00eatre d\u00e9livr\u00e9e qu\u2019une seule fois par demandeur et pour une ann\u00e9e. Le nouveau chasseur et son (ou ses) \u00a0accompagnateurs disposent, en chasse \u00e0 tir, d\u2019une arme pour deux. La chasse accompagn\u00e9e est gratuite pour le nouveau chasseur (pas de redevance, cotisation ou taxe d\u2019\u00e9tat). Il suffit d\u2019avoir suivi pr\u00e9alablement une formation pratique \u00e9l\u00e9mentaire r\u00e9alis\u00e9e par la F\u00e9d\u00e9ration d\u00e9partementale des Chasseurs du Cher<\/p>\n<p>&nbsp;<\/p>\n<p>&nbsp;<\/p>\n<p><strong>Le Nouveau Chasseur doit\u00a0:\u00a0<\/strong><\/p>\n<ul>\n<li>Avoir 15 ans ou plus.<\/li>\n<li>Avoir suivi pr\u00e9alablement une formation pratique \u00e9l\u00e9mentaire dispens\u00e9e par la F\u00e9d\u00e9ration D\u00e9partementale des Chasseurs et \u00eatre muni de l\u2019attestation de suivi de cette formation.<\/li>\n<li>Attester, ou son repr\u00e9sentant l\u00e9gal s\u2019il est mineur, qu\u2019il ne se trouve pas dans l\u2019un des cas d\u2019incapacit\u00e9 ou d\u2019interdiction pouvant faire obstacle \u00e0 la d\u00e9livrance de l\u2019autorisation de chasser accompagn\u00e9.<\/li>\n<li><a href=\"https:\/\/www.chasseurducentrevaldeloire.fr\/fdc18\/wp-content\/uploads\/sites\/5\/2025\/10\/Demande-autorisation-chasser-accompagne-V-2025.pdf\" target=\"_blank\" rel=\"noopener\"><strong><span style=\"color: #71beb8\">Compl\u00e9ter et signer la demande d\u2019autorisation de chasser accompagn\u00e9, et joindre et la copie d\u2019une pi\u00e8ce d\u2019identit\u00e9.<\/span><\/strong><\/a><\/li>\n<\/ul>\n<p>&nbsp;<\/p>\n<p>&nbsp;<\/p>\n<p>&nbsp;<\/p>\n<p><strong>Le Parrain doit\u00a0:<\/strong><\/p>\n<ul>\n<li>Etre titulaire du permis de chasser depuis plus de cinq ann\u00e9es.<\/li>\n<li>Compl\u00e9ter le formulaire et attester qu\u2019il n\u2019a jamais \u00e9t\u00e9 priv\u00e9 du droit d\u2019obtenir ou de d\u00e9tenir un permis de chasser.<\/li>\n<li>Disposer d\u2019une assurance couvrant sa responsabilit\u00e9 civile pour cet accompagnement<\/li>\n<li>Tout accompagnateur devra avoir suivi et observ\u00e9 un candidat \u00e0 la chasse accompagn\u00e9e tout au long de sa formation. Ce candidat pourra \u00eatre son \u00ab\u00a0filleul\u00a0\u00bb ou non.<\/li>\n<li>Chaque accompagnateur se verra remettre par la F\u00e9d\u00e9ration des Chasseurs une attestation de formation accompagnateur. Ainsi s\u2019il veut encadrer un autre filleul, il n\u2019aura pas \u00e0 suivre de nouveau sa formation. Cette formation est valable 10 ans.<\/li>\n<\/ul>\n<p>&nbsp;<\/p>\n<p><a href=\"https:\/\/www.chasseurducentrevaldeloire.fr\/fdc18\/wp-content\/uploads\/sites\/5\/2025\/10\/Demande-autorisation-chasser-accompagne-V-2025.pdf\" target=\"_blank\" rel=\"noopener\"><strong><span style=\"color: #71beb8\">Vous pouvez t\u00e9l\u00e9charger la demande d\u2019autorisation de chasser accompagn\u00e9<\/span><\/strong><\/a><\/p>\n<p>&nbsp;<\/p>\n<p><strong><u>Les dates de formations sont \u00e0 d\u00e9finir avec la F\u00e9d\u00e9ration. N&rsquo;h\u00e9sitez pas \u00e0 contacter Val\u00e9rie BRUYERRE-VOISIN au 02.48.50.05.29<\/u><\/strong>[\/vc_column_text][\/vc_column][\/vc_row]<\/p>\n","protected":false},"excerpt":{"rendered":"<p>[vc_row][vc_column][vc_column_text] &nbsp; La chasse accompagn\u00e9e permet de s\u2019initier \u00e0 la chasse en toute s\u00e9curit\u00e9, aux c\u00f4t\u00e9s d\u2019un ou de plusieurs parrain(s) qui veille(nt) \u00e0 l\u2019acquisition des bons r\u00e9flexes. D\u00e8s l\u2019\u00e2ge de 15 ans, apr\u00e8s une formation pratique \u00e9l\u00e9mentaire, vous pouvez chasser gratuitement pendant 1 an&#8230;<\/p>\n","protected":false},"author":2,"featured_media":0,"parent":0,"menu_order":0,"comment_status":"closed","ping_status":"closed","template":"","meta":{"_acf_changed":false,"inline_featured_image":false,"_exactmetrics_skip_tracking":false,"_exactmetrics_sitenote_active":false,"_exactmetrics_sitenote_note":"","_exactmetrics_sitenote_category":0,"footnotes":""},"class_list":["post-3138","page","type-page","status-publish","hentry"],"acf":[],"publishpress_future_action":{"enabled":false,"date":"2026-04-18 12:23:36","action":"change-status","newStatus":"draft","terms":[],"taxonomy":"","extraData":[]},"publishpress_future_workflow_manual_trigger":{"enabledWorkflows":[]},"_links":{"self":[{"href":"https:\/\/www.save.chasseurducentrevaldeloire.fr\/fdc18\/wp-json\/wp\/v2\/pages\/3138","targetHints":{"allow":["GET"]}}],"collection":[{"href":"https:\/\/www.save.chasseurducentrevaldeloire.fr\/fdc18\/wp-json\/wp\/v2\/pages"}],"about":[{"href":"https:\/\/www.save.chasseurducentrevaldeloire.fr\/fdc18\/wp-json\/wp\/v2\/types\/page"}],"author":[{"embeddable":true,"href":"https:\/\/www.save.chasseurducentrevaldeloire.fr\/fdc18\/wp-json\/wp\/v2\/users\/2"}],"replies":[{"embeddable":true,"href":"https:\/\/www.save.chasseurducentrevaldeloire.fr\/fdc18\/wp-json\/wp\/v2\/comments?post=3138"}],"version-history":[{"count":17,"href":"https:\/\/www.save.chasseurducentrevaldeloire.fr\/fdc18\/wp-json\/wp\/v2\/pages\/3138\/revisions"}],"predecessor-version":[{"id":6996,"href":"https:\/\/www.save.chasseurducentrevaldeloire.fr\/fdc18\/wp-json\/wp\/v2\/pages\/3138\/revisions\/6996"}],"wp:attachment":[{"href":"https:\/\/www.save.chasseurducentrevaldeloire.fr\/fdc18\/wp-json\/wp\/v2\/media?parent=3138"}],"curies":[{"name":"wp","href":"https:\/\/api.w.org\/{rel}","templated":true}]}}