{"id":3134,"date":"2018-05-18T11:12:30","date_gmt":"2018-05-18T09:12:30","guid":{"rendered":"https:\/\/www.chasseurducentrevaldeloire.fr\/fdc18\/?page_id=3134"},"modified":"2025-09-12T10:08:37","modified_gmt":"2025-09-12T08:08:37","slug":"chasse-a-larc","status":"publish","type":"page","link":"https:\/\/www.save.chasseurducentrevaldeloire.fr\/fdc18\/chasse-a-larc\/","title":{"rendered":"Chasse \u00e0 l&rsquo;arc"},"content":{"rendered":"<p>[vc_row][vc_column width=\u00a0\u00bb2\/3&Prime;][vc_column_text]<\/p>\n<p class=\"x_MsoNormal\" data-olk-copy-source=\"MessageBody\">Obligatoire pour chasser \u00e0 l\u2019arc, cette formation est destin\u00e9e aux chasseurs d\u00e9sirant pratiquer ou d\u00e9couvrir la chasse \u00e0 l\u2019arc. En une journ\u00e9e sont abord\u00e9s les aspects r\u00e9glementaires et pratiques pour chasser l\u00e9galement \u00e0 l\u2019arc sur le territoire national.<\/p>\n<p class=\"x_MsoNormal\"><b>\u00a0<\/b><\/p>\n<p class=\"x_MsoNormal\"><b>AU PROGRAMME<\/b><\/p>\n<p class=\"x_MsoNormal\">\u2022 Matin\u00e9e consacr\u00e9e \u00e0 la th\u00e9orie\u00a0: mat\u00e9riels, l\u00e9gislation, s\u00e9curit\u00e9\u2026<\/p>\n<p class=\"x_MsoNormal\">\u2022 Apr\u00e8s-midi pratique destin\u00e9e \u00e0 la d\u00e9couverte de l\u2019arc et du tir de chasse.<\/p>\n<p class=\"x_MsoNormal\"><b>\u00a0<\/b><\/p>\n<p class=\"x_MsoNormal\"><strong>SESSION 2026<\/strong><\/p>\n<p>&nbsp;<\/p>\n<p class=\"x_MsoNormal\">Samedi 28 Mars 2026<\/p>\n<p>&nbsp;<\/p>\n<p class=\"x_MsoNormal\">Pour que votre inscription soit enregistr\u00e9e, merci de remplir et retourner le cerfa suivant (<a title=\"https:\/\/www.chasseurducentrevaldeloire.fr\/fdc18\/wp-content\/uploads\/sites\/5\/2021\/08\/formation-chasse-arc-2.pdf\" href=\"https:\/\/www.chasseurducentrevaldeloire.fr\/fdc18\/wp-content\/uploads\/sites\/5\/2021\/08\/formation-chasse-arc-2.pdf\" target=\"_blank\" rel=\"noopener noreferrer\" data-auth=\"NotApplicable\" data-linkindex=\"4\"><span style=\"color: #71beb8\"><strong>https:\/\/www.chasseurducentrevaldeloire.fr\/fdc18\/wp-content\/uploads\/sites\/5\/2021\/08\/formation-chasse-arc-2.pdf<\/strong><\/span><\/a>) et de r\u00e9gler directement en ligne 20 \u20ac (disponible sur votre espace adh\u00e9rent chasseur\u00a0\u00e0 ce lien\u00a0: <span style=\"color: #71beb8\"><strong><a style=\"color: #71beb8\" title=\"https:\/\/fdc18-2.retriever-ea.fr\/html\/Connexion.aspx\" href=\"https:\/\/fdc18-2.retriever-ea.fr\/html\/Connexion.aspx\" target=\"_blank\" rel=\"noopener noreferrer\" data-auth=\"NotApplicable\" data-linkindex=\"5\">https:\/\/fdc18-2.retriever-ea.fr\/html\/Connexion.aspx<\/a><\/strong><\/span>).<\/p>\n<p>&nbsp;<\/p>\n<p class=\"x_MsoNormal\"><b>Pour plus de renseignements, contacter Antoine VOISIN, technicien de la F\u00e9d\u00e9ration en charge de cette formation au 06.11.65.38.60<\/b><\/p>\n<p>[\/vc_column_text][\/vc_column][vc_column css_animation=\u00a0\u00bbfadeInRight\u00a0\u00bb width=\u00a0\u00bb1\/3&Prime;][vc_single_image image=\u00a0\u00bb3135&Prime; img_size=\u00a0\u00bbfull\u00a0\u00bb style=\u00a0\u00bbvc_box_shadow_border\u00a0\u00bb el_class=\u00a0\u00bbmirrorImg\u00a0\u00bb][\/vc_column][\/vc_row]<\/p>\n","protected":false},"excerpt":{"rendered":"<p>[vc_row][vc_column width=\u00a0\u00bb2\/3&Prime;][vc_column_text] Obligatoire pour chasser \u00e0 l\u2019arc, cette formation est destin\u00e9e aux chasseurs d\u00e9sirant pratiquer ou d\u00e9couvrir la chasse \u00e0 l\u2019arc. En une journ\u00e9e sont abord\u00e9s les aspects r\u00e9glementaires et pratiques pour chasser l\u00e9galement \u00e0 l\u2019arc sur le territoire national. \u00a0 AU PROGRAMME \u2022 Matin\u00e9e&#8230;<\/p>\n","protected":false},"author":2,"featured_media":0,"parent":0,"menu_order":0,"comment_status":"closed","ping_status":"closed","template":"","meta":{"_acf_changed":false,"inline_featured_image":false,"_exactmetrics_skip_tracking":false,"_exactmetrics_sitenote_active":false,"_exactmetrics_sitenote_note":"","_exactmetrics_sitenote_category":0,"footnotes":""},"class_list":["post-3134","page","type-page","status-publish","hentry"],"acf":[],"publishpress_future_action":{"enabled":false,"date":"2026-04-18 12:16:35","action":"change-status","newStatus":"draft","terms":[],"taxonomy":"","extraData":[]},"publishpress_future_workflow_manual_trigger":{"enabledWorkflows":[]},"_links":{"self":[{"href":"https:\/\/www.save.chasseurducentrevaldeloire.fr\/fdc18\/wp-json\/wp\/v2\/pages\/3134","targetHints":{"allow":["GET"]}}],"collection":[{"href":"https:\/\/www.save.chasseurducentrevaldeloire.fr\/fdc18\/wp-json\/wp\/v2\/pages"}],"about":[{"href":"https:\/\/www.save.chasseurducentrevaldeloire.fr\/fdc18\/wp-json\/wp\/v2\/types\/page"}],"author":[{"embeddable":true,"href":"https:\/\/www.save.chasseurducentrevaldeloire.fr\/fdc18\/wp-json\/wp\/v2\/users\/2"}],"replies":[{"embeddable":true,"href":"https:\/\/www.save.chasseurducentrevaldeloire.fr\/fdc18\/wp-json\/wp\/v2\/comments?post=3134"}],"version-history":[{"count":26,"href":"https:\/\/www.save.chasseurducentrevaldeloire.fr\/fdc18\/wp-json\/wp\/v2\/pages\/3134\/revisions"}],"predecessor-version":[{"id":6967,"href":"https:\/\/www.save.chasseurducentrevaldeloire.fr\/fdc18\/wp-json\/wp\/v2\/pages\/3134\/revisions\/6967"}],"wp:attachment":[{"href":"https:\/\/www.save.chasseurducentrevaldeloire.fr\/fdc18\/wp-json\/wp\/v2\/media?parent=3134"}],"curies":[{"name":"wp","href":"https:\/\/api.w.org\/{rel}","templated":true}]}}